{"id":15480,"date":"2025-09-17T17:39:21","date_gmt":"2025-09-17T15:39:21","guid":{"rendered":"https:\/\/mastersofrealism.com\/anmeldung-lille-art-up-2026\/"},"modified":"2026-02-23T14:55:34","modified_gmt":"2026-02-23T13:55:34","slug":"anmeldung-lille-art-up-2026","status":"publish","type":"page","link":"https:\/\/mastersofrealism.com\/de\/anmeldung-lille-art-up-2026\/","title":{"rendered":"Anmeldung Lille Art Up! 2026"},"content":{"rendered":"\t\t<div data-elementor-type=\"wp-page\" data-elementor-id=\"15480\" class=\"elementor elementor-15480 elementor-10155\" data-elementor-post-type=\"page\">\n\t\t\t\t\t\t<section class=\"elementor-section elementor-top-section elementor-element elementor-element-94e20cc elementor-section-boxed elementor-section-height-default elementor-section-height-default\" data-id=\"94e20cc\" data-element_type=\"section\" data-e-type=\"section\" data-settings=\"{&quot;jet_parallax_layout_list&quot;:[{&quot;jet_parallax_layout_image&quot;:{&quot;url&quot;:&quot;&quot;,&quot;id&quot;:&quot;&quot;,&quot;size&quot;:&quot;&quot;},&quot;_id&quot;:&quot;5b6044a&quot;,&quot;jet_parallax_layout_image_tablet&quot;:{&quot;url&quot;:&quot;&quot;,&quot;id&quot;:&quot;&quot;,&quot;size&quot;:&quot;&quot;},&quot;jet_parallax_layout_image_mobile&quot;:{&quot;url&quot;:&quot;&quot;,&quot;id&quot;:&quot;&quot;,&quot;size&quot;:&quot;&quot;},&quot;jet_parallax_layout_speed&quot;:{&quot;unit&quot;:&quot;%&quot;,&quot;size&quot;:50,&quot;sizes&quot;:[]},&quot;jet_parallax_layout_type&quot;:&quot;scroll&quot;,&quot;jet_parallax_layout_direction&quot;:&quot;1&quot;,&quot;jet_parallax_layout_fx_direction&quot;:null,&quot;jet_parallax_layout_z_index&quot;:&quot;&quot;,&quot;jet_parallax_layout_bg_x&quot;:50,&quot;jet_parallax_layout_bg_x_tablet&quot;:&quot;&quot;,&quot;jet_parallax_layout_bg_x_mobile&quot;:&quot;&quot;,&quot;jet_parallax_layout_bg_y&quot;:50,&quot;jet_parallax_layout_bg_y_tablet&quot;:&quot;&quot;,&quot;jet_parallax_layout_bg_y_mobile&quot;:&quot;&quot;,&quot;jet_parallax_layout_bg_size&quot;:&quot;auto&quot;,&quot;jet_parallax_layout_bg_size_tablet&quot;:&quot;&quot;,&quot;jet_parallax_layout_bg_size_mobile&quot;:&quot;&quot;,&quot;jet_parallax_layout_animation_prop&quot;:&quot;transform&quot;,&quot;jet_parallax_layout_on&quot;:[&quot;desktop&quot;,&quot;tablet&quot;]}],&quot;background_background&quot;:&quot;classic&quot;}\">\n\t\t\t\t\t\t<div class=\"elementor-container elementor-column-gap-no\">\n\t\t\t\t\t<div class=\"elementor-column elementor-col-100 elementor-top-column elementor-element elementor-element-f5ee1d8\" data-id=\"f5ee1d8\" data-element_type=\"column\" data-e-type=\"column\">\n\t\t\t<div class=\"elementor-widget-wrap elementor-element-populated\">\n\t\t\t\t\t\t<div class=\"elementor-element elementor-element-33e600a elementor-widget elementor-widget-heading\" data-id=\"33e600a\" data-element_type=\"widget\" data-e-type=\"widget\" data-widget_type=\"heading.default\">\n\t\t\t\t<div class=\"elementor-widget-container\">\n\t\t\t\t\t<h1 class=\"elementor-heading-title elementor-size-default\">Anmeldung Lille Art Up! 2026<\/h1>\t\t\t\t<\/div>\n\t\t\t\t<\/div>\n\t\t\t\t\t<\/div>\n\t\t<\/div>\n\t\t\t\t\t<\/div>\n\t\t<\/section>\n\t\t<div class=\"elementor-element elementor-element-b07e0c2 e-flex e-con-boxed e-con e-parent\" data-id=\"b07e0c2\" data-element_type=\"container\" data-e-type=\"container\" data-settings=\"{&quot;jet_parallax_layout_list&quot;:[]}\">\n\t\t\t\t\t<div class=\"e-con-inner\">\n\t\t\t\t<div class=\"elementor-element elementor-element-8555de0 elementor-widget elementor-widget-text-editor\" data-id=\"8555de0\" data-element_type=\"widget\" data-e-type=\"widget\" data-widget_type=\"text-editor.default\">\n\t\t\t\t<div class=\"elementor-widget-container\">\n\t\t\t\t\t\t\t\t\t<h4><b>Das zweite Jahr in Folge haben die <em>Masters of Realism<\/em> das Privileg, sich als Nicht-Galerie f\u00fcr die <strong>renommierte Galeriemesse <\/strong><i><strong>Lille Art Up!<\/strong><\/i><strong> in Lille (Nordfrankreich) zu bewerben.<\/strong><\/b><\/h4>\t\t\t\t\t\t\t\t<\/div>\n\t\t\t\t<\/div>\n\t\t\t\t\t<\/div>\n\t\t\t\t<\/div>\n\t\t<div class=\"elementor-element elementor-element-3083044 e-flex e-con-boxed e-con e-parent\" data-id=\"3083044\" data-element_type=\"container\" data-e-type=\"container\" data-settings=\"{&quot;jet_parallax_layout_list&quot;:[]}\">\n\t\t\t\t\t<div class=\"e-con-inner\">\n\t\t<div class=\"elementor-element elementor-element-27b3074 e-con-full e-flex e-con e-child\" data-id=\"27b3074\" data-element_type=\"container\" data-e-type=\"container\" data-settings=\"{&quot;jet_parallax_layout_list&quot;:[]}\">\n\t\t\t\t<div class=\"elementor-element elementor-element-e016931 elementor-widget elementor-widget-text-editor\" data-id=\"e016931\" data-element_type=\"widget\" data-e-type=\"widget\" data-widget_type=\"text-editor.default\">\n\t\t\t\t<div class=\"elementor-widget-container\">\n\t\t\t\t\t\t\t\t\t<p style=\"font-weight: 400;\"><strong>Einrichtung<\/strong><br>Genau wie 2025 k\u00f6nnen sich die Masters &#8211; bei ausreichender Bewerbung und nach einer positiven Auswahl &#8211; auf dieser Messe mit einem Stand unter dem Namen <i>Dutch Masters of Realism<\/i> pr\u00e4sentieren. Die Messe findet vom 12. bis 15. M\u00e4rz 2026 in Lille (Nordfrankreich) statt.   <\/p><p style=\"caret-color: #000000; color: #000000;\"><strong>Wichtig zu wissen<\/strong><br>M\u00f6chten Sie als <i>Masters of Realism<\/i> teilnehmen? Dann k\u00f6nnen Sie mit mindestens 2 und maximal 4 Metern Wand teilnehmen. Ein laufender Meter Wand kostet ungef\u00e4hr \u20ac 500 (exkl. MwSt.). Die genauen Kosten werden nach der Auswahl festgelegt. Sie zahlen keine Provision f\u00fcr den Verkauf Ihrer Kunstwerke.      <\/p>\t\t\t\t\t\t\t\t<\/div>\n\t\t\t\t<\/div>\n\t\t\t\t<div class=\"elementor-element elementor-element-8ca95e1 elementor-widget elementor-widget-image\" data-id=\"8ca95e1\" data-element_type=\"widget\" data-e-type=\"widget\" data-widget_type=\"image.default\">\n\t\t\t\t<div class=\"elementor-widget-container\">\n\t\t\t\t\t\t\t\t\t\t\t\t\t\t\t<img fetchpriority=\"high\" decoding=\"async\" width=\"768\" height=\"432\" src=\"https:\/\/mastersofrealism.com\/wp-content\/uploads\/2025\/09\/Lille-Art-Up_ARTISTIC-LINE-1-768x432.jpg\" class=\"attachment-medium_large size-medium_large wp-image-15481\" alt=\"\" srcset=\"https:\/\/mastersofrealism.com\/wp-content\/uploads\/2025\/09\/Lille-Art-Up_ARTISTIC-LINE-1-768x432.jpg 768w, https:\/\/mastersofrealism.com\/wp-content\/uploads\/2025\/09\/Lille-Art-Up_ARTISTIC-LINE-1-300x169.jpg 300w, https:\/\/mastersofrealism.com\/wp-content\/uploads\/2025\/09\/Lille-Art-Up_ARTISTIC-LINE-1-1024x576.jpg 1024w, https:\/\/mastersofrealism.com\/wp-content\/uploads\/2025\/09\/Lille-Art-Up_ARTISTIC-LINE-1.jpg 1427w\" sizes=\"(max-width: 768px) 100vw, 768px\" \/>\t\t\t\t\t\t\t\t\t\t\t\t\t\t\t<\/div>\n\t\t\t\t<\/div>\n\t\t\t\t<div class=\"elementor-element elementor-element-a0b12fd elementor-widget elementor-widget-text-editor\" data-id=\"a0b12fd\" data-element_type=\"widget\" data-e-type=\"widget\" data-widget_type=\"text-editor.default\">\n\t\t\t\t<div class=\"elementor-widget-container\">\n\t\t\t\t\t\t\t\t\t<p style=\"font-weight: 400;\"><strong>Schritt 1<br><\/strong>Unten k\u00f6nnen Sie sich als Master f\u00fcr die Teilnahme mit der gew\u00fcnschten Anzahl von Wandmetern registrieren.<\/p>\n<p style=\"font-weight: 400;\"><strong>Schritt 2<\/strong><br>Wir werden Ihre Bewerbung an Lille Art Up! zur Auswahl weiterleiten. Nach der Genehmigung erhalten Sie eine Rechnung f\u00fcr die Teilnahme. Neben der Anmeldung k\u00fcmmert sich die Organisation des Masters auch um die gesamte weitere Kommunikation.    <\/p>\n<p><strong>Deadline<\/strong><br>Bewerben Sie sich <span style=\"text-decoration: underline;\"><strong>vor 20. November 2025<\/strong><\/span>.<\/p>\n<p style=\"font-weight: 400;\">\n<\/p>\t\t\t\t\t\t\t\t<\/div>\n\t\t\t\t<\/div>\n\t\t\t\t<\/div>\n\t\t<div class=\"elementor-element elementor-element-90a6de5 e-con-full e-flex e-con e-child\" data-id=\"90a6de5\" data-element_type=\"container\" data-e-type=\"container\" data-settings=\"{&quot;jet_parallax_layout_list&quot;:[]}\">\n\t\t\t\t<div class=\"elementor-element elementor-element-ce7a068 elementor-widget elementor-widget-shortcode\" data-id=\"ce7a068\" data-element_type=\"widget\" data-e-type=\"widget\" data-widget_type=\"shortcode.default\">\n\t\t\t\t<div class=\"elementor-widget-container\">\n\t\t\t\t\t\t\t<div class=\"elementor-shortcode\"><\/div>\n\t\t\t\t\t\t<\/div>\n\t\t\t\t<\/div>\n\t\t\t\t<\/div>\n\t\t\t\t\t<\/div>\n\t\t\t\t<\/div>\n\t\t<div class=\"elementor-element elementor-element-24b5ba7 e-grid e-con-boxed e-con e-parent\" data-id=\"24b5ba7\" data-element_type=\"container\" data-e-type=\"container\" data-settings=\"{&quot;jet_parallax_layout_list&quot;:[]}\">\n\t\t\t\t\t<div class=\"e-con-inner\">\n\t\t\t\t<div class=\"elementor-element elementor-element-9c6d485 elementor-widget elementor-widget-text-editor\" data-id=\"9c6d485\" data-element_type=\"widget\" data-e-type=\"widget\" data-widget_type=\"text-editor.default\">\n\t\t\t\t<div class=\"elementor-widget-container\">\n\t\t\t\t\t\t\t\t\t<p><strong>Praktische Infos<\/strong><\/p><p><i>Lille Art Up!<\/i> ist die Messe f\u00fcr zeitgen\u00f6ssische Kunst, die seit 2008 vom Lille Grand Palais organisiert wird. Sie ist die gr\u00f6\u00dfte Messe f\u00fcr zeitgen\u00f6ssische Kunst in Frankreich au\u00dferhalb von Paris, ein internationales Ereignis, das im Herzen von Lille ideal gelegen ist, um Sammler und Akteure auf dem franz\u00f6sischen und europ\u00e4ischen Kunstmarkt zu empfangen.   <\/p><p>Einige Zahlen:<\/p><ul><li>18. Auflage<\/li><li>4 Messetage + \u00bd Tag Vernissage<\/li><li>30.000 Besucher<\/li><li>mehr als 100 Galeristen<\/li><li>10.000 m\u00b2 Ausstellungsfl\u00e4che<\/li><\/ul>\t\t\t\t\t\t\t\t<\/div>\n\t\t\t\t<\/div>\n\t\t\t\t<div class=\"elementor-element elementor-element-53f6579 elementor-widget elementor-widget-text-editor\" data-id=\"53f6579\" data-element_type=\"widget\" data-e-type=\"widget\" data-widget_type=\"text-editor.default\">\n\t\t\t\t<div class=\"elementor-widget-container\">\n\t\t\t\t\t\t\t\t\t<p><strong>Die Aussteller von <i>Lille Art Up!<\/i> profitieren von:<\/strong><\/p><ul><li>Ein hochwertiger Raum zum Ausstellen Ihrer Kunstwerke.<\/li><li>Eine Vernissage, die sich mit mehr als 5.000 Besuchern zu einem Muss f\u00fcr K\u00e4ufer, Sammler, Kunstliebhaber und Galeristen entwickelt hat.<\/li><li>Eine gro\u00dfe Anzahl von Besuchern aus Nordfrankreich, Paris und Belgien, Kunstliebhaber, K\u00e4ufer und Sammler.<\/li><li>Ein Umfeld, das den k\u00fcnstlerischen und kulturellen Reichtum der Region und junger zeitgen\u00f6ssischer K\u00fcnstler hervorhebt.<\/li><\/ul>\t\t\t\t\t\t\t\t<\/div>\n\t\t\t\t<\/div>\n\t\t\t\t<div class=\"elementor-element elementor-element-19da544 elementor-align-center elementor-widget elementor-widget-button\" data-id=\"19da544\" data-element_type=\"widget\" data-e-type=\"widget\" data-widget_type=\"button.default\">\n\t\t\t\t<div class=\"elementor-widget-container\">\n\t\t\t\t\t\t\t\t\t<div class=\"elementor-button-wrapper\">\n\t\t\t\t\t<a class=\"elementor-button elementor-button-link elementor-size-sm\" href=\"https:\/\/mastersofrealism.com\/wp-content\/uploads\/2025\/09\/Lille-Art-Up_ARTISTIC-LINE.pdf\">\n\t\t\t\t\t\t<span class=\"elementor-button-content-wrapper\">\n\t\t\t\t\t\t\t\t\t<span class=\"elementor-button-text\">Mehr Informationen<\/span>\n\t\t\t\t\t<\/span>\n\t\t\t\t\t<\/a>\n\t\t\t\t<\/div>\n\t\t\t\t\t\t\t\t<\/div>\n\t\t\t\t<\/div>\n\t\t\t\t\t<\/div>\n\t\t\t\t<\/div>\n\t\t\t\t<\/div>\n\t\t","protected":false},"excerpt":{"rendered":"<p>For the second year in a row, the Masters of Realism have the privilege of applying as a non-gallery to the renowned gallery fair Lille Art Up! in Lille (Northern France). SetupJust like in 2025, the Masters can &#8211; with sufficient applications and after a positive selection &#8211; present themselves at this fair in a [&hellip;]<\/p>\n","protected":false},"author":57,"featured_media":0,"parent":0,"menu_order":0,"comment_status":"closed","ping_status":"closed","template":"elementor_header_footer","meta":{"_acf_changed":false,"footnotes":""},"class_list":["post-15480","page","type-page","status-publish","hentry"],"acf":[],"yoast_head":"<!-- This site is optimized with the Yoast SEO plugin v27.5 - https:\/\/yoast.com\/product\/yoast-seo-wordpress\/ -->\n<title>Anmeldung Lille Art Up! 2026 - Masters of Realism<\/title>\n<meta name=\"robots\" content=\"index, follow, max-snippet:-1, max-image-preview:large, max-video-preview:-1\" \/>\n<link rel=\"canonical\" href=\"https:\/\/mastersofrealism.com\/de\/anmeldung-lille-art-up-2026\/\" \/>\n<meta property=\"og:locale\" content=\"de_DE\" \/>\n<meta property=\"og:type\" content=\"article\" \/>\n<meta property=\"og:title\" content=\"Anmeldung Lille Art Up! 2026 - Masters of Realism\" \/>\n<meta property=\"og:description\" content=\"For the second year in a row, the Masters of Realism have the privilege of applying as a non-gallery to the renowned gallery fair Lille Art Up! in Lille (Northern France). SetupJust like in 2025, the Masters can &#8211; with sufficient applications and after a positive selection &#8211; present themselves at this fair in a [&hellip;]\" \/>\n<meta property=\"og:url\" content=\"https:\/\/mastersofrealism.com\/de\/anmeldung-lille-art-up-2026\/\" \/>\n<meta property=\"og:site_name\" content=\"Masters of Realism\" \/>\n<meta property=\"article:modified_time\" content=\"2026-02-23T13:55:34+00:00\" \/>\n<meta property=\"og:image\" content=\"https:\/\/mastersofrealism.com\/wp-content\/uploads\/2025\/09\/Lille-Art-Up_ARTISTIC-LINE-1.jpg\" \/>\n\t<meta property=\"og:image:width\" content=\"1427\" \/>\n\t<meta property=\"og:image:height\" content=\"803\" \/>\n\t<meta property=\"og:image:type\" content=\"image\/jpeg\" \/>\n<meta name=\"twitter:card\" content=\"summary_large_image\" \/>\n<meta name=\"twitter:label1\" content=\"Gesch\u00e4tzte Lesezeit\" \/>\n\t<meta name=\"twitter:data1\" content=\"2\u00a0Minute\" \/>\n<script type=\"application\/ld+json\" class=\"yoast-schema-graph\">{\"@context\":\"https:\\\/\\\/schema.org\",\"@graph\":[{\"@type\":\"WebPage\",\"@id\":\"https:\\\/\\\/mastersofrealism.com\\\/de\\\/anmeldung-lille-art-up-2026\\\/\",\"url\":\"https:\\\/\\\/mastersofrealism.com\\\/de\\\/anmeldung-lille-art-up-2026\\\/\",\"name\":\"Anmeldung Lille Art Up! 2026 - Masters of Realism\",\"isPartOf\":{\"@id\":\"https:\\\/\\\/mastersofrealism.com\\\/#website\"},\"primaryImageOfPage\":{\"@id\":\"https:\\\/\\\/mastersofrealism.com\\\/de\\\/anmeldung-lille-art-up-2026\\\/#primaryimage\"},\"image\":{\"@id\":\"https:\\\/\\\/mastersofrealism.com\\\/de\\\/anmeldung-lille-art-up-2026\\\/#primaryimage\"},\"thumbnailUrl\":\"https:\\\/\\\/mastersofrealism.com\\\/wp-content\\\/uploads\\\/2025\\\/09\\\/Lille-Art-Up_ARTISTIC-LINE-1-768x432.jpg\",\"datePublished\":\"2025-09-17T15:39:21+00:00\",\"dateModified\":\"2026-02-23T13:55:34+00:00\",\"breadcrumb\":{\"@id\":\"https:\\\/\\\/mastersofrealism.com\\\/de\\\/anmeldung-lille-art-up-2026\\\/#breadcrumb\"},\"inLanguage\":\"de\",\"potentialAction\":[{\"@type\":\"ReadAction\",\"target\":[\"https:\\\/\\\/mastersofrealism.com\\\/de\\\/anmeldung-lille-art-up-2026\\\/\"]}]},{\"@type\":\"ImageObject\",\"inLanguage\":\"de\",\"@id\":\"https:\\\/\\\/mastersofrealism.com\\\/de\\\/anmeldung-lille-art-up-2026\\\/#primaryimage\",\"url\":\"https:\\\/\\\/mastersofrealism.com\\\/wp-content\\\/uploads\\\/2025\\\/09\\\/Lille-Art-Up_ARTISTIC-LINE-1-768x432.jpg\",\"contentUrl\":\"https:\\\/\\\/mastersofrealism.com\\\/wp-content\\\/uploads\\\/2025\\\/09\\\/Lille-Art-Up_ARTISTIC-LINE-1-768x432.jpg\"},{\"@type\":\"BreadcrumbList\",\"@id\":\"https:\\\/\\\/mastersofrealism.com\\\/de\\\/anmeldung-lille-art-up-2026\\\/#breadcrumb\",\"itemListElement\":[{\"@type\":\"ListItem\",\"position\":1,\"name\":\"Home\",\"item\":\"https:\\\/\\\/mastersofrealism.com\\\/de\\\/home\\\/\"},{\"@type\":\"ListItem\",\"position\":2,\"name\":\"Anmeldung Lille Art Up! 2026\"}]},{\"@type\":\"WebSite\",\"@id\":\"https:\\\/\\\/mastersofrealism.com\\\/#website\",\"url\":\"https:\\\/\\\/mastersofrealism.com\\\/\",\"name\":\"Masters of Realism\",\"description\":\"\",\"publisher\":{\"@id\":\"https:\\\/\\\/mastersofrealism.com\\\/#organization\"},\"potentialAction\":[{\"@type\":\"SearchAction\",\"target\":{\"@type\":\"EntryPoint\",\"urlTemplate\":\"https:\\\/\\\/mastersofrealism.com\\\/?s={search_term_string}\"},\"query-input\":{\"@type\":\"PropertyValueSpecification\",\"valueRequired\":true,\"valueName\":\"search_term_string\"}}],\"inLanguage\":\"de\"},{\"@type\":\"Organization\",\"@id\":\"https:\\\/\\\/mastersofrealism.com\\\/#organization\",\"name\":\"Masters of Realism\",\"url\":\"https:\\\/\\\/mastersofrealism.com\\\/\",\"logo\":{\"@type\":\"ImageObject\",\"inLanguage\":\"de\",\"@id\":\"https:\\\/\\\/mastersofrealism.com\\\/#\\\/schema\\\/logo\\\/image\\\/\",\"url\":\"https:\\\/\\\/mastersofrealism.com\\\/wp-content\\\/uploads\\\/2023\\\/11\\\/cropped-Logo-meesters-van-het-realisme-1-e1701774067476.png\",\"contentUrl\":\"https:\\\/\\\/mastersofrealism.com\\\/wp-content\\\/uploads\\\/2023\\\/11\\\/cropped-Logo-meesters-van-het-realisme-1-e1701774067476.png\",\"width\":506,\"height\":318,\"caption\":\"Masters of Realism\"},\"image\":{\"@id\":\"https:\\\/\\\/mastersofrealism.com\\\/#\\\/schema\\\/logo\\\/image\\\/\"}}]}<\/script>\n<!-- \/ Yoast SEO plugin. -->","yoast_head_json":{"title":"Anmeldung Lille Art Up! 2026 - Masters of Realism","robots":{"index":"index","follow":"follow","max-snippet":"max-snippet:-1","max-image-preview":"max-image-preview:large","max-video-preview":"max-video-preview:-1"},"canonical":"https:\/\/mastersofrealism.com\/de\/anmeldung-lille-art-up-2026\/","og_locale":"de_DE","og_type":"article","og_title":"Anmeldung Lille Art Up! 2026 - Masters of Realism","og_description":"For the second year in a row, the Masters of Realism have the privilege of applying as a non-gallery to the renowned gallery fair Lille Art Up! in Lille (Northern France). SetupJust like in 2025, the Masters can &#8211; with sufficient applications and after a positive selection &#8211; present themselves at this fair in a [&hellip;]","og_url":"https:\/\/mastersofrealism.com\/de\/anmeldung-lille-art-up-2026\/","og_site_name":"Masters of Realism","article_modified_time":"2026-02-23T13:55:34+00:00","og_image":[{"width":1427,"height":803,"url":"https:\/\/mastersofrealism.com\/wp-content\/uploads\/2025\/09\/Lille-Art-Up_ARTISTIC-LINE-1.jpg","type":"image\/jpeg"}],"twitter_card":"summary_large_image","twitter_misc":{"Gesch\u00e4tzte Lesezeit":"2\u00a0Minute"},"schema":{"@context":"https:\/\/schema.org","@graph":[{"@type":"WebPage","@id":"https:\/\/mastersofrealism.com\/de\/anmeldung-lille-art-up-2026\/","url":"https:\/\/mastersofrealism.com\/de\/anmeldung-lille-art-up-2026\/","name":"Anmeldung Lille Art Up! 2026 - Masters of Realism","isPartOf":{"@id":"https:\/\/mastersofrealism.com\/#website"},"primaryImageOfPage":{"@id":"https:\/\/mastersofrealism.com\/de\/anmeldung-lille-art-up-2026\/#primaryimage"},"image":{"@id":"https:\/\/mastersofrealism.com\/de\/anmeldung-lille-art-up-2026\/#primaryimage"},"thumbnailUrl":"https:\/\/mastersofrealism.com\/wp-content\/uploads\/2025\/09\/Lille-Art-Up_ARTISTIC-LINE-1-768x432.jpg","datePublished":"2025-09-17T15:39:21+00:00","dateModified":"2026-02-23T13:55:34+00:00","breadcrumb":{"@id":"https:\/\/mastersofrealism.com\/de\/anmeldung-lille-art-up-2026\/#breadcrumb"},"inLanguage":"de","potentialAction":[{"@type":"ReadAction","target":["https:\/\/mastersofrealism.com\/de\/anmeldung-lille-art-up-2026\/"]}]},{"@type":"ImageObject","inLanguage":"de","@id":"https:\/\/mastersofrealism.com\/de\/anmeldung-lille-art-up-2026\/#primaryimage","url":"https:\/\/mastersofrealism.com\/wp-content\/uploads\/2025\/09\/Lille-Art-Up_ARTISTIC-LINE-1-768x432.jpg","contentUrl":"https:\/\/mastersofrealism.com\/wp-content\/uploads\/2025\/09\/Lille-Art-Up_ARTISTIC-LINE-1-768x432.jpg"},{"@type":"BreadcrumbList","@id":"https:\/\/mastersofrealism.com\/de\/anmeldung-lille-art-up-2026\/#breadcrumb","itemListElement":[{"@type":"ListItem","position":1,"name":"Home","item":"https:\/\/mastersofrealism.com\/de\/home\/"},{"@type":"ListItem","position":2,"name":"Anmeldung Lille Art Up! 2026"}]},{"@type":"WebSite","@id":"https:\/\/mastersofrealism.com\/#website","url":"https:\/\/mastersofrealism.com\/","name":"Masters of Realism","description":"","publisher":{"@id":"https:\/\/mastersofrealism.com\/#organization"},"potentialAction":[{"@type":"SearchAction","target":{"@type":"EntryPoint","urlTemplate":"https:\/\/mastersofrealism.com\/?s={search_term_string}"},"query-input":{"@type":"PropertyValueSpecification","valueRequired":true,"valueName":"search_term_string"}}],"inLanguage":"de"},{"@type":"Organization","@id":"https:\/\/mastersofrealism.com\/#organization","name":"Masters of Realism","url":"https:\/\/mastersofrealism.com\/","logo":{"@type":"ImageObject","inLanguage":"de","@id":"https:\/\/mastersofrealism.com\/#\/schema\/logo\/image\/","url":"https:\/\/mastersofrealism.com\/wp-content\/uploads\/2023\/11\/cropped-Logo-meesters-van-het-realisme-1-e1701774067476.png","contentUrl":"https:\/\/mastersofrealism.com\/wp-content\/uploads\/2023\/11\/cropped-Logo-meesters-van-het-realisme-1-e1701774067476.png","width":506,"height":318,"caption":"Masters of Realism"},"image":{"@id":"https:\/\/mastersofrealism.com\/#\/schema\/logo\/image\/"}}]}},"_links":{"self":[{"href":"https:\/\/mastersofrealism.com\/de\/wp-json\/wp\/v2\/pages\/15480","targetHints":{"allow":["GET"]}}],"collection":[{"href":"https:\/\/mastersofrealism.com\/de\/wp-json\/wp\/v2\/pages"}],"about":[{"href":"https:\/\/mastersofrealism.com\/de\/wp-json\/wp\/v2\/types\/page"}],"author":[{"embeddable":true,"href":"https:\/\/mastersofrealism.com\/de\/wp-json\/wp\/v2\/users\/57"}],"replies":[{"embeddable":true,"href":"https:\/\/mastersofrealism.com\/de\/wp-json\/wp\/v2\/comments?post=15480"}],"version-history":[{"count":2,"href":"https:\/\/mastersofrealism.com\/de\/wp-json\/wp\/v2\/pages\/15480\/revisions"}],"predecessor-version":[{"id":15483,"href":"https:\/\/mastersofrealism.com\/de\/wp-json\/wp\/v2\/pages\/15480\/revisions\/15483"}],"wp:attachment":[{"href":"https:\/\/mastersofrealism.com\/de\/wp-json\/wp\/v2\/media?parent=15480"}],"curies":[{"name":"wp","href":"https:\/\/api.w.org\/{rel}","templated":true}]}}