{"id":15521,"date":"2025-11-05T09:17:55","date_gmt":"2025-11-05T08:17:55","guid":{"rendered":"https:\/\/mastersofrealism.com\/messe-versicherung\/"},"modified":"2026-02-23T14:55:51","modified_gmt":"2026-02-23T13:55:51","slug":"messe-versicherung","status":"publish","type":"page","link":"https:\/\/mastersofrealism.com\/de\/messe-versicherung\/","title":{"rendered":"Messe-Versicherung"},"content":{"rendered":"\t\t<div data-elementor-type=\"wp-page\" data-elementor-id=\"15521\" class=\"elementor elementor-15521 elementor-10167\" data-elementor-post-type=\"page\">\n\t\t\t\t\t\t<section class=\"elementor-section elementor-top-section elementor-element elementor-element-74c3de8d elementor-section-boxed elementor-section-height-default elementor-section-height-default\" data-id=\"74c3de8d\" data-element_type=\"section\" data-e-type=\"section\" data-settings=\"{&quot;jet_parallax_layout_list&quot;:[{&quot;jet_parallax_layout_image&quot;:{&quot;url&quot;:&quot;&quot;,&quot;id&quot;:&quot;&quot;,&quot;size&quot;:&quot;&quot;},&quot;_id&quot;:&quot;5b6044a&quot;,&quot;jet_parallax_layout_image_tablet&quot;:{&quot;url&quot;:&quot;&quot;,&quot;id&quot;:&quot;&quot;,&quot;size&quot;:&quot;&quot;},&quot;jet_parallax_layout_image_mobile&quot;:{&quot;url&quot;:&quot;&quot;,&quot;id&quot;:&quot;&quot;,&quot;size&quot;:&quot;&quot;},&quot;jet_parallax_layout_speed&quot;:{&quot;unit&quot;:&quot;%&quot;,&quot;size&quot;:50,&quot;sizes&quot;:[]},&quot;jet_parallax_layout_type&quot;:&quot;scroll&quot;,&quot;jet_parallax_layout_direction&quot;:&quot;1&quot;,&quot;jet_parallax_layout_fx_direction&quot;:null,&quot;jet_parallax_layout_z_index&quot;:&quot;&quot;,&quot;jet_parallax_layout_bg_x&quot;:50,&quot;jet_parallax_layout_bg_x_tablet&quot;:&quot;&quot;,&quot;jet_parallax_layout_bg_x_mobile&quot;:&quot;&quot;,&quot;jet_parallax_layout_bg_y&quot;:50,&quot;jet_parallax_layout_bg_y_tablet&quot;:&quot;&quot;,&quot;jet_parallax_layout_bg_y_mobile&quot;:&quot;&quot;,&quot;jet_parallax_layout_bg_size&quot;:&quot;auto&quot;,&quot;jet_parallax_layout_bg_size_tablet&quot;:&quot;&quot;,&quot;jet_parallax_layout_bg_size_mobile&quot;:&quot;&quot;,&quot;jet_parallax_layout_animation_prop&quot;:&quot;transform&quot;,&quot;jet_parallax_layout_on&quot;:[&quot;desktop&quot;,&quot;tablet&quot;]}],&quot;background_background&quot;:&quot;classic&quot;}\">\n\t\t\t\t\t\t<div class=\"elementor-container elementor-column-gap-no\">\n\t\t\t\t\t<div class=\"elementor-column elementor-col-100 elementor-top-column elementor-element elementor-element-33fb6b5\" data-id=\"33fb6b5\" data-element_type=\"column\" data-e-type=\"column\">\n\t\t\t<div class=\"elementor-widget-wrap elementor-element-populated\">\n\t\t\t\t\t\t<div class=\"elementor-element elementor-element-57e0187f elementor-widget elementor-widget-heading\" data-id=\"57e0187f\" data-element_type=\"widget\" data-e-type=\"widget\" data-widget_type=\"heading.default\">\n\t\t\t\t<div class=\"elementor-widget-container\">\n\t\t\t\t\t<h1 class=\"elementor-heading-title elementor-size-default\">Messe-Versicherung<\/h1>\t\t\t\t<\/div>\n\t\t\t\t<\/div>\n\t\t\t\t\t<\/div>\n\t\t<\/div>\n\t\t\t\t\t<\/div>\n\t\t<\/section>\n\t\t<div class=\"elementor-element elementor-element-16213d0 e-flex e-con-boxed e-con e-parent\" data-id=\"16213d0\" data-element_type=\"container\" data-e-type=\"container\" data-settings=\"{&quot;jet_parallax_layout_list&quot;:[]}\">\n\t\t\t\t\t<div class=\"e-con-inner\">\n\t\t\t\t<div class=\"elementor-element elementor-element-9f8e758 elementor-widget elementor-widget-text-editor\" data-id=\"9f8e758\" data-element_type=\"widget\" data-e-type=\"widget\" data-widget_type=\"text-editor.default\">\n\t\t\t\t<div class=\"elementor-widget-container\">\n\t\t\t\t\t\t\t\t\t<h4>Als <em>Master of Realism<\/em> profitieren Sie von mehreren Vorteilen, darunter eine kostenlose Ausstellungsversicherung. Das bedeutet, dass Ihre Kunst bei jeder Ausstellung oder Messeteilnahme in den Niederlanden kostenlos versichert ist. Das ist ganz einfach und innerhalb weniger Minuten erledigt.    <\/h4>\t\t\t\t\t\t\t\t<\/div>\n\t\t\t\t<\/div>\n\t\t\t\t\t<\/div>\n\t\t\t\t<\/div>\n\t\t<div class=\"elementor-element elementor-element-4dd92ca e-grid e-con-boxed e-con e-parent\" data-id=\"4dd92ca\" data-element_type=\"container\" data-e-type=\"container\" data-settings=\"{&quot;jet_parallax_layout_list&quot;:[]}\">\n\t\t\t\t\t<div class=\"e-con-inner\">\n\t\t\t\t<div class=\"elementor-element elementor-element-2d0b66c elementor-widget elementor-widget-image\" data-id=\"2d0b66c\" data-element_type=\"widget\" data-e-type=\"widget\" data-widget_type=\"image.default\">\n\t\t\t\t<div class=\"elementor-widget-container\">\n\t\t\t\t\t\t\t\t\t\t\t\t\t\t\t<img fetchpriority=\"high\" decoding=\"async\" width=\"800\" height=\"533\" src=\"https:\/\/mastersofrealism.com\/wp-content\/uploads\/2025\/11\/verzekering1.jpg\" class=\"attachment-large size-large wp-image-10168\" alt=\"\" srcset=\"https:\/\/mastersofrealism.com\/wp-content\/uploads\/2025\/11\/verzekering1.jpg 800w, https:\/\/mastersofrealism.com\/wp-content\/uploads\/2025\/11\/verzekering1-300x200.jpg 300w, https:\/\/mastersofrealism.com\/wp-content\/uploads\/2025\/11\/verzekering1-768x512.jpg 768w\" sizes=\"(max-width: 800px) 100vw, 800px\" \/>\t\t\t\t\t\t\t\t\t\t\t\t\t\t\t<\/div>\n\t\t\t\t<\/div>\n\t\t\t\t<div class=\"elementor-element elementor-element-22e00fb elementor-widget elementor-widget-image\" data-id=\"22e00fb\" data-element_type=\"widget\" data-e-type=\"widget\" data-widget_type=\"image.default\">\n\t\t\t\t<div class=\"elementor-widget-container\">\n\t\t\t\t\t\t\t\t\t\t\t\t\t\t\t<img decoding=\"async\" width=\"800\" height=\"533\" src=\"https:\/\/mastersofrealism.com\/wp-content\/uploads\/2025\/11\/verzekering2.jpg\" class=\"attachment-large size-large wp-image-10169\" alt=\"\" srcset=\"https:\/\/mastersofrealism.com\/wp-content\/uploads\/2025\/11\/verzekering2.jpg 800w, https:\/\/mastersofrealism.com\/wp-content\/uploads\/2025\/11\/verzekering2-300x200.jpg 300w, https:\/\/mastersofrealism.com\/wp-content\/uploads\/2025\/11\/verzekering2-768x512.jpg 768w\" sizes=\"(max-width: 800px) 100vw, 800px\" \/>\t\t\t\t\t\t\t\t\t\t\t\t\t\t\t<\/div>\n\t\t\t\t<\/div>\n\t\t\t\t<div class=\"elementor-element elementor-element-f08c077 elementor-widget elementor-widget-image\" data-id=\"f08c077\" data-element_type=\"widget\" data-e-type=\"widget\" data-widget_type=\"image.default\">\n\t\t\t\t<div class=\"elementor-widget-container\">\n\t\t\t\t\t\t\t\t\t\t\t\t\t\t\t<img decoding=\"async\" width=\"800\" height=\"533\" src=\"https:\/\/mastersofrealism.com\/wp-content\/uploads\/2025\/11\/verzekering3.jpg\" class=\"attachment-large size-large wp-image-35856\" alt=\"\" srcset=\"https:\/\/mastersofrealism.com\/wp-content\/uploads\/2025\/11\/verzekering3.jpg 800w, https:\/\/mastersofrealism.com\/wp-content\/uploads\/2025\/11\/verzekering3-300x200.jpg 300w, https:\/\/mastersofrealism.com\/wp-content\/uploads\/2025\/11\/verzekering3-768x512.jpg 768w\" sizes=\"(max-width: 800px) 100vw, 800px\" \/>\t\t\t\t\t\t\t\t\t\t\t\t\t\t\t<\/div>\n\t\t\t\t<\/div>\n\t\t\t\t<div class=\"elementor-element elementor-element-cde0aea elementor-widget elementor-widget-text-editor\" data-id=\"cde0aea\" data-element_type=\"widget\" data-e-type=\"widget\" data-widget_type=\"text-editor.default\">\n\t\t\t\t<div class=\"elementor-widget-container\">\n\t\t\t\t\t\t\t\t\t<div class=\"elementor-element elementor-element-0b908e1 elementor-icon-list--layout-traditional elementor-list-item-link-full_width elementor-widget elementor-widget-icon-list\" data-id=\"0b908e1\" data-element_type=\"widget\" data-widget_type=\"icon-list.default\"><div class=\"elementor-widget-container\"><h3><span class=\"elementor-icon-list-text\">Schritt 1: Herunterladen<\/span><\/h3><p><span style=\"color: #626975; font-size: 16px;\">Laden Sie das Versicherungsformular \u00fcber die Schaltfl\u00e4che unten herunter.<\/span><\/p><\/div><\/div>\t\t\t\t\t\t\t\t<\/div>\n\t\t\t\t<\/div>\n\t\t\t\t<div class=\"elementor-element elementor-element-8fac4d7 elementor-widget elementor-widget-text-editor\" data-id=\"8fac4d7\" data-element_type=\"widget\" data-e-type=\"widget\" data-widget_type=\"text-editor.default\">\n\t\t\t\t<div class=\"elementor-widget-container\">\n\t\t\t\t\t\t\t\t\t<div class=\"elementor-element elementor-element-e57355b elementor-icon-list--layout-traditional elementor-list-item-link-full_width elementor-widget elementor-widget-icon-list\" data-id=\"e57355b\" data-element_type=\"widget\" data-widget_type=\"icon-list.default\"><div class=\"elementor-widget-container\"><h3><span class=\"elementor-icon-list-text\">Schritt 2: F\u00fcllen Sie das Formular aus<\/span><\/h3><\/div><\/div><div class=\"elementor-element elementor-element-fcef057 elementor-widget elementor-widget-text-editor\" data-id=\"fcef057\" data-element_type=\"widget\" data-widget_type=\"text-editor.default\"><div class=\"elementor-widget-container\"><p>F\u00fcllen Sie das Formular vollst\u00e4ndig und genau aus.<\/p><\/div><\/div>\t\t\t\t\t\t\t\t<\/div>\n\t\t\t\t<\/div>\n\t\t\t\t<div class=\"elementor-element elementor-element-89b1814 elementor-widget elementor-widget-text-editor\" data-id=\"89b1814\" data-element_type=\"widget\" data-e-type=\"widget\" data-widget_type=\"text-editor.default\">\n\t\t\t\t<div class=\"elementor-widget-container\">\n\t\t\t\t\t\t\t\t\t<div class=\"elementor-element elementor-element-ce8f0c1 elementor-icon-list--layout-traditional elementor-list-item-link-full_width elementor-widget elementor-widget-icon-list\" data-id=\"ce8f0c1\" data-element_type=\"widget\" data-widget_type=\"icon-list.default\">\n<div class=\"elementor-widget-container\">\n<h3><span class=\"elementor-icon-list-text\">Schritt 3: E-Mail<\/span><\/h3>\n<\/div>\n<\/div>\n<div class=\"elementor-element elementor-element-6f8534f elementor-widget elementor-widget-text-editor\" data-id=\"6f8534f\" data-element_type=\"widget\" data-widget_type=\"text-editor.default\">\n<div class=\"elementor-widget-container\">\n<p>Unterschreiben Sie das Formular und senden Sie es zusammen mit Fotos des eingerichteten Standes oder der Ausstellung per E-Mail an <a href=\"mailto:info@mastersofrealism.com\">info@mastersofrealism.com.<\/a><\/p>\n<\/div>\n<\/div>\t\t\t\t\t\t\t\t<\/div>\n\t\t\t\t<\/div>\n\t\t\t\t<div class=\"elementor-element elementor-element-8de82c8 elementor-widget elementor-widget-button\" data-id=\"8de82c8\" data-element_type=\"widget\" data-e-type=\"widget\" data-widget_type=\"button.default\">\n\t\t\t\t<div class=\"elementor-widget-container\">\n\t\t\t\t\t\t\t\t\t<div class=\"elementor-button-wrapper\">\n\t\t\t\t\t<a class=\"elementor-button elementor-button-link elementor-size-sm\" href=\"https:\/\/mastersofrealism.com\/wp-content\/uploads\/2026\/02\/Exhibition-form-Masters-of-Realism.pdf\" target=\"_blank\">\n\t\t\t\t\t\t<span class=\"elementor-button-content-wrapper\">\n\t\t\t\t\t\t\t\t\t<span class=\"elementor-button-text\">Formular<\/span>\n\t\t\t\t\t<\/span>\n\t\t\t\t\t<\/a>\n\t\t\t\t<\/div>\n\t\t\t\t\t\t\t\t<\/div>\n\t\t\t\t<\/div>\n\t\t\t\t\t<\/div>\n\t\t\t\t<\/div>\n\t\t<div class=\"elementor-element elementor-element-f6c498a e-grid e-con-boxed e-con e-parent\" data-id=\"f6c498a\" data-element_type=\"container\" data-e-type=\"container\" data-settings=\"{&quot;jet_parallax_layout_list&quot;:[]}\">\n\t\t\t\t\t<div class=\"e-con-inner\">\n\t\t\t\t<div class=\"elementor-element elementor-element-fc21c30 elementor-widget elementor-widget-text-editor\" data-id=\"fc21c30\" data-element_type=\"widget\" data-e-type=\"widget\" data-widget_type=\"text-editor.default\">\n\t\t\t\t<div class=\"elementor-widget-container\">\n\t\t\t\t\t\t\t\t\t<h3 style=\"font-weight: 400;\">Wichtig zu wissen<\/h3>\n<p style=\"font-weight: 400;\">Die Versicherung gilt ausschlie\u00dflich f\u00fcr tempor\u00e4re Ausstellungen an \u00fcberdachten Standorten in den Niederlanden mit einer Dauer von maximal 31 Tagen und nur bei rechtzeitiger Vorlage einer spezifizierten und unterzeichneten Erkl\u00e4rung des Formulars und der dazugeh\u00f6rigen Fotos (siehe Anweisungen oben).<\/p>\n<p style=\"font-weight: 400;\">Die angegebenen und fotografierten Werke sind gem\u00e4\u00df der Versicherungspolice gegen Diebstahl und Besch\u00e4digung w\u00e4hrend der betreffenden Ausstellung versichert. Die Selbstbeteiligung betr\u00e4gt 250 \u20ac pro Objekt und der maximale Versicherungswert liegt bei 10.000 \u20ac pro Objekt.   <\/p>\n<p style=\"font-weight: 400;\">Bestehende Versicherungspolicen des K\u00fcnstlers, des beauftragten Transportunternehmens, der Galerie oder der Institution selbst, in der die Ausstellung stattfindet, haben Vorrang. Wenn dies der Fall ist, muss der Anspruch zuerst dort angemeldet werden. Geben Sie bei der Einreichung bei <em>Masters of Realism<\/em> an, ob der Anspruch bereits bei einer anderen Versicherungsgesellschaft eingereicht wurde. Ein korrekter und wahrheitsgem\u00e4\u00dfer Antrag ist selbstverst\u00e4ndlich erforderlich; au\u00dferdem muss der Antrag sp\u00e4testens einen Tag nach dem letzten Tag der betreffenden Ausstellung eingereicht werden. Die <em>Masters of Realism<\/em> und De Kunst Collega&#8217;s sind nicht verantwortlich f\u00fcr unrichtige, unvollst\u00e4ndige und\/oder widerspr\u00fcchliche Angaben jeglicher Art.      <\/p>\n<p style=\"font-weight: 400;\">Das Versicherungsformular und weitere Details finden Sie in Ihrem <a href=\"https:\/\/mastersofrealism.com\/inloggen\/\">Online-Konto<\/a>.<\/p>\t\t\t\t\t\t\t\t<\/div>\n\t\t\t\t<\/div>\n\t\t\t\t<div class=\"elementor-element elementor-element-b85864c elementor-widget elementor-widget-text-editor\" data-id=\"b85864c\" data-element_type=\"widget\" data-e-type=\"widget\" data-widget_type=\"text-editor.default\">\n\t\t\t\t<div class=\"elementor-widget-container\">\n\t\t\t\t\t\t\t\t\t<h3 style=\"font-weight: 400;\">Haben Sie Fragen?<\/h3>\n<p style=\"font-weight: 400;\">Wir hoffen, dass wir Ihnen behilflich sein k\u00f6nnen. Wenn Sie Fragen haben, k\u00f6nnen Sie jederzeit eine Nachricht an <a href=\"mailto:info@mastersofrealism.com\">info@mastersofrealism.com senden.<\/a> <\/p>\t\t\t\t\t\t\t\t<\/div>\n\t\t\t\t<\/div>\n\t\t\t\t\t<\/div>\n\t\t\t\t<\/div>\n\t\t\t\t<\/div>\n\t\t","protected":false},"excerpt":{"rendered":"<p>Als Master of Realism profitieren Sie von mehreren Vorteilen, darunter eine kostenlose Ausstellungsversicherung. Das bedeutet, dass Ihre Kunst bei jeder Ausstellung oder Messeteilnahme in den Niederlanden kostenlos versichert ist. Das ist ganz einfach und innerhalb weniger Minuten erledigt. Schritt 1: Herunterladen Laden Sie das Versicherungsformular \u00fcber die Schaltfl\u00e4che unten herunter. Schritt 2: F\u00fcllen Sie das [&hellip;]<\/p>\n","protected":false},"author":57,"featured_media":0,"parent":0,"menu_order":0,"comment_status":"closed","ping_status":"closed","template":"full-width.php","meta":{"_acf_changed":false,"footnotes":""},"class_list":["post-15521","page","type-page","status-publish","hentry"],"acf":[],"yoast_head":"<!-- This site is optimized with the Yoast SEO plugin v27.2 - https:\/\/yoast.com\/product\/yoast-seo-wordpress\/ -->\n<title>Messe-Versicherung - Masters of Realism<\/title>\n<meta name=\"robots\" content=\"index, follow, max-snippet:-1, max-image-preview:large, max-video-preview:-1\" \/>\n<link rel=\"canonical\" href=\"https:\/\/mastersofrealism.com\/de\/messe-versicherung\/\" \/>\n<meta property=\"og:locale\" content=\"de_DE\" \/>\n<meta property=\"og:type\" content=\"article\" \/>\n<meta property=\"og:title\" content=\"Messe-Versicherung - Masters of Realism\" \/>\n<meta property=\"og:description\" content=\"Als Master of Realism profitieren Sie von mehreren Vorteilen, darunter eine kostenlose Ausstellungsversicherung. Das bedeutet, dass Ihre Kunst bei jeder Ausstellung oder Messeteilnahme in den Niederlanden kostenlos versichert ist. Das ist ganz einfach und innerhalb weniger Minuten erledigt. Schritt 1: Herunterladen Laden Sie das Versicherungsformular \u00fcber die Schaltfl\u00e4che unten herunter. Schritt 2: F\u00fcllen Sie das [&hellip;]\" \/>\n<meta property=\"og:url\" content=\"https:\/\/mastersofrealism.com\/de\/messe-versicherung\/\" \/>\n<meta property=\"og:site_name\" content=\"Masters of Realism\" \/>\n<meta property=\"article:modified_time\" content=\"2026-02-23T13:55:51+00:00\" \/>\n<meta property=\"og:image\" content=\"https:\/\/mastersofrealism.com\/wp-content\/uploads\/2025\/11\/verzekering1.jpg\" \/>\n\t<meta property=\"og:image:width\" content=\"800\" \/>\n\t<meta property=\"og:image:height\" content=\"533\" \/>\n\t<meta property=\"og:image:type\" content=\"image\/jpeg\" \/>\n<meta name=\"twitter:card\" content=\"summary_large_image\" \/>\n<meta name=\"twitter:label1\" content=\"Gesch\u00e4tzte Lesezeit\" \/>\n\t<meta name=\"twitter:data1\" content=\"2\u00a0Minute\" \/>\n<script type=\"application\/ld+json\" class=\"yoast-schema-graph\">{\"@context\":\"https:\/\/schema.org\",\"@graph\":[{\"@type\":\"WebPage\",\"@id\":\"https:\/\/mastersofrealism.com\/de\/messe-versicherung\/\",\"url\":\"https:\/\/mastersofrealism.com\/de\/messe-versicherung\/\",\"name\":\"Messe-Versicherung - Masters of Realism\",\"isPartOf\":{\"@id\":\"https:\/\/mastersofrealism.com\/#website\"},\"primaryImageOfPage\":{\"@id\":\"https:\/\/mastersofrealism.com\/de\/messe-versicherung\/#primaryimage\"},\"image\":{\"@id\":\"https:\/\/mastersofrealism.com\/de\/messe-versicherung\/#primaryimage\"},\"thumbnailUrl\":\"https:\/\/mastersofrealism.com\/wp-content\/uploads\/2025\/11\/verzekering1.jpg\",\"datePublished\":\"2025-11-05T08:17:55+00:00\",\"dateModified\":\"2026-02-23T13:55:51+00:00\",\"breadcrumb\":{\"@id\":\"https:\/\/mastersofrealism.com\/de\/messe-versicherung\/#breadcrumb\"},\"inLanguage\":\"de\",\"potentialAction\":[{\"@type\":\"ReadAction\",\"target\":[\"https:\/\/mastersofrealism.com\/de\/messe-versicherung\/\"]}]},{\"@type\":\"ImageObject\",\"inLanguage\":\"de\",\"@id\":\"https:\/\/mastersofrealism.com\/de\/messe-versicherung\/#primaryimage\",\"url\":\"https:\/\/mastersofrealism.com\/wp-content\/uploads\/2025\/11\/verzekering1.jpg\",\"contentUrl\":\"https:\/\/mastersofrealism.com\/wp-content\/uploads\/2025\/11\/verzekering1.jpg\"},{\"@type\":\"BreadcrumbList\",\"@id\":\"https:\/\/mastersofrealism.com\/de\/messe-versicherung\/#breadcrumb\",\"itemListElement\":[{\"@type\":\"ListItem\",\"position\":1,\"name\":\"Home\",\"item\":\"https:\/\/mastersofrealism.com\/de\/home\/\"},{\"@type\":\"ListItem\",\"position\":2,\"name\":\"Messe-Versicherung\"}]},{\"@type\":\"WebSite\",\"@id\":\"https:\/\/mastersofrealism.com\/#website\",\"url\":\"https:\/\/mastersofrealism.com\/\",\"name\":\"Masters of Realism\",\"description\":\"\",\"publisher\":{\"@id\":\"https:\/\/mastersofrealism.com\/#organization\"},\"potentialAction\":[{\"@type\":\"SearchAction\",\"target\":{\"@type\":\"EntryPoint\",\"urlTemplate\":\"https:\/\/mastersofrealism.com\/?s={search_term_string}\"},\"query-input\":{\"@type\":\"PropertyValueSpecification\",\"valueRequired\":true,\"valueName\":\"search_term_string\"}}],\"inLanguage\":\"de\"},{\"@type\":\"Organization\",\"@id\":\"https:\/\/mastersofrealism.com\/#organization\",\"name\":\"Masters of Realism\",\"url\":\"https:\/\/mastersofrealism.com\/\",\"logo\":{\"@type\":\"ImageObject\",\"inLanguage\":\"de\",\"@id\":\"https:\/\/mastersofrealism.com\/#\/schema\/logo\/image\/\",\"url\":\"https:\/\/mastersofrealism.com\/wp-content\/uploads\/2023\/11\/cropped-Logo-meesters-van-het-realisme-1-e1701774067476.png\",\"contentUrl\":\"https:\/\/mastersofrealism.com\/wp-content\/uploads\/2023\/11\/cropped-Logo-meesters-van-het-realisme-1-e1701774067476.png\",\"width\":506,\"height\":318,\"caption\":\"Masters of Realism\"},\"image\":{\"@id\":\"https:\/\/mastersofrealism.com\/#\/schema\/logo\/image\/\"}}]}<\/script>\n<!-- \/ Yoast SEO plugin. -->","yoast_head_json":{"title":"Messe-Versicherung - Masters of Realism","robots":{"index":"index","follow":"follow","max-snippet":"max-snippet:-1","max-image-preview":"max-image-preview:large","max-video-preview":"max-video-preview:-1"},"canonical":"https:\/\/mastersofrealism.com\/de\/messe-versicherung\/","og_locale":"de_DE","og_type":"article","og_title":"Messe-Versicherung - Masters of Realism","og_description":"Als Master of Realism profitieren Sie von mehreren Vorteilen, darunter eine kostenlose Ausstellungsversicherung. Das bedeutet, dass Ihre Kunst bei jeder Ausstellung oder Messeteilnahme in den Niederlanden kostenlos versichert ist. Das ist ganz einfach und innerhalb weniger Minuten erledigt. Schritt 1: Herunterladen Laden Sie das Versicherungsformular \u00fcber die Schaltfl\u00e4che unten herunter. Schritt 2: F\u00fcllen Sie das [&hellip;]","og_url":"https:\/\/mastersofrealism.com\/de\/messe-versicherung\/","og_site_name":"Masters of Realism","article_modified_time":"2026-02-23T13:55:51+00:00","og_image":[{"width":800,"height":533,"url":"https:\/\/mastersofrealism.com\/wp-content\/uploads\/2025\/11\/verzekering1.jpg","type":"image\/jpeg"}],"twitter_card":"summary_large_image","twitter_misc":{"Gesch\u00e4tzte Lesezeit":"2\u00a0Minute"},"schema":{"@context":"https:\/\/schema.org","@graph":[{"@type":"WebPage","@id":"https:\/\/mastersofrealism.com\/de\/messe-versicherung\/","url":"https:\/\/mastersofrealism.com\/de\/messe-versicherung\/","name":"Messe-Versicherung - Masters of Realism","isPartOf":{"@id":"https:\/\/mastersofrealism.com\/#website"},"primaryImageOfPage":{"@id":"https:\/\/mastersofrealism.com\/de\/messe-versicherung\/#primaryimage"},"image":{"@id":"https:\/\/mastersofrealism.com\/de\/messe-versicherung\/#primaryimage"},"thumbnailUrl":"https:\/\/mastersofrealism.com\/wp-content\/uploads\/2025\/11\/verzekering1.jpg","datePublished":"2025-11-05T08:17:55+00:00","dateModified":"2026-02-23T13:55:51+00:00","breadcrumb":{"@id":"https:\/\/mastersofrealism.com\/de\/messe-versicherung\/#breadcrumb"},"inLanguage":"de","potentialAction":[{"@type":"ReadAction","target":["https:\/\/mastersofrealism.com\/de\/messe-versicherung\/"]}]},{"@type":"ImageObject","inLanguage":"de","@id":"https:\/\/mastersofrealism.com\/de\/messe-versicherung\/#primaryimage","url":"https:\/\/mastersofrealism.com\/wp-content\/uploads\/2025\/11\/verzekering1.jpg","contentUrl":"https:\/\/mastersofrealism.com\/wp-content\/uploads\/2025\/11\/verzekering1.jpg"},{"@type":"BreadcrumbList","@id":"https:\/\/mastersofrealism.com\/de\/messe-versicherung\/#breadcrumb","itemListElement":[{"@type":"ListItem","position":1,"name":"Home","item":"https:\/\/mastersofrealism.com\/de\/home\/"},{"@type":"ListItem","position":2,"name":"Messe-Versicherung"}]},{"@type":"WebSite","@id":"https:\/\/mastersofrealism.com\/#website","url":"https:\/\/mastersofrealism.com\/","name":"Masters of Realism","description":"","publisher":{"@id":"https:\/\/mastersofrealism.com\/#organization"},"potentialAction":[{"@type":"SearchAction","target":{"@type":"EntryPoint","urlTemplate":"https:\/\/mastersofrealism.com\/?s={search_term_string}"},"query-input":{"@type":"PropertyValueSpecification","valueRequired":true,"valueName":"search_term_string"}}],"inLanguage":"de"},{"@type":"Organization","@id":"https:\/\/mastersofrealism.com\/#organization","name":"Masters of Realism","url":"https:\/\/mastersofrealism.com\/","logo":{"@type":"ImageObject","inLanguage":"de","@id":"https:\/\/mastersofrealism.com\/#\/schema\/logo\/image\/","url":"https:\/\/mastersofrealism.com\/wp-content\/uploads\/2023\/11\/cropped-Logo-meesters-van-het-realisme-1-e1701774067476.png","contentUrl":"https:\/\/mastersofrealism.com\/wp-content\/uploads\/2023\/11\/cropped-Logo-meesters-van-het-realisme-1-e1701774067476.png","width":506,"height":318,"caption":"Masters of Realism"},"image":{"@id":"https:\/\/mastersofrealism.com\/#\/schema\/logo\/image\/"}}]}},"_links":{"self":[{"href":"https:\/\/mastersofrealism.com\/de\/wp-json\/wp\/v2\/pages\/15521","targetHints":{"allow":["GET"]}}],"collection":[{"href":"https:\/\/mastersofrealism.com\/de\/wp-json\/wp\/v2\/pages"}],"about":[{"href":"https:\/\/mastersofrealism.com\/de\/wp-json\/wp\/v2\/types\/page"}],"author":[{"embeddable":true,"href":"https:\/\/mastersofrealism.com\/de\/wp-json\/wp\/v2\/users\/57"}],"replies":[{"embeddable":true,"href":"https:\/\/mastersofrealism.com\/de\/wp-json\/wp\/v2\/comments?post=15521"}],"version-history":[{"count":1,"href":"https:\/\/mastersofrealism.com\/de\/wp-json\/wp\/v2\/pages\/15521\/revisions"}],"predecessor-version":[{"id":15523,"href":"https:\/\/mastersofrealism.com\/de\/wp-json\/wp\/v2\/pages\/15521\/revisions\/15523"}],"wp:attachment":[{"href":"https:\/\/mastersofrealism.com\/de\/wp-json\/wp\/v2\/media?parent=15521"}],"curies":[{"name":"wp","href":"https:\/\/api.w.org\/{rel}","templated":true}]}}