{"id":15646,"date":"2023-08-10T12:53:35","date_gmt":"2023-08-10T10:53:35","guid":{"rendered":"https:\/\/mastersofrealism.com\/der-platin-pinsel-und-der-platin-stift\/"},"modified":"2026-02-23T14:57:17","modified_gmt":"2026-02-23T13:57:17","slug":"der-platin-pinsel-und-der-platin-stift","status":"publish","type":"page","link":"https:\/\/mastersofrealism.com\/de\/der-platin-pinsel-und-der-platin-stift\/","title":{"rendered":"Der Platin-Pinsel und der Platin-Stift"},"content":{"rendered":"\t\t<div data-elementor-type=\"wp-page\" data-elementor-id=\"15646\" class=\"elementor elementor-15646 elementor-10320\" data-elementor-post-type=\"page\">\n\t\t\t\t\t\t<section class=\"elementor-section elementor-top-section elementor-element elementor-element-94e20cc elementor-section-boxed elementor-section-height-default elementor-section-height-default\" data-id=\"94e20cc\" data-element_type=\"section\" data-e-type=\"section\" data-settings=\"{&quot;jet_parallax_layout_list&quot;:[{&quot;jet_parallax_layout_image&quot;:{&quot;url&quot;:&quot;&quot;,&quot;id&quot;:&quot;&quot;,&quot;size&quot;:&quot;&quot;},&quot;_id&quot;:&quot;5b6044a&quot;,&quot;jet_parallax_layout_image_tablet&quot;:{&quot;url&quot;:&quot;&quot;,&quot;id&quot;:&quot;&quot;,&quot;size&quot;:&quot;&quot;},&quot;jet_parallax_layout_image_mobile&quot;:{&quot;url&quot;:&quot;&quot;,&quot;id&quot;:&quot;&quot;,&quot;size&quot;:&quot;&quot;},&quot;jet_parallax_layout_speed&quot;:{&quot;unit&quot;:&quot;%&quot;,&quot;size&quot;:50,&quot;sizes&quot;:[]},&quot;jet_parallax_layout_type&quot;:&quot;scroll&quot;,&quot;jet_parallax_layout_direction&quot;:&quot;1&quot;,&quot;jet_parallax_layout_fx_direction&quot;:null,&quot;jet_parallax_layout_z_index&quot;:&quot;&quot;,&quot;jet_parallax_layout_bg_x&quot;:50,&quot;jet_parallax_layout_bg_x_tablet&quot;:&quot;&quot;,&quot;jet_parallax_layout_bg_x_mobile&quot;:&quot;&quot;,&quot;jet_parallax_layout_bg_y&quot;:50,&quot;jet_parallax_layout_bg_y_tablet&quot;:&quot;&quot;,&quot;jet_parallax_layout_bg_y_mobile&quot;:&quot;&quot;,&quot;jet_parallax_layout_bg_size&quot;:&quot;auto&quot;,&quot;jet_parallax_layout_bg_size_tablet&quot;:&quot;&quot;,&quot;jet_parallax_layout_bg_size_mobile&quot;:&quot;&quot;,&quot;jet_parallax_layout_animation_prop&quot;:&quot;transform&quot;,&quot;jet_parallax_layout_on&quot;:[&quot;desktop&quot;,&quot;tablet&quot;]}],&quot;background_background&quot;:&quot;classic&quot;}\">\n\t\t\t\t\t\t<div class=\"elementor-container elementor-column-gap-no\">\n\t\t\t\t\t<div class=\"elementor-column elementor-col-100 elementor-top-column elementor-element elementor-element-f5ee1d8\" data-id=\"f5ee1d8\" data-element_type=\"column\" data-e-type=\"column\">\n\t\t\t<div class=\"elementor-widget-wrap elementor-element-populated\">\n\t\t\t\t\t\t<div class=\"elementor-element elementor-element-33e600a elementor-widget elementor-widget-heading\" data-id=\"33e600a\" data-element_type=\"widget\" data-e-type=\"widget\" data-widget_type=\"heading.default\">\n\t\t\t\t<div class=\"elementor-widget-container\">\n\t\t\t\t\t<h1 class=\"elementor-heading-title elementor-size-default\">Der Platin-Pinsel und der Platin-Stift<\/h1>\t\t\t\t<\/div>\n\t\t\t\t<\/div>\n\t\t\t\t\t<\/div>\n\t\t<\/div>\n\t\t\t\t\t<\/div>\n\t\t<\/section>\n\t\t<div class=\"elementor-element elementor-element-b07e0c2 e-flex e-con-boxed e-con e-parent\" data-id=\"b07e0c2\" data-element_type=\"container\" data-e-type=\"container\" data-settings=\"{&quot;jet_parallax_layout_list&quot;:[]}\">\n\t\t\t\t\t<div class=\"e-con-inner\">\n\t\t\t\t<div class=\"elementor-element elementor-element-8555de0 elementor-widget elementor-widget-text-editor\" data-id=\"8555de0\" data-element_type=\"widget\" data-e-type=\"widget\" data-widget_type=\"text-editor.default\">\n\t\t\t\t<div class=\"elementor-widget-container\">\n\t\t\t\t\t\t\t\t\t<h4><strong>Jedes Jahr werden drei K\u00fcnstler, die realistische Gem\u00e4lde schaffen, mit einem <em>Platinpinsel<\/em> <b>und drei K\u00fcnstler, die <i>nur<\/i> realistisch zeichnen, mit einem <i>Platinstift<\/i> ausgezeichnet.<\/b><\/strong><\/h4>\t\t\t\t\t\t\t\t<\/div>\n\t\t\t\t<\/div>\n\t\t\t\t\t<\/div>\n\t\t\t\t<\/div>\n\t\t<div class=\"elementor-element elementor-element-87e3fca e-flex e-con-boxed e-con e-parent\" data-id=\"87e3fca\" data-element_type=\"container\" data-e-type=\"container\" data-settings=\"{&quot;jet_parallax_layout_list&quot;:[]}\">\n\t\t\t\t\t<div class=\"e-con-inner\">\n\t\t<div class=\"elementor-element elementor-element-6e8025d e-con-full e-flex e-con e-child\" data-id=\"6e8025d\" data-element_type=\"container\" data-e-type=\"container\" data-settings=\"{&quot;jet_parallax_layout_list&quot;:[]}\">\n\t\t\t\t<div class=\"elementor-element elementor-element-42e29d51 elementor-widget elementor-widget-text-editor\" data-id=\"42e29d51\" data-element_type=\"widget\" data-e-type=\"widget\" data-widget_type=\"text-editor.default\">\n\t\t\t\t<div class=\"elementor-widget-container\">\n\t\t\t\t\t\t\t\t\t<p style=\"font-weight: 400;\"><strong>Was ist ein <em>Platinpinsel<\/em> und was ist ein <em>Platinstift<\/em>?<br><\/strong>Ein <em>Platinpinsel<\/em> ist eine Auszeichnung, die an K\u00fcnstler vergeben wird, die realistisch malen. Ein <em>Platinum Pencil<\/em> ist eine Auszeichnung, die an K\u00fcnstler vergeben wird, die <em>ausschlie\u00dflich<\/em> realistisch zeichnen. <br>Die Auszeichnungen w\u00fcrdigen nicht nur die k\u00fcnstlerische Exzellenz der K\u00fcnstler, an die sie verliehen werden, sondern spiegeln auch die Wertsch\u00e4tzung in breiten Fachkreisen f\u00fcr die Arbeit der K\u00fcnstler wider, an die die Auszeichnungen verliehen werden.   <\/p><p style=\"font-weight: 400;\"><strong>Wer kann mit einem <em>Platinpinsel<\/em> ausgezeichnet werden?<\/strong><br><em>Platinpinsel<\/em> werden von <em>Masters of Realism<\/em> an niederl\u00e4ndische K\u00fcnstler verliehen, die realistisch malen, kein <em>Master of Realism<\/em> sind, aber dennoch auf hohem Niveau malen. <br><strong><br>Wer kann mit einem <em>Platinstift<\/em> ausgezeichnet werden?<\/strong><br><em>Platinstifte<\/em> werden von <em>Masters of Realism<\/em> an niederl\u00e4ndische K\u00fcnstler vergeben, die <em>ausschlie\u00dflich realistisch<\/em>zeichnen.<\/p>\t\t\t\t\t\t\t\t<\/div>\n\t\t\t\t<\/div>\n\t\t\t\t<\/div>\n\t\t<div class=\"elementor-element elementor-element-5ae18c7 e-con-full e-flex e-con e-child\" data-id=\"5ae18c7\" data-element_type=\"container\" data-e-type=\"container\" data-settings=\"{&quot;jet_parallax_layout_list&quot;:[]}\">\n\t\t\t\t<div class=\"elementor-element elementor-element-e016931 elementor-widget elementor-widget-text-editor\" data-id=\"e016931\" data-element_type=\"widget\" data-e-type=\"widget\" data-widget_type=\"text-editor.default\">\n\t\t\t\t<div class=\"elementor-widget-container\">\n\t\t\t\t\t\t\t\t\t<p style=\"font-weight: 400;\"><strong><b style=\"caret-color: #212121; color: #212121; font-family: 'Times New Roman';\"><span style=\"font-family: 'Libre Baskerville'; color: #626975;\">Einrichtung<br><\/span><\/b><\/strong><span style=\"font-family: 'Libre Baskerville'; color: #626975;\"><em>Platin-Pinsel<\/em><\/span><span style=\"font-family: 'Libre Baskerville'; color: #626975;\"> und <em>Platinum Pencils<\/em> werden einmal im Jahr vergeben. Das Verfahren zur Vergabe von <em>Platinpinseln<\/em> und <em>Platinstiften<\/em> umfasst zwei Runden.<\/span><\/p><p style=\"font-weight: 400;\">Erste Runde: Jeder kann seine Lieblingsk\u00fcnstler nominieren. Maximal 2 f\u00fcr die Auszeichnung mit einem <em>Platinpinsel<\/em> und maximal 2 f\u00fcr die Auszeichnung mit einem <em>Platinstift<\/em>. Zeitraum April bis 31. Juli.    <\/p><p style=\"font-weight: 400;\">Zweite Runde: <em>Masters of Realism<\/em> stimmen \u00fcber 1 nominierten K\u00fcnstler pro Kategorie ab. Die 3 K\u00fcnstler, die die meisten Stimmen pro Kategorie erhalten, werden mit <em>Platinpinseln<\/em> und <em>Platinstiften<\/em> ausgezeichnet. Zeitraum: 15. August bis 15. Oktober.    <\/p><p style=\"font-weight: 400;\"><strong>Ank\u00fcndigung<br><\/strong>Die K\u00fcnstler, die mit einem <em>Platinpinsel<\/em> oder einem <em>Platinstift<\/em> ausgezeichnet werden, werden Anfang 2025 bekannt gegeben. K\u00fcnstler, die mit einem <em>Platinpinsel<\/em> oder einem <em>Platinstift<\/em> ausgezeichnet wurden, werden auf der Website der <em>Masters of Realism<\/em> ehrenvoll erw\u00e4hnt.   <\/p><p>Der K\u00fcnstler, der die meisten Punkte in der Kategorie &#8218;Realistische Malerei&#8216; erh\u00e4lt, wird eingeladen, sich den 250 <em>Masters of Realism<\/em> anzuschlie\u00dfen, ohne dass er Wahlkosten zu tragen hat.<\/p>\t\t\t\t\t\t\t\t<\/div>\n\t\t\t\t<\/div>\n\t\t\t\t<\/div>\n\t\t\t\t\t<\/div>\n\t\t\t\t<\/div>\n\t\t<div class=\"elementor-element elementor-element-84727af e-flex e-con-boxed e-con e-parent\" data-id=\"84727af\" data-element_type=\"container\" data-e-type=\"container\" data-settings=\"{&quot;jet_parallax_layout_list&quot;:[]}\">\n\t\t\t\t\t<div class=\"e-con-inner\">\n\t\t<div class=\"elementor-element elementor-element-c8b79d4 e-con-full e-flex e-con e-child\" data-id=\"c8b79d4\" data-element_type=\"container\" data-e-type=\"container\" data-settings=\"{&quot;jet_parallax_layout_list&quot;:[]}\">\n\t\t\t\t<div class=\"elementor-element elementor-element-4716a99 elementor-widget elementor-widget-heading\" data-id=\"4716a99\" data-element_type=\"widget\" data-e-type=\"widget\" data-widget_type=\"heading.default\">\n\t\t\t\t<div class=\"elementor-widget-container\">\n\t\t\t\t\t<h2 class=\"elementor-heading-title elementor-size-default\">Gewinner Platin Bleistift 2024<\/h2>\t\t\t\t<\/div>\n\t\t\t\t<\/div>\n\t\t\t\t<div class=\"elementor-element elementor-element-b17b6c7 elementor-widget elementor-widget-image\" data-id=\"b17b6c7\" data-element_type=\"widget\" data-e-type=\"widget\" data-widget_type=\"image.default\">\n\t\t\t\t<div class=\"elementor-widget-container\">\n\t\t\t\t\t\t\t\t\t\t\t\t\t\t\t<img fetchpriority=\"high\" decoding=\"async\" width=\"1024\" height=\"875\" src=\"https:\/\/mastersofrealism.com\/wp-content\/uploads\/2024\/03\/animation_sync_Contrast_3yvo6f4un.gif\" class=\"attachment-large size-large wp-image-15651\" alt=\"\" \/>\t\t\t\t\t\t\t\t\t\t\t\t\t\t\t<\/div>\n\t\t\t\t<\/div>\n\t\t\t\t<div class=\"elementor-element elementor-element-6074860 elementor-widget elementor-widget-text-editor\" data-id=\"6074860\" data-element_type=\"widget\" data-e-type=\"widget\" data-widget_type=\"text-editor.default\">\n\t\t\t\t<div class=\"elementor-widget-container\">\n\t\t\t\t\t\t\t\t\t<p><strong>Der Ehrentitel <i>The Platinum Pencil 2024<\/i> geht an Loes Botman.  <\/strong><\/p><p>Nach ihrem Studium an der K\u00f6niglichen Kunstakademie in Den Haag hat sich Loes Botman auf das Zeichnen mit Pastell spezialisiert. Die Einfachheit des Materials hat es ihr angetan. Sie ist eine echte K\u00fcnstlerin und zieht es vor, alle Farben direkt aus ihren H\u00e4nden flie\u00dfen zu lassen.    <\/p>\t\t\t\t\t\t\t\t<\/div>\n\t\t\t\t<\/div>\n\t\t\t\t<div class=\"elementor-element elementor-element-edd999b elementor-align-center elementor-widget elementor-widget-button\" data-id=\"edd999b\" data-element_type=\"widget\" data-e-type=\"widget\" data-widget_type=\"button.default\">\n\t\t\t\t<div class=\"elementor-widget-container\">\n\t\t\t\t\t\t\t\t\t<div class=\"elementor-button-wrapper\">\n\t\t\t\t\t<a class=\"elementor-button elementor-button-link elementor-size-sm\" href=\"https:\/\/loesbotman.nl\">\n\t\t\t\t\t\t<span class=\"elementor-button-content-wrapper\">\n\t\t\t\t\t\t\t\t\t<span class=\"elementor-button-text\">Mehr Informationen<\/span>\n\t\t\t\t\t<\/span>\n\t\t\t\t\t<\/a>\n\t\t\t\t<\/div>\n\t\t\t\t\t\t\t\t<\/div>\n\t\t\t\t<\/div>\n\t\t\t\t<\/div>\n\t\t<div class=\"elementor-element elementor-element-43a2476 e-con-full e-flex e-con e-child\" data-id=\"43a2476\" data-element_type=\"container\" data-e-type=\"container\" data-settings=\"{&quot;jet_parallax_layout_list&quot;:[]}\">\n\t\t\t\t<div class=\"elementor-element elementor-element-d90537b elementor-widget elementor-widget-heading\" data-id=\"d90537b\" data-element_type=\"widget\" data-e-type=\"widget\" data-widget_type=\"heading.default\">\n\t\t\t\t<div class=\"elementor-widget-container\">\n\t\t\t\t\t<h2 class=\"elementor-heading-title elementor-size-default\">Gewinner Platinb\u00fcrste 2024<\/h2>\t\t\t\t<\/div>\n\t\t\t\t<\/div>\n\t\t\t\t<div class=\"elementor-element elementor-element-8ca95e1 elementor-widget elementor-widget-image\" data-id=\"8ca95e1\" data-element_type=\"widget\" data-e-type=\"widget\" data-widget_type=\"image.default\">\n\t\t\t\t<div class=\"elementor-widget-container\">\n\t\t\t\t\t\t\t\t\t\t\t\t\t\t\t<img decoding=\"async\" width=\"1024\" height=\"875\" src=\"https:\/\/mastersofrealism.com\/wp-content\/uploads\/2024\/03\/animation_pulse_Contrast_8emujbwky.gif\" class=\"attachment-large size-large wp-image-15650\" alt=\"\" \/>\t\t\t\t\t\t\t\t\t\t\t\t\t\t\t<\/div>\n\t\t\t\t<\/div>\n\t\t\t\t<div class=\"elementor-element elementor-element-66ab207 elementor-widget elementor-widget-text-editor\" data-id=\"66ab207\" data-element_type=\"widget\" data-e-type=\"widget\" data-widget_type=\"text-editor.default\">\n\t\t\t\t<div class=\"elementor-widget-container\">\n\t\t\t\t\t\t\t\t\t<p><strong>Lisa Wiersma ist die Gewinnerin des Ehrentitels <i>Der Platinpinsel 2024.<\/i><\/strong><\/p>\n<p>Lisa Wiersma begann an der Kunstakademie, machte aber ihren Abschluss in Kunstgeschichte an der Universit\u00e4t von Amsterdam. Sie arbeitet nun gerne als Malerin und Kunsthistorikerin. Ihre Liebe zu verschiedenen (historischen) Herstellungstechniken von Skulpturen, Zeichnungen, Drucken und Gem\u00e4lden kann sie in beiden Bereichen gut gebrauchen.    <\/p>\t\t\t\t\t\t\t\t<\/div>\n\t\t\t\t<\/div>\n\t\t\t\t<div class=\"elementor-element elementor-element-60d2f69 elementor-align-center elementor-widget elementor-widget-button\" data-id=\"60d2f69\" data-element_type=\"widget\" data-e-type=\"widget\" data-widget_type=\"button.default\">\n\t\t\t\t<div class=\"elementor-widget-container\">\n\t\t\t\t\t\t\t\t\t<div class=\"elementor-button-wrapper\">\n\t\t\t\t\t<a class=\"elementor-button elementor-button-link elementor-size-sm\" href=\"https:\/\/lisawiersma.nl\">\n\t\t\t\t\t\t<span class=\"elementor-button-content-wrapper\">\n\t\t\t\t\t\t\t\t\t<span class=\"elementor-button-text\">Mehr Informationen<\/span>\n\t\t\t\t\t<\/span>\n\t\t\t\t\t<\/a>\n\t\t\t\t<\/div>\n\t\t\t\t\t\t\t\t<\/div>\n\t\t\t\t<\/div>\n\t\t\t\t<\/div>\n\t\t\t\t\t<\/div>\n\t\t\t\t<\/div>\n\t\t\t\t<\/div>\n\t\t","protected":false},"excerpt":{"rendered":"<p>Jedes Jahr werden drei K\u00fcnstler, die realistische Gem\u00e4lde schaffen, mit einem Platinpinsel und drei K\u00fcnstler, die nur realistisch zeichnen, mit einem Platinstift ausgezeichnet. Was ist ein Platinpinsel und was ist ein Platinstift?Ein Platinpinsel ist eine Auszeichnung, die an K\u00fcnstler vergeben wird, die realistisch malen. Ein Platinum Pencil ist eine Auszeichnung, die an K\u00fcnstler vergeben wird, [&hellip;]<\/p>\n","protected":false},"author":2,"featured_media":0,"parent":0,"menu_order":0,"comment_status":"closed","ping_status":"closed","template":"elementor_header_footer","meta":{"_acf_changed":false,"footnotes":""},"class_list":["post-15646","page","type-page","status-publish","hentry"],"acf":[],"yoast_head":"<!-- This site is optimized with the Yoast SEO plugin v27.2 - https:\/\/yoast.com\/product\/yoast-seo-wordpress\/ -->\n<title>Der Platin-Pinsel und der Platin-Stift - Masters of Realism<\/title>\n<meta name=\"robots\" content=\"index, follow, max-snippet:-1, max-image-preview:large, max-video-preview:-1\" \/>\n<link rel=\"canonical\" href=\"https:\/\/mastersofrealism.com\/de\/der-platin-pinsel-und-der-platin-stift\/\" \/>\n<meta property=\"og:locale\" content=\"de_DE\" \/>\n<meta property=\"og:type\" content=\"article\" \/>\n<meta property=\"og:title\" content=\"Der Platin-Pinsel und der Platin-Stift - Masters of Realism\" \/>\n<meta property=\"og:description\" content=\"Jedes Jahr werden drei K\u00fcnstler, die realistische Gem\u00e4lde schaffen, mit einem Platinpinsel und drei K\u00fcnstler, die nur realistisch zeichnen, mit einem Platinstift ausgezeichnet. Was ist ein Platinpinsel und was ist ein Platinstift?Ein Platinpinsel ist eine Auszeichnung, die an K\u00fcnstler vergeben wird, die realistisch malen. Ein Platinum Pencil ist eine Auszeichnung, die an K\u00fcnstler vergeben wird, [&hellip;]\" \/>\n<meta property=\"og:url\" content=\"https:\/\/mastersofrealism.com\/de\/der-platin-pinsel-und-der-platin-stift\/\" \/>\n<meta property=\"og:site_name\" content=\"Masters of Realism\" \/>\n<meta property=\"article:modified_time\" content=\"2026-02-23T13:57:17+00:00\" \/>\n<meta property=\"og:image\" content=\"https:\/\/mastersofrealism.com\/wp-content\/uploads\/2024\/03\/animation_sync_Contrast_3yvo6f4un.gif\" \/>\n\t<meta property=\"og:image:width\" content=\"1024\" \/>\n\t<meta property=\"og:image:height\" content=\"875\" \/>\n\t<meta property=\"og:image:type\" content=\"image\/gif\" \/>\n<meta name=\"twitter:card\" content=\"summary_large_image\" \/>\n<meta name=\"twitter:label1\" content=\"Gesch\u00e4tzte Lesezeit\" \/>\n\t<meta name=\"twitter:data1\" content=\"2\u00a0Minute\" \/>\n<script type=\"application\/ld+json\" class=\"yoast-schema-graph\">{\"@context\":\"https:\/\/schema.org\",\"@graph\":[{\"@type\":\"WebPage\",\"@id\":\"https:\/\/mastersofrealism.com\/de\/der-platin-pinsel-und-der-platin-stift\/\",\"url\":\"https:\/\/mastersofrealism.com\/de\/der-platin-pinsel-und-der-platin-stift\/\",\"name\":\"Der Platin-Pinsel und der Platin-Stift - Masters of Realism\",\"isPartOf\":{\"@id\":\"https:\/\/mastersofrealism.com\/#website\"},\"primaryImageOfPage\":{\"@id\":\"https:\/\/mastersofrealism.com\/de\/der-platin-pinsel-und-der-platin-stift\/#primaryimage\"},\"image\":{\"@id\":\"https:\/\/mastersofrealism.com\/de\/der-platin-pinsel-und-der-platin-stift\/#primaryimage\"},\"thumbnailUrl\":\"https:\/\/mastersofrealism.com\/wp-content\/uploads\/2024\/03\/animation_sync_Contrast_3yvo6f4un.gif\",\"datePublished\":\"2023-08-10T10:53:35+00:00\",\"dateModified\":\"2026-02-23T13:57:17+00:00\",\"breadcrumb\":{\"@id\":\"https:\/\/mastersofrealism.com\/de\/der-platin-pinsel-und-der-platin-stift\/#breadcrumb\"},\"inLanguage\":\"de\",\"potentialAction\":[{\"@type\":\"ReadAction\",\"target\":[\"https:\/\/mastersofrealism.com\/de\/der-platin-pinsel-und-der-platin-stift\/\"]}]},{\"@type\":\"ImageObject\",\"inLanguage\":\"de\",\"@id\":\"https:\/\/mastersofrealism.com\/de\/der-platin-pinsel-und-der-platin-stift\/#primaryimage\",\"url\":\"https:\/\/mastersofrealism.com\/wp-content\/uploads\/2024\/03\/animation_sync_Contrast_3yvo6f4un.gif\",\"contentUrl\":\"https:\/\/mastersofrealism.com\/wp-content\/uploads\/2024\/03\/animation_sync_Contrast_3yvo6f4un.gif\"},{\"@type\":\"BreadcrumbList\",\"@id\":\"https:\/\/mastersofrealism.com\/de\/der-platin-pinsel-und-der-platin-stift\/#breadcrumb\",\"itemListElement\":[{\"@type\":\"ListItem\",\"position\":1,\"name\":\"Home\",\"item\":\"https:\/\/mastersofrealism.com\/de\/home\/\"},{\"@type\":\"ListItem\",\"position\":2,\"name\":\"Der Platin-Pinsel und der Platin-Stift\"}]},{\"@type\":\"WebSite\",\"@id\":\"https:\/\/mastersofrealism.com\/#website\",\"url\":\"https:\/\/mastersofrealism.com\/\",\"name\":\"Masters of Realism\",\"description\":\"\",\"publisher\":{\"@id\":\"https:\/\/mastersofrealism.com\/#organization\"},\"potentialAction\":[{\"@type\":\"SearchAction\",\"target\":{\"@type\":\"EntryPoint\",\"urlTemplate\":\"https:\/\/mastersofrealism.com\/?s={search_term_string}\"},\"query-input\":{\"@type\":\"PropertyValueSpecification\",\"valueRequired\":true,\"valueName\":\"search_term_string\"}}],\"inLanguage\":\"de\"},{\"@type\":\"Organization\",\"@id\":\"https:\/\/mastersofrealism.com\/#organization\",\"name\":\"Masters of Realism\",\"url\":\"https:\/\/mastersofrealism.com\/\",\"logo\":{\"@type\":\"ImageObject\",\"inLanguage\":\"de\",\"@id\":\"https:\/\/mastersofrealism.com\/#\/schema\/logo\/image\/\",\"url\":\"https:\/\/mastersofrealism.com\/wp-content\/uploads\/2023\/11\/cropped-Logo-meesters-van-het-realisme-1-e1701774067476.png\",\"contentUrl\":\"https:\/\/mastersofrealism.com\/wp-content\/uploads\/2023\/11\/cropped-Logo-meesters-van-het-realisme-1-e1701774067476.png\",\"width\":506,\"height\":318,\"caption\":\"Masters of Realism\"},\"image\":{\"@id\":\"https:\/\/mastersofrealism.com\/#\/schema\/logo\/image\/\"}}]}<\/script>\n<!-- \/ Yoast SEO plugin. -->","yoast_head_json":{"title":"Der Platin-Pinsel und der Platin-Stift - Masters of Realism","robots":{"index":"index","follow":"follow","max-snippet":"max-snippet:-1","max-image-preview":"max-image-preview:large","max-video-preview":"max-video-preview:-1"},"canonical":"https:\/\/mastersofrealism.com\/de\/der-platin-pinsel-und-der-platin-stift\/","og_locale":"de_DE","og_type":"article","og_title":"Der Platin-Pinsel und der Platin-Stift - Masters of Realism","og_description":"Jedes Jahr werden drei K\u00fcnstler, die realistische Gem\u00e4lde schaffen, mit einem Platinpinsel und drei K\u00fcnstler, die nur realistisch zeichnen, mit einem Platinstift ausgezeichnet. Was ist ein Platinpinsel und was ist ein Platinstift?Ein Platinpinsel ist eine Auszeichnung, die an K\u00fcnstler vergeben wird, die realistisch malen. Ein Platinum Pencil ist eine Auszeichnung, die an K\u00fcnstler vergeben wird, [&hellip;]","og_url":"https:\/\/mastersofrealism.com\/de\/der-platin-pinsel-und-der-platin-stift\/","og_site_name":"Masters of Realism","article_modified_time":"2026-02-23T13:57:17+00:00","og_image":[{"width":1024,"height":875,"url":"https:\/\/mastersofrealism.com\/wp-content\/uploads\/2024\/03\/animation_sync_Contrast_3yvo6f4un.gif","type":"image\/gif"}],"twitter_card":"summary_large_image","twitter_misc":{"Gesch\u00e4tzte Lesezeit":"2\u00a0Minute"},"schema":{"@context":"https:\/\/schema.org","@graph":[{"@type":"WebPage","@id":"https:\/\/mastersofrealism.com\/de\/der-platin-pinsel-und-der-platin-stift\/","url":"https:\/\/mastersofrealism.com\/de\/der-platin-pinsel-und-der-platin-stift\/","name":"Der Platin-Pinsel und der Platin-Stift - Masters of Realism","isPartOf":{"@id":"https:\/\/mastersofrealism.com\/#website"},"primaryImageOfPage":{"@id":"https:\/\/mastersofrealism.com\/de\/der-platin-pinsel-und-der-platin-stift\/#primaryimage"},"image":{"@id":"https:\/\/mastersofrealism.com\/de\/der-platin-pinsel-und-der-platin-stift\/#primaryimage"},"thumbnailUrl":"https:\/\/mastersofrealism.com\/wp-content\/uploads\/2024\/03\/animation_sync_Contrast_3yvo6f4un.gif","datePublished":"2023-08-10T10:53:35+00:00","dateModified":"2026-02-23T13:57:17+00:00","breadcrumb":{"@id":"https:\/\/mastersofrealism.com\/de\/der-platin-pinsel-und-der-platin-stift\/#breadcrumb"},"inLanguage":"de","potentialAction":[{"@type":"ReadAction","target":["https:\/\/mastersofrealism.com\/de\/der-platin-pinsel-und-der-platin-stift\/"]}]},{"@type":"ImageObject","inLanguage":"de","@id":"https:\/\/mastersofrealism.com\/de\/der-platin-pinsel-und-der-platin-stift\/#primaryimage","url":"https:\/\/mastersofrealism.com\/wp-content\/uploads\/2024\/03\/animation_sync_Contrast_3yvo6f4un.gif","contentUrl":"https:\/\/mastersofrealism.com\/wp-content\/uploads\/2024\/03\/animation_sync_Contrast_3yvo6f4un.gif"},{"@type":"BreadcrumbList","@id":"https:\/\/mastersofrealism.com\/de\/der-platin-pinsel-und-der-platin-stift\/#breadcrumb","itemListElement":[{"@type":"ListItem","position":1,"name":"Home","item":"https:\/\/mastersofrealism.com\/de\/home\/"},{"@type":"ListItem","position":2,"name":"Der Platin-Pinsel und der Platin-Stift"}]},{"@type":"WebSite","@id":"https:\/\/mastersofrealism.com\/#website","url":"https:\/\/mastersofrealism.com\/","name":"Masters of Realism","description":"","publisher":{"@id":"https:\/\/mastersofrealism.com\/#organization"},"potentialAction":[{"@type":"SearchAction","target":{"@type":"EntryPoint","urlTemplate":"https:\/\/mastersofrealism.com\/?s={search_term_string}"},"query-input":{"@type":"PropertyValueSpecification","valueRequired":true,"valueName":"search_term_string"}}],"inLanguage":"de"},{"@type":"Organization","@id":"https:\/\/mastersofrealism.com\/#organization","name":"Masters of Realism","url":"https:\/\/mastersofrealism.com\/","logo":{"@type":"ImageObject","inLanguage":"de","@id":"https:\/\/mastersofrealism.com\/#\/schema\/logo\/image\/","url":"https:\/\/mastersofrealism.com\/wp-content\/uploads\/2023\/11\/cropped-Logo-meesters-van-het-realisme-1-e1701774067476.png","contentUrl":"https:\/\/mastersofrealism.com\/wp-content\/uploads\/2023\/11\/cropped-Logo-meesters-van-het-realisme-1-e1701774067476.png","width":506,"height":318,"caption":"Masters of Realism"},"image":{"@id":"https:\/\/mastersofrealism.com\/#\/schema\/logo\/image\/"}}]}},"_links":{"self":[{"href":"https:\/\/mastersofrealism.com\/de\/wp-json\/wp\/v2\/pages\/15646","targetHints":{"allow":["GET"]}}],"collection":[{"href":"https:\/\/mastersofrealism.com\/de\/wp-json\/wp\/v2\/pages"}],"about":[{"href":"https:\/\/mastersofrealism.com\/de\/wp-json\/wp\/v2\/types\/page"}],"author":[{"embeddable":true,"href":"https:\/\/mastersofrealism.com\/de\/wp-json\/wp\/v2\/users\/2"}],"replies":[{"embeddable":true,"href":"https:\/\/mastersofrealism.com\/de\/wp-json\/wp\/v2\/comments?post=15646"}],"version-history":[{"count":1,"href":"https:\/\/mastersofrealism.com\/de\/wp-json\/wp\/v2\/pages\/15646\/revisions"}],"predecessor-version":[{"id":15652,"href":"https:\/\/mastersofrealism.com\/de\/wp-json\/wp\/v2\/pages\/15646\/revisions\/15652"}],"wp:attachment":[{"href":"https:\/\/mastersofrealism.com\/de\/wp-json\/wp\/v2\/media?parent=15646"}],"curies":[{"name":"wp","href":"https:\/\/api.w.org\/{rel}","templated":true}]}}