{"id":15662,"date":"2023-08-10T12:55:00","date_gmt":"2023-08-10T10:55:00","guid":{"rendered":"https:\/\/mastersofrealism.com\/beratender-ausschuss\/"},"modified":"2026-02-23T14:57:17","modified_gmt":"2026-02-23T13:57:17","slug":"beratender-ausschuss","status":"publish","type":"page","link":"https:\/\/mastersofrealism.com\/de\/beratender-ausschuss\/","title":{"rendered":"Beratender Ausschuss"},"content":{"rendered":"\t\t<div data-elementor-type=\"wp-page\" data-elementor-id=\"15662\" class=\"elementor elementor-15662 elementor-10271\" data-elementor-post-type=\"page\">\n\t\t\t\t\t\t<section class=\"elementor-section elementor-top-section elementor-element elementor-element-2d853b4c elementor-section-boxed elementor-section-height-default elementor-section-height-default\" data-id=\"2d853b4c\" data-element_type=\"section\" data-e-type=\"section\" data-settings=\"{&quot;jet_parallax_layout_list&quot;:[{&quot;jet_parallax_layout_image&quot;:{&quot;url&quot;:&quot;&quot;,&quot;id&quot;:&quot;&quot;,&quot;size&quot;:&quot;&quot;},&quot;_id&quot;:&quot;5b6044a&quot;,&quot;jet_parallax_layout_image_tablet&quot;:{&quot;url&quot;:&quot;&quot;,&quot;id&quot;:&quot;&quot;,&quot;size&quot;:&quot;&quot;},&quot;jet_parallax_layout_image_mobile&quot;:{&quot;url&quot;:&quot;&quot;,&quot;id&quot;:&quot;&quot;,&quot;size&quot;:&quot;&quot;},&quot;jet_parallax_layout_speed&quot;:{&quot;unit&quot;:&quot;%&quot;,&quot;size&quot;:50,&quot;sizes&quot;:[]},&quot;jet_parallax_layout_type&quot;:&quot;scroll&quot;,&quot;jet_parallax_layout_direction&quot;:&quot;1&quot;,&quot;jet_parallax_layout_fx_direction&quot;:null,&quot;jet_parallax_layout_z_index&quot;:&quot;&quot;,&quot;jet_parallax_layout_bg_x&quot;:50,&quot;jet_parallax_layout_bg_x_tablet&quot;:&quot;&quot;,&quot;jet_parallax_layout_bg_x_mobile&quot;:&quot;&quot;,&quot;jet_parallax_layout_bg_y&quot;:50,&quot;jet_parallax_layout_bg_y_tablet&quot;:&quot;&quot;,&quot;jet_parallax_layout_bg_y_mobile&quot;:&quot;&quot;,&quot;jet_parallax_layout_bg_size&quot;:&quot;auto&quot;,&quot;jet_parallax_layout_bg_size_tablet&quot;:&quot;&quot;,&quot;jet_parallax_layout_bg_size_mobile&quot;:&quot;&quot;,&quot;jet_parallax_layout_animation_prop&quot;:&quot;transform&quot;,&quot;jet_parallax_layout_on&quot;:[&quot;desktop&quot;,&quot;tablet&quot;]}],&quot;background_background&quot;:&quot;classic&quot;}\">\n\t\t\t\t\t\t<div class=\"elementor-container elementor-column-gap-no\">\n\t\t\t\t\t<div class=\"elementor-column elementor-col-100 elementor-top-column elementor-element elementor-element-53226f2\" data-id=\"53226f2\" data-element_type=\"column\" data-e-type=\"column\">\n\t\t\t<div class=\"elementor-widget-wrap elementor-element-populated\">\n\t\t\t\t\t\t<div class=\"elementor-element elementor-element-19e37161 elementor-widget elementor-widget-heading\" data-id=\"19e37161\" data-element_type=\"widget\" data-e-type=\"widget\" data-widget_type=\"heading.default\">\n\t\t\t\t<div class=\"elementor-widget-container\">\n\t\t\t\t\t<h1 class=\"elementor-heading-title elementor-size-default\">Beratender Ausschuss<\/h1>\t\t\t\t<\/div>\n\t\t\t\t<\/div>\n\t\t\t\t\t<\/div>\n\t\t<\/div>\n\t\t\t\t\t<\/div>\n\t\t<\/section>\n\t\t<div class=\"elementor-element elementor-element-29a797cf e-flex e-con-boxed e-con e-parent\" data-id=\"29a797cf\" data-element_type=\"container\" data-e-type=\"container\" data-settings=\"{&quot;jet_parallax_layout_list&quot;:[]}\">\n\t\t\t\t\t<div class=\"e-con-inner\">\n\t\t\t\t<div class=\"elementor-element elementor-element-4fcb039a elementor-widget elementor-widget-text-editor\" data-id=\"4fcb039a\" data-element_type=\"widget\" data-e-type=\"widget\" data-widget_type=\"text-editor.default\">\n\t\t\t\t<div class=\"elementor-widget-container\">\n\t\t\t\t\t\t\t\t\t<p><strong>Die folgenden Personen m\u00f6chten betonen, dass eine relativ gro\u00dfe Anzahl niederl\u00e4ndischer Masters einen weltweiten Ruf als begnadete Maler haben und dass es auch unter den zeitgen\u00f6ssischen niederl\u00e4ndischen K\u00fcnstlern K\u00fcnstler gibt, die realistische Gem\u00e4lde auf hohem Niveau schaffen.<\/strong><\/p>\n<p>Ihr Engagement f\u00fcr die realistische Malerei ist offensichtlich. Als Mitglieder des Beratungsausschusses unterst\u00fctzen sie die Ziele der <em>Masters of Realism<\/em>.   <\/p>\n<p><strong>Ren\u00e9 Renders und David van der Linden, Inhaber der Galerie Bonnard, <a href=\"https:\/\/www.galeriebonnard.com\">www.galeriebonnard.com<\/a><\/strong><br>Seit fast 40 Jahren ist die Galerie Bonnard ein fester Begriff in der niederl\u00e4ndischen Kunstwelt. Sie hat ein treues und st\u00e4ndig wachsendes Publikum, gut besuchte Ausstellungen mit K\u00fcnstlern, die sich unter dem Banner des &#8218;Modernen Realismus&#8216; zu Hause f\u00fchlen und von dort aus ihre eigene, figurative Ausdrucksweise gefunden haben.<\/p>\n<p><strong>Karen Boekholt und John Stel, Inhaber der Galerie Honingen<\/strong>, <a href=\"http:\/\/www.honingen.com\" data-type=\"link\" data-id=\"www.honingen.com\"><strong>www.honingen.com<\/strong><\/a>. <br>Die Galerie Honingen mit Sitz in Gouda besteht seit \u00fcber 25 Jahren. Seit 1997 haben die Galeristen Karen Boekholt und John Stel ihre pers\u00f6nliche Leidenschaft f\u00fcr Details zu einer erfolgreichen und f\u00fchrenden Galerie entwickelt, die sich auf Realismus spezialisiert hat.<\/p>\n<p><strong>Tom S. Hageman<\/strong> studierte an der Minerva Akademie in Groningen. Sp\u00e4ter, in den siebziger und achtziger Jahren, unterrichtete er dort auch selbst und wurde Vorsitzender des Berufsverbands der bildenden K\u00fcnstler. Im Jahr 2004 gr\u00fcndete er die &#8218;Classical Academy for Visual Arts&#8216; in Groningen.    <\/p>\n<p><strong>Ronald Kraayeveld (1946-2025), Inhaber der Galerie Kraayeveld und ehemaliger Chefredakteur der Zeitschrift Tableau Fine Arts, <a href=\"http:\/\/www.galeriekraayeveld.nl\" target=\"_blank\" rel=\"noreferrer noopener\" data-type=\"link\" data-id=\"www.galeriekraayeveld.nl\">www.galeriekraayeveld.nl<\/a><\/strong><br>Als leidenschaftlicher Kunstliebhaber und -kenner betreibt Ronald Kraayeveld seine Galerie im l\u00e4ndlichen Noord-Scharwoude (Nordholland). Die Galerie pr\u00e4sentiert wechselnde Ausstellungen und hat u.a. Werke von K\u00fcnstlern der Bergener Schule und der Westfriesischen Naiven auf Lager.   <\/p>\n<p><strong>Thomas Vriens, Direktor des Museum Slager, <a href=\"https:\/\/museumslager.nl\" target=\"_blank\" rel=\"noreferrer noopener\" data-type=\"link\" data-id=\"www.museumslager.com\">www.museumslager.com<\/a><\/strong><br>Das Museum Slager, ein Museum f\u00fcr realistische Kunst, bietet Besuchern einen einzigartigen Einblick in das Leben und die Arbeit einer Malerfamilie, der Familie Slager in &#8217;s-Hertogenbosch. Anhand von acht Malern k\u00f6nnen Sie die Entwicklung der Malerei \u00fcber drei Generationen hinweg verfolgen.   <\/p>\n<p><\/p>\n<p><strong>Harrie Schenning<\/strong> ist der Gr\u00fcnder der Stiftung Huntenkunst und der Organisator der gleichnamigen Kunstmesse, <a href=\"http:\/\/www.huntenkunst.org\">www.huntenkunst.org.<\/a><\/p>\n<p><\/p>\n<p><\/p>\t\t\t\t\t\t\t\t<\/div>\n\t\t\t\t<\/div>\n\t\t\t\t\t<\/div>\n\t\t\t\t<\/div>\n\t\t\t\t<\/div>\n\t\t","protected":false},"excerpt":{"rendered":"<p>Die folgenden Personen m\u00f6chten betonen, dass eine relativ gro\u00dfe Anzahl niederl\u00e4ndischer Masters einen weltweiten Ruf als begnadete Maler haben und dass es auch unter den zeitgen\u00f6ssischen niederl\u00e4ndischen K\u00fcnstlern K\u00fcnstler gibt, die realistische Gem\u00e4lde auf hohem Niveau schaffen. Ihr Engagement f\u00fcr die realistische Malerei ist offensichtlich. Als Mitglieder des Beratungsausschusses unterst\u00fctzen sie die Ziele der Masters [&hellip;]<\/p>\n","protected":false},"author":2,"featured_media":0,"parent":0,"menu_order":0,"comment_status":"closed","ping_status":"closed","template":"full-width.php","meta":{"_acf_changed":false,"footnotes":""},"class_list":["post-15662","page","type-page","status-publish","hentry"],"acf":[],"yoast_head":"<!-- This site is optimized with the Yoast SEO plugin v27.2 - https:\/\/yoast.com\/product\/yoast-seo-wordpress\/ -->\n<title>Beratender Ausschuss - Masters of Realism<\/title>\n<meta name=\"robots\" content=\"index, follow, max-snippet:-1, max-image-preview:large, max-video-preview:-1\" \/>\n<link rel=\"canonical\" href=\"https:\/\/mastersofrealism.com\/de\/beratender-ausschuss\/\" \/>\n<meta property=\"og:locale\" content=\"de_DE\" \/>\n<meta property=\"og:type\" content=\"article\" \/>\n<meta property=\"og:title\" content=\"Beratender Ausschuss - Masters of Realism\" \/>\n<meta property=\"og:description\" content=\"Die folgenden Personen m\u00f6chten betonen, dass eine relativ gro\u00dfe Anzahl niederl\u00e4ndischer Masters einen weltweiten Ruf als begnadete Maler haben und dass es auch unter den zeitgen\u00f6ssischen niederl\u00e4ndischen K\u00fcnstlern K\u00fcnstler gibt, die realistische Gem\u00e4lde auf hohem Niveau schaffen. Ihr Engagement f\u00fcr die realistische Malerei ist offensichtlich. Als Mitglieder des Beratungsausschusses unterst\u00fctzen sie die Ziele der Masters [&hellip;]\" \/>\n<meta property=\"og:url\" content=\"https:\/\/mastersofrealism.com\/de\/beratender-ausschuss\/\" \/>\n<meta property=\"og:site_name\" content=\"Masters of Realism\" \/>\n<meta property=\"article:modified_time\" content=\"2026-02-23T13:57:17+00:00\" \/>\n<meta property=\"og:image\" content=\"https:\/\/mastersofrealism.com\/wp-content\/uploads\/2023\/11\/cropped-Logo-meesters-van-het-realisme-1-e1701774067476.png\" \/>\n\t<meta property=\"og:image:width\" content=\"506\" \/>\n\t<meta property=\"og:image:height\" content=\"318\" \/>\n\t<meta property=\"og:image:type\" content=\"image\/png\" \/>\n<meta name=\"twitter:card\" content=\"summary_large_image\" \/>\n<meta name=\"twitter:label1\" content=\"Gesch\u00e4tzte Lesezeit\" \/>\n\t<meta name=\"twitter:data1\" content=\"2\u00a0Minute\" \/>\n<script type=\"application\/ld+json\" class=\"yoast-schema-graph\">{\"@context\":\"https:\/\/schema.org\",\"@graph\":[{\"@type\":\"WebPage\",\"@id\":\"https:\/\/mastersofrealism.com\/de\/beratender-ausschuss\/\",\"url\":\"https:\/\/mastersofrealism.com\/de\/beratender-ausschuss\/\",\"name\":\"Beratender Ausschuss - Masters of Realism\",\"isPartOf\":{\"@id\":\"https:\/\/mastersofrealism.com\/#website\"},\"datePublished\":\"2023-08-10T10:55:00+00:00\",\"dateModified\":\"2026-02-23T13:57:17+00:00\",\"breadcrumb\":{\"@id\":\"https:\/\/mastersofrealism.com\/de\/beratender-ausschuss\/#breadcrumb\"},\"inLanguage\":\"de\",\"potentialAction\":[{\"@type\":\"ReadAction\",\"target\":[\"https:\/\/mastersofrealism.com\/de\/beratender-ausschuss\/\"]}]},{\"@type\":\"BreadcrumbList\",\"@id\":\"https:\/\/mastersofrealism.com\/de\/beratender-ausschuss\/#breadcrumb\",\"itemListElement\":[{\"@type\":\"ListItem\",\"position\":1,\"name\":\"Home\",\"item\":\"https:\/\/mastersofrealism.com\/de\/home\/\"},{\"@type\":\"ListItem\",\"position\":2,\"name\":\"Beratender Ausschuss\"}]},{\"@type\":\"WebSite\",\"@id\":\"https:\/\/mastersofrealism.com\/#website\",\"url\":\"https:\/\/mastersofrealism.com\/\",\"name\":\"Masters of Realism\",\"description\":\"\",\"publisher\":{\"@id\":\"https:\/\/mastersofrealism.com\/#organization\"},\"potentialAction\":[{\"@type\":\"SearchAction\",\"target\":{\"@type\":\"EntryPoint\",\"urlTemplate\":\"https:\/\/mastersofrealism.com\/?s={search_term_string}\"},\"query-input\":{\"@type\":\"PropertyValueSpecification\",\"valueRequired\":true,\"valueName\":\"search_term_string\"}}],\"inLanguage\":\"de\"},{\"@type\":\"Organization\",\"@id\":\"https:\/\/mastersofrealism.com\/#organization\",\"name\":\"Masters of Realism\",\"url\":\"https:\/\/mastersofrealism.com\/\",\"logo\":{\"@type\":\"ImageObject\",\"inLanguage\":\"de\",\"@id\":\"https:\/\/mastersofrealism.com\/#\/schema\/logo\/image\/\",\"url\":\"https:\/\/mastersofrealism.com\/wp-content\/uploads\/2023\/11\/cropped-Logo-meesters-van-het-realisme-1-e1701774067476.png\",\"contentUrl\":\"https:\/\/mastersofrealism.com\/wp-content\/uploads\/2023\/11\/cropped-Logo-meesters-van-het-realisme-1-e1701774067476.png\",\"width\":506,\"height\":318,\"caption\":\"Masters of Realism\"},\"image\":{\"@id\":\"https:\/\/mastersofrealism.com\/#\/schema\/logo\/image\/\"}}]}<\/script>\n<!-- \/ Yoast SEO plugin. -->","yoast_head_json":{"title":"Beratender Ausschuss - Masters of Realism","robots":{"index":"index","follow":"follow","max-snippet":"max-snippet:-1","max-image-preview":"max-image-preview:large","max-video-preview":"max-video-preview:-1"},"canonical":"https:\/\/mastersofrealism.com\/de\/beratender-ausschuss\/","og_locale":"de_DE","og_type":"article","og_title":"Beratender Ausschuss - Masters of Realism","og_description":"Die folgenden Personen m\u00f6chten betonen, dass eine relativ gro\u00dfe Anzahl niederl\u00e4ndischer Masters einen weltweiten Ruf als begnadete Maler haben und dass es auch unter den zeitgen\u00f6ssischen niederl\u00e4ndischen K\u00fcnstlern K\u00fcnstler gibt, die realistische Gem\u00e4lde auf hohem Niveau schaffen. Ihr Engagement f\u00fcr die realistische Malerei ist offensichtlich. Als Mitglieder des Beratungsausschusses unterst\u00fctzen sie die Ziele der Masters [&hellip;]","og_url":"https:\/\/mastersofrealism.com\/de\/beratender-ausschuss\/","og_site_name":"Masters of Realism","article_modified_time":"2026-02-23T13:57:17+00:00","og_image":[{"width":506,"height":318,"url":"https:\/\/mastersofrealism.com\/wp-content\/uploads\/2023\/11\/cropped-Logo-meesters-van-het-realisme-1-e1701774067476.png","type":"image\/png"}],"twitter_card":"summary_large_image","twitter_misc":{"Gesch\u00e4tzte Lesezeit":"2\u00a0Minute"},"schema":{"@context":"https:\/\/schema.org","@graph":[{"@type":"WebPage","@id":"https:\/\/mastersofrealism.com\/de\/beratender-ausschuss\/","url":"https:\/\/mastersofrealism.com\/de\/beratender-ausschuss\/","name":"Beratender Ausschuss - Masters of Realism","isPartOf":{"@id":"https:\/\/mastersofrealism.com\/#website"},"datePublished":"2023-08-10T10:55:00+00:00","dateModified":"2026-02-23T13:57:17+00:00","breadcrumb":{"@id":"https:\/\/mastersofrealism.com\/de\/beratender-ausschuss\/#breadcrumb"},"inLanguage":"de","potentialAction":[{"@type":"ReadAction","target":["https:\/\/mastersofrealism.com\/de\/beratender-ausschuss\/"]}]},{"@type":"BreadcrumbList","@id":"https:\/\/mastersofrealism.com\/de\/beratender-ausschuss\/#breadcrumb","itemListElement":[{"@type":"ListItem","position":1,"name":"Home","item":"https:\/\/mastersofrealism.com\/de\/home\/"},{"@type":"ListItem","position":2,"name":"Beratender Ausschuss"}]},{"@type":"WebSite","@id":"https:\/\/mastersofrealism.com\/#website","url":"https:\/\/mastersofrealism.com\/","name":"Masters of Realism","description":"","publisher":{"@id":"https:\/\/mastersofrealism.com\/#organization"},"potentialAction":[{"@type":"SearchAction","target":{"@type":"EntryPoint","urlTemplate":"https:\/\/mastersofrealism.com\/?s={search_term_string}"},"query-input":{"@type":"PropertyValueSpecification","valueRequired":true,"valueName":"search_term_string"}}],"inLanguage":"de"},{"@type":"Organization","@id":"https:\/\/mastersofrealism.com\/#organization","name":"Masters of Realism","url":"https:\/\/mastersofrealism.com\/","logo":{"@type":"ImageObject","inLanguage":"de","@id":"https:\/\/mastersofrealism.com\/#\/schema\/logo\/image\/","url":"https:\/\/mastersofrealism.com\/wp-content\/uploads\/2023\/11\/cropped-Logo-meesters-van-het-realisme-1-e1701774067476.png","contentUrl":"https:\/\/mastersofrealism.com\/wp-content\/uploads\/2023\/11\/cropped-Logo-meesters-van-het-realisme-1-e1701774067476.png","width":506,"height":318,"caption":"Masters of Realism"},"image":{"@id":"https:\/\/mastersofrealism.com\/#\/schema\/logo\/image\/"}}]}},"_links":{"self":[{"href":"https:\/\/mastersofrealism.com\/de\/wp-json\/wp\/v2\/pages\/15662","targetHints":{"allow":["GET"]}}],"collection":[{"href":"https:\/\/mastersofrealism.com\/de\/wp-json\/wp\/v2\/pages"}],"about":[{"href":"https:\/\/mastersofrealism.com\/de\/wp-json\/wp\/v2\/types\/page"}],"author":[{"embeddable":true,"href":"https:\/\/mastersofrealism.com\/de\/wp-json\/wp\/v2\/users\/2"}],"replies":[{"embeddable":true,"href":"https:\/\/mastersofrealism.com\/de\/wp-json\/wp\/v2\/comments?post=15662"}],"version-history":[{"count":5,"href":"https:\/\/mastersofrealism.com\/de\/wp-json\/wp\/v2\/pages\/15662\/revisions"}],"predecessor-version":[{"id":15670,"href":"https:\/\/mastersofrealism.com\/de\/wp-json\/wp\/v2\/pages\/15662\/revisions\/15670"}],"wp:attachment":[{"href":"https:\/\/mastersofrealism.com\/de\/wp-json\/wp\/v2\/media?parent=15662"}],"curies":[{"name":"wp","href":"https:\/\/api.w.org\/{rel}","templated":true}]}}