{"id":15690,"date":"2024-02-14T14:24:07","date_gmt":"2024-02-14T13:24:07","guid":{"rendered":"https:\/\/mastersofrealism.com\/kunstmessen\/"},"modified":"2026-02-23T14:57:33","modified_gmt":"2026-02-23T13:57:33","slug":"kunstmessen","status":"publish","type":"page","link":"https:\/\/mastersofrealism.com\/de\/kunstmessen\/","title":{"rendered":"Kunstmessen"},"content":{"rendered":"\t\t<div data-elementor-type=\"wp-page\" data-elementor-id=\"15690\" class=\"elementor elementor-15690 elementor-10215\" data-elementor-post-type=\"page\">\n\t\t\t\t\t\t<section class=\"elementor-section elementor-top-section elementor-element elementor-element-74c3de8d elementor-section-boxed elementor-section-height-default elementor-section-height-default\" data-id=\"74c3de8d\" data-element_type=\"section\" data-e-type=\"section\" data-settings=\"{&quot;jet_parallax_layout_list&quot;:[{&quot;jet_parallax_layout_image&quot;:{&quot;url&quot;:&quot;&quot;,&quot;id&quot;:&quot;&quot;,&quot;size&quot;:&quot;&quot;},&quot;_id&quot;:&quot;5b6044a&quot;,&quot;jet_parallax_layout_image_tablet&quot;:{&quot;url&quot;:&quot;&quot;,&quot;id&quot;:&quot;&quot;,&quot;size&quot;:&quot;&quot;},&quot;jet_parallax_layout_image_mobile&quot;:{&quot;url&quot;:&quot;&quot;,&quot;id&quot;:&quot;&quot;,&quot;size&quot;:&quot;&quot;},&quot;jet_parallax_layout_speed&quot;:{&quot;unit&quot;:&quot;%&quot;,&quot;size&quot;:50,&quot;sizes&quot;:[]},&quot;jet_parallax_layout_type&quot;:&quot;scroll&quot;,&quot;jet_parallax_layout_direction&quot;:&quot;1&quot;,&quot;jet_parallax_layout_fx_direction&quot;:null,&quot;jet_parallax_layout_z_index&quot;:&quot;&quot;,&quot;jet_parallax_layout_bg_x&quot;:50,&quot;jet_parallax_layout_bg_x_tablet&quot;:&quot;&quot;,&quot;jet_parallax_layout_bg_x_mobile&quot;:&quot;&quot;,&quot;jet_parallax_layout_bg_y&quot;:50,&quot;jet_parallax_layout_bg_y_tablet&quot;:&quot;&quot;,&quot;jet_parallax_layout_bg_y_mobile&quot;:&quot;&quot;,&quot;jet_parallax_layout_bg_size&quot;:&quot;auto&quot;,&quot;jet_parallax_layout_bg_size_tablet&quot;:&quot;&quot;,&quot;jet_parallax_layout_bg_size_mobile&quot;:&quot;&quot;,&quot;jet_parallax_layout_animation_prop&quot;:&quot;transform&quot;,&quot;jet_parallax_layout_on&quot;:[&quot;desktop&quot;,&quot;tablet&quot;]}],&quot;background_background&quot;:&quot;classic&quot;}\">\n\t\t\t\t\t\t<div class=\"elementor-container elementor-column-gap-no\">\n\t\t\t\t\t<div class=\"elementor-column elementor-col-100 elementor-top-column elementor-element elementor-element-33fb6b5\" data-id=\"33fb6b5\" data-element_type=\"column\" data-e-type=\"column\">\n\t\t\t<div class=\"elementor-widget-wrap elementor-element-populated\">\n\t\t\t\t\t\t<div class=\"elementor-element elementor-element-57e0187f elementor-widget elementor-widget-heading\" data-id=\"57e0187f\" data-element_type=\"widget\" data-e-type=\"widget\" data-widget_type=\"heading.default\">\n\t\t\t\t<div class=\"elementor-widget-container\">\n\t\t\t\t\t<h1 class=\"elementor-heading-title elementor-size-default\">Kunstmessen<\/h1>\t\t\t\t<\/div>\n\t\t\t\t<\/div>\n\t\t\t\t\t<\/div>\n\t\t<\/div>\n\t\t\t\t\t<\/div>\n\t\t<\/section>\n\t\t<div class=\"elementor-element elementor-element-16213d0 e-flex e-con-boxed e-con e-parent\" data-id=\"16213d0\" data-element_type=\"container\" data-e-type=\"container\" data-settings=\"{&quot;jet_parallax_layout_list&quot;:[]}\">\n\t\t\t\t\t<div class=\"e-con-inner\">\n\t\t\t\t<div class=\"elementor-element elementor-element-9f8e758 elementor-widget elementor-widget-text-editor\" data-id=\"9f8e758\" data-element_type=\"widget\" data-e-type=\"widget\" data-widget_type=\"text-editor.default\">\n\t\t\t\t<div class=\"elementor-widget-container\">\n\t\t\t\t\t\t\t\t\t<h4>Jedes Jahr haben die <em>Masters of Realism<\/em> die M\u00f6glichkeit, kostenlos mit einem Werk an einer der Kunstmessen teilzunehmen, auf denen die Masters ihren eigenen Stand haben. Im Moment sind dies die nationalen Kunstmessen: Huntenkunst, Art Laren und die EuropArtFair. Eine oder mehrere ausl\u00e4ndische Messen werden sp\u00e4ter folgen.    <\/h4>\t\t\t\t\t\t\t\t<\/div>\n\t\t\t\t<\/div>\n\t\t\t\t\t<\/div>\n\t\t\t\t<\/div>\n\t\t<div class=\"elementor-element elementor-element-0db9c56 e-flex e-con-boxed e-con e-parent\" data-id=\"0db9c56\" data-element_type=\"container\" data-e-type=\"container\" data-settings=\"{&quot;jet_parallax_layout_list&quot;:[]}\">\n\t\t\t\t\t<div class=\"e-con-inner\">\n\t\t\t\t<div class=\"elementor-element elementor-element-6bd58a3 elementor-widget elementor-widget-image\" data-id=\"6bd58a3\" data-element_type=\"widget\" data-e-type=\"widget\" data-widget_type=\"image.default\">\n\t\t\t\t<div class=\"elementor-widget-container\">\n\t\t\t\t\t\t\t\t\t\t\t\t\t\t\t\t<a href=\"http:\/\/www.huntenkunst.org\" target=\"_blank\">\n\t\t\t\t\t\t\t<img decoding=\"async\" width=\"300\" height=\"164\" src=\"https:\/\/mastersofrealism.com\/wp-content\/uploads\/2024\/02\/huntenkunst-300x164.jpg\" class=\"attachment-medium size-medium wp-image-15691\" alt=\"\" srcset=\"https:\/\/mastersofrealism.com\/wp-content\/uploads\/2024\/02\/huntenkunst-300x164.jpg 300w, https:\/\/mastersofrealism.com\/wp-content\/uploads\/2024\/02\/huntenkunst-1024x559.jpg 1024w, https:\/\/mastersofrealism.com\/wp-content\/uploads\/2024\/02\/huntenkunst-768x419.jpg 768w, https:\/\/mastersofrealism.com\/wp-content\/uploads\/2024\/02\/huntenkunst-1536x838.jpg 1536w, https:\/\/mastersofrealism.com\/wp-content\/uploads\/2024\/02\/huntenkunst.jpg 1980w\" sizes=\"(max-width: 300px) 100vw, 300px\" \/>\t\t\t\t\t\t\t\t<\/a>\n\t\t\t\t\t\t\t\t\t\t\t\t\t\t\t<\/div>\n\t\t\t\t<\/div>\n\t\t\t\t<div class=\"elementor-element elementor-element-3d98d3a elementor-widget elementor-widget-image\" data-id=\"3d98d3a\" data-element_type=\"widget\" data-e-type=\"widget\" data-widget_type=\"image.default\">\n\t\t\t\t<div class=\"elementor-widget-container\">\n\t\t\t\t\t\t\t\t\t\t\t\t\t\t\t\t<a href=\"https:\/\/artlaren.nl\">\n\t\t\t\t\t\t\t<img decoding=\"async\" width=\"128\" height=\"128\" src=\"https:\/\/mastersofrealism.com\/wp-content\/uploads\/2024\/02\/logo_artlaren_reasonably_small.gif\" class=\"attachment-medium size-medium wp-image-15692\" alt=\"\" \/>\t\t\t\t\t\t\t\t<\/a>\n\t\t\t\t\t\t\t\t\t\t\t\t\t\t\t<\/div>\n\t\t\t\t<\/div>\n\t\t\t\t<div class=\"elementor-element elementor-element-4c3fa8e elementor-widget elementor-widget-image\" data-id=\"4c3fa8e\" data-element_type=\"widget\" data-e-type=\"widget\" data-widget_type=\"image.default\">\n\t\t\t\t<div class=\"elementor-widget-container\">\n\t\t\t\t\t\t\t\t\t\t\t\t\t\t\t\t<a href=\"https:\/\/europartfair.nl\" target=\"_blank\">\n\t\t\t\t\t\t\t<img fetchpriority=\"high\" decoding=\"async\" width=\"300\" height=\"214\" src=\"https:\/\/mastersofrealism.com\/wp-content\/uploads\/2024\/02\/Logo-EuropArtFair-300x214.jpg\" class=\"attachment-medium size-medium wp-image-15693\" alt=\"\" srcset=\"https:\/\/mastersofrealism.com\/wp-content\/uploads\/2024\/02\/Logo-EuropArtFair-300x214.jpg 300w, https:\/\/mastersofrealism.com\/wp-content\/uploads\/2024\/02\/Logo-EuropArtFair-1024x732.jpg 1024w, https:\/\/mastersofrealism.com\/wp-content\/uploads\/2024\/02\/Logo-EuropArtFair-768x549.jpg 768w, https:\/\/mastersofrealism.com\/wp-content\/uploads\/2024\/02\/Logo-EuropArtFair.jpg 1500w\" sizes=\"(max-width: 300px) 100vw, 300px\" \/>\t\t\t\t\t\t\t\t<\/a>\n\t\t\t\t\t\t\t\t\t\t\t\t\t\t\t<\/div>\n\t\t\t\t<\/div>\n\t\t\t\t\t<\/div>\n\t\t\t\t<\/div>\n\t\t<div class=\"elementor-element elementor-element-dcc628b e-flex e-con-boxed e-con e-parent\" data-id=\"dcc628b\" data-element_type=\"container\" data-e-type=\"container\" data-settings=\"{&quot;jet_parallax_layout_list&quot;:[]}\">\n\t\t\t\t\t<div class=\"e-con-inner\">\n\t\t<div class=\"elementor-element elementor-element-2dae0c0 e-con-full e-flex e-con e-child\" data-id=\"2dae0c0\" data-element_type=\"container\" data-e-type=\"container\" data-settings=\"{&quot;jet_parallax_layout_list&quot;:[]}\">\n\t\t\t\t<div class=\"elementor-element elementor-element-7ac978b elementor-widget elementor-widget-text-editor\" data-id=\"7ac978b\" data-element_type=\"widget\" data-e-type=\"widget\" data-widget_type=\"text-editor.default\">\n\t\t\t\t<div class=\"elementor-widget-container\">\n\t\t\t\t\t\t\t\t\t<p>Wenn Sie mit mehr als 1 Werk teilnehmen m\u00f6chten, k\u00f6nnen maximal 2 Meter Wandfl\u00e4che f\u00fcr 1 oder 2 Werke gemietet werden. Die zus\u00e4tzliche Ausstellungsfl\u00e4che grenzt an die freie Fl\u00e4che, die 1 laufenden Meter betr\u00e4gt, f\u00fcr ein Werk, das maximal 90 cm breit ist. Die Kosten f\u00fcr jede gew\u00fcnschte zus\u00e4tzliche Fl\u00e4che sind unten mit der Teilnahmeoption f\u00fcr die bevorzugte Messe angegeben.    <\/p>\t\t\t\t\t\t\t\t<\/div>\n\t\t\t\t<\/div>\n\t\t\t\t<\/div>\n\t\t<div class=\"elementor-element elementor-element-8b7d7b9 e-con-full e-flex e-con e-child\" data-id=\"8b7d7b9\" data-element_type=\"container\" data-e-type=\"container\" data-settings=\"{&quot;jet_parallax_layout_list&quot;:[]}\">\n\t\t\t\t<div class=\"elementor-element elementor-element-2f7830f elementor-widget elementor-widget-text-editor\" data-id=\"2f7830f\" data-element_type=\"widget\" data-e-type=\"widget\" data-widget_type=\"text-editor.default\">\n\t\t\t\t<div class=\"elementor-widget-container\">\n\t\t\t\t\t\t\t\t\t<p>Die Teilnahme ist garantiert, sofern der Stand der Masters Platz daf\u00fcr bietet (voll = voll). Die Anmeldung zur Teilnahme ist nur mit dem untenstehenden Anmeldeformular m\u00f6glich. Die Teilnahme ist erst nach Best\u00e4tigung der Teilnahme durch die jeweilige Messeorganisation oder die Organisation von <em>Masters of Realism<\/em> endg\u00fcltig.    <\/p>\t\t\t\t\t\t\t\t<\/div>\n\t\t\t\t<\/div>\n\t\t\t\t<\/div>\n\t\t\t\t\t<\/div>\n\t\t\t\t<\/div>\n\t\t<div class=\"elementor-element elementor-element-16ffa56 e-flex e-con-boxed e-con e-parent\" data-id=\"16ffa56\" data-element_type=\"container\" data-e-type=\"container\" data-settings=\"{&quot;jet_parallax_layout_list&quot;:[]}\">\n\t\t\t\t\t<div class=\"e-con-inner\">\n\t\t\t\t<div class=\"elementor-element elementor-element-38b412d elementor-widget elementor-widget-text-editor\" data-id=\"38b412d\" data-element_type=\"widget\" data-e-type=\"widget\" data-widget_type=\"text-editor.default\">\n\t\t\t\t<div class=\"elementor-widget-container\">\n\t\t\t\t\t\t\t\t\t<h3 style=\"font-weight: 400;\">Anmeldeformular Kunstmessen<\/h3><p style=\"font-weight: 400;\">Name: <br>E-Mail:  <\/p><p>Ich m\u00f6chte als <em>Master of Realism<\/em> am Stand der <em>Masters of Realism<\/em> auf der unten aufgef\u00fchrten Kunstmesse teilnehmen. Die Teilnahme an dieser Messe ist mit 1 Gem\u00e4lde (maximal 90 cm breit, einschlie\u00dflich Rahmen) kostenlos.   <\/p><p>O<strong>  <\/strong>EuropArtFair 2024 (<u><a href=\"http:\/\/www.europartfair.com\/\">www.europartfair.com<\/a><\/u>) <br>O Huntenkunst 2025<a href=\"http:\/\/www.huntenkunst.nl\/\">(www.huntenkunst.nl)<\/a><br>O Art Laren 2025<u><a href=\"http:\/\/www.artlaren.nl\/\">(www.artlaren.nl)<\/a><\/u><\/p><p><u><\/u><span style=\"color: #ff0000;\"><em>Nachdem eine Messe gepr\u00fcft wurde, erscheint dieser Text:<\/em><\/span><u><\/u><\/p><p><u><\/u>Wenn Sie mit mehr als 1 Werk teilnehmen m\u00f6chten, k\u00f6nnen maximal 2 Meter Wandfl\u00e4che f\u00fcr 1 oder 2 Werke gemietet werden.<\/p><p style=\"font-weight: 400;\">Die zus\u00e4tzliche Ausstellungsfl\u00e4che grenzt an die freie Fl\u00e4che.  <br>Die Ausstellung eines zus\u00e4tzlichen Gem\u00e4ldes (max. 90 cm breit) kostet \u20ac 175, zwei zus\u00e4tzliche Gem\u00e4lde kosten \u20ac 325 (exkl. MwSt., inkl. Kosten und inkl. Versicherung).<br><em><span style=\"color: #ff0000;\">(Der Preis wird an die Kosten der Messe angepasst)<\/span><\/em><\/p><p>Ich m\u00f6chte:<br>O kein(e) zus\u00e4tzliches Werk(e) ausstellen und mein Werk ist maximal 90 cm breit (einschlie\u00dflich Rahmen)<br>O 1 zus\u00e4tzlichen Meter mieten<br>O 2 zus\u00e4tzliche Meter mieten<\/p><p>O Ich habe die <u>Allgemeinen Gesch\u00e4ftsbedingungen<\/u> zur Kenntnis genommen und stimme ihnen zu.<\/p><p style=\"font-weight: 400;\">Wenn keine Ausstellungsfl\u00e4che mehr verf\u00fcgbar ist, werden die f\u00fcr zus\u00e4tzliche Ausstellungsfl\u00e4che gezahlten Kosten innerhalb von 10 Tagen vollst\u00e4ndig zur\u00fcckerstattet.<\/p><p><span style=\"color: #ff0000;\">[zum Bezahlen und Registrieren oder nur Registrieren]<\/span><\/p><p style=\"font-weight: 400;\"><span style=\"color: #ff0000;\"><em>Nat\u00fcrlich werden wir auf dem Formular vermerken, dass eine Messe voll ist, sobald dies der Fall ist.<\/em><\/span><\/p><p style=\"font-weight: 400;\"><span style=\"color: #ff0000;\"><em>Zu gegebener Zeit werde ich die Allgemeinen Gesch\u00e4ftsbedingungen f\u00fcr unsere Messen f\u00fcr die Verwendung mit dem MvhR anpassen. Werden Sie mir helfen, mich zu gegebener Zeit daran zu erinnern?   <\/em><\/span><\/p>\t\t\t\t\t\t\t\t<\/div>\n\t\t\t\t<\/div>\n\t\t\t\t\t<\/div>\n\t\t\t\t<\/div>\n\t\t\t\t<\/div>\n\t\t","protected":false},"excerpt":{"rendered":"<p>Jedes Jahr haben die Masters of Realism die M\u00f6glichkeit, kostenlos mit einem Werk an einer der Kunstmessen teilzunehmen, auf denen die Masters ihren eigenen Stand haben. Im Moment sind dies die nationalen Kunstmessen: Huntenkunst, Art Laren und die EuropArtFair. Eine oder mehrere ausl\u00e4ndische Messen werden sp\u00e4ter folgen. Wenn Sie mit mehr als 1 Werk teilnehmen [&hellip;]<\/p>\n","protected":false},"author":2,"featured_media":0,"parent":0,"menu_order":0,"comment_status":"closed","ping_status":"closed","template":"full-width.php","meta":{"_acf_changed":false,"footnotes":""},"class_list":["post-15690","page","type-page","status-publish","hentry"],"acf":[],"yoast_head":"<!-- This site is optimized with the Yoast SEO plugin v27.5 - https:\/\/yoast.com\/product\/yoast-seo-wordpress\/ -->\n<title>Kunstmessen - Masters of Realism<\/title>\n<meta name=\"robots\" content=\"index, follow, max-snippet:-1, max-image-preview:large, max-video-preview:-1\" \/>\n<link rel=\"canonical\" href=\"https:\/\/mastersofrealism.com\/de\/kunstmessen\/\" \/>\n<meta property=\"og:locale\" content=\"de_DE\" \/>\n<meta property=\"og:type\" content=\"article\" \/>\n<meta property=\"og:title\" content=\"Kunstmessen - Masters of Realism\" \/>\n<meta property=\"og:description\" content=\"Jedes Jahr haben die Masters of Realism die M\u00f6glichkeit, kostenlos mit einem Werk an einer der Kunstmessen teilzunehmen, auf denen die Masters ihren eigenen Stand haben. Im Moment sind dies die nationalen Kunstmessen: Huntenkunst, Art Laren und die EuropArtFair. Eine oder mehrere ausl\u00e4ndische Messen werden sp\u00e4ter folgen. Wenn Sie mit mehr als 1 Werk teilnehmen [&hellip;]\" \/>\n<meta property=\"og:url\" content=\"https:\/\/mastersofrealism.com\/de\/kunstmessen\/\" \/>\n<meta property=\"og:site_name\" content=\"Masters of Realism\" \/>\n<meta property=\"article:modified_time\" content=\"2026-02-23T13:57:33+00:00\" \/>\n<meta property=\"og:image\" content=\"https:\/\/mastersofrealism.com\/wp-content\/uploads\/2024\/02\/huntenkunst.jpg\" \/>\n\t<meta property=\"og:image:width\" content=\"1980\" \/>\n\t<meta property=\"og:image:height\" content=\"1080\" \/>\n\t<meta property=\"og:image:type\" content=\"image\/jpeg\" \/>\n<meta name=\"twitter:card\" content=\"summary_large_image\" \/>\n<meta name=\"twitter:label1\" content=\"Gesch\u00e4tzte Lesezeit\" \/>\n\t<meta name=\"twitter:data1\" content=\"2\u00a0Minute\" \/>\n<script type=\"application\/ld+json\" class=\"yoast-schema-graph\">{\"@context\":\"https:\\\/\\\/schema.org\",\"@graph\":[{\"@type\":\"WebPage\",\"@id\":\"https:\\\/\\\/mastersofrealism.com\\\/de\\\/kunstmessen\\\/\",\"url\":\"https:\\\/\\\/mastersofrealism.com\\\/de\\\/kunstmessen\\\/\",\"name\":\"Kunstmessen - Masters of Realism\",\"isPartOf\":{\"@id\":\"https:\\\/\\\/mastersofrealism.com\\\/#website\"},\"primaryImageOfPage\":{\"@id\":\"https:\\\/\\\/mastersofrealism.com\\\/de\\\/kunstmessen\\\/#primaryimage\"},\"image\":{\"@id\":\"https:\\\/\\\/mastersofrealism.com\\\/de\\\/kunstmessen\\\/#primaryimage\"},\"thumbnailUrl\":\"https:\\\/\\\/mastersofrealism.com\\\/wp-content\\\/uploads\\\/2024\\\/02\\\/huntenkunst-300x164.jpg\",\"datePublished\":\"2024-02-14T13:24:07+00:00\",\"dateModified\":\"2026-02-23T13:57:33+00:00\",\"breadcrumb\":{\"@id\":\"https:\\\/\\\/mastersofrealism.com\\\/de\\\/kunstmessen\\\/#breadcrumb\"},\"inLanguage\":\"de\",\"potentialAction\":[{\"@type\":\"ReadAction\",\"target\":[\"https:\\\/\\\/mastersofrealism.com\\\/de\\\/kunstmessen\\\/\"]}]},{\"@type\":\"ImageObject\",\"inLanguage\":\"de\",\"@id\":\"https:\\\/\\\/mastersofrealism.com\\\/de\\\/kunstmessen\\\/#primaryimage\",\"url\":\"https:\\\/\\\/mastersofrealism.com\\\/wp-content\\\/uploads\\\/2024\\\/02\\\/huntenkunst-300x164.jpg\",\"contentUrl\":\"https:\\\/\\\/mastersofrealism.com\\\/wp-content\\\/uploads\\\/2024\\\/02\\\/huntenkunst-300x164.jpg\"},{\"@type\":\"BreadcrumbList\",\"@id\":\"https:\\\/\\\/mastersofrealism.com\\\/de\\\/kunstmessen\\\/#breadcrumb\",\"itemListElement\":[{\"@type\":\"ListItem\",\"position\":1,\"name\":\"Home\",\"item\":\"https:\\\/\\\/mastersofrealism.com\\\/de\\\/home\\\/\"},{\"@type\":\"ListItem\",\"position\":2,\"name\":\"Kunstmessen\"}]},{\"@type\":\"WebSite\",\"@id\":\"https:\\\/\\\/mastersofrealism.com\\\/#website\",\"url\":\"https:\\\/\\\/mastersofrealism.com\\\/\",\"name\":\"Masters of Realism\",\"description\":\"\",\"publisher\":{\"@id\":\"https:\\\/\\\/mastersofrealism.com\\\/#organization\"},\"potentialAction\":[{\"@type\":\"SearchAction\",\"target\":{\"@type\":\"EntryPoint\",\"urlTemplate\":\"https:\\\/\\\/mastersofrealism.com\\\/?s={search_term_string}\"},\"query-input\":{\"@type\":\"PropertyValueSpecification\",\"valueRequired\":true,\"valueName\":\"search_term_string\"}}],\"inLanguage\":\"de\"},{\"@type\":\"Organization\",\"@id\":\"https:\\\/\\\/mastersofrealism.com\\\/#organization\",\"name\":\"Masters of Realism\",\"url\":\"https:\\\/\\\/mastersofrealism.com\\\/\",\"logo\":{\"@type\":\"ImageObject\",\"inLanguage\":\"de\",\"@id\":\"https:\\\/\\\/mastersofrealism.com\\\/#\\\/schema\\\/logo\\\/image\\\/\",\"url\":\"https:\\\/\\\/mastersofrealism.com\\\/wp-content\\\/uploads\\\/2023\\\/11\\\/cropped-Logo-meesters-van-het-realisme-1-e1701774067476.png\",\"contentUrl\":\"https:\\\/\\\/mastersofrealism.com\\\/wp-content\\\/uploads\\\/2023\\\/11\\\/cropped-Logo-meesters-van-het-realisme-1-e1701774067476.png\",\"width\":506,\"height\":318,\"caption\":\"Masters of Realism\"},\"image\":{\"@id\":\"https:\\\/\\\/mastersofrealism.com\\\/#\\\/schema\\\/logo\\\/image\\\/\"}}]}<\/script>\n<!-- \/ Yoast SEO plugin. -->","yoast_head_json":{"title":"Kunstmessen - Masters of Realism","robots":{"index":"index","follow":"follow","max-snippet":"max-snippet:-1","max-image-preview":"max-image-preview:large","max-video-preview":"max-video-preview:-1"},"canonical":"https:\/\/mastersofrealism.com\/de\/kunstmessen\/","og_locale":"de_DE","og_type":"article","og_title":"Kunstmessen - Masters of Realism","og_description":"Jedes Jahr haben die Masters of Realism die M\u00f6glichkeit, kostenlos mit einem Werk an einer der Kunstmessen teilzunehmen, auf denen die Masters ihren eigenen Stand haben. Im Moment sind dies die nationalen Kunstmessen: Huntenkunst, Art Laren und die EuropArtFair. Eine oder mehrere ausl\u00e4ndische Messen werden sp\u00e4ter folgen. Wenn Sie mit mehr als 1 Werk teilnehmen [&hellip;]","og_url":"https:\/\/mastersofrealism.com\/de\/kunstmessen\/","og_site_name":"Masters of Realism","article_modified_time":"2026-02-23T13:57:33+00:00","og_image":[{"width":1980,"height":1080,"url":"https:\/\/mastersofrealism.com\/wp-content\/uploads\/2024\/02\/huntenkunst.jpg","type":"image\/jpeg"}],"twitter_card":"summary_large_image","twitter_misc":{"Gesch\u00e4tzte Lesezeit":"2\u00a0Minute"},"schema":{"@context":"https:\/\/schema.org","@graph":[{"@type":"WebPage","@id":"https:\/\/mastersofrealism.com\/de\/kunstmessen\/","url":"https:\/\/mastersofrealism.com\/de\/kunstmessen\/","name":"Kunstmessen - Masters of Realism","isPartOf":{"@id":"https:\/\/mastersofrealism.com\/#website"},"primaryImageOfPage":{"@id":"https:\/\/mastersofrealism.com\/de\/kunstmessen\/#primaryimage"},"image":{"@id":"https:\/\/mastersofrealism.com\/de\/kunstmessen\/#primaryimage"},"thumbnailUrl":"https:\/\/mastersofrealism.com\/wp-content\/uploads\/2024\/02\/huntenkunst-300x164.jpg","datePublished":"2024-02-14T13:24:07+00:00","dateModified":"2026-02-23T13:57:33+00:00","breadcrumb":{"@id":"https:\/\/mastersofrealism.com\/de\/kunstmessen\/#breadcrumb"},"inLanguage":"de","potentialAction":[{"@type":"ReadAction","target":["https:\/\/mastersofrealism.com\/de\/kunstmessen\/"]}]},{"@type":"ImageObject","inLanguage":"de","@id":"https:\/\/mastersofrealism.com\/de\/kunstmessen\/#primaryimage","url":"https:\/\/mastersofrealism.com\/wp-content\/uploads\/2024\/02\/huntenkunst-300x164.jpg","contentUrl":"https:\/\/mastersofrealism.com\/wp-content\/uploads\/2024\/02\/huntenkunst-300x164.jpg"},{"@type":"BreadcrumbList","@id":"https:\/\/mastersofrealism.com\/de\/kunstmessen\/#breadcrumb","itemListElement":[{"@type":"ListItem","position":1,"name":"Home","item":"https:\/\/mastersofrealism.com\/de\/home\/"},{"@type":"ListItem","position":2,"name":"Kunstmessen"}]},{"@type":"WebSite","@id":"https:\/\/mastersofrealism.com\/#website","url":"https:\/\/mastersofrealism.com\/","name":"Masters of Realism","description":"","publisher":{"@id":"https:\/\/mastersofrealism.com\/#organization"},"potentialAction":[{"@type":"SearchAction","target":{"@type":"EntryPoint","urlTemplate":"https:\/\/mastersofrealism.com\/?s={search_term_string}"},"query-input":{"@type":"PropertyValueSpecification","valueRequired":true,"valueName":"search_term_string"}}],"inLanguage":"de"},{"@type":"Organization","@id":"https:\/\/mastersofrealism.com\/#organization","name":"Masters of Realism","url":"https:\/\/mastersofrealism.com\/","logo":{"@type":"ImageObject","inLanguage":"de","@id":"https:\/\/mastersofrealism.com\/#\/schema\/logo\/image\/","url":"https:\/\/mastersofrealism.com\/wp-content\/uploads\/2023\/11\/cropped-Logo-meesters-van-het-realisme-1-e1701774067476.png","contentUrl":"https:\/\/mastersofrealism.com\/wp-content\/uploads\/2023\/11\/cropped-Logo-meesters-van-het-realisme-1-e1701774067476.png","width":506,"height":318,"caption":"Masters of Realism"},"image":{"@id":"https:\/\/mastersofrealism.com\/#\/schema\/logo\/image\/"}}]}},"_links":{"self":[{"href":"https:\/\/mastersofrealism.com\/de\/wp-json\/wp\/v2\/pages\/15690","targetHints":{"allow":["GET"]}}],"collection":[{"href":"https:\/\/mastersofrealism.com\/de\/wp-json\/wp\/v2\/pages"}],"about":[{"href":"https:\/\/mastersofrealism.com\/de\/wp-json\/wp\/v2\/types\/page"}],"author":[{"embeddable":true,"href":"https:\/\/mastersofrealism.com\/de\/wp-json\/wp\/v2\/users\/2"}],"replies":[{"embeddable":true,"href":"https:\/\/mastersofrealism.com\/de\/wp-json\/wp\/v2\/comments?post=15690"}],"version-history":[{"count":1,"href":"https:\/\/mastersofrealism.com\/de\/wp-json\/wp\/v2\/pages\/15690\/revisions"}],"predecessor-version":[{"id":15695,"href":"https:\/\/mastersofrealism.com\/de\/wp-json\/wp\/v2\/pages\/15690\/revisions\/15695"}],"wp:attachment":[{"href":"https:\/\/mastersofrealism.com\/de\/wp-json\/wp\/v2\/media?parent=15690"}],"curies":[{"name":"wp","href":"https:\/\/api.w.org\/{rel}","templated":true}]}}