{"id":15738,"date":"2024-02-26T19:46:29","date_gmt":"2024-02-26T18:46:29","guid":{"rendered":"https:\/\/mastersofrealism.com\/verkauf-ueber-catawiki\/"},"modified":"2026-02-23T14:57:44","modified_gmt":"2026-02-23T13:57:44","slug":"verkauf-ueber-catawiki","status":"publish","type":"page","link":"https:\/\/mastersofrealism.com\/de\/verkauf-ueber-catawiki\/","title":{"rendered":"Verkauf \u00fcber Catawiki"},"content":{"rendered":"\t\t<div data-elementor-type=\"wp-page\" data-elementor-id=\"15738\" class=\"elementor elementor-15738 elementor-10192\" data-elementor-post-type=\"page\">\n\t\t\t\t\t\t<section class=\"elementor-section elementor-top-section elementor-element elementor-element-74c3de8d elementor-section-boxed elementor-section-height-default elementor-section-height-default\" data-id=\"74c3de8d\" data-element_type=\"section\" data-e-type=\"section\" data-settings=\"{&quot;jet_parallax_layout_list&quot;:[{&quot;jet_parallax_layout_image&quot;:{&quot;url&quot;:&quot;&quot;,&quot;id&quot;:&quot;&quot;,&quot;size&quot;:&quot;&quot;},&quot;_id&quot;:&quot;5b6044a&quot;,&quot;jet_parallax_layout_image_tablet&quot;:{&quot;url&quot;:&quot;&quot;,&quot;id&quot;:&quot;&quot;,&quot;size&quot;:&quot;&quot;},&quot;jet_parallax_layout_image_mobile&quot;:{&quot;url&quot;:&quot;&quot;,&quot;id&quot;:&quot;&quot;,&quot;size&quot;:&quot;&quot;},&quot;jet_parallax_layout_speed&quot;:{&quot;unit&quot;:&quot;%&quot;,&quot;size&quot;:50,&quot;sizes&quot;:[]},&quot;jet_parallax_layout_type&quot;:&quot;scroll&quot;,&quot;jet_parallax_layout_direction&quot;:&quot;1&quot;,&quot;jet_parallax_layout_fx_direction&quot;:null,&quot;jet_parallax_layout_z_index&quot;:&quot;&quot;,&quot;jet_parallax_layout_bg_x&quot;:50,&quot;jet_parallax_layout_bg_x_tablet&quot;:&quot;&quot;,&quot;jet_parallax_layout_bg_x_mobile&quot;:&quot;&quot;,&quot;jet_parallax_layout_bg_y&quot;:50,&quot;jet_parallax_layout_bg_y_tablet&quot;:&quot;&quot;,&quot;jet_parallax_layout_bg_y_mobile&quot;:&quot;&quot;,&quot;jet_parallax_layout_bg_size&quot;:&quot;auto&quot;,&quot;jet_parallax_layout_bg_size_tablet&quot;:&quot;&quot;,&quot;jet_parallax_layout_bg_size_mobile&quot;:&quot;&quot;,&quot;jet_parallax_layout_animation_prop&quot;:&quot;transform&quot;,&quot;jet_parallax_layout_on&quot;:[&quot;desktop&quot;,&quot;tablet&quot;]}],&quot;background_background&quot;:&quot;classic&quot;}\">\n\t\t\t\t\t\t<div class=\"elementor-container elementor-column-gap-no\">\n\t\t\t\t\t<div class=\"elementor-column elementor-col-100 elementor-top-column elementor-element elementor-element-33fb6b5\" data-id=\"33fb6b5\" data-element_type=\"column\" data-e-type=\"column\">\n\t\t\t<div class=\"elementor-widget-wrap elementor-element-populated\">\n\t\t\t\t\t\t<div class=\"elementor-element elementor-element-57e0187f elementor-widget elementor-widget-heading\" data-id=\"57e0187f\" data-element_type=\"widget\" data-e-type=\"widget\" data-widget_type=\"heading.default\">\n\t\t\t\t<div class=\"elementor-widget-container\">\n\t\t\t\t\t<h1 class=\"elementor-heading-title elementor-size-default\">Verkauf \u00fcber Catawiki<\/h1>\t\t\t\t<\/div>\n\t\t\t\t<\/div>\n\t\t\t\t\t<\/div>\n\t\t<\/div>\n\t\t\t\t\t<\/div>\n\t\t<\/section>\n\t\t<div class=\"elementor-element elementor-element-b8a3899 e-flex e-con-boxed e-con e-parent\" data-id=\"b8a3899\" data-element_type=\"container\" data-e-type=\"container\" data-settings=\"{&quot;jet_parallax_layout_list&quot;:[]}\">\n\t\t\t\t\t<div class=\"e-con-inner\">\n\t\t\t\t<div class=\"elementor-element elementor-element-a111665 elementor-widget elementor-widget-text-editor\" data-id=\"a111665\" data-element_type=\"widget\" data-e-type=\"widget\" data-widget_type=\"text-editor.default\">\n\t\t\t\t<div class=\"elementor-widget-container\">\n\t\t\t\t\t\t\t\t\t<h4>Als <i>Masters of Realism<\/i> k\u00f6nnen Sie Ihre Gem\u00e4lde wieder \u00fcber die weltweit gr\u00f6\u00dfte Plattform f\u00fcr den Kunstverkauf verkaufen: Catawiki, im Jahr 2025.<\/h4><h4>Profitieren Sie von der enormen internationalen Reichweite von Catawiki und zahlen Sie als Master nur 10% (statt 12,5%) Provision bei einem erfolgreichen Verkauf.<\/h4>\t\t\t\t\t\t\t\t<\/div>\n\t\t\t\t<\/div>\n\t\t\t\t\t<\/div>\n\t\t\t\t<\/div>\n\t\t<div class=\"elementor-element elementor-element-7a445cc e-flex e-con-boxed e-con e-parent\" data-id=\"7a445cc\" data-element_type=\"container\" data-e-type=\"container\" data-settings=\"{&quot;jet_parallax_layout_list&quot;:[]}\">\n\t\t\t\t\t<div class=\"e-con-inner\">\n\t\t<div class=\"elementor-element elementor-element-1f1aa5b e-con-full e-flex e-con e-child\" data-id=\"1f1aa5b\" data-element_type=\"container\" data-e-type=\"container\" data-settings=\"{&quot;jet_parallax_layout_list&quot;:[]}\">\n\t\t\t\t<div class=\"elementor-element elementor-element-9f8e758 elementor-widget elementor-widget-text-editor\" data-id=\"9f8e758\" data-element_type=\"widget\" data-e-type=\"widget\" data-widget_type=\"text-editor.default\">\n\t\t\t\t<div class=\"elementor-widget-container\">\n\t\t\t\t\t\t\t\t\t<h4>Nehmen Sie ganz einfach teil, indem Sie diese Schritte befolgen:  <\/h4><div><ol><li style=\"font-weight: 400;\"><strong>Hier kostenlos registrieren<\/strong><br><a style=\"text-align: var(--text-align);\" href=\"https:\/\/www.catawiki.com\/seller\/register\">https:\/\/www.catawiki.com\/seller\/register<\/a><\/li><li style=\"font-weight: 400;\"><strong>Einsendeschluss f\u00fcr Kunstwerke<\/strong><strong><br><\/strong>1. November 2025<\/li><li style=\"font-weight: 400;\"><strong>Beginnen Sie mit dem Einreichen Ihrer Kunstwerke<br><\/strong>Loggen Sie sich in Ihr Catawiki-Konto ein und klicken Sie auf &#8222;Verkaufen&#8220;. W\u00e4hlen Sie die Kategorie &#8222;Best of Direkt vom K\u00fcnstler&#8220; und vergewissern Sie sich, dass Sie die relevanten Informationen ausf\u00fcllen und den folgenden &#8222;Hinweis f\u00fcr den Experten&#8220; hinzuf\u00fcgen: <i>F\u00fcr die <\/i><em>Masters of Realism<\/em>.   <\/li><li style=\"font-weight: 400;\"><strong>Mindestverkaufspreis<\/strong><br>Gute Nachrichten! Es ist m\u00f6glich, mit dem Experten einen Mindestpreis auszuhandeln, wenn der erwartete Wert des Artikels \u00fcber 250 \u20ac liegt.   <\/li><li style=\"font-weight: 400;\"><strong>Allgemeine Verkaufsbedingungen<\/strong><br><a href=\"https:\/\/www.catawiki.com\/nl\/pages\/p\/seller-terms\">https:\/\/www.catawiki.com\/nl\/pages\/p\/seller-terms<\/a><\/li><\/ol><\/div>\t\t\t\t\t\t\t\t<\/div>\n\t\t\t\t<\/div>\n\t\t\t\t<\/div>\n\t\t<div class=\"elementor-element elementor-element-d6e31cc e-con-full e-flex e-con e-child\" data-id=\"d6e31cc\" data-element_type=\"container\" data-e-type=\"container\" data-settings=\"{&quot;jet_parallax_layout_list&quot;:[]}\">\n\t\t\t\t<div class=\"elementor-element elementor-element-312979f elementor-widget elementor-widget-text-editor\" data-id=\"312979f\" data-element_type=\"widget\" data-e-type=\"widget\" data-widget_type=\"text-editor.default\">\n\t\t\t\t<div class=\"elementor-widget-container\">\n\t\t\t\t\t\t\t\t\t<div><p><span style=\"text-align: var(--text-align);\">Klicken Sie auf das Bild oder die Schaltfl\u00e4che unten, um weitere Informationen zu erhalten.<\/span><\/p><\/div>\t\t\t\t\t\t\t\t<\/div>\n\t\t\t\t<\/div>\n\t\t\t\t<div class=\"elementor-element elementor-element-ff52884 elementor-widget elementor-widget-image\" data-id=\"ff52884\" data-element_type=\"widget\" data-e-type=\"widget\" data-widget_type=\"image.default\">\n\t\t\t\t<div class=\"elementor-widget-container\">\n\t\t\t\t\t\t\t\t\t\t\t\t\t\t\t\t<a href=\"https:\/\/mastersofrealism.com\/wp-content\/uploads\/2025\/09\/Meesters-x-Catawiki-November-2025-.pdf\" target=\"_blank\">\n\t\t\t\t\t\t\t<img fetchpriority=\"high\" decoding=\"async\" width=\"1024\" height=\"576\" src=\"https:\/\/mastersofrealism.com\/wp-content\/uploads\/2025\/09\/Meesters-x-Catawiki-November-2025-_Pagina_1-1024x576.jpg\" class=\"attachment-large size-large wp-image-15741\" alt=\"\" srcset=\"https:\/\/mastersofrealism.com\/wp-content\/uploads\/2025\/09\/Meesters-x-Catawiki-November-2025-_Pagina_1-1024x576.jpg 1024w, https:\/\/mastersofrealism.com\/wp-content\/uploads\/2025\/09\/Meesters-x-Catawiki-November-2025-_Pagina_1-300x169.jpg 300w, https:\/\/mastersofrealism.com\/wp-content\/uploads\/2025\/09\/Meesters-x-Catawiki-November-2025-_Pagina_1-768x432.jpg 768w, https:\/\/mastersofrealism.com\/wp-content\/uploads\/2025\/09\/Meesters-x-Catawiki-November-2025-_Pagina_1-1536x864.jpg 1536w, https:\/\/mastersofrealism.com\/wp-content\/uploads\/2025\/09\/Meesters-x-Catawiki-November-2025-_Pagina_1-2048x1152.jpg 2048w\" sizes=\"(max-width: 1024px) 100vw, 1024px\" \/>\t\t\t\t\t\t\t\t<\/a>\n\t\t\t\t\t\t\t\t\t\t\t\t\t\t\t<\/div>\n\t\t\t\t<\/div>\n\t\t\t\t<div class=\"elementor-element elementor-element-04ad43c elementor-align-center elementor-widget elementor-widget-button\" data-id=\"04ad43c\" data-element_type=\"widget\" data-e-type=\"widget\" data-widget_type=\"button.default\">\n\t\t\t\t<div class=\"elementor-widget-container\">\n\t\t\t\t\t\t\t\t\t<div class=\"elementor-button-wrapper\">\n\t\t\t\t\t<a class=\"elementor-button elementor-button-link elementor-size-sm\" href=\"https:\/\/mastersofrealism.com\/wp-content\/uploads\/2025\/09\/Meesters-x-Catawiki-November-2025-.pdf\" target=\"_blank\">\n\t\t\t\t\t\t<span class=\"elementor-button-content-wrapper\">\n\t\t\t\t\t\t\t\t\t<span class=\"elementor-button-text\">Mehr Informationen<\/span>\n\t\t\t\t\t<\/span>\n\t\t\t\t\t<\/a>\n\t\t\t\t<\/div>\n\t\t\t\t\t\t\t\t<\/div>\n\t\t\t\t<\/div>\n\t\t\t\t<\/div>\n\t\t\t\t\t<\/div>\n\t\t\t\t<\/div>\n\t\t<div class=\"elementor-element elementor-element-16213d0 e-flex e-con-boxed e-con e-parent\" data-id=\"16213d0\" data-element_type=\"container\" data-e-type=\"container\" data-settings=\"{&quot;jet_parallax_layout_list&quot;:[]}\">\n\t\t\t\t\t<div class=\"e-con-inner\">\n\t\t\t\t\t<\/div>\n\t\t\t\t<\/div>\n\t\t<div class=\"elementor-element elementor-element-46cf4cc e-flex e-con-boxed e-con e-parent\" data-id=\"46cf4cc\" data-element_type=\"container\" data-e-type=\"container\" data-settings=\"{&quot;jet_parallax_layout_list&quot;:[]}\">\n\t\t\t\t\t<div class=\"e-con-inner\">\n\t\t\t\t<div class=\"elementor-element elementor-element-0ec662f elementor-widget elementor-widget-image\" data-id=\"0ec662f\" data-element_type=\"widget\" data-e-type=\"widget\" data-widget_type=\"image.default\">\n\t\t\t\t<div class=\"elementor-widget-container\">\n\t\t\t\t\t\t\t\t\t\t\t\t\t\t\t\t<a href=\"https:\/\/mastersofrealism.com\/wp-content\/uploads\/2024\/04\/Meesters-x-Catawiki-September-2024_2.pdf\" target=\"_blank\">\n\t\t\t\t\t\t\t<img decoding=\"async\" src=\"https:\/\/mastersofrealism.com\/wp-content\/uploads\/2024\/02\/Meesters-x-Catawiki-September-2024.pdf\" title=\"\" alt=\"\" loading=\"lazy\" \/>\t\t\t\t\t\t\t\t<\/a>\n\t\t\t\t\t\t\t\t\t\t\t\t\t\t\t<\/div>\n\t\t\t\t<\/div>\n\t\t\t\t\t<\/div>\n\t\t\t\t<\/div>\n\t\t\t\t<\/div>\n\t\t","protected":false},"excerpt":{"rendered":"<p>Als Masters of Realism k\u00f6nnen Sie Ihre Gem\u00e4lde wieder \u00fcber die weltweit gr\u00f6\u00dfte Plattform f\u00fcr den Kunstverkauf verkaufen: Catawiki, im Jahr 2025. Profitieren Sie von der enormen internationalen Reichweite von Catawiki und zahlen Sie als Master nur 10% (statt 12,5%) Provision bei einem erfolgreichen Verkauf. Nehmen Sie ganz einfach teil, indem Sie diese Schritte befolgen: [&hellip;]<\/p>\n","protected":false},"author":2,"featured_media":0,"parent":0,"menu_order":0,"comment_status":"closed","ping_status":"closed","template":"full-width.php","meta":{"_acf_changed":false,"footnotes":""},"class_list":["post-15738","page","type-page","status-publish","hentry"],"acf":[],"yoast_head":"<!-- This site is optimized with the Yoast SEO plugin v27.2 - https:\/\/yoast.com\/product\/yoast-seo-wordpress\/ -->\n<title>Verkauf \u00fcber Catawiki - Masters of Realism<\/title>\n<meta name=\"robots\" content=\"index, follow, max-snippet:-1, max-image-preview:large, max-video-preview:-1\" \/>\n<link rel=\"canonical\" href=\"https:\/\/mastersofrealism.com\/de\/verkauf-ueber-catawiki\/\" \/>\n<meta property=\"og:locale\" content=\"de_DE\" \/>\n<meta property=\"og:type\" content=\"article\" \/>\n<meta property=\"og:title\" content=\"Verkauf \u00fcber Catawiki - Masters of Realism\" \/>\n<meta property=\"og:description\" content=\"Als Masters of Realism k\u00f6nnen Sie Ihre Gem\u00e4lde wieder \u00fcber die weltweit gr\u00f6\u00dfte Plattform f\u00fcr den Kunstverkauf verkaufen: Catawiki, im Jahr 2025. Profitieren Sie von der enormen internationalen Reichweite von Catawiki und zahlen Sie als Master nur 10% (statt 12,5%) Provision bei einem erfolgreichen Verkauf. Nehmen Sie ganz einfach teil, indem Sie diese Schritte befolgen: [&hellip;]\" \/>\n<meta property=\"og:url\" content=\"https:\/\/mastersofrealism.com\/de\/verkauf-ueber-catawiki\/\" \/>\n<meta property=\"og:site_name\" content=\"Masters of Realism\" \/>\n<meta property=\"article:modified_time\" content=\"2026-02-23T13:57:44+00:00\" \/>\n<meta property=\"og:image\" content=\"https:\/\/mastersofrealism.com\/wp-content\/uploads\/2025\/09\/Meesters-x-Catawiki-November-2025-_Pagina_1-scaled.jpg\" \/>\n\t<meta property=\"og:image:width\" content=\"2560\" \/>\n\t<meta property=\"og:image:height\" content=\"1440\" \/>\n\t<meta property=\"og:image:type\" content=\"image\/jpeg\" \/>\n<meta name=\"twitter:card\" content=\"summary_large_image\" \/>\n<meta name=\"twitter:label1\" content=\"Gesch\u00e4tzte Lesezeit\" \/>\n\t<meta name=\"twitter:data1\" content=\"1\u00a0Minute\" \/>\n<script type=\"application\/ld+json\" class=\"yoast-schema-graph\">{\"@context\":\"https:\/\/schema.org\",\"@graph\":[{\"@type\":\"WebPage\",\"@id\":\"https:\/\/mastersofrealism.com\/de\/verkauf-ueber-catawiki\/\",\"url\":\"https:\/\/mastersofrealism.com\/de\/verkauf-ueber-catawiki\/\",\"name\":\"Verkauf \u00fcber Catawiki - Masters of Realism\",\"isPartOf\":{\"@id\":\"https:\/\/mastersofrealism.com\/#website\"},\"primaryImageOfPage\":{\"@id\":\"https:\/\/mastersofrealism.com\/de\/verkauf-ueber-catawiki\/#primaryimage\"},\"image\":{\"@id\":\"https:\/\/mastersofrealism.com\/de\/verkauf-ueber-catawiki\/#primaryimage\"},\"thumbnailUrl\":\"https:\/\/mastersofrealism.com\/wp-content\/uploads\/2025\/09\/Meesters-x-Catawiki-November-2025-_Pagina_1-1024x576.jpg\",\"datePublished\":\"2024-02-26T18:46:29+00:00\",\"dateModified\":\"2026-02-23T13:57:44+00:00\",\"breadcrumb\":{\"@id\":\"https:\/\/mastersofrealism.com\/de\/verkauf-ueber-catawiki\/#breadcrumb\"},\"inLanguage\":\"de\",\"potentialAction\":[{\"@type\":\"ReadAction\",\"target\":[\"https:\/\/mastersofrealism.com\/de\/verkauf-ueber-catawiki\/\"]}]},{\"@type\":\"ImageObject\",\"inLanguage\":\"de\",\"@id\":\"https:\/\/mastersofrealism.com\/de\/verkauf-ueber-catawiki\/#primaryimage\",\"url\":\"https:\/\/mastersofrealism.com\/wp-content\/uploads\/2025\/09\/Meesters-x-Catawiki-November-2025-_Pagina_1-1024x576.jpg\",\"contentUrl\":\"https:\/\/mastersofrealism.com\/wp-content\/uploads\/2025\/09\/Meesters-x-Catawiki-November-2025-_Pagina_1-1024x576.jpg\"},{\"@type\":\"BreadcrumbList\",\"@id\":\"https:\/\/mastersofrealism.com\/de\/verkauf-ueber-catawiki\/#breadcrumb\",\"itemListElement\":[{\"@type\":\"ListItem\",\"position\":1,\"name\":\"Home\",\"item\":\"https:\/\/mastersofrealism.com\/de\/home\/\"},{\"@type\":\"ListItem\",\"position\":2,\"name\":\"Verkauf \u00fcber Catawiki\"}]},{\"@type\":\"WebSite\",\"@id\":\"https:\/\/mastersofrealism.com\/#website\",\"url\":\"https:\/\/mastersofrealism.com\/\",\"name\":\"Masters of Realism\",\"description\":\"\",\"publisher\":{\"@id\":\"https:\/\/mastersofrealism.com\/#organization\"},\"potentialAction\":[{\"@type\":\"SearchAction\",\"target\":{\"@type\":\"EntryPoint\",\"urlTemplate\":\"https:\/\/mastersofrealism.com\/?s={search_term_string}\"},\"query-input\":{\"@type\":\"PropertyValueSpecification\",\"valueRequired\":true,\"valueName\":\"search_term_string\"}}],\"inLanguage\":\"de\"},{\"@type\":\"Organization\",\"@id\":\"https:\/\/mastersofrealism.com\/#organization\",\"name\":\"Masters of Realism\",\"url\":\"https:\/\/mastersofrealism.com\/\",\"logo\":{\"@type\":\"ImageObject\",\"inLanguage\":\"de\",\"@id\":\"https:\/\/mastersofrealism.com\/#\/schema\/logo\/image\/\",\"url\":\"https:\/\/mastersofrealism.com\/wp-content\/uploads\/2023\/11\/cropped-Logo-meesters-van-het-realisme-1-e1701774067476.png\",\"contentUrl\":\"https:\/\/mastersofrealism.com\/wp-content\/uploads\/2023\/11\/cropped-Logo-meesters-van-het-realisme-1-e1701774067476.png\",\"width\":506,\"height\":318,\"caption\":\"Masters of Realism\"},\"image\":{\"@id\":\"https:\/\/mastersofrealism.com\/#\/schema\/logo\/image\/\"}}]}<\/script>\n<!-- \/ Yoast SEO plugin. -->","yoast_head_json":{"title":"Verkauf \u00fcber Catawiki - Masters of Realism","robots":{"index":"index","follow":"follow","max-snippet":"max-snippet:-1","max-image-preview":"max-image-preview:large","max-video-preview":"max-video-preview:-1"},"canonical":"https:\/\/mastersofrealism.com\/de\/verkauf-ueber-catawiki\/","og_locale":"de_DE","og_type":"article","og_title":"Verkauf \u00fcber Catawiki - Masters of Realism","og_description":"Als Masters of Realism k\u00f6nnen Sie Ihre Gem\u00e4lde wieder \u00fcber die weltweit gr\u00f6\u00dfte Plattform f\u00fcr den Kunstverkauf verkaufen: Catawiki, im Jahr 2025. Profitieren Sie von der enormen internationalen Reichweite von Catawiki und zahlen Sie als Master nur 10% (statt 12,5%) Provision bei einem erfolgreichen Verkauf. Nehmen Sie ganz einfach teil, indem Sie diese Schritte befolgen: [&hellip;]","og_url":"https:\/\/mastersofrealism.com\/de\/verkauf-ueber-catawiki\/","og_site_name":"Masters of Realism","article_modified_time":"2026-02-23T13:57:44+00:00","og_image":[{"width":2560,"height":1440,"url":"https:\/\/mastersofrealism.com\/wp-content\/uploads\/2025\/09\/Meesters-x-Catawiki-November-2025-_Pagina_1-scaled.jpg","type":"image\/jpeg"}],"twitter_card":"summary_large_image","twitter_misc":{"Gesch\u00e4tzte Lesezeit":"1\u00a0Minute"},"schema":{"@context":"https:\/\/schema.org","@graph":[{"@type":"WebPage","@id":"https:\/\/mastersofrealism.com\/de\/verkauf-ueber-catawiki\/","url":"https:\/\/mastersofrealism.com\/de\/verkauf-ueber-catawiki\/","name":"Verkauf \u00fcber Catawiki - Masters of Realism","isPartOf":{"@id":"https:\/\/mastersofrealism.com\/#website"},"primaryImageOfPage":{"@id":"https:\/\/mastersofrealism.com\/de\/verkauf-ueber-catawiki\/#primaryimage"},"image":{"@id":"https:\/\/mastersofrealism.com\/de\/verkauf-ueber-catawiki\/#primaryimage"},"thumbnailUrl":"https:\/\/mastersofrealism.com\/wp-content\/uploads\/2025\/09\/Meesters-x-Catawiki-November-2025-_Pagina_1-1024x576.jpg","datePublished":"2024-02-26T18:46:29+00:00","dateModified":"2026-02-23T13:57:44+00:00","breadcrumb":{"@id":"https:\/\/mastersofrealism.com\/de\/verkauf-ueber-catawiki\/#breadcrumb"},"inLanguage":"de","potentialAction":[{"@type":"ReadAction","target":["https:\/\/mastersofrealism.com\/de\/verkauf-ueber-catawiki\/"]}]},{"@type":"ImageObject","inLanguage":"de","@id":"https:\/\/mastersofrealism.com\/de\/verkauf-ueber-catawiki\/#primaryimage","url":"https:\/\/mastersofrealism.com\/wp-content\/uploads\/2025\/09\/Meesters-x-Catawiki-November-2025-_Pagina_1-1024x576.jpg","contentUrl":"https:\/\/mastersofrealism.com\/wp-content\/uploads\/2025\/09\/Meesters-x-Catawiki-November-2025-_Pagina_1-1024x576.jpg"},{"@type":"BreadcrumbList","@id":"https:\/\/mastersofrealism.com\/de\/verkauf-ueber-catawiki\/#breadcrumb","itemListElement":[{"@type":"ListItem","position":1,"name":"Home","item":"https:\/\/mastersofrealism.com\/de\/home\/"},{"@type":"ListItem","position":2,"name":"Verkauf \u00fcber Catawiki"}]},{"@type":"WebSite","@id":"https:\/\/mastersofrealism.com\/#website","url":"https:\/\/mastersofrealism.com\/","name":"Masters of Realism","description":"","publisher":{"@id":"https:\/\/mastersofrealism.com\/#organization"},"potentialAction":[{"@type":"SearchAction","target":{"@type":"EntryPoint","urlTemplate":"https:\/\/mastersofrealism.com\/?s={search_term_string}"},"query-input":{"@type":"PropertyValueSpecification","valueRequired":true,"valueName":"search_term_string"}}],"inLanguage":"de"},{"@type":"Organization","@id":"https:\/\/mastersofrealism.com\/#organization","name":"Masters of Realism","url":"https:\/\/mastersofrealism.com\/","logo":{"@type":"ImageObject","inLanguage":"de","@id":"https:\/\/mastersofrealism.com\/#\/schema\/logo\/image\/","url":"https:\/\/mastersofrealism.com\/wp-content\/uploads\/2023\/11\/cropped-Logo-meesters-van-het-realisme-1-e1701774067476.png","contentUrl":"https:\/\/mastersofrealism.com\/wp-content\/uploads\/2023\/11\/cropped-Logo-meesters-van-het-realisme-1-e1701774067476.png","width":506,"height":318,"caption":"Masters of Realism"},"image":{"@id":"https:\/\/mastersofrealism.com\/#\/schema\/logo\/image\/"}}]}},"_links":{"self":[{"href":"https:\/\/mastersofrealism.com\/de\/wp-json\/wp\/v2\/pages\/15738","targetHints":{"allow":["GET"]}}],"collection":[{"href":"https:\/\/mastersofrealism.com\/de\/wp-json\/wp\/v2\/pages"}],"about":[{"href":"https:\/\/mastersofrealism.com\/de\/wp-json\/wp\/v2\/types\/page"}],"author":[{"embeddable":true,"href":"https:\/\/mastersofrealism.com\/de\/wp-json\/wp\/v2\/users\/2"}],"replies":[{"embeddable":true,"href":"https:\/\/mastersofrealism.com\/de\/wp-json\/wp\/v2\/comments?post=15738"}],"version-history":[{"count":1,"href":"https:\/\/mastersofrealism.com\/de\/wp-json\/wp\/v2\/pages\/15738\/revisions"}],"predecessor-version":[{"id":15743,"href":"https:\/\/mastersofrealism.com\/de\/wp-json\/wp\/v2\/pages\/15738\/revisions\/15743"}],"wp:attachment":[{"href":"https:\/\/mastersofrealism.com\/de\/wp-json\/wp\/v2\/media?parent=15738"}],"curies":[{"name":"wp","href":"https:\/\/api.w.org\/{rel}","templated":true}]}}