{"id":15755,"date":"2024-09-24T15:05:06","date_gmt":"2024-09-24T13:05:06","guid":{"rendered":"https:\/\/mastersofrealism.com\/zeitgenoessische-niederlaendische-masters-anwenden\/"},"modified":"2026-02-23T14:57:44","modified_gmt":"2026-02-23T13:57:44","slug":"zeitgenoessische-niederlaendische-masters-anwenden","status":"publish","type":"page","link":"https:\/\/mastersofrealism.com\/de\/zeitgenoessische-niederlaendische-masters-anwenden\/","title":{"rendered":"Zeitgen\u00f6ssische niederl\u00e4ndische Masters anwenden"},"content":{"rendered":"\t\t<div data-elementor-type=\"wp-page\" data-elementor-id=\"15755\" class=\"elementor elementor-15755 elementor-10198\" data-elementor-post-type=\"page\">\n\t\t\t\t\t\t<section class=\"elementor-section elementor-top-section elementor-element elementor-element-74c3de8d elementor-section-boxed elementor-section-height-default elementor-section-height-default\" data-id=\"74c3de8d\" data-element_type=\"section\" data-e-type=\"section\" data-settings=\"{&quot;jet_parallax_layout_list&quot;:[{&quot;jet_parallax_layout_image&quot;:{&quot;url&quot;:&quot;&quot;,&quot;id&quot;:&quot;&quot;,&quot;size&quot;:&quot;&quot;},&quot;_id&quot;:&quot;5b6044a&quot;,&quot;jet_parallax_layout_image_tablet&quot;:{&quot;url&quot;:&quot;&quot;,&quot;id&quot;:&quot;&quot;,&quot;size&quot;:&quot;&quot;},&quot;jet_parallax_layout_image_mobile&quot;:{&quot;url&quot;:&quot;&quot;,&quot;id&quot;:&quot;&quot;,&quot;size&quot;:&quot;&quot;},&quot;jet_parallax_layout_speed&quot;:{&quot;unit&quot;:&quot;%&quot;,&quot;size&quot;:50,&quot;sizes&quot;:[]},&quot;jet_parallax_layout_type&quot;:&quot;scroll&quot;,&quot;jet_parallax_layout_direction&quot;:&quot;1&quot;,&quot;jet_parallax_layout_fx_direction&quot;:null,&quot;jet_parallax_layout_z_index&quot;:&quot;&quot;,&quot;jet_parallax_layout_bg_x&quot;:50,&quot;jet_parallax_layout_bg_x_tablet&quot;:&quot;&quot;,&quot;jet_parallax_layout_bg_x_mobile&quot;:&quot;&quot;,&quot;jet_parallax_layout_bg_y&quot;:50,&quot;jet_parallax_layout_bg_y_tablet&quot;:&quot;&quot;,&quot;jet_parallax_layout_bg_y_mobile&quot;:&quot;&quot;,&quot;jet_parallax_layout_bg_size&quot;:&quot;auto&quot;,&quot;jet_parallax_layout_bg_size_tablet&quot;:&quot;&quot;,&quot;jet_parallax_layout_bg_size_mobile&quot;:&quot;&quot;,&quot;jet_parallax_layout_animation_prop&quot;:&quot;transform&quot;,&quot;jet_parallax_layout_on&quot;:[&quot;desktop&quot;,&quot;tablet&quot;]}],&quot;background_background&quot;:&quot;classic&quot;}\">\n\t\t\t\t\t\t<div class=\"elementor-container elementor-column-gap-no\">\n\t\t\t\t\t<div class=\"elementor-column elementor-col-100 elementor-top-column elementor-element elementor-element-33fb6b5\" data-id=\"33fb6b5\" data-element_type=\"column\" data-e-type=\"column\">\n\t\t\t<div class=\"elementor-widget-wrap elementor-element-populated\">\n\t\t\t\t\t\t<div class=\"elementor-element elementor-element-57e0187f elementor-widget elementor-widget-heading\" data-id=\"57e0187f\" data-element_type=\"widget\" data-e-type=\"widget\" data-widget_type=\"heading.default\">\n\t\t\t\t<div class=\"elementor-widget-container\">\n\t\t\t\t\t<h1 class=\"elementor-heading-title elementor-size-default\">Zeitgen\u00f6ssische niederl\u00e4ndische Masters anwenden<\/h1>\t\t\t\t<\/div>\n\t\t\t\t<\/div>\n\t\t\t\t\t<\/div>\n\t\t<\/div>\n\t\t\t\t\t<\/div>\n\t\t<\/section>\n\t\t<div class=\"elementor-element elementor-element-16213d0 e-flex e-con-boxed e-con e-parent\" data-id=\"16213d0\" data-element_type=\"container\" data-e-type=\"container\" data-settings=\"{&quot;jet_parallax_layout_list&quot;:[]}\">\n\t\t\t\t\t<div class=\"e-con-inner\">\n\t\t\t\t<div class=\"elementor-element elementor-element-9f8e758 elementor-widget elementor-widget-text-editor\" data-id=\"9f8e758\" data-element_type=\"widget\" data-e-type=\"widget\" data-widget_type=\"text-editor.default\">\n\t\t\t\t<div class=\"elementor-widget-container\">\n\t\t\t\t\t\t\t\t\t<h4>Das stilvolle englischsprachige Kunstbuch <em>Contemporary Dutch Masters<\/em> wird alle zwei Jahre ver\u00f6ffentlicht.<\/h4>\t\t\t\t\t\t\t\t<\/div>\n\t\t\t\t<\/div>\n\t\t\t\t\t<\/div>\n\t\t\t\t<\/div>\n\t\t<div class=\"elementor-element elementor-element-499ae57 e-grid e-con-boxed e-con e-parent\" data-id=\"499ae57\" data-element_type=\"container\" data-e-type=\"container\" data-settings=\"{&quot;jet_parallax_layout_list&quot;:[]}\">\n\t\t\t\t\t<div class=\"e-con-inner\">\n\t\t\t\t<div class=\"elementor-element elementor-element-8e5dd14 elementor-widget elementor-widget-text-editor\" data-id=\"8e5dd14\" data-element_type=\"widget\" data-e-type=\"widget\" data-widget_type=\"text-editor.default\">\n\t\t\t\t<div class=\"elementor-widget-container\">\n\t\t\t\t\t\t\t\t\t<p>In diesem wundersch\u00f6nen Kunstbuch erhalten 70 Masters die Gelegenheit, ihre Werke einem gro\u00dfen internationalen Publikum zu zeigen. Sie k\u00f6nnen sich f\u00fcr eine Pr\u00e4sentation oder ein Interview entscheiden. Bei einer Pr\u00e4sentation wird Ihr Werk so gro\u00df wie m\u00f6glich auf einer ganzen Seite gezeigt. Bei einem Interview werden zwei Fotos pro Seite gezeigt. Sowohl bei einer Pr\u00e4sentation als auch bei einem Interview werden Ihr Name, der Titel des Werks, die Abmessungen, Ihre Website, Ihre E-Mail-Adresse und der Preis des Werks genannt.    <\/p><p><strong>Teilnahme<\/strong><br><span style=\"text-align: var(--text-align);\">Die folgenden Pr\u00e4sentationen sind verf\u00fcgbar: <br><\/span><span style=\"text-align: var(--text-align);\">&#8211; 10 Interviews<\/span><span style=\"text-align: var(--text-align);\"> <\/span><span style=\"text-align: var(--text-align);\">mit einem Umfang von 2 oder 3 Seiten<br><\/span><span style=\"text-align: var(--text-align);\">&#8211; 20 Pr\u00e4sentationen mit 3 Seiten<br>&#8211; 20 mit 2 Seiten<br><\/span><span style=\"text-align: var(--text-align);\">&#8211; 20 mit 1 Seite<\/span><span style=\"text-align: var(--text-align);\"> <br>Jede Pr\u00e4sentation umfasst 1 freie Seite. <br>Die Pr\u00e4sentationen und Interviews werden in der Reihenfolge der Anmeldung vergeben. Wer zuerst kommt, mahlt zuerst. <br>Registrieren Sie sich mit dem unten stehenden Formular<\/span><span style=\"text-align: var(--text-align);\">.<\/span><\/p>\t\t\t\t\t\t\t\t<\/div>\n\t\t\t\t<\/div>\n\t\t\t\t<div class=\"elementor-element elementor-element-f5a82ba elementor-widget elementor-widget-image\" data-id=\"f5a82ba\" data-element_type=\"widget\" data-e-type=\"widget\" data-widget_type=\"image.default\">\n\t\t\t\t<div class=\"elementor-widget-container\">\n\t\t\t\t\t\t\t\t\t\t\t\t\t\t\t<img fetchpriority=\"high\" decoding=\"async\" width=\"768\" height=\"524\" src=\"https:\/\/mastersofrealism.com\/wp-content\/uploads\/2024\/09\/Square_Book_Mockup_transparant-2-768x524.png\" class=\"attachment-medium_large size-medium_large wp-image-15757\" alt=\"\" srcset=\"https:\/\/mastersofrealism.com\/wp-content\/uploads\/2024\/09\/Square_Book_Mockup_transparant-2-768x524.png 768w, https:\/\/mastersofrealism.com\/wp-content\/uploads\/2024\/09\/Square_Book_Mockup_transparant-2-300x205.png 300w, https:\/\/mastersofrealism.com\/wp-content\/uploads\/2024\/09\/Square_Book_Mockup_transparant-2-1024x699.png 1024w, https:\/\/mastersofrealism.com\/wp-content\/uploads\/2024\/09\/Square_Book_Mockup_transparant-2-1536x1048.png 1536w, https:\/\/mastersofrealism.com\/wp-content\/uploads\/2024\/09\/Square_Book_Mockup_transparant-2-2048x1398.png 2048w\" sizes=\"(max-width: 768px) 100vw, 768px\" \/>\t\t\t\t\t\t\t\t\t\t\t\t\t\t\t<\/div>\n\t\t\t\t<\/div>\n\t\t\t\t<div class=\"elementor-element elementor-element-67ce8ea elementor-widget elementor-widget-text-editor\" data-id=\"67ce8ea\" data-element_type=\"widget\" data-e-type=\"widget\" data-widget_type=\"text-editor.default\">\n\t\t\t\t<div class=\"elementor-widget-container\">\n\t\t\t\t\t\t\t\t\t<p>Das Buch umfasst etwa 150 Seiten, hat ein Format von 30 x 30 cm (=gr\u00f6\u00dfer als A4) und eine Auflage von 3.000 Exemplaren. Wenn das Interesse gro\u00df ist, wird der Umfang des Buches erweitert. <\/p><p>Der Verkaufspreis betr\u00e4gt 24,95 \u20ac (einschlie\u00dflich MwSt.).<\/p><p><strong>Abgabetermin<\/strong><br><span style=\"text-decoration: underline;\">Eine Anmeldung ist bis einschlie\u00dflich 1. Dezember 2024 m\u00f6glich.<\/span><\/p>\t\t\t\t\t\t\t\t<\/div>\n\t\t\t\t<\/div>\n\t\t\t\t<div class=\"elementor-element elementor-element-0a178fb elementor-widget elementor-widget-text-editor\" data-id=\"0a178fb\" data-element_type=\"widget\" data-e-type=\"widget\" data-widget_type=\"text-editor.default\">\n\t\t\t\t<div class=\"elementor-widget-container\">\n\t\t\t\t\t\t\t\t\t<p><strong>Vertrieb<\/strong><br>Das Buch <i>Contemporary Dutch Masters<\/i> ist ein willkommenes Geschenk f\u00fcr <a href=\"https:\/\/kunstweek.nl\/word-vriend\/\">Freunde<\/a> der Kunstweek Foundation. <a href=\"https:\/\/kunstweek.nl\/ambassadeurs\/\">Botschafter<\/a> der Stiftung Kunstweek erhalten ebenfalls ein Exemplar. <br>Das Buch ist auch \u00fcber die Website der <em>Masters of Realism<\/em> und der <a href=\"https:\/\/kunstweek.nl\/winkel\/\">Stichting Kunstweek<\/a> zu kaufen. Dar\u00fcber hinaus erh\u00e4lt jeder 10. zahlende Besucher der folgenden Messen im Jahr 2025 ein Exemplar: <a href=\"https:\/\/brabantartfair.nl\">Brabant Art Fair <\/a>, <a href=\"http:\/\/www.europeartfair.nl\">Europe Art Fair<\/a>, <a href=\"http:\/\/www.kunstdagen.nl\">Nationale Kunstdagen<\/a> und die Belgian International Art Fair. <\/p>\t\t\t\t\t\t\t\t<\/div>\n\t\t\t\t<\/div>\n\t\t\t\t\t<\/div>\n\t\t\t\t<\/div>\n\t\t<div class=\"elementor-element elementor-element-965050d e-flex e-con-boxed e-con e-parent\" data-id=\"965050d\" data-element_type=\"container\" data-e-type=\"container\" data-settings=\"{&quot;jet_parallax_layout_list&quot;:[]}\">\n\t\t\t\t\t<div class=\"e-con-inner\">\n\t\t\t\t<div class=\"elementor-element elementor-element-03f589c elementor-widget elementor-widget-shortcode\" data-id=\"03f589c\" data-element_type=\"widget\" data-e-type=\"widget\" data-widget_type=\"shortcode.default\">\n\t\t\t\t<div class=\"elementor-widget-container\">\n\t\t\t\t\t\t\t<div class=\"elementor-shortcode\"><p class=\"gform_not_found\">Oops! Wir konnten dein Formular nicht lokalisieren.<\/p><\/div>\n\t\t\t\t\t\t<\/div>\n\t\t\t\t<\/div>\n\t\t\t\t\t<\/div>\n\t\t\t\t<\/div>\n\t\t\t\t<\/div>\n\t\t","protected":false},"excerpt":{"rendered":"<p>Das stilvolle englischsprachige Kunstbuch Contemporary Dutch Masters wird alle zwei Jahre ver\u00f6ffentlicht. In diesem wundersch\u00f6nen Kunstbuch erhalten 70 Masters die Gelegenheit, ihre Werke einem gro\u00dfen internationalen Publikum zu zeigen. Sie k\u00f6nnen sich f\u00fcr eine Pr\u00e4sentation oder ein Interview entscheiden. Bei einer Pr\u00e4sentation wird Ihr Werk so gro\u00df wie m\u00f6glich auf einer ganzen Seite gezeigt. Bei [&hellip;]<\/p>\n","protected":false},"author":57,"featured_media":0,"parent":0,"menu_order":0,"comment_status":"closed","ping_status":"closed","template":"full-width.php","meta":{"_acf_changed":false,"footnotes":""},"class_list":["post-15755","page","type-page","status-publish","hentry"],"acf":[],"yoast_head":"<!-- This site is optimized with the Yoast SEO plugin v27.2 - https:\/\/yoast.com\/product\/yoast-seo-wordpress\/ -->\n<title>Zeitgen\u00f6ssische niederl\u00e4ndische Masters anwenden - Masters of Realism<\/title>\n<meta name=\"robots\" content=\"noindex, nofollow\" \/>\n<meta property=\"og:locale\" content=\"de_DE\" \/>\n<meta property=\"og:type\" content=\"article\" \/>\n<meta property=\"og:title\" content=\"Zeitgen\u00f6ssische niederl\u00e4ndische Masters anwenden - Masters of Realism\" \/>\n<meta property=\"og:description\" content=\"Das stilvolle englischsprachige Kunstbuch Contemporary Dutch Masters wird alle zwei Jahre ver\u00f6ffentlicht. In diesem wundersch\u00f6nen Kunstbuch erhalten 70 Masters die Gelegenheit, ihre Werke einem gro\u00dfen internationalen Publikum zu zeigen. Sie k\u00f6nnen sich f\u00fcr eine Pr\u00e4sentation oder ein Interview entscheiden. Bei einer Pr\u00e4sentation wird Ihr Werk so gro\u00df wie m\u00f6glich auf einer ganzen Seite gezeigt. Bei [&hellip;]\" \/>\n<meta property=\"og:url\" content=\"https:\/\/mastersofrealism.com\/de\/zeitgenoessische-niederlaendische-masters-anwenden\/\" \/>\n<meta property=\"og:site_name\" content=\"Masters of Realism\" \/>\n<meta property=\"article:modified_time\" content=\"2026-02-23T13:57:44+00:00\" \/>\n<meta property=\"og:image\" content=\"https:\/\/mastersofrealism.com\/wp-content\/uploads\/2024\/09\/Square_Book_Mockup_transparant-2.png\" \/>\n\t<meta property=\"og:image:width\" content=\"2202\" \/>\n\t<meta property=\"og:image:height\" content=\"1503\" \/>\n\t<meta property=\"og:image:type\" content=\"image\/png\" \/>\n<meta name=\"twitter:card\" content=\"summary_large_image\" \/>\n<meta name=\"twitter:label1\" content=\"Gesch\u00e4tzte Lesezeit\" \/>\n\t<meta name=\"twitter:data1\" content=\"1\u00a0Minute\" \/>\n<script type=\"application\/ld+json\" class=\"yoast-schema-graph\">{\"@context\":\"https:\/\/schema.org\",\"@graph\":[{\"@type\":\"WebPage\",\"@id\":\"https:\/\/mastersofrealism.com\/de\/zeitgenoessische-niederlaendische-masters-anwenden\/\",\"url\":\"https:\/\/mastersofrealism.com\/de\/zeitgenoessische-niederlaendische-masters-anwenden\/\",\"name\":\"Zeitgen\u00f6ssische niederl\u00e4ndische Masters anwenden - Masters of Realism\",\"isPartOf\":{\"@id\":\"https:\/\/mastersofrealism.com\/#website\"},\"primaryImageOfPage\":{\"@id\":\"https:\/\/mastersofrealism.com\/de\/zeitgenoessische-niederlaendische-masters-anwenden\/#primaryimage\"},\"image\":{\"@id\":\"https:\/\/mastersofrealism.com\/de\/zeitgenoessische-niederlaendische-masters-anwenden\/#primaryimage\"},\"thumbnailUrl\":\"https:\/\/mastersofrealism.com\/wp-content\/uploads\/2024\/09\/Square_Book_Mockup_transparant-2-768x524.png\",\"datePublished\":\"2024-09-24T13:05:06+00:00\",\"dateModified\":\"2026-02-23T13:57:44+00:00\",\"breadcrumb\":{\"@id\":\"https:\/\/mastersofrealism.com\/de\/zeitgenoessische-niederlaendische-masters-anwenden\/#breadcrumb\"},\"inLanguage\":\"de\",\"potentialAction\":[{\"@type\":\"ReadAction\",\"target\":[\"https:\/\/mastersofrealism.com\/de\/zeitgenoessische-niederlaendische-masters-anwenden\/\"]}]},{\"@type\":\"ImageObject\",\"inLanguage\":\"de\",\"@id\":\"https:\/\/mastersofrealism.com\/de\/zeitgenoessische-niederlaendische-masters-anwenden\/#primaryimage\",\"url\":\"https:\/\/mastersofrealism.com\/wp-content\/uploads\/2024\/09\/Square_Book_Mockup_transparant-2-768x524.png\",\"contentUrl\":\"https:\/\/mastersofrealism.com\/wp-content\/uploads\/2024\/09\/Square_Book_Mockup_transparant-2-768x524.png\"},{\"@type\":\"BreadcrumbList\",\"@id\":\"https:\/\/mastersofrealism.com\/de\/zeitgenoessische-niederlaendische-masters-anwenden\/#breadcrumb\",\"itemListElement\":[{\"@type\":\"ListItem\",\"position\":1,\"name\":\"Home\",\"item\":\"https:\/\/mastersofrealism.com\/de\/home\/\"},{\"@type\":\"ListItem\",\"position\":2,\"name\":\"Zeitgen\u00f6ssische niederl\u00e4ndische Masters anwenden\"}]},{\"@type\":\"WebSite\",\"@id\":\"https:\/\/mastersofrealism.com\/#website\",\"url\":\"https:\/\/mastersofrealism.com\/\",\"name\":\"Masters of Realism\",\"description\":\"\",\"publisher\":{\"@id\":\"https:\/\/mastersofrealism.com\/#organization\"},\"potentialAction\":[{\"@type\":\"SearchAction\",\"target\":{\"@type\":\"EntryPoint\",\"urlTemplate\":\"https:\/\/mastersofrealism.com\/?s={search_term_string}\"},\"query-input\":{\"@type\":\"PropertyValueSpecification\",\"valueRequired\":true,\"valueName\":\"search_term_string\"}}],\"inLanguage\":\"de\"},{\"@type\":\"Organization\",\"@id\":\"https:\/\/mastersofrealism.com\/#organization\",\"name\":\"Masters of Realism\",\"url\":\"https:\/\/mastersofrealism.com\/\",\"logo\":{\"@type\":\"ImageObject\",\"inLanguage\":\"de\",\"@id\":\"https:\/\/mastersofrealism.com\/#\/schema\/logo\/image\/\",\"url\":\"https:\/\/mastersofrealism.com\/wp-content\/uploads\/2023\/11\/cropped-Logo-meesters-van-het-realisme-1-e1701774067476.png\",\"contentUrl\":\"https:\/\/mastersofrealism.com\/wp-content\/uploads\/2023\/11\/cropped-Logo-meesters-van-het-realisme-1-e1701774067476.png\",\"width\":506,\"height\":318,\"caption\":\"Masters of Realism\"},\"image\":{\"@id\":\"https:\/\/mastersofrealism.com\/#\/schema\/logo\/image\/\"}}]}<\/script>\n<!-- \/ Yoast SEO plugin. -->","yoast_head_json":{"title":"Zeitgen\u00f6ssische niederl\u00e4ndische Masters anwenden - Masters of Realism","robots":{"index":"noindex","follow":"nofollow"},"og_locale":"de_DE","og_type":"article","og_title":"Zeitgen\u00f6ssische niederl\u00e4ndische Masters anwenden - Masters of Realism","og_description":"Das stilvolle englischsprachige Kunstbuch Contemporary Dutch Masters wird alle zwei Jahre ver\u00f6ffentlicht. In diesem wundersch\u00f6nen Kunstbuch erhalten 70 Masters die Gelegenheit, ihre Werke einem gro\u00dfen internationalen Publikum zu zeigen. Sie k\u00f6nnen sich f\u00fcr eine Pr\u00e4sentation oder ein Interview entscheiden. Bei einer Pr\u00e4sentation wird Ihr Werk so gro\u00df wie m\u00f6glich auf einer ganzen Seite gezeigt. Bei [&hellip;]","og_url":"https:\/\/mastersofrealism.com\/de\/zeitgenoessische-niederlaendische-masters-anwenden\/","og_site_name":"Masters of Realism","article_modified_time":"2026-02-23T13:57:44+00:00","og_image":[{"width":2202,"height":1503,"url":"https:\/\/mastersofrealism.com\/wp-content\/uploads\/2024\/09\/Square_Book_Mockup_transparant-2.png","type":"image\/png"}],"twitter_card":"summary_large_image","twitter_misc":{"Gesch\u00e4tzte Lesezeit":"1\u00a0Minute"},"schema":{"@context":"https:\/\/schema.org","@graph":[{"@type":"WebPage","@id":"https:\/\/mastersofrealism.com\/de\/zeitgenoessische-niederlaendische-masters-anwenden\/","url":"https:\/\/mastersofrealism.com\/de\/zeitgenoessische-niederlaendische-masters-anwenden\/","name":"Zeitgen\u00f6ssische niederl\u00e4ndische Masters anwenden - Masters of Realism","isPartOf":{"@id":"https:\/\/mastersofrealism.com\/#website"},"primaryImageOfPage":{"@id":"https:\/\/mastersofrealism.com\/de\/zeitgenoessische-niederlaendische-masters-anwenden\/#primaryimage"},"image":{"@id":"https:\/\/mastersofrealism.com\/de\/zeitgenoessische-niederlaendische-masters-anwenden\/#primaryimage"},"thumbnailUrl":"https:\/\/mastersofrealism.com\/wp-content\/uploads\/2024\/09\/Square_Book_Mockup_transparant-2-768x524.png","datePublished":"2024-09-24T13:05:06+00:00","dateModified":"2026-02-23T13:57:44+00:00","breadcrumb":{"@id":"https:\/\/mastersofrealism.com\/de\/zeitgenoessische-niederlaendische-masters-anwenden\/#breadcrumb"},"inLanguage":"de","potentialAction":[{"@type":"ReadAction","target":["https:\/\/mastersofrealism.com\/de\/zeitgenoessische-niederlaendische-masters-anwenden\/"]}]},{"@type":"ImageObject","inLanguage":"de","@id":"https:\/\/mastersofrealism.com\/de\/zeitgenoessische-niederlaendische-masters-anwenden\/#primaryimage","url":"https:\/\/mastersofrealism.com\/wp-content\/uploads\/2024\/09\/Square_Book_Mockup_transparant-2-768x524.png","contentUrl":"https:\/\/mastersofrealism.com\/wp-content\/uploads\/2024\/09\/Square_Book_Mockup_transparant-2-768x524.png"},{"@type":"BreadcrumbList","@id":"https:\/\/mastersofrealism.com\/de\/zeitgenoessische-niederlaendische-masters-anwenden\/#breadcrumb","itemListElement":[{"@type":"ListItem","position":1,"name":"Home","item":"https:\/\/mastersofrealism.com\/de\/home\/"},{"@type":"ListItem","position":2,"name":"Zeitgen\u00f6ssische niederl\u00e4ndische Masters anwenden"}]},{"@type":"WebSite","@id":"https:\/\/mastersofrealism.com\/#website","url":"https:\/\/mastersofrealism.com\/","name":"Masters of Realism","description":"","publisher":{"@id":"https:\/\/mastersofrealism.com\/#organization"},"potentialAction":[{"@type":"SearchAction","target":{"@type":"EntryPoint","urlTemplate":"https:\/\/mastersofrealism.com\/?s={search_term_string}"},"query-input":{"@type":"PropertyValueSpecification","valueRequired":true,"valueName":"search_term_string"}}],"inLanguage":"de"},{"@type":"Organization","@id":"https:\/\/mastersofrealism.com\/#organization","name":"Masters of Realism","url":"https:\/\/mastersofrealism.com\/","logo":{"@type":"ImageObject","inLanguage":"de","@id":"https:\/\/mastersofrealism.com\/#\/schema\/logo\/image\/","url":"https:\/\/mastersofrealism.com\/wp-content\/uploads\/2023\/11\/cropped-Logo-meesters-van-het-realisme-1-e1701774067476.png","contentUrl":"https:\/\/mastersofrealism.com\/wp-content\/uploads\/2023\/11\/cropped-Logo-meesters-van-het-realisme-1-e1701774067476.png","width":506,"height":318,"caption":"Masters of Realism"},"image":{"@id":"https:\/\/mastersofrealism.com\/#\/schema\/logo\/image\/"}}]}},"_links":{"self":[{"href":"https:\/\/mastersofrealism.com\/de\/wp-json\/wp\/v2\/pages\/15755","targetHints":{"allow":["GET"]}}],"collection":[{"href":"https:\/\/mastersofrealism.com\/de\/wp-json\/wp\/v2\/pages"}],"about":[{"href":"https:\/\/mastersofrealism.com\/de\/wp-json\/wp\/v2\/types\/page"}],"author":[{"embeddable":true,"href":"https:\/\/mastersofrealism.com\/de\/wp-json\/wp\/v2\/users\/57"}],"replies":[{"embeddable":true,"href":"https:\/\/mastersofrealism.com\/de\/wp-json\/wp\/v2\/comments?post=15755"}],"version-history":[{"count":1,"href":"https:\/\/mastersofrealism.com\/de\/wp-json\/wp\/v2\/pages\/15755\/revisions"}],"predecessor-version":[{"id":15759,"href":"https:\/\/mastersofrealism.com\/de\/wp-json\/wp\/v2\/pages\/15755\/revisions\/15759"}],"wp:attachment":[{"href":"https:\/\/mastersofrealism.com\/de\/wp-json\/wp\/v2\/media?parent=15755"}],"curies":[{"name":"wp","href":"https:\/\/api.w.org\/{rel}","templated":true}]}}