{"id":15760,"date":"2024-10-17T15:58:46","date_gmt":"2024-10-17T13:58:46","guid":{"rendered":"https:\/\/mastersofrealism.com\/teilnahmebedingungen-contemporary-dutch-masters\/"},"modified":"2026-02-23T14:57:44","modified_gmt":"2026-02-23T13:57:44","slug":"teilnahmebedingungen-contemporary-dutch-masters","status":"publish","type":"page","link":"https:\/\/mastersofrealism.com\/de\/teilnahmebedingungen-contemporary-dutch-masters\/","title":{"rendered":"Teilnahmebedingungen Contemporary Dutch Masters"},"content":{"rendered":"\t\t<div data-elementor-type=\"wp-page\" data-elementor-id=\"15760\" class=\"elementor elementor-15760 elementor-10204\" data-elementor-post-type=\"page\">\n\t\t\t\t\t\t<section class=\"elementor-section elementor-top-section elementor-element elementor-element-9177080 elementor-section-boxed elementor-section-height-default elementor-section-height-default\" data-id=\"9177080\" data-element_type=\"section\" data-e-type=\"section\" data-settings=\"{&quot;jet_parallax_layout_list&quot;:[{&quot;jet_parallax_layout_image&quot;:{&quot;url&quot;:&quot;&quot;,&quot;id&quot;:&quot;&quot;,&quot;size&quot;:&quot;&quot;},&quot;_id&quot;:&quot;5b6044a&quot;,&quot;jet_parallax_layout_image_tablet&quot;:{&quot;url&quot;:&quot;&quot;,&quot;id&quot;:&quot;&quot;,&quot;size&quot;:&quot;&quot;},&quot;jet_parallax_layout_image_mobile&quot;:{&quot;url&quot;:&quot;&quot;,&quot;id&quot;:&quot;&quot;,&quot;size&quot;:&quot;&quot;},&quot;jet_parallax_layout_speed&quot;:{&quot;unit&quot;:&quot;%&quot;,&quot;size&quot;:50,&quot;sizes&quot;:[]},&quot;jet_parallax_layout_type&quot;:&quot;scroll&quot;,&quot;jet_parallax_layout_direction&quot;:&quot;1&quot;,&quot;jet_parallax_layout_fx_direction&quot;:null,&quot;jet_parallax_layout_z_index&quot;:&quot;&quot;,&quot;jet_parallax_layout_bg_x&quot;:50,&quot;jet_parallax_layout_bg_x_tablet&quot;:&quot;&quot;,&quot;jet_parallax_layout_bg_x_mobile&quot;:&quot;&quot;,&quot;jet_parallax_layout_bg_y&quot;:50,&quot;jet_parallax_layout_bg_y_tablet&quot;:&quot;&quot;,&quot;jet_parallax_layout_bg_y_mobile&quot;:&quot;&quot;,&quot;jet_parallax_layout_bg_size&quot;:&quot;auto&quot;,&quot;jet_parallax_layout_bg_size_tablet&quot;:&quot;&quot;,&quot;jet_parallax_layout_bg_size_mobile&quot;:&quot;&quot;,&quot;jet_parallax_layout_animation_prop&quot;:&quot;transform&quot;,&quot;jet_parallax_layout_on&quot;:[&quot;desktop&quot;,&quot;tablet&quot;]}],&quot;background_background&quot;:&quot;classic&quot;}\">\n\t\t\t\t\t\t<div class=\"elementor-container elementor-column-gap-no\">\n\t\t\t\t\t<div class=\"elementor-column elementor-col-100 elementor-top-column elementor-element elementor-element-f5515f4\" data-id=\"f5515f4\" data-element_type=\"column\" data-e-type=\"column\">\n\t\t\t<div class=\"elementor-widget-wrap elementor-element-populated\">\n\t\t\t\t\t\t<div class=\"elementor-element elementor-element-7631cc2 elementor-widget elementor-widget-heading\" data-id=\"7631cc2\" data-element_type=\"widget\" data-e-type=\"widget\" data-widget_type=\"heading.default\">\n\t\t\t\t<div class=\"elementor-widget-container\">\n\t\t\t\t\t<h1 class=\"elementor-heading-title elementor-size-default\">Teilnahmebedingungen Contemporary Dutch Masters<\/h1>\t\t\t\t<\/div>\n\t\t\t\t<\/div>\n\t\t\t\t\t<\/div>\n\t\t<\/div>\n\t\t\t\t\t<\/div>\n\t\t<\/section>\n\t\t<div class=\"elementor-element elementor-element-4bb1492b e-flex e-con-boxed e-con e-parent\" data-id=\"4bb1492b\" data-element_type=\"container\" data-e-type=\"container\" data-settings=\"{&quot;jet_parallax_layout_list&quot;:[]}\">\n\t\t\t\t\t<div class=\"e-con-inner\">\n\t\t\t\t<div class=\"elementor-element elementor-element-5862fa2a elementor-widget elementor-widget-text-editor\" data-id=\"5862fa2a\" data-element_type=\"widget\" data-e-type=\"widget\" data-widget_type=\"text-editor.default\">\n\t\t\t\t<div class=\"elementor-widget-container\">\n\t\t\t\t\t\t\t\t\t<h3 style=\"font-weight: 400;\"><strong>Teilnahmebedingungen<\/strong> f\u00fcr das Buch<\/h3><h2 style=\"font-weight: 400;\"><strong>Zeitgen\u00f6ssische niederl\u00e4ndische Masters<\/strong><\/h2><ol><li style=\"font-weight: 400;\"><strong>  Allgemeines.<\/strong><\/li><li style=\"font-weight: 400;\"><strong>  Beantragen Sie die Teilnahme.<\/strong><\/li><li style=\"font-weight: 400;\"><strong>  Abmeldung von der Teilnahme.<\/strong><\/li><li style=\"font-weight: 400;\"><strong>  Die Pr\u00e4sentationen.<\/strong><\/li><li style=\"font-weight: 400;\"><strong>  Das Buch.  <\/strong><\/li><li style=\"font-weight: 400;\"><strong>  Kosten.<\/strong><\/li><li style=\"font-weight: 400;\"><strong>  Sonstige Bestimmungen.<\/strong><\/li><\/ol><ol><li style=\"font-weight: 400;\"> <strong>Allgemeines.<\/strong><br>1a. Das Buch Contemporary Dutch Masters (im Folgenden: das Buch) bietet etwa 70 <em>Masters of Realism<\/em> die M\u00f6glichkeit, sich in einem exklusiven Buch mit hoher Auflage einem gro\u00dfen und interessierten Publikum zu pr\u00e4sentieren.<br>1b. <em>Masters of Realism<\/em> k\u00f6nnen sich in dem Buch mit einem Interview oder einer Pr\u00e4sentation von 1, 2 oder 3 Seiten vorstellen.<br>1c. F\u00fcr die Zusammenstellung und Ver\u00f6ffentlichung des Buches ist De Kunst Collega&#8217;s BV (im Folgenden: Herausgeber) verantwortlich.<br>1d. Das Buch wird alle zwei Jahre in der ersten M\u00e4rzh\u00e4lfte ver\u00f6ffentlicht.<br>1e. <em>Masters of Realism<\/em>, die sich in dem Buch pr\u00e4sentieren m\u00f6chten, akzeptieren diese Teilnahmebedingungen vollst\u00e4ndig und bedingungslos.     <\/li><\/ol><ol start=\"2\"><li style=\"font-weight: 400;\"> <strong>Bewerbung f\u00fcr die Teilnahme.<\/strong><br>2a. <em>Masters of Realism<\/em> bewerben sich f\u00fcr eine Pr\u00e4sentation im Buch, indem sie das vollst\u00e4ndig ausgef\u00fcllte Anmeldeformular einreichen.<br>2b. Sie k\u00f6nnen sich \u00fcber die Website der <em>Masters of Realism<\/em> anmelden: <a href=\"https:\/\/mastersofrealism.com\/de\/zeitgenoessische-niederlaendische-masters-anwenden\/\">https:\/\/mastersofrealism.com\/aanmelden-contemporary-dutch-masters\/<\/a><br>2c. Der Anmeldeschluss f\u00fcr ein Interview oder eine Pr\u00e4sentation ist alle zwei Jahre am 1. Dezember (ab 2024).<br>2d. Der Verlag kann eine Anmeldung f\u00fcr eine Pr\u00e4sentation ohne Angabe von Gr\u00fcnden ablehnen.<br>2e. Ein <em>Master of Realism<\/em>, der sich angemeldet hat und abgelehnt wird, hat keine Kosten zu tragen.      <\/li><\/ol><ol start=\"3\"><li style=\"font-weight: 400;\"> <strong>Abmeldung von der Teilnahme.<\/strong><br>3a. Die Abmeldung von der Teilnahme muss per E-Mail oder auf dem Postweg erfolgen. Die Abmeldung wird von der Organisation immer innerhalb weniger Arbeitstage best\u00e4tigt.<br>3b. Die Abmeldung ist bis zu 5 Arbeitstage nach der Anmeldung kostenlos m\u00f6glich.<br>3c. Eine Abmeldung innerhalb von 5 Arbeitstagen bis 1 Monat nach der Anmeldung ist f\u00fcr 40% der mit der Pr\u00e4sentation verbundenen Kosten m\u00f6glich.<br>3d. Abmeldungen innerhalb von 1 und 2 Monaten nach der Anmeldung sind f\u00fcr 80% der mit der Pr\u00e4sentation verbundenen Kosten m\u00f6glich.<br>3e. Bei einer Abmeldung sp\u00e4ter als 2 Monate nach der Anmeldung werden die vollen Kosten f\u00e4llig.        <\/li><\/ol><ol start=\"4\"><li style=\"font-weight: 400;\"> <strong>Die Pr\u00e4sentationen.<\/strong><br>4a. Um die Qualit\u00e4t der Pr\u00e4sentationen und damit zu einem gro\u00dfen Teil die Qualit\u00e4t des Buches zu gew\u00e4hrleisten, m\u00fcssen die Fotos Qualit\u00e4tsanforderungen erf\u00fcllen, die zum Teil in Bezug auf die bildtechnischen Qualit\u00e4ten (siehe 4f) und zum Teil in einem qualitativen\/k\u00fcnstlerischen Sinne festgelegt sind.<br>4b. Um ein harmonisches Layout zu erreichen, wird das Layout des Buches vom Designer festgelegt und \u00fcberwacht.<br>4c. Jede Pr\u00e4sentation im Buch auf 1 Seite besteht aus 1 Bild (d.h. 1 Gem\u00e4lde) plus der Bildunterschrift mit den Details des Gem\u00e4ldes. Dar\u00fcber hinaus werden die Website des K\u00fcnstlers und der Verkaufspreis des Gem\u00e4ldes genannt.<br>4d. Jede Pr\u00e4sentation im Buch auf 2 Seiten besteht aus 2 Bildern (d.h. 2 Gem\u00e4lden) plus den Bildunterschriften mit den Details zu den Gem\u00e4lden. Dar\u00fcber hinaus werden die Website des K\u00fcnstlers und die Verkaufspreise der Gem\u00e4lde genannt.<br>4e. Jede Pr\u00e4sentation im Buch auf 3 Seiten besteht aus 3 Bildern (d.h. 3 Gem\u00e4lden) plus den Bildunterschriften mit den Details zu den Gem\u00e4lden. Dar\u00fcber hinaus werden die Website des K\u00fcnstlers und die Verkaufspreise der Gem\u00e4lde genannt.<br>4f. Ein Interview im Buch umfasst 3 Seiten und wird per Telefon oder E-Mail von einem Journalisten \u00fcber den Herausgeber des Buches gef\u00fchrt. 3 Gem\u00e4lde werden ebenfalls mit einem Interview ver\u00f6ffentlicht<br>4g. Die Frist f\u00fcr die Einreichung des Fotos oder der Fotos f\u00fcr das Buch ist alle zwei Jahre am 1. Dezember (Beginn 2024).<br>4h. Das Foto oder die Fotos f\u00fcr die Pr\u00e4sentation oder das Interview m\u00fcssen \u00fcber das Formular hochgeladen werden und alle mindestens 300 dpi (jpeg oder tif) haben.<br>4i. Die Farben werden f\u00fcr den Druck in CMYK konvertiert, was zu einem gewissen Farbunterschied f\u00fchren kann.<br>4j. Der Verlag sorgt f\u00fcr ein harmonisches Layout aller Pr\u00e4sentationen.<br>4k. Alle Pr\u00e4sentationen werden den K\u00fcnstlern nach dem Layout und vor dem Druck zur \u00dcberpr\u00fcfung vorgelegt.<br>4l. Der Verleger bestimmt, wo im Buch die Pr\u00e4sentationen platziert werden.<br>4m. Bei versp\u00e4teter oder fehlerhafter Lieferung der Bilder erlischt das Recht auf Teilnahme und die Kosten bleiben f\u00e4llig.<br>4n. Wenn mehr Fotos per E-Mail geschickt werden, als in der Pr\u00e4sentation untergebracht werden k\u00f6nnen, w\u00e4hlt der Layouter eines der zugesandten Fotos aus.<br>4q. Die Fotos m\u00fcssen frei von Rechten sein und k\u00f6nnen ohne Kosten und\/oder Nennung des Fotografen platziert werden.<br>4r. Mit der Einsendung eines oder mehrerer Fotos wird die Erlaubnis erteilt, das Foto oder die Fotos ohne Entsch\u00e4digung f\u00fcr andere (Werbe-)Zwecke zugunsten des Buches zu verwenden, beispielsweise auf der Website der <em>Masters of Realism<\/em> oder in anderen (Werbe-)Ausdr\u00fccken zugunsten des Buches.                    <\/li><\/ol><ol start=\"5\"><li style=\"font-weight: 400;\"><strong>  Das Buch.  <\/strong><br>5a. Das Buch wird alle zwei Jahre Anfang M\u00e4rz ver\u00f6ffentlicht (beginnend im Jahr 2025).<br>5b. Das Buch soll in erster Linie <em>Masters of Realism<\/em> die M\u00f6glichkeit bieten, sich einem breiteren Publikum zu pr\u00e4sentieren. Es wird erwartet, dass das Buch vom Besitzer und auch von Mitlesern konsultiert und angesehen wird.<br>5c. Das Buch bietet die folgenden Pr\u00e4sentationsm\u00f6glichkeiten: 10 Interviews mit einem Umfang von 2 oder 3 Seiten. 20 Pr\u00e4sentationen mit 3 Seiten, 20 mit 2 Seiten und 20 mit 1 Seite. 1 Seite ist immer kostenlos.<br>5d. Die Pr\u00e4sentationen und Interviews werden in der Reihenfolge der Anmeldung vergeben.<br>5e. Das Buch umfasst ca. 150 Seiten, hat ein Format von 30 x 30 cm (=gr\u00f6\u00dfer als A4) und eine Auflage von 3.000 Exemplaren. Bei gro\u00dfem Interesse wird der Umfang des Buches erweitert.<br>5f. Sollte das Interesse an der Teilnahme an dem Buch nicht ausreichen oder sollte sich die Realisierung aus anderen Gr\u00fcnden als nicht durchf\u00fchrbar erweisen, beh\u00e4lt sich der Verlag das Recht vor, die Ver\u00f6ffentlichung zu verschieben oder abzusagen.          <\/li><\/ol><ol start=\"6\"><li style=\"font-weight: 400;\">  <strong> Kosten.<br><\/strong>6a. Die K\u00fcnstler schulden einen Kostenbeitrag f\u00fcr ihre Pr\u00e4sentation oder ihr Interview im Buch mit Angabe ihrer Daten und 1 bis 3 Farbfotos ihrer Arbeit.<br>6b. Die Teilnahme ist m\u00f6glich mit: einem 3-seitigen Interview (\u20ac 650), einer 3-seitigen Pr\u00e4sentation (\u20ac 520), einer 2-seitigen Pr\u00e4sentation (\u20ac 260), einer 1-seitigen Pr\u00e4sentation (kostenlos).<br>6e. Eine Pr\u00e4sentation mit 1 Seite enth\u00e4lt kein Buch; eine Pr\u00e4sentation mit 2 Seiten enth\u00e4lt 3 B\u00fccher; eine Pr\u00e4sentation mit 3 Seiten oder ein Interview enth\u00e4lt 6 B\u00fccher.<br>6f. Im Falle einer kostenpflichtigen Teilnahme erfolgt diese unmittelbar nach der Anmeldung. Der K\u00fcnstler erh\u00e4lt nach der Zahlung eine Rechnung per E-Mail.<br>6g. Bis zu sechs Wochen vor der Ver\u00f6ffentlichung des Buches k\u00f6nnen K\u00fcnstler, die sich im Buch pr\u00e4sentieren, zus\u00e4tzliche B\u00fccher mit einem hohen Vorbestellungsrabatt kaufen.<br>6h. Der Kostenbeitrag umfasst das Layout der Seite oder Seiten.<br>6i. Alle Kosten f\u00fcr die Zusammenstellung, den Druck und den Vertrieb des Buches werden vom Verlag getragen.<br>6j. Alle Kosten f\u00fcr den Verkauf und die Werbung f\u00fcr das Buch gehen zu Lasten des Herausgebers.         <\/li><\/ol><ol start=\"7\"><li style=\"font-weight: 400;\"> <strong>Sonstige Bestimmungen.<\/strong><br>7a. Die in diesen Teilnahmebedingungen enthaltenen Bestimmungen k\u00f6nnen vom Herausgeber ohne weitere Mitteilung angepasst werden.<br>7b. Vereinbarungen, die vor der Anpassung der Teilnahmebedingungen getroffen wurden, bleiben mit den vor der Anpassung der Teilnahmebedingungen geltenden Bedingungen in Kraft.<br>7c. In unvorhergesehenen F\u00e4llen wird der Verlag nach bestem Wissen und Gewissen entscheiden und handeln.<br>7d. Bei Meinungsverschiedenheiten \u00fcber die Auslegung der vorliegenden Bedingungen ist das Urteil des Herausgebers ausschlaggebend.<br>7e. Auf diese Teilnahmebedingungen findet niederl\u00e4ndisches Recht Anwendung.     <\/li><\/ol>\t\t\t\t\t\t\t\t<\/div>\n\t\t\t\t<\/div>\n\t\t\t\t\t<\/div>\n\t\t\t\t<\/div>\n\t\t\t\t<\/div>\n\t\t","protected":false},"excerpt":{"rendered":"<p>Teilnahmebedingungen f\u00fcr das Buch Zeitgen\u00f6ssische niederl\u00e4ndische Masters Allgemeines. Beantragen Sie die Teilnahme. Abmeldung von der Teilnahme. Die Pr\u00e4sentationen. Das Buch. Kosten. Sonstige Bestimmungen. Allgemeines.1a. Das Buch Contemporary Dutch Masters (im Folgenden: das Buch) bietet etwa 70 Masters of Realism die M\u00f6glichkeit, sich in einem exklusiven Buch mit hoher Auflage einem gro\u00dfen und interessierten Publikum zu [&hellip;]<\/p>\n","protected":false},"author":57,"featured_media":0,"parent":0,"menu_order":0,"comment_status":"closed","ping_status":"closed","template":"full-width.php","meta":{"_acf_changed":false,"footnotes":""},"class_list":["post-15760","page","type-page","status-publish","hentry"],"acf":[],"yoast_head":"<!-- This site is optimized with the Yoast SEO plugin v27.2 - https:\/\/yoast.com\/product\/yoast-seo-wordpress\/ -->\n<title>Teilnahmebedingungen Contemporary Dutch Masters - Masters of Realism<\/title>\n<meta name=\"robots\" content=\"index, follow, max-snippet:-1, max-image-preview:large, max-video-preview:-1\" \/>\n<link rel=\"canonical\" href=\"https:\/\/mastersofrealism.com\/de\/teilnahmebedingungen-contemporary-dutch-masters\/\" \/>\n<meta property=\"og:locale\" content=\"de_DE\" \/>\n<meta property=\"og:type\" content=\"article\" \/>\n<meta property=\"og:title\" content=\"Teilnahmebedingungen Contemporary Dutch Masters - Masters of Realism\" \/>\n<meta property=\"og:description\" content=\"Teilnahmebedingungen f\u00fcr das Buch Zeitgen\u00f6ssische niederl\u00e4ndische Masters Allgemeines. Beantragen Sie die Teilnahme. Abmeldung von der Teilnahme. Die Pr\u00e4sentationen. Das Buch. Kosten. Sonstige Bestimmungen. Allgemeines.1a. Das Buch Contemporary Dutch Masters (im Folgenden: das Buch) bietet etwa 70 Masters of Realism die M\u00f6glichkeit, sich in einem exklusiven Buch mit hoher Auflage einem gro\u00dfen und interessierten Publikum zu [&hellip;]\" \/>\n<meta property=\"og:url\" content=\"https:\/\/mastersofrealism.com\/de\/teilnahmebedingungen-contemporary-dutch-masters\/\" \/>\n<meta property=\"og:site_name\" content=\"Masters of Realism\" \/>\n<meta property=\"article:modified_time\" content=\"2026-02-23T13:57:44+00:00\" \/>\n<meta property=\"og:image\" content=\"https:\/\/mastersofrealism.com\/wp-content\/uploads\/2023\/11\/cropped-Logo-meesters-van-het-realisme-1-e1701774067476.png\" \/>\n\t<meta property=\"og:image:width\" content=\"506\" \/>\n\t<meta property=\"og:image:height\" content=\"318\" \/>\n\t<meta property=\"og:image:type\" content=\"image\/png\" \/>\n<meta name=\"twitter:card\" content=\"summary_large_image\" \/>\n<meta name=\"twitter:label1\" content=\"Gesch\u00e4tzte Lesezeit\" \/>\n\t<meta name=\"twitter:data1\" content=\"6\u00a0Minute\" \/>\n<script type=\"application\/ld+json\" class=\"yoast-schema-graph\">{\"@context\":\"https:\/\/schema.org\",\"@graph\":[{\"@type\":\"WebPage\",\"@id\":\"https:\/\/mastersofrealism.com\/de\/teilnahmebedingungen-contemporary-dutch-masters\/\",\"url\":\"https:\/\/mastersofrealism.com\/de\/teilnahmebedingungen-contemporary-dutch-masters\/\",\"name\":\"Teilnahmebedingungen Contemporary Dutch Masters - Masters of Realism\",\"isPartOf\":{\"@id\":\"https:\/\/mastersofrealism.com\/#website\"},\"datePublished\":\"2024-10-17T13:58:46+00:00\",\"dateModified\":\"2026-02-23T13:57:44+00:00\",\"breadcrumb\":{\"@id\":\"https:\/\/mastersofrealism.com\/de\/teilnahmebedingungen-contemporary-dutch-masters\/#breadcrumb\"},\"inLanguage\":\"de\",\"potentialAction\":[{\"@type\":\"ReadAction\",\"target\":[\"https:\/\/mastersofrealism.com\/de\/teilnahmebedingungen-contemporary-dutch-masters\/\"]}]},{\"@type\":\"BreadcrumbList\",\"@id\":\"https:\/\/mastersofrealism.com\/de\/teilnahmebedingungen-contemporary-dutch-masters\/#breadcrumb\",\"itemListElement\":[{\"@type\":\"ListItem\",\"position\":1,\"name\":\"Home\",\"item\":\"https:\/\/mastersofrealism.com\/de\/home\/\"},{\"@type\":\"ListItem\",\"position\":2,\"name\":\"Teilnahmebedingungen Contemporary Dutch Masters\"}]},{\"@type\":\"WebSite\",\"@id\":\"https:\/\/mastersofrealism.com\/#website\",\"url\":\"https:\/\/mastersofrealism.com\/\",\"name\":\"Masters of Realism\",\"description\":\"\",\"publisher\":{\"@id\":\"https:\/\/mastersofrealism.com\/#organization\"},\"potentialAction\":[{\"@type\":\"SearchAction\",\"target\":{\"@type\":\"EntryPoint\",\"urlTemplate\":\"https:\/\/mastersofrealism.com\/?s={search_term_string}\"},\"query-input\":{\"@type\":\"PropertyValueSpecification\",\"valueRequired\":true,\"valueName\":\"search_term_string\"}}],\"inLanguage\":\"de\"},{\"@type\":\"Organization\",\"@id\":\"https:\/\/mastersofrealism.com\/#organization\",\"name\":\"Masters of Realism\",\"url\":\"https:\/\/mastersofrealism.com\/\",\"logo\":{\"@type\":\"ImageObject\",\"inLanguage\":\"de\",\"@id\":\"https:\/\/mastersofrealism.com\/#\/schema\/logo\/image\/\",\"url\":\"https:\/\/mastersofrealism.com\/wp-content\/uploads\/2023\/11\/cropped-Logo-meesters-van-het-realisme-1-e1701774067476.png\",\"contentUrl\":\"https:\/\/mastersofrealism.com\/wp-content\/uploads\/2023\/11\/cropped-Logo-meesters-van-het-realisme-1-e1701774067476.png\",\"width\":506,\"height\":318,\"caption\":\"Masters of Realism\"},\"image\":{\"@id\":\"https:\/\/mastersofrealism.com\/#\/schema\/logo\/image\/\"}}]}<\/script>\n<!-- \/ Yoast SEO plugin. -->","yoast_head_json":{"title":"Teilnahmebedingungen Contemporary Dutch Masters - Masters of Realism","robots":{"index":"index","follow":"follow","max-snippet":"max-snippet:-1","max-image-preview":"max-image-preview:large","max-video-preview":"max-video-preview:-1"},"canonical":"https:\/\/mastersofrealism.com\/de\/teilnahmebedingungen-contemporary-dutch-masters\/","og_locale":"de_DE","og_type":"article","og_title":"Teilnahmebedingungen Contemporary Dutch Masters - Masters of Realism","og_description":"Teilnahmebedingungen f\u00fcr das Buch Zeitgen\u00f6ssische niederl\u00e4ndische Masters Allgemeines. Beantragen Sie die Teilnahme. Abmeldung von der Teilnahme. Die Pr\u00e4sentationen. Das Buch. Kosten. Sonstige Bestimmungen. Allgemeines.1a. Das Buch Contemporary Dutch Masters (im Folgenden: das Buch) bietet etwa 70 Masters of Realism die M\u00f6glichkeit, sich in einem exklusiven Buch mit hoher Auflage einem gro\u00dfen und interessierten Publikum zu [&hellip;]","og_url":"https:\/\/mastersofrealism.com\/de\/teilnahmebedingungen-contemporary-dutch-masters\/","og_site_name":"Masters of Realism","article_modified_time":"2026-02-23T13:57:44+00:00","og_image":[{"width":506,"height":318,"url":"https:\/\/mastersofrealism.com\/wp-content\/uploads\/2023\/11\/cropped-Logo-meesters-van-het-realisme-1-e1701774067476.png","type":"image\/png"}],"twitter_card":"summary_large_image","twitter_misc":{"Gesch\u00e4tzte Lesezeit":"6\u00a0Minute"},"schema":{"@context":"https:\/\/schema.org","@graph":[{"@type":"WebPage","@id":"https:\/\/mastersofrealism.com\/de\/teilnahmebedingungen-contemporary-dutch-masters\/","url":"https:\/\/mastersofrealism.com\/de\/teilnahmebedingungen-contemporary-dutch-masters\/","name":"Teilnahmebedingungen Contemporary Dutch Masters - Masters of Realism","isPartOf":{"@id":"https:\/\/mastersofrealism.com\/#website"},"datePublished":"2024-10-17T13:58:46+00:00","dateModified":"2026-02-23T13:57:44+00:00","breadcrumb":{"@id":"https:\/\/mastersofrealism.com\/de\/teilnahmebedingungen-contemporary-dutch-masters\/#breadcrumb"},"inLanguage":"de","potentialAction":[{"@type":"ReadAction","target":["https:\/\/mastersofrealism.com\/de\/teilnahmebedingungen-contemporary-dutch-masters\/"]}]},{"@type":"BreadcrumbList","@id":"https:\/\/mastersofrealism.com\/de\/teilnahmebedingungen-contemporary-dutch-masters\/#breadcrumb","itemListElement":[{"@type":"ListItem","position":1,"name":"Home","item":"https:\/\/mastersofrealism.com\/de\/home\/"},{"@type":"ListItem","position":2,"name":"Teilnahmebedingungen Contemporary Dutch Masters"}]},{"@type":"WebSite","@id":"https:\/\/mastersofrealism.com\/#website","url":"https:\/\/mastersofrealism.com\/","name":"Masters of Realism","description":"","publisher":{"@id":"https:\/\/mastersofrealism.com\/#organization"},"potentialAction":[{"@type":"SearchAction","target":{"@type":"EntryPoint","urlTemplate":"https:\/\/mastersofrealism.com\/?s={search_term_string}"},"query-input":{"@type":"PropertyValueSpecification","valueRequired":true,"valueName":"search_term_string"}}],"inLanguage":"de"},{"@type":"Organization","@id":"https:\/\/mastersofrealism.com\/#organization","name":"Masters of Realism","url":"https:\/\/mastersofrealism.com\/","logo":{"@type":"ImageObject","inLanguage":"de","@id":"https:\/\/mastersofrealism.com\/#\/schema\/logo\/image\/","url":"https:\/\/mastersofrealism.com\/wp-content\/uploads\/2023\/11\/cropped-Logo-meesters-van-het-realisme-1-e1701774067476.png","contentUrl":"https:\/\/mastersofrealism.com\/wp-content\/uploads\/2023\/11\/cropped-Logo-meesters-van-het-realisme-1-e1701774067476.png","width":506,"height":318,"caption":"Masters of Realism"},"image":{"@id":"https:\/\/mastersofrealism.com\/#\/schema\/logo\/image\/"}}]}},"_links":{"self":[{"href":"https:\/\/mastersofrealism.com\/de\/wp-json\/wp\/v2\/pages\/15760","targetHints":{"allow":["GET"]}}],"collection":[{"href":"https:\/\/mastersofrealism.com\/de\/wp-json\/wp\/v2\/pages"}],"about":[{"href":"https:\/\/mastersofrealism.com\/de\/wp-json\/wp\/v2\/types\/page"}],"author":[{"embeddable":true,"href":"https:\/\/mastersofrealism.com\/de\/wp-json\/wp\/v2\/users\/57"}],"replies":[{"embeddable":true,"href":"https:\/\/mastersofrealism.com\/de\/wp-json\/wp\/v2\/comments?post=15760"}],"version-history":[{"count":1,"href":"https:\/\/mastersofrealism.com\/de\/wp-json\/wp\/v2\/pages\/15760\/revisions"}],"predecessor-version":[{"id":15761,"href":"https:\/\/mastersofrealism.com\/de\/wp-json\/wp\/v2\/pages\/15760\/revisions\/15761"}],"wp:attachment":[{"href":"https:\/\/mastersofrealism.com\/de\/wp-json\/wp\/v2\/media?parent=15760"}],"curies":[{"name":"wp","href":"https:\/\/api.w.org\/{rel}","templated":true}]}}