{"id":16929,"date":"2026-03-13T08:33:04","date_gmt":"2026-03-13T07:33:04","guid":{"rendered":"https:\/\/mastersofrealism.com\/?page_id=16929"},"modified":"2026-03-13T08:41:56","modified_gmt":"2026-03-13T07:41:56","slug":"willkommene-geschenke-3","status":"publish","type":"page","link":"https:\/\/mastersofrealism.com\/de\/willkommene-geschenke-3\/","title":{"rendered":"Alt-Holland"},"content":{"rendered":"\t\t<div data-elementor-type=\"wp-page\" data-elementor-id=\"16929\" class=\"elementor elementor-16929 elementor-16926\" data-elementor-post-type=\"page\">\n\t\t\t\t\t\t<section class=\"elementor-section elementor-top-section elementor-element elementor-element-74c3de8d elementor-section-boxed elementor-section-height-default elementor-section-height-default\" data-id=\"74c3de8d\" data-element_type=\"section\" data-e-type=\"section\" data-settings=\"{&quot;jet_parallax_layout_list&quot;:[{&quot;jet_parallax_layout_image&quot;:{&quot;url&quot;:&quot;&quot;,&quot;id&quot;:&quot;&quot;,&quot;size&quot;:&quot;&quot;},&quot;_id&quot;:&quot;5b6044a&quot;,&quot;jet_parallax_layout_image_tablet&quot;:{&quot;url&quot;:&quot;&quot;,&quot;id&quot;:&quot;&quot;,&quot;size&quot;:&quot;&quot;},&quot;jet_parallax_layout_image_mobile&quot;:{&quot;url&quot;:&quot;&quot;,&quot;id&quot;:&quot;&quot;,&quot;size&quot;:&quot;&quot;},&quot;jet_parallax_layout_speed&quot;:{&quot;unit&quot;:&quot;%&quot;,&quot;size&quot;:50,&quot;sizes&quot;:[]},&quot;jet_parallax_layout_type&quot;:&quot;scroll&quot;,&quot;jet_parallax_layout_direction&quot;:&quot;1&quot;,&quot;jet_parallax_layout_fx_direction&quot;:null,&quot;jet_parallax_layout_z_index&quot;:&quot;&quot;,&quot;jet_parallax_layout_bg_x&quot;:50,&quot;jet_parallax_layout_bg_x_tablet&quot;:&quot;&quot;,&quot;jet_parallax_layout_bg_x_mobile&quot;:&quot;&quot;,&quot;jet_parallax_layout_bg_y&quot;:50,&quot;jet_parallax_layout_bg_y_tablet&quot;:&quot;&quot;,&quot;jet_parallax_layout_bg_y_mobile&quot;:&quot;&quot;,&quot;jet_parallax_layout_bg_size&quot;:&quot;auto&quot;,&quot;jet_parallax_layout_bg_size_tablet&quot;:&quot;&quot;,&quot;jet_parallax_layout_bg_size_mobile&quot;:&quot;&quot;,&quot;jet_parallax_layout_animation_prop&quot;:&quot;transform&quot;,&quot;jet_parallax_layout_on&quot;:[&quot;desktop&quot;,&quot;tablet&quot;]}],&quot;background_background&quot;:&quot;classic&quot;}\">\n\t\t\t\t\t\t<div class=\"elementor-container elementor-column-gap-no\">\n\t\t\t\t\t<div class=\"elementor-column elementor-col-100 elementor-top-column elementor-element elementor-element-33fb6b5\" data-id=\"33fb6b5\" data-element_type=\"column\" data-e-type=\"column\">\n\t\t\t<div class=\"elementor-widget-wrap elementor-element-populated\">\n\t\t\t\t\t\t<div class=\"elementor-element elementor-element-57e0187f elementor-widget elementor-widget-heading\" data-id=\"57e0187f\" data-element_type=\"widget\" data-e-type=\"widget\" data-widget_type=\"heading.default\">\n\t\t\t\t<div class=\"elementor-widget-container\">\n\t\t\t\t\t<h1 class=\"elementor-heading-title elementor-size-default\">Alt-Holland<\/h1>\t\t\t\t<\/div>\n\t\t\t\t<\/div>\n\t\t\t\t\t<\/div>\n\t\t<\/div>\n\t\t\t\t\t<\/div>\n\t\t<\/section>\n\t\t<div class=\"elementor-element elementor-element-16213d0 e-flex e-con-boxed e-con e-parent\" data-id=\"16213d0\" data-element_type=\"container\" data-e-type=\"container\" data-settings=\"{&quot;jet_parallax_layout_list&quot;:[]}\">\n\t\t\t\t\t<div class=\"e-con-inner\">\n\t\t\t\t<div class=\"elementor-element elementor-element-9f8e758 elementor-widget elementor-widget-text-editor\" data-id=\"9f8e758\" data-element_type=\"widget\" data-e-type=\"widget\" data-widget_type=\"text-editor.default\">\n\t\t\t\t<div class=\"elementor-widget-container\">\n\t\t\t\t\t\t\t\t\t<h4><strong>Hier finden Sie weitere Informationen \u00fcber das spezielle Old Holland Gray Scale Set exklusiv f\u00fcr die <em>Masters of Realism.<\/em><\/strong><\/h4>\t\t\t\t\t\t\t\t<\/div>\n\t\t\t\t<\/div>\n\t\t\t\t\t<\/div>\n\t\t\t\t<\/div>\n\t\t<div class=\"elementor-element elementor-element-0c62d71 e-flex e-con-boxed e-con e-parent\" data-id=\"0c62d71\" data-element_type=\"container\" data-e-type=\"container\" data-settings=\"{&quot;jet_parallax_layout_list&quot;:[]}\">\n\t\t\t\t\t<div class=\"e-con-inner\">\n\t\t<div class=\"elementor-element elementor-element-71b03e6 e-con-full e-flex e-con e-child\" data-id=\"71b03e6\" data-element_type=\"container\" data-e-type=\"container\" data-settings=\"{&quot;jet_parallax_layout_list&quot;:[]}\">\n\t\t\t\t<div class=\"elementor-element elementor-element-c8b8bbf elementor-widget elementor-widget-text-editor\" data-id=\"c8b8bbf\" data-element_type=\"widget\" data-e-type=\"widget\" data-widget_type=\"text-editor.default\">\n\t\t\t\t<div class=\"elementor-widget-container\">\n\t\t\t\t\t\t\t\t\t<h3 style=\"font-weight: 400;\">Old Holland Gray Tone Set<\/h3><p style=\"font-weight: 400;\">Entdecken Sie die subtile Kraft der Nuancen mit dem neuen Old Holland Gray Tone Set. Dieses Set ist unverzichtbar f\u00fcr K\u00fcnstler, die sich auf die grundlegende Technik des Malens in Graut\u00f6nen spezialisieren m\u00f6chten. <\/p><p style=\"font-weight: 400;\">Das Set enth\u00e4lt vier einzigartige, professionelle Graut\u00f6ne von Old Holland Classic \u00d6lfarbe in 40 ml-Tuben: Light Gray Extreme, Light Gray Moderate, Shadow Gray Moderate und Shadow Gray Extreme.<\/p><p style=\"font-weight: 400;\">Wie alle Old Holland Classic Oil Colors enthalten auch diese Tuben die h\u00f6chstm\u00f6gliche Konzentration an Pigmenten f\u00fcr eine hervorragende Deckkraft und Verarbeitbarkeit.<\/p>\t\t\t\t\t\t\t\t<\/div>\n\t\t\t\t<\/div>\n\t\t\t\t<\/div>\n\t\t<div class=\"elementor-element elementor-element-44b8bef e-con-full e-flex e-con e-child\" data-id=\"44b8bef\" data-element_type=\"container\" data-e-type=\"container\" data-settings=\"{&quot;jet_parallax_layout_list&quot;:[]}\">\n\t\t\t\t<div class=\"elementor-element elementor-element-b99b8ae elementor-widget elementor-widget-image\" data-id=\"b99b8ae\" data-element_type=\"widget\" data-e-type=\"widget\" data-widget_type=\"image.default\">\n\t\t\t\t<div class=\"elementor-widget-container\">\n\t\t\t\t\t\t\t\t\t\t\t\t\t\t\t<img fetchpriority=\"high\" decoding=\"async\" width=\"501\" height=\"673\" src=\"https:\/\/mastersofrealism.com\/wp-content\/uploads\/2026\/03\/Old-Holland-Gray-Tone-set.png\" class=\"attachment-large size-large wp-image-16949\" alt=\"\" srcset=\"https:\/\/mastersofrealism.com\/wp-content\/uploads\/2026\/03\/Old-Holland-Gray-Tone-set.png 501w, https:\/\/mastersofrealism.com\/wp-content\/uploads\/2026\/03\/Old-Holland-Gray-Tone-set-223x300.png 223w\" sizes=\"(max-width: 501px) 100vw, 501px\" \/>\t\t\t\t\t\t\t\t\t\t\t\t\t\t\t<\/div>\n\t\t\t\t<\/div>\n\t\t\t\t<\/div>\n\t\t<div class=\"elementor-element elementor-element-17d0d72 e-con-full e-flex e-con e-child\" data-id=\"17d0d72\" data-element_type=\"container\" data-e-type=\"container\" data-settings=\"{&quot;jet_parallax_layout_list&quot;:[]}\">\n\t\t\t\t<div class=\"elementor-element elementor-element-60a78e2 elementor-widget elementor-widget-text-editor\" data-id=\"60a78e2\" data-element_type=\"widget\" data-e-type=\"widget\" data-widget_type=\"text-editor.default\">\n\t\t\t\t<div class=\"elementor-widget-container\">\n\t\t\t\t\t\t\t\t\t<p style=\"font-weight: 400;\">  Die Farbe ist garantiert lichtecht und ihre butterweiche Textur sorgt f\u00fcr einen perfekten Verlauf.<\/p><p style=\"font-weight: 400;\">Mit dem Kauf dieses Sets erhalten Sie <span style=\"text-decoration: underline;\"><strong>Zugang zu einem einzigartigen, zug\u00e4nglichen und inspirierenden englischsprachigen Grey Tone Video-Tutorial, das fast 10 Stunden dauert<\/strong><\/span>das speziell f\u00fcr dieses Set von Old Holland in Zusammenarbeit mit Kevin Murphy, dem Mitbegr\u00fcnder von Evolve Artist Inc. entwickelt wurde.<\/p><p style=\"font-weight: 400;\">Die 4 R\u00f6hren (Serie B) in diesem Set haben einen empfohlenen Verkaufspreis von 85,30 \u20ac.<\/p><p style=\"font-weight: 400;\"><strong><span style=\"color: #dfb169;\">Als <em>Masters of Realism<\/em> bieten wir dieses Set, einschlie\u00dflich des Zugangs zum Lehrvideo, f\u00fcr eine begrenzte Zeit zum Preis von <span style=\"color: #000000;\">69,00 \u20ac<\/span> an.<\/span><\/strong><\/p>\t\t\t\t\t\t\t\t<\/div>\n\t\t\t\t<\/div>\n\t\t\t\t<div class=\"elementor-element elementor-element-b29e37b elementor-align-center elementor-widget elementor-widget-button\" data-id=\"b29e37b\" data-element_type=\"widget\" data-e-type=\"widget\" data-widget_type=\"button.default\">\n\t\t\t\t<div class=\"elementor-widget-container\">\n\t\t\t\t\t\t\t\t\t<div class=\"elementor-button-wrapper\">\n\t\t\t\t\t<a class=\"elementor-button elementor-button-link elementor-size-sm\" href=\"https:\/\/mastersofrealism.com\/de\/willkommene-geschenke-2\/\">\n\t\t\t\t\t\t<span class=\"elementor-button-content-wrapper\">\n\t\t\t\t\t\t\t\t\t<span class=\"elementor-button-text\">Kaufen Sie dieses exklusive Set hier<\/span>\n\t\t\t\t\t<\/span>\n\t\t\t\t\t<\/a>\n\t\t\t\t<\/div>\n\t\t\t\t\t\t\t\t<\/div>\n\t\t\t\t<\/div>\n\t\t\t\t<\/div>\n\t\t\t\t\t<\/div>\n\t\t\t\t<\/div>\n\t\t\t\t<\/div>\n\t\t","protected":false},"excerpt":{"rendered":"<p>Hier finden Sie weitere Informationen \u00fcber das spezielle Old Holland Gray Scale Set exklusiv f\u00fcr die Masters of Realism. Old Holland Gray Tone Set Entdecken Sie die subtile Kraft der Nuancen mit dem neuen Old Holland Gray Tone Set. Dieses Set ist unverzichtbar f\u00fcr K\u00fcnstler, die sich auf die grundlegende Technik des Malens in Graut\u00f6nen [&hellip;]<\/p>\n","protected":false},"author":57,"featured_media":0,"parent":0,"menu_order":0,"comment_status":"closed","ping_status":"closed","template":"full-width.php","meta":{"_acf_changed":false,"footnotes":""},"class_list":["post-16929","page","type-page","status-publish","hentry"],"acf":[],"yoast_head":"<!-- This site is optimized with the Yoast SEO plugin v27.2 - https:\/\/yoast.com\/product\/yoast-seo-wordpress\/ -->\n<title>Alt-Holland - Masters of Realism<\/title>\n<meta name=\"robots\" content=\"index, follow, max-snippet:-1, max-image-preview:large, max-video-preview:-1\" \/>\n<link rel=\"canonical\" href=\"https:\/\/mastersofrealism.com\/de\/willkommene-geschenke-3\/\" \/>\n<meta property=\"og:locale\" content=\"de_DE\" \/>\n<meta property=\"og:type\" content=\"article\" \/>\n<meta property=\"og:title\" content=\"Alt-Holland - Masters of Realism\" \/>\n<meta property=\"og:description\" content=\"Hier finden Sie weitere Informationen \u00fcber das spezielle Old Holland Gray Scale Set exklusiv f\u00fcr die Masters of Realism. Old Holland Gray Tone Set Entdecken Sie die subtile Kraft der Nuancen mit dem neuen Old Holland Gray Tone Set. Dieses Set ist unverzichtbar f\u00fcr K\u00fcnstler, die sich auf die grundlegende Technik des Malens in Graut\u00f6nen [&hellip;]\" \/>\n<meta property=\"og:url\" content=\"https:\/\/mastersofrealism.com\/de\/willkommene-geschenke-3\/\" \/>\n<meta property=\"og:site_name\" content=\"Masters of Realism\" \/>\n<meta property=\"article:modified_time\" content=\"2026-03-13T07:41:56+00:00\" \/>\n<meta property=\"og:image\" content=\"https:\/\/mastersofrealism.com\/wp-content\/uploads\/2026\/03\/Old-Holland-Gray-Tone-set.png\" \/>\n\t<meta property=\"og:image:width\" content=\"501\" \/>\n\t<meta property=\"og:image:height\" content=\"673\" \/>\n\t<meta property=\"og:image:type\" content=\"image\/png\" \/>\n<meta name=\"twitter:card\" content=\"summary_large_image\" \/>\n<meta name=\"twitter:label1\" content=\"Gesch\u00e4tzte Lesezeit\" \/>\n\t<meta name=\"twitter:data1\" content=\"1\u00a0Minute\" \/>\n<script type=\"application\/ld+json\" class=\"yoast-schema-graph\">{\"@context\":\"https:\/\/schema.org\",\"@graph\":[{\"@type\":\"WebPage\",\"@id\":\"https:\/\/mastersofrealism.com\/de\/willkommene-geschenke-3\/\",\"url\":\"https:\/\/mastersofrealism.com\/de\/willkommene-geschenke-3\/\",\"name\":\"Alt-Holland - Masters of Realism\",\"isPartOf\":{\"@id\":\"https:\/\/mastersofrealism.com\/#website\"},\"primaryImageOfPage\":{\"@id\":\"https:\/\/mastersofrealism.com\/de\/willkommene-geschenke-3\/#primaryimage\"},\"image\":{\"@id\":\"https:\/\/mastersofrealism.com\/de\/willkommene-geschenke-3\/#primaryimage\"},\"thumbnailUrl\":\"https:\/\/mastersofrealism.com\/wp-content\/uploads\/2026\/03\/Old-Holland-Gray-Tone-set.png\",\"datePublished\":\"2026-03-13T07:33:04+00:00\",\"dateModified\":\"2026-03-13T07:41:56+00:00\",\"breadcrumb\":{\"@id\":\"https:\/\/mastersofrealism.com\/de\/willkommene-geschenke-3\/#breadcrumb\"},\"inLanguage\":\"de\",\"potentialAction\":[{\"@type\":\"ReadAction\",\"target\":[\"https:\/\/mastersofrealism.com\/de\/willkommene-geschenke-3\/\"]}]},{\"@type\":\"ImageObject\",\"inLanguage\":\"de\",\"@id\":\"https:\/\/mastersofrealism.com\/de\/willkommene-geschenke-3\/#primaryimage\",\"url\":\"https:\/\/mastersofrealism.com\/wp-content\/uploads\/2026\/03\/Old-Holland-Gray-Tone-set.png\",\"contentUrl\":\"https:\/\/mastersofrealism.com\/wp-content\/uploads\/2026\/03\/Old-Holland-Gray-Tone-set.png\"},{\"@type\":\"BreadcrumbList\",\"@id\":\"https:\/\/mastersofrealism.com\/de\/willkommene-geschenke-3\/#breadcrumb\",\"itemListElement\":[{\"@type\":\"ListItem\",\"position\":1,\"name\":\"Home\",\"item\":\"https:\/\/mastersofrealism.com\/de\/home\/\"},{\"@type\":\"ListItem\",\"position\":2,\"name\":\"Alt-Holland\"}]},{\"@type\":\"WebSite\",\"@id\":\"https:\/\/mastersofrealism.com\/#website\",\"url\":\"https:\/\/mastersofrealism.com\/\",\"name\":\"Masters of Realism\",\"description\":\"\",\"publisher\":{\"@id\":\"https:\/\/mastersofrealism.com\/#organization\"},\"potentialAction\":[{\"@type\":\"SearchAction\",\"target\":{\"@type\":\"EntryPoint\",\"urlTemplate\":\"https:\/\/mastersofrealism.com\/?s={search_term_string}\"},\"query-input\":{\"@type\":\"PropertyValueSpecification\",\"valueRequired\":true,\"valueName\":\"search_term_string\"}}],\"inLanguage\":\"de\"},{\"@type\":\"Organization\",\"@id\":\"https:\/\/mastersofrealism.com\/#organization\",\"name\":\"Masters of Realism\",\"url\":\"https:\/\/mastersofrealism.com\/\",\"logo\":{\"@type\":\"ImageObject\",\"inLanguage\":\"de\",\"@id\":\"https:\/\/mastersofrealism.com\/#\/schema\/logo\/image\/\",\"url\":\"https:\/\/mastersofrealism.com\/wp-content\/uploads\/2023\/11\/cropped-Logo-meesters-van-het-realisme-1-e1701774067476.png\",\"contentUrl\":\"https:\/\/mastersofrealism.com\/wp-content\/uploads\/2023\/11\/cropped-Logo-meesters-van-het-realisme-1-e1701774067476.png\",\"width\":506,\"height\":318,\"caption\":\"Masters of Realism\"},\"image\":{\"@id\":\"https:\/\/mastersofrealism.com\/#\/schema\/logo\/image\/\"}}]}<\/script>\n<!-- \/ Yoast SEO plugin. -->","yoast_head_json":{"title":"Alt-Holland - Masters of Realism","robots":{"index":"index","follow":"follow","max-snippet":"max-snippet:-1","max-image-preview":"max-image-preview:large","max-video-preview":"max-video-preview:-1"},"canonical":"https:\/\/mastersofrealism.com\/de\/willkommene-geschenke-3\/","og_locale":"de_DE","og_type":"article","og_title":"Alt-Holland - Masters of Realism","og_description":"Hier finden Sie weitere Informationen \u00fcber das spezielle Old Holland Gray Scale Set exklusiv f\u00fcr die Masters of Realism. Old Holland Gray Tone Set Entdecken Sie die subtile Kraft der Nuancen mit dem neuen Old Holland Gray Tone Set. Dieses Set ist unverzichtbar f\u00fcr K\u00fcnstler, die sich auf die grundlegende Technik des Malens in Graut\u00f6nen [&hellip;]","og_url":"https:\/\/mastersofrealism.com\/de\/willkommene-geschenke-3\/","og_site_name":"Masters of Realism","article_modified_time":"2026-03-13T07:41:56+00:00","og_image":[{"width":501,"height":673,"url":"https:\/\/mastersofrealism.com\/wp-content\/uploads\/2026\/03\/Old-Holland-Gray-Tone-set.png","type":"image\/png"}],"twitter_card":"summary_large_image","twitter_misc":{"Gesch\u00e4tzte Lesezeit":"1\u00a0Minute"},"schema":{"@context":"https:\/\/schema.org","@graph":[{"@type":"WebPage","@id":"https:\/\/mastersofrealism.com\/de\/willkommene-geschenke-3\/","url":"https:\/\/mastersofrealism.com\/de\/willkommene-geschenke-3\/","name":"Alt-Holland - Masters of Realism","isPartOf":{"@id":"https:\/\/mastersofrealism.com\/#website"},"primaryImageOfPage":{"@id":"https:\/\/mastersofrealism.com\/de\/willkommene-geschenke-3\/#primaryimage"},"image":{"@id":"https:\/\/mastersofrealism.com\/de\/willkommene-geschenke-3\/#primaryimage"},"thumbnailUrl":"https:\/\/mastersofrealism.com\/wp-content\/uploads\/2026\/03\/Old-Holland-Gray-Tone-set.png","datePublished":"2026-03-13T07:33:04+00:00","dateModified":"2026-03-13T07:41:56+00:00","breadcrumb":{"@id":"https:\/\/mastersofrealism.com\/de\/willkommene-geschenke-3\/#breadcrumb"},"inLanguage":"de","potentialAction":[{"@type":"ReadAction","target":["https:\/\/mastersofrealism.com\/de\/willkommene-geschenke-3\/"]}]},{"@type":"ImageObject","inLanguage":"de","@id":"https:\/\/mastersofrealism.com\/de\/willkommene-geschenke-3\/#primaryimage","url":"https:\/\/mastersofrealism.com\/wp-content\/uploads\/2026\/03\/Old-Holland-Gray-Tone-set.png","contentUrl":"https:\/\/mastersofrealism.com\/wp-content\/uploads\/2026\/03\/Old-Holland-Gray-Tone-set.png"},{"@type":"BreadcrumbList","@id":"https:\/\/mastersofrealism.com\/de\/willkommene-geschenke-3\/#breadcrumb","itemListElement":[{"@type":"ListItem","position":1,"name":"Home","item":"https:\/\/mastersofrealism.com\/de\/home\/"},{"@type":"ListItem","position":2,"name":"Alt-Holland"}]},{"@type":"WebSite","@id":"https:\/\/mastersofrealism.com\/#website","url":"https:\/\/mastersofrealism.com\/","name":"Masters of Realism","description":"","publisher":{"@id":"https:\/\/mastersofrealism.com\/#organization"},"potentialAction":[{"@type":"SearchAction","target":{"@type":"EntryPoint","urlTemplate":"https:\/\/mastersofrealism.com\/?s={search_term_string}"},"query-input":{"@type":"PropertyValueSpecification","valueRequired":true,"valueName":"search_term_string"}}],"inLanguage":"de"},{"@type":"Organization","@id":"https:\/\/mastersofrealism.com\/#organization","name":"Masters of Realism","url":"https:\/\/mastersofrealism.com\/","logo":{"@type":"ImageObject","inLanguage":"de","@id":"https:\/\/mastersofrealism.com\/#\/schema\/logo\/image\/","url":"https:\/\/mastersofrealism.com\/wp-content\/uploads\/2023\/11\/cropped-Logo-meesters-van-het-realisme-1-e1701774067476.png","contentUrl":"https:\/\/mastersofrealism.com\/wp-content\/uploads\/2023\/11\/cropped-Logo-meesters-van-het-realisme-1-e1701774067476.png","width":506,"height":318,"caption":"Masters of Realism"},"image":{"@id":"https:\/\/mastersofrealism.com\/#\/schema\/logo\/image\/"}}]}},"_links":{"self":[{"href":"https:\/\/mastersofrealism.com\/de\/wp-json\/wp\/v2\/pages\/16929","targetHints":{"allow":["GET"]}}],"collection":[{"href":"https:\/\/mastersofrealism.com\/de\/wp-json\/wp\/v2\/pages"}],"about":[{"href":"https:\/\/mastersofrealism.com\/de\/wp-json\/wp\/v2\/types\/page"}],"author":[{"embeddable":true,"href":"https:\/\/mastersofrealism.com\/de\/wp-json\/wp\/v2\/users\/57"}],"replies":[{"embeddable":true,"href":"https:\/\/mastersofrealism.com\/de\/wp-json\/wp\/v2\/comments?post=16929"}],"version-history":[{"count":3,"href":"https:\/\/mastersofrealism.com\/de\/wp-json\/wp\/v2\/pages\/16929\/revisions"}],"predecessor-version":[{"id":16950,"href":"https:\/\/mastersofrealism.com\/de\/wp-json\/wp\/v2\/pages\/16929\/revisions\/16950"}],"wp:attachment":[{"href":"https:\/\/mastersofrealism.com\/de\/wp-json\/wp\/v2\/media?parent=16929"}],"curies":[{"name":"wp","href":"https:\/\/api.w.org\/{rel}","templated":true}]}}