{"id":15508,"date":"2025-09-17T17:39:21","date_gmt":"2025-09-17T15:39:21","guid":{"rendered":"https:\/\/mastersofrealism.com\/inscription-lille-art-up-2026\/"},"modified":"2026-02-23T14:55:43","modified_gmt":"2026-02-23T13:55:43","slug":"inscription-lille-art-up-2026","status":"publish","type":"page","link":"https:\/\/mastersofrealism.com\/fr\/inscription-lille-art-up-2026\/","title":{"rendered":"Inscription Lille Art Up ! 2026"},"content":{"rendered":"\t\t<div data-elementor-type=\"wp-page\" data-elementor-id=\"15508\" class=\"elementor elementor-15508 elementor-10155\" data-elementor-post-type=\"page\">\n\t\t\t\t\t\t<section class=\"elementor-section elementor-top-section elementor-element elementor-element-94e20cc elementor-section-boxed elementor-section-height-default elementor-section-height-default\" data-id=\"94e20cc\" data-element_type=\"section\" data-e-type=\"section\" data-settings=\"{&quot;jet_parallax_layout_list&quot;:[{&quot;jet_parallax_layout_image&quot;:{&quot;url&quot;:&quot;&quot;,&quot;id&quot;:&quot;&quot;,&quot;size&quot;:&quot;&quot;},&quot;_id&quot;:&quot;5b6044a&quot;,&quot;jet_parallax_layout_image_tablet&quot;:{&quot;url&quot;:&quot;&quot;,&quot;id&quot;:&quot;&quot;,&quot;size&quot;:&quot;&quot;},&quot;jet_parallax_layout_image_mobile&quot;:{&quot;url&quot;:&quot;&quot;,&quot;id&quot;:&quot;&quot;,&quot;size&quot;:&quot;&quot;},&quot;jet_parallax_layout_speed&quot;:{&quot;unit&quot;:&quot;%&quot;,&quot;size&quot;:50,&quot;sizes&quot;:[]},&quot;jet_parallax_layout_type&quot;:&quot;scroll&quot;,&quot;jet_parallax_layout_direction&quot;:&quot;1&quot;,&quot;jet_parallax_layout_fx_direction&quot;:null,&quot;jet_parallax_layout_z_index&quot;:&quot;&quot;,&quot;jet_parallax_layout_bg_x&quot;:50,&quot;jet_parallax_layout_bg_x_tablet&quot;:&quot;&quot;,&quot;jet_parallax_layout_bg_x_mobile&quot;:&quot;&quot;,&quot;jet_parallax_layout_bg_y&quot;:50,&quot;jet_parallax_layout_bg_y_tablet&quot;:&quot;&quot;,&quot;jet_parallax_layout_bg_y_mobile&quot;:&quot;&quot;,&quot;jet_parallax_layout_bg_size&quot;:&quot;auto&quot;,&quot;jet_parallax_layout_bg_size_tablet&quot;:&quot;&quot;,&quot;jet_parallax_layout_bg_size_mobile&quot;:&quot;&quot;,&quot;jet_parallax_layout_animation_prop&quot;:&quot;transform&quot;,&quot;jet_parallax_layout_on&quot;:[&quot;desktop&quot;,&quot;tablet&quot;]}],&quot;background_background&quot;:&quot;classic&quot;}\">\n\t\t\t\t\t\t<div class=\"elementor-container elementor-column-gap-no\">\n\t\t\t\t\t<div class=\"elementor-column elementor-col-100 elementor-top-column elementor-element elementor-element-f5ee1d8\" data-id=\"f5ee1d8\" data-element_type=\"column\" data-e-type=\"column\">\n\t\t\t<div class=\"elementor-widget-wrap elementor-element-populated\">\n\t\t\t\t\t\t<div class=\"elementor-element elementor-element-33e600a elementor-widget elementor-widget-heading\" data-id=\"33e600a\" data-element_type=\"widget\" data-e-type=\"widget\" data-widget_type=\"heading.default\">\n\t\t\t\t<div class=\"elementor-widget-container\">\n\t\t\t\t\t<h1 class=\"elementor-heading-title elementor-size-default\">Inscription Lille Art Up ! 2026<\/h1>\t\t\t\t<\/div>\n\t\t\t\t<\/div>\n\t\t\t\t\t<\/div>\n\t\t<\/div>\n\t\t\t\t\t<\/div>\n\t\t<\/section>\n\t\t<div class=\"elementor-element elementor-element-b07e0c2 e-flex e-con-boxed e-con e-parent\" data-id=\"b07e0c2\" data-element_type=\"container\" data-e-type=\"container\" data-settings=\"{&quot;jet_parallax_layout_list&quot;:[]}\">\n\t\t\t\t\t<div class=\"e-con-inner\">\n\t\t\t\t<div class=\"elementor-element elementor-element-8555de0 elementor-widget elementor-widget-text-editor\" data-id=\"8555de0\" data-element_type=\"widget\" data-e-type=\"widget\" data-widget_type=\"text-editor.default\">\n\t\t\t\t<div class=\"elementor-widget-container\">\n\t\t\t\t\t\t\t\t\t<h4><b>Pour la deuxi\u00e8me ann\u00e9e cons\u00e9cutive, les <em>Masters of Realism<\/em> ont le privil\u00e8ge de poser leur candidature en tant que non-galerie \u00e0 la <strong>c\u00e9l\u00e8bre foire de galeries <\/strong><i><strong>Lille Art Up !<\/strong><\/i><strong> \u00e0 Lille (Nord de la France).<\/strong><\/b><\/h4>\t\t\t\t\t\t\t\t<\/div>\n\t\t\t\t<\/div>\n\t\t\t\t\t<\/div>\n\t\t\t\t<\/div>\n\t\t<div class=\"elementor-element elementor-element-3083044 e-flex e-con-boxed e-con e-parent\" data-id=\"3083044\" data-element_type=\"container\" data-e-type=\"container\" data-settings=\"{&quot;jet_parallax_layout_list&quot;:[]}\">\n\t\t\t\t\t<div class=\"e-con-inner\">\n\t\t<div class=\"elementor-element elementor-element-27b3074 e-con-full e-flex e-con e-child\" data-id=\"27b3074\" data-element_type=\"container\" data-e-type=\"container\" data-settings=\"{&quot;jet_parallax_layout_list&quot;:[]}\">\n\t\t\t\t<div class=\"elementor-element elementor-element-e016931 elementor-widget elementor-widget-text-editor\" data-id=\"e016931\" data-element_type=\"widget\" data-e-type=\"widget\" data-widget_type=\"text-editor.default\">\n\t\t\t\t<div class=\"elementor-widget-container\">\n\t\t\t\t\t\t\t\t\t<p style=\"font-weight: 400;\"><strong>Montage<\/strong><br>Tout comme en 2025, les Masters pourront &#8211; moyennant un nombre suffisant de candidatures et apr\u00e8s une s\u00e9lection positive &#8211; se pr\u00e9senter \u00e0 cette foire dans un stand sous le nom de <i>Dutch Masters of Realism<\/i>. Le salon se tiendra du 12 au 15 mars 2026 \u00e0 Lille (Nord de la France).   <\/p><p style=\"caret-color: #000000; color: #000000;\"><strong>Important \u00e0 savoir<\/strong><br>Voulez-vous participer en tant que <i>Masters of Realism<\/i>? Vous pouvez le faire avec un minimum de 2 et un maximum de 4 m\u00e8tres de mur. Un m\u00e8tre courant de mur co\u00fbte environ 500 \u20ac (hors TVA). Les co\u00fbts exacts seront d\u00e9termin\u00e9s apr\u00e8s la s\u00e9lection. Vous ne payez pas de commission sur la vente de votre \u0153uvre.      <\/p>\t\t\t\t\t\t\t\t<\/div>\n\t\t\t\t<\/div>\n\t\t\t\t<div class=\"elementor-element elementor-element-8ca95e1 elementor-widget elementor-widget-image\" data-id=\"8ca95e1\" data-element_type=\"widget\" data-e-type=\"widget\" data-widget_type=\"image.default\">\n\t\t\t\t<div class=\"elementor-widget-container\">\n\t\t\t\t\t\t\t\t\t\t\t\t\t\t\t<img fetchpriority=\"high\" decoding=\"async\" width=\"768\" height=\"432\" src=\"https:\/\/mastersofrealism.com\/wp-content\/uploads\/2025\/09\/Lille-Art-Up_ARTISTIC-LINE-1-768x432.jpg\" class=\"attachment-medium_large size-medium_large wp-image-15509\" alt=\"\" srcset=\"https:\/\/mastersofrealism.com\/wp-content\/uploads\/2025\/09\/Lille-Art-Up_ARTISTIC-LINE-1-768x432.jpg 768w, https:\/\/mastersofrealism.com\/wp-content\/uploads\/2025\/09\/Lille-Art-Up_ARTISTIC-LINE-1-300x169.jpg 300w, https:\/\/mastersofrealism.com\/wp-content\/uploads\/2025\/09\/Lille-Art-Up_ARTISTIC-LINE-1-1024x576.jpg 1024w, https:\/\/mastersofrealism.com\/wp-content\/uploads\/2025\/09\/Lille-Art-Up_ARTISTIC-LINE-1.jpg 1427w\" sizes=\"(max-width: 768px) 100vw, 768px\" \/>\t\t\t\t\t\t\t\t\t\t\t\t\t\t\t<\/div>\n\t\t\t\t<\/div>\n\t\t\t\t<div class=\"elementor-element elementor-element-a0b12fd elementor-widget elementor-widget-text-editor\" data-id=\"a0b12fd\" data-element_type=\"widget\" data-e-type=\"widget\" data-widget_type=\"text-editor.default\">\n\t\t\t\t<div class=\"elementor-widget-container\">\n\t\t\t\t\t\t\t\t\t<p style=\"font-weight: 400;\"><strong>\u00c9tape 1<br><\/strong>Ci-dessous, vous pouvez vous inscrire en tant que Master pour participer au nombre de m\u00e8tres de mur souhait\u00e9s.<\/p>\n<p style=\"font-weight: 400;\"><strong>Etape 2<\/strong><br>Nous soumettrons votre candidature \u00e0 Lille Art Up ! pour s\u00e9lection. Apr\u00e8s approbation, vous recevrez une facture pour votre participation. Outre l&rsquo;inscription, l&rsquo;organisation des Masters se charge \u00e9galement de toute la communication ult\u00e9rieure.    <\/p>\n<p><strong>Date limite<\/strong><br>Postulez <span style=\"text-decoration: underline;\"><strong>avant le 20 novembre 2025<\/strong><\/span>.<\/p>\n<p style=\"font-weight: 400;\">\n<\/p>\t\t\t\t\t\t\t\t<\/div>\n\t\t\t\t<\/div>\n\t\t\t\t<\/div>\n\t\t<div class=\"elementor-element elementor-element-90a6de5 e-con-full e-flex e-con e-child\" data-id=\"90a6de5\" data-element_type=\"container\" data-e-type=\"container\" data-settings=\"{&quot;jet_parallax_layout_list&quot;:[]}\">\n\t\t\t\t<div class=\"elementor-element elementor-element-ce7a068 elementor-widget elementor-widget-shortcode\" data-id=\"ce7a068\" data-element_type=\"widget\" data-e-type=\"widget\" data-widget_type=\"shortcode.default\">\n\t\t\t\t<div class=\"elementor-widget-container\">\n\t\t\t\t\t\t\t<div class=\"elementor-shortcode\"><\/div>\n\t\t\t\t\t\t<\/div>\n\t\t\t\t<\/div>\n\t\t\t\t<\/div>\n\t\t\t\t\t<\/div>\n\t\t\t\t<\/div>\n\t\t<div class=\"elementor-element elementor-element-24b5ba7 e-grid e-con-boxed e-con e-parent\" data-id=\"24b5ba7\" data-element_type=\"container\" data-e-type=\"container\" data-settings=\"{&quot;jet_parallax_layout_list&quot;:[]}\">\n\t\t\t\t\t<div class=\"e-con-inner\">\n\t\t\t\t<div class=\"elementor-element elementor-element-9c6d485 elementor-widget elementor-widget-text-editor\" data-id=\"9c6d485\" data-element_type=\"widget\" data-e-type=\"widget\" data-widget_type=\"text-editor.default\">\n\t\t\t\t<div class=\"elementor-widget-container\">\n\t\t\t\t\t\t\t\t\t<p><strong>Infos pratiques<\/strong><\/p><p><i>Lille Art Up !<\/i> est la foire d&rsquo;art contemporain organis\u00e9e par Lille Grand Palais depuis 2008. C&rsquo;est la plus grande foire d&rsquo;art contemporain en France hors Paris, un \u00e9v\u00e9nement international id\u00e9alement situ\u00e9 au c\u0153ur de Lille pour accueillir les collectionneurs et les acteurs du march\u00e9 de l&rsquo;art fran\u00e7ais et europ\u00e9en.   <\/p><p>Quelques chiffres :<\/p><ul><li>18\u00e8me \u00e9dition<\/li><li>4 jours de foire + \u00bd journ\u00e9e de vernissage<\/li><li>30 000 visiteurs<\/li><li>plus de 100 galeristes<\/li><li>10 000 m\u00b2 d&rsquo;espace d&rsquo;exposition<\/li><\/ul>\t\t\t\t\t\t\t\t<\/div>\n\t\t\t\t<\/div>\n\t\t\t\t<div class=\"elementor-element elementor-element-53f6579 elementor-widget elementor-widget-text-editor\" data-id=\"53f6579\" data-element_type=\"widget\" data-e-type=\"widget\" data-widget_type=\"text-editor.default\">\n\t\t\t\t<div class=\"elementor-widget-container\">\n\t\t\t\t\t\t\t\t\t<p><strong>Les exposants de <i>Lille Art Up !<\/i> b\u00e9n\u00e9ficient de :<\/strong><\/p><ul><li>Un espace de qualit\u00e9 pour exposer vos \u0153uvres d&rsquo;art.<\/li><li>Un vernissage devenu un rendez-vous incontournable pour les acheteurs, collectionneurs, amateurs d&rsquo;art et galeristes, avec plus de 5 000 visiteurs.<\/li><li>Un grand nombre de visiteurs du Nord de la France, de Paris et de Belgique ; des amateurs d&rsquo;art, des acheteurs et des collectionneurs.<\/li><li>Un environnement qui met en valeur la richesse artistique et culturelle de la r\u00e9gion et les jeunes artistes contemporains.<\/li><\/ul>\t\t\t\t\t\t\t\t<\/div>\n\t\t\t\t<\/div>\n\t\t\t\t<div class=\"elementor-element elementor-element-19da544 elementor-align-center elementor-widget elementor-widget-button\" data-id=\"19da544\" data-element_type=\"widget\" data-e-type=\"widget\" data-widget_type=\"button.default\">\n\t\t\t\t<div class=\"elementor-widget-container\">\n\t\t\t\t\t\t\t\t\t<div class=\"elementor-button-wrapper\">\n\t\t\t\t\t<a class=\"elementor-button elementor-button-link elementor-size-sm\" href=\"https:\/\/mastersofrealism.com\/wp-content\/uploads\/2025\/09\/Lille-Art-Up_ARTISTIC-LINE.pdf\">\n\t\t\t\t\t\t<span class=\"elementor-button-content-wrapper\">\n\t\t\t\t\t\t\t\t\t<span class=\"elementor-button-text\">Plus d'informations<\/span>\n\t\t\t\t\t<\/span>\n\t\t\t\t\t<\/a>\n\t\t\t\t<\/div>\n\t\t\t\t\t\t\t\t<\/div>\n\t\t\t\t<\/div>\n\t\t\t\t\t<\/div>\n\t\t\t\t<\/div>\n\t\t\t\t<\/div>\n\t\t","protected":false},"excerpt":{"rendered":"<p>Pour la deuxi\u00e8me ann\u00e9e cons\u00e9cutive, les Masters of Realism ont le privil\u00e8ge de poser leur candidature en tant que non-galerie \u00e0 la c\u00e9l\u00e8bre foire de galeries Lille Art Up ! \u00e0 Lille (Nord de la France). MontageTout comme en 2025, les Masters pourront &#8211; moyennant un nombre suffisant de candidatures et apr\u00e8s une s\u00e9lection positive [&hellip;]<\/p>\n","protected":false},"author":57,"featured_media":0,"parent":0,"menu_order":0,"comment_status":"closed","ping_status":"closed","template":"elementor_header_footer","meta":{"_acf_changed":false,"footnotes":""},"class_list":["post-15508","page","type-page","status-publish","hentry"],"acf":[],"yoast_head":"<!-- This site is optimized with the Yoast SEO plugin v27.5 - https:\/\/yoast.com\/product\/yoast-seo-wordpress\/ -->\n<title>Inscription Lille Art Up ! 2026 - Masters of Realism<\/title>\n<meta name=\"robots\" content=\"index, follow, max-snippet:-1, max-image-preview:large, max-video-preview:-1\" \/>\n<link rel=\"canonical\" href=\"https:\/\/mastersofrealism.com\/fr\/inscription-lille-art-up-2026\/\" \/>\n<meta property=\"og:locale\" content=\"fr_FR\" \/>\n<meta property=\"og:type\" content=\"article\" \/>\n<meta property=\"og:title\" content=\"Inscription Lille Art Up ! 2026 - Masters of Realism\" \/>\n<meta property=\"og:description\" content=\"Pour la deuxi\u00e8me ann\u00e9e cons\u00e9cutive, les Masters of Realism ont le privil\u00e8ge de poser leur candidature en tant que non-galerie \u00e0 la c\u00e9l\u00e8bre foire de galeries Lille Art Up ! \u00e0 Lille (Nord de la France). MontageTout comme en 2025, les Masters pourront &#8211; moyennant un nombre suffisant de candidatures et apr\u00e8s une s\u00e9lection positive [&hellip;]\" \/>\n<meta property=\"og:url\" content=\"https:\/\/mastersofrealism.com\/fr\/inscription-lille-art-up-2026\/\" \/>\n<meta property=\"og:site_name\" content=\"Masters of Realism\" \/>\n<meta property=\"article:modified_time\" content=\"2026-02-23T13:55:43+00:00\" \/>\n<meta property=\"og:image\" content=\"https:\/\/mastersofrealism.com\/wp-content\/uploads\/2025\/09\/Lille-Art-Up_ARTISTIC-LINE-1.jpg\" \/>\n\t<meta property=\"og:image:width\" content=\"1427\" \/>\n\t<meta property=\"og:image:height\" content=\"803\" \/>\n\t<meta property=\"og:image:type\" content=\"image\/jpeg\" \/>\n<meta name=\"twitter:card\" content=\"summary_large_image\" \/>\n<meta name=\"twitter:label1\" content=\"Dur\u00e9e de lecture estim\u00e9e\" \/>\n\t<meta name=\"twitter:data1\" content=\"2 minutes\" \/>\n<script type=\"application\/ld+json\" class=\"yoast-schema-graph\">{\"@context\":\"https:\\\/\\\/schema.org\",\"@graph\":[{\"@type\":\"WebPage\",\"@id\":\"https:\\\/\\\/mastersofrealism.com\\\/fr\\\/inscription-lille-art-up-2026\\\/\",\"url\":\"https:\\\/\\\/mastersofrealism.com\\\/fr\\\/inscription-lille-art-up-2026\\\/\",\"name\":\"Inscription Lille Art Up ! 2026 - Masters of Realism\",\"isPartOf\":{\"@id\":\"https:\\\/\\\/mastersofrealism.com\\\/#website\"},\"primaryImageOfPage\":{\"@id\":\"https:\\\/\\\/mastersofrealism.com\\\/fr\\\/inscription-lille-art-up-2026\\\/#primaryimage\"},\"image\":{\"@id\":\"https:\\\/\\\/mastersofrealism.com\\\/fr\\\/inscription-lille-art-up-2026\\\/#primaryimage\"},\"thumbnailUrl\":\"https:\\\/\\\/mastersofrealism.com\\\/wp-content\\\/uploads\\\/2025\\\/09\\\/Lille-Art-Up_ARTISTIC-LINE-1-768x432.jpg\",\"datePublished\":\"2025-09-17T15:39:21+00:00\",\"dateModified\":\"2026-02-23T13:55:43+00:00\",\"breadcrumb\":{\"@id\":\"https:\\\/\\\/mastersofrealism.com\\\/fr\\\/inscription-lille-art-up-2026\\\/#breadcrumb\"},\"inLanguage\":\"fr-FR\",\"potentialAction\":[{\"@type\":\"ReadAction\",\"target\":[\"https:\\\/\\\/mastersofrealism.com\\\/fr\\\/inscription-lille-art-up-2026\\\/\"]}]},{\"@type\":\"ImageObject\",\"inLanguage\":\"fr-FR\",\"@id\":\"https:\\\/\\\/mastersofrealism.com\\\/fr\\\/inscription-lille-art-up-2026\\\/#primaryimage\",\"url\":\"https:\\\/\\\/mastersofrealism.com\\\/wp-content\\\/uploads\\\/2025\\\/09\\\/Lille-Art-Up_ARTISTIC-LINE-1-768x432.jpg\",\"contentUrl\":\"https:\\\/\\\/mastersofrealism.com\\\/wp-content\\\/uploads\\\/2025\\\/09\\\/Lille-Art-Up_ARTISTIC-LINE-1-768x432.jpg\"},{\"@type\":\"BreadcrumbList\",\"@id\":\"https:\\\/\\\/mastersofrealism.com\\\/fr\\\/inscription-lille-art-up-2026\\\/#breadcrumb\",\"itemListElement\":[{\"@type\":\"ListItem\",\"position\":1,\"name\":\"Home\",\"item\":\"https:\\\/\\\/mastersofrealism.com\\\/fr\\\/home\\\/\"},{\"@type\":\"ListItem\",\"position\":2,\"name\":\"Inscription Lille Art Up ! 2026\"}]},{\"@type\":\"WebSite\",\"@id\":\"https:\\\/\\\/mastersofrealism.com\\\/#website\",\"url\":\"https:\\\/\\\/mastersofrealism.com\\\/\",\"name\":\"Masters of Realism\",\"description\":\"\",\"publisher\":{\"@id\":\"https:\\\/\\\/mastersofrealism.com\\\/#organization\"},\"potentialAction\":[{\"@type\":\"SearchAction\",\"target\":{\"@type\":\"EntryPoint\",\"urlTemplate\":\"https:\\\/\\\/mastersofrealism.com\\\/?s={search_term_string}\"},\"query-input\":{\"@type\":\"PropertyValueSpecification\",\"valueRequired\":true,\"valueName\":\"search_term_string\"}}],\"inLanguage\":\"fr-FR\"},{\"@type\":\"Organization\",\"@id\":\"https:\\\/\\\/mastersofrealism.com\\\/#organization\",\"name\":\"Masters of Realism\",\"url\":\"https:\\\/\\\/mastersofrealism.com\\\/\",\"logo\":{\"@type\":\"ImageObject\",\"inLanguage\":\"fr-FR\",\"@id\":\"https:\\\/\\\/mastersofrealism.com\\\/#\\\/schema\\\/logo\\\/image\\\/\",\"url\":\"https:\\\/\\\/mastersofrealism.com\\\/wp-content\\\/uploads\\\/2023\\\/11\\\/cropped-Logo-meesters-van-het-realisme-1-e1701774067476.png\",\"contentUrl\":\"https:\\\/\\\/mastersofrealism.com\\\/wp-content\\\/uploads\\\/2023\\\/11\\\/cropped-Logo-meesters-van-het-realisme-1-e1701774067476.png\",\"width\":506,\"height\":318,\"caption\":\"Masters of Realism\"},\"image\":{\"@id\":\"https:\\\/\\\/mastersofrealism.com\\\/#\\\/schema\\\/logo\\\/image\\\/\"}}]}<\/script>\n<!-- \/ Yoast SEO plugin. -->","yoast_head_json":{"title":"Inscription Lille Art Up ! 2026 - Masters of Realism","robots":{"index":"index","follow":"follow","max-snippet":"max-snippet:-1","max-image-preview":"max-image-preview:large","max-video-preview":"max-video-preview:-1"},"canonical":"https:\/\/mastersofrealism.com\/fr\/inscription-lille-art-up-2026\/","og_locale":"fr_FR","og_type":"article","og_title":"Inscription Lille Art Up ! 2026 - Masters of Realism","og_description":"Pour la deuxi\u00e8me ann\u00e9e cons\u00e9cutive, les Masters of Realism ont le privil\u00e8ge de poser leur candidature en tant que non-galerie \u00e0 la c\u00e9l\u00e8bre foire de galeries Lille Art Up ! \u00e0 Lille (Nord de la France). MontageTout comme en 2025, les Masters pourront &#8211; moyennant un nombre suffisant de candidatures et apr\u00e8s une s\u00e9lection positive [&hellip;]","og_url":"https:\/\/mastersofrealism.com\/fr\/inscription-lille-art-up-2026\/","og_site_name":"Masters of Realism","article_modified_time":"2026-02-23T13:55:43+00:00","og_image":[{"width":1427,"height":803,"url":"https:\/\/mastersofrealism.com\/wp-content\/uploads\/2025\/09\/Lille-Art-Up_ARTISTIC-LINE-1.jpg","type":"image\/jpeg"}],"twitter_card":"summary_large_image","twitter_misc":{"Dur\u00e9e de lecture estim\u00e9e":"2 minutes"},"schema":{"@context":"https:\/\/schema.org","@graph":[{"@type":"WebPage","@id":"https:\/\/mastersofrealism.com\/fr\/inscription-lille-art-up-2026\/","url":"https:\/\/mastersofrealism.com\/fr\/inscription-lille-art-up-2026\/","name":"Inscription Lille Art Up ! 2026 - Masters of Realism","isPartOf":{"@id":"https:\/\/mastersofrealism.com\/#website"},"primaryImageOfPage":{"@id":"https:\/\/mastersofrealism.com\/fr\/inscription-lille-art-up-2026\/#primaryimage"},"image":{"@id":"https:\/\/mastersofrealism.com\/fr\/inscription-lille-art-up-2026\/#primaryimage"},"thumbnailUrl":"https:\/\/mastersofrealism.com\/wp-content\/uploads\/2025\/09\/Lille-Art-Up_ARTISTIC-LINE-1-768x432.jpg","datePublished":"2025-09-17T15:39:21+00:00","dateModified":"2026-02-23T13:55:43+00:00","breadcrumb":{"@id":"https:\/\/mastersofrealism.com\/fr\/inscription-lille-art-up-2026\/#breadcrumb"},"inLanguage":"fr-FR","potentialAction":[{"@type":"ReadAction","target":["https:\/\/mastersofrealism.com\/fr\/inscription-lille-art-up-2026\/"]}]},{"@type":"ImageObject","inLanguage":"fr-FR","@id":"https:\/\/mastersofrealism.com\/fr\/inscription-lille-art-up-2026\/#primaryimage","url":"https:\/\/mastersofrealism.com\/wp-content\/uploads\/2025\/09\/Lille-Art-Up_ARTISTIC-LINE-1-768x432.jpg","contentUrl":"https:\/\/mastersofrealism.com\/wp-content\/uploads\/2025\/09\/Lille-Art-Up_ARTISTIC-LINE-1-768x432.jpg"},{"@type":"BreadcrumbList","@id":"https:\/\/mastersofrealism.com\/fr\/inscription-lille-art-up-2026\/#breadcrumb","itemListElement":[{"@type":"ListItem","position":1,"name":"Home","item":"https:\/\/mastersofrealism.com\/fr\/home\/"},{"@type":"ListItem","position":2,"name":"Inscription Lille Art Up ! 2026"}]},{"@type":"WebSite","@id":"https:\/\/mastersofrealism.com\/#website","url":"https:\/\/mastersofrealism.com\/","name":"Masters of Realism","description":"","publisher":{"@id":"https:\/\/mastersofrealism.com\/#organization"},"potentialAction":[{"@type":"SearchAction","target":{"@type":"EntryPoint","urlTemplate":"https:\/\/mastersofrealism.com\/?s={search_term_string}"},"query-input":{"@type":"PropertyValueSpecification","valueRequired":true,"valueName":"search_term_string"}}],"inLanguage":"fr-FR"},{"@type":"Organization","@id":"https:\/\/mastersofrealism.com\/#organization","name":"Masters of Realism","url":"https:\/\/mastersofrealism.com\/","logo":{"@type":"ImageObject","inLanguage":"fr-FR","@id":"https:\/\/mastersofrealism.com\/#\/schema\/logo\/image\/","url":"https:\/\/mastersofrealism.com\/wp-content\/uploads\/2023\/11\/cropped-Logo-meesters-van-het-realisme-1-e1701774067476.png","contentUrl":"https:\/\/mastersofrealism.com\/wp-content\/uploads\/2023\/11\/cropped-Logo-meesters-van-het-realisme-1-e1701774067476.png","width":506,"height":318,"caption":"Masters of Realism"},"image":{"@id":"https:\/\/mastersofrealism.com\/#\/schema\/logo\/image\/"}}]}},"_links":{"self":[{"href":"https:\/\/mastersofrealism.com\/fr\/wp-json\/wp\/v2\/pages\/15508","targetHints":{"allow":["GET"]}}],"collection":[{"href":"https:\/\/mastersofrealism.com\/fr\/wp-json\/wp\/v2\/pages"}],"about":[{"href":"https:\/\/mastersofrealism.com\/fr\/wp-json\/wp\/v2\/types\/page"}],"author":[{"embeddable":true,"href":"https:\/\/mastersofrealism.com\/fr\/wp-json\/wp\/v2\/users\/57"}],"replies":[{"embeddable":true,"href":"https:\/\/mastersofrealism.com\/fr\/wp-json\/wp\/v2\/comments?post=15508"}],"version-history":[{"count":1,"href":"https:\/\/mastersofrealism.com\/fr\/wp-json\/wp\/v2\/pages\/15508\/revisions"}],"predecessor-version":[{"id":15510,"href":"https:\/\/mastersofrealism.com\/fr\/wp-json\/wp\/v2\/pages\/15508\/revisions\/15510"}],"wp:attachment":[{"href":"https:\/\/mastersofrealism.com\/fr\/wp-json\/wp\/v2\/media?parent=15508"}],"curies":[{"name":"wp","href":"https:\/\/api.w.org\/{rel}","templated":true}]}}