{"id":15525,"date":"2025-11-05T09:17:55","date_gmt":"2025-11-05T08:17:55","guid":{"rendered":"https:\/\/mastersofrealism.com\/assurance-des-expositions\/"},"modified":"2026-02-23T14:55:52","modified_gmt":"2026-02-23T13:55:52","slug":"assurance-des-expositions","status":"publish","type":"page","link":"https:\/\/mastersofrealism.com\/fr\/assurance-des-expositions\/","title":{"rendered":"Assurance des expositions"},"content":{"rendered":"\t\t<div data-elementor-type=\"wp-page\" data-elementor-id=\"15525\" class=\"elementor elementor-15525 elementor-10167\" data-elementor-post-type=\"page\">\n\t\t\t\t\t\t<section class=\"elementor-section elementor-top-section elementor-element elementor-element-74c3de8d elementor-section-boxed elementor-section-height-default elementor-section-height-default\" data-id=\"74c3de8d\" data-element_type=\"section\" data-e-type=\"section\" data-settings=\"{&quot;jet_parallax_layout_list&quot;:[{&quot;jet_parallax_layout_image&quot;:{&quot;url&quot;:&quot;&quot;,&quot;id&quot;:&quot;&quot;,&quot;size&quot;:&quot;&quot;},&quot;_id&quot;:&quot;5b6044a&quot;,&quot;jet_parallax_layout_image_tablet&quot;:{&quot;url&quot;:&quot;&quot;,&quot;id&quot;:&quot;&quot;,&quot;size&quot;:&quot;&quot;},&quot;jet_parallax_layout_image_mobile&quot;:{&quot;url&quot;:&quot;&quot;,&quot;id&quot;:&quot;&quot;,&quot;size&quot;:&quot;&quot;},&quot;jet_parallax_layout_speed&quot;:{&quot;unit&quot;:&quot;%&quot;,&quot;size&quot;:50,&quot;sizes&quot;:[]},&quot;jet_parallax_layout_type&quot;:&quot;scroll&quot;,&quot;jet_parallax_layout_direction&quot;:&quot;1&quot;,&quot;jet_parallax_layout_fx_direction&quot;:null,&quot;jet_parallax_layout_z_index&quot;:&quot;&quot;,&quot;jet_parallax_layout_bg_x&quot;:50,&quot;jet_parallax_layout_bg_x_tablet&quot;:&quot;&quot;,&quot;jet_parallax_layout_bg_x_mobile&quot;:&quot;&quot;,&quot;jet_parallax_layout_bg_y&quot;:50,&quot;jet_parallax_layout_bg_y_tablet&quot;:&quot;&quot;,&quot;jet_parallax_layout_bg_y_mobile&quot;:&quot;&quot;,&quot;jet_parallax_layout_bg_size&quot;:&quot;auto&quot;,&quot;jet_parallax_layout_bg_size_tablet&quot;:&quot;&quot;,&quot;jet_parallax_layout_bg_size_mobile&quot;:&quot;&quot;,&quot;jet_parallax_layout_animation_prop&quot;:&quot;transform&quot;,&quot;jet_parallax_layout_on&quot;:[&quot;desktop&quot;,&quot;tablet&quot;]}],&quot;background_background&quot;:&quot;classic&quot;}\">\n\t\t\t\t\t\t<div class=\"elementor-container elementor-column-gap-no\">\n\t\t\t\t\t<div class=\"elementor-column elementor-col-100 elementor-top-column elementor-element elementor-element-33fb6b5\" data-id=\"33fb6b5\" data-element_type=\"column\" data-e-type=\"column\">\n\t\t\t<div class=\"elementor-widget-wrap elementor-element-populated\">\n\t\t\t\t\t\t<div class=\"elementor-element elementor-element-57e0187f elementor-widget elementor-widget-heading\" data-id=\"57e0187f\" data-element_type=\"widget\" data-e-type=\"widget\" data-widget_type=\"heading.default\">\n\t\t\t\t<div class=\"elementor-widget-container\">\n\t\t\t\t\t<h1 class=\"elementor-heading-title elementor-size-default\">Assurance des expositions<\/h1>\t\t\t\t<\/div>\n\t\t\t\t<\/div>\n\t\t\t\t\t<\/div>\n\t\t<\/div>\n\t\t\t\t\t<\/div>\n\t\t<\/section>\n\t\t<div class=\"elementor-element elementor-element-16213d0 e-flex e-con-boxed e-con e-parent\" data-id=\"16213d0\" data-element_type=\"container\" data-e-type=\"container\" data-settings=\"{&quot;jet_parallax_layout_list&quot;:[]}\">\n\t\t\t\t\t<div class=\"e-con-inner\">\n\t\t\t\t<div class=\"elementor-element elementor-element-9f8e758 elementor-widget elementor-widget-text-editor\" data-id=\"9f8e758\" data-element_type=\"widget\" data-e-type=\"widget\" data-widget_type=\"text-editor.default\">\n\t\t\t\t<div class=\"elementor-widget-container\">\n\t\t\t\t\t\t\t\t\t<h4>En tant que <em>Master of Realism<\/em>, vous b\u00e9n\u00e9ficiez de plusieurs avantages, dont une assurance gratuite pour les expositions. Cela signifie que vos \u0153uvres sont assur\u00e9es gratuitement lors de chaque participation \u00e0 une exposition ou \u00e0 un salon aux Pays-Bas. C&rsquo;est tr\u00e8s simple et cela se fait en quelques minutes.    <\/h4>\t\t\t\t\t\t\t\t<\/div>\n\t\t\t\t<\/div>\n\t\t\t\t\t<\/div>\n\t\t\t\t<\/div>\n\t\t<div class=\"elementor-element elementor-element-4dd92ca e-grid e-con-boxed e-con e-parent\" data-id=\"4dd92ca\" data-element_type=\"container\" data-e-type=\"container\" data-settings=\"{&quot;jet_parallax_layout_list&quot;:[]}\">\n\t\t\t\t\t<div class=\"e-con-inner\">\n\t\t\t\t<div class=\"elementor-element elementor-element-2d0b66c elementor-widget elementor-widget-image\" data-id=\"2d0b66c\" data-element_type=\"widget\" data-e-type=\"widget\" data-widget_type=\"image.default\">\n\t\t\t\t<div class=\"elementor-widget-container\">\n\t\t\t\t\t\t\t\t\t\t\t\t\t\t\t<img fetchpriority=\"high\" decoding=\"async\" width=\"800\" height=\"533\" src=\"https:\/\/mastersofrealism.com\/wp-content\/uploads\/2025\/11\/verzekering1.jpg\" class=\"attachment-large size-large wp-image-10168\" alt=\"\" srcset=\"https:\/\/mastersofrealism.com\/wp-content\/uploads\/2025\/11\/verzekering1.jpg 800w, https:\/\/mastersofrealism.com\/wp-content\/uploads\/2025\/11\/verzekering1-300x200.jpg 300w, https:\/\/mastersofrealism.com\/wp-content\/uploads\/2025\/11\/verzekering1-768x512.jpg 768w\" sizes=\"(max-width: 800px) 100vw, 800px\" \/>\t\t\t\t\t\t\t\t\t\t\t\t\t\t\t<\/div>\n\t\t\t\t<\/div>\n\t\t\t\t<div class=\"elementor-element elementor-element-22e00fb elementor-widget elementor-widget-image\" data-id=\"22e00fb\" data-element_type=\"widget\" data-e-type=\"widget\" data-widget_type=\"image.default\">\n\t\t\t\t<div class=\"elementor-widget-container\">\n\t\t\t\t\t\t\t\t\t\t\t\t\t\t\t<img decoding=\"async\" width=\"800\" height=\"533\" src=\"https:\/\/mastersofrealism.com\/wp-content\/uploads\/2025\/11\/verzekering2.jpg\" class=\"attachment-large size-large wp-image-10169\" alt=\"\" srcset=\"https:\/\/mastersofrealism.com\/wp-content\/uploads\/2025\/11\/verzekering2.jpg 800w, https:\/\/mastersofrealism.com\/wp-content\/uploads\/2025\/11\/verzekering2-300x200.jpg 300w, https:\/\/mastersofrealism.com\/wp-content\/uploads\/2025\/11\/verzekering2-768x512.jpg 768w\" sizes=\"(max-width: 800px) 100vw, 800px\" \/>\t\t\t\t\t\t\t\t\t\t\t\t\t\t\t<\/div>\n\t\t\t\t<\/div>\n\t\t\t\t<div class=\"elementor-element elementor-element-f08c077 elementor-widget elementor-widget-image\" data-id=\"f08c077\" data-element_type=\"widget\" data-e-type=\"widget\" data-widget_type=\"image.default\">\n\t\t\t\t<div class=\"elementor-widget-container\">\n\t\t\t\t\t\t\t\t\t\t\t\t\t\t\t<img decoding=\"async\" width=\"800\" height=\"533\" src=\"https:\/\/mastersofrealism.com\/wp-content\/uploads\/2025\/11\/verzekering3.jpg\" class=\"attachment-large size-large wp-image-35866\" alt=\"\" srcset=\"https:\/\/mastersofrealism.com\/wp-content\/uploads\/2025\/11\/verzekering3.jpg 800w, https:\/\/mastersofrealism.com\/wp-content\/uploads\/2025\/11\/verzekering3-300x200.jpg 300w, https:\/\/mastersofrealism.com\/wp-content\/uploads\/2025\/11\/verzekering3-768x512.jpg 768w\" sizes=\"(max-width: 800px) 100vw, 800px\" \/>\t\t\t\t\t\t\t\t\t\t\t\t\t\t\t<\/div>\n\t\t\t\t<\/div>\n\t\t\t\t<div class=\"elementor-element elementor-element-cde0aea elementor-widget elementor-widget-text-editor\" data-id=\"cde0aea\" data-element_type=\"widget\" data-e-type=\"widget\" data-widget_type=\"text-editor.default\">\n\t\t\t\t<div class=\"elementor-widget-container\">\n\t\t\t\t\t\t\t\t\t<div class=\"elementor-element elementor-element-0b908e1 elementor-icon-list--layout-traditional elementor-list-item-link-full_width elementor-widget elementor-widget-icon-list\" data-id=\"0b908e1\" data-element_type=\"widget\" data-widget_type=\"icon-list.default\"><div class=\"elementor-widget-container\"><h3><span class=\"elementor-icon-list-text\">\u00c9tape 1 : T\u00e9l\u00e9charger<\/span><\/h3><p><span style=\"color: #626975; font-size: 16px;\">T\u00e9l\u00e9chargez le formulaire d&rsquo;assurance en cliquant sur le bouton ci-dessous.<\/span><\/p><\/div><\/div>\t\t\t\t\t\t\t\t<\/div>\n\t\t\t\t<\/div>\n\t\t\t\t<div class=\"elementor-element elementor-element-8fac4d7 elementor-widget elementor-widget-text-editor\" data-id=\"8fac4d7\" data-element_type=\"widget\" data-e-type=\"widget\" data-widget_type=\"text-editor.default\">\n\t\t\t\t<div class=\"elementor-widget-container\">\n\t\t\t\t\t\t\t\t\t<div class=\"elementor-element elementor-element-e57355b elementor-icon-list--layout-traditional elementor-list-item-link-full_width elementor-widget elementor-widget-icon-list\" data-id=\"e57355b\" data-element_type=\"widget\" data-widget_type=\"icon-list.default\"><div class=\"elementor-widget-container\"><h3><span class=\"elementor-icon-list-text\">\u00c9tape 2 : Remplir le formulaire<\/span><\/h3><\/div><\/div><div class=\"elementor-element elementor-element-fcef057 elementor-widget elementor-widget-text-editor\" data-id=\"fcef057\" data-element_type=\"widget\" data-widget_type=\"text-editor.default\"><div class=\"elementor-widget-container\"><p>Remplissez le formulaire de mani\u00e8re compl\u00e8te et pr\u00e9cise.<\/p><\/div><\/div>\t\t\t\t\t\t\t\t<\/div>\n\t\t\t\t<\/div>\n\t\t\t\t<div class=\"elementor-element elementor-element-89b1814 elementor-widget elementor-widget-text-editor\" data-id=\"89b1814\" data-element_type=\"widget\" data-e-type=\"widget\" data-widget_type=\"text-editor.default\">\n\t\t\t\t<div class=\"elementor-widget-container\">\n\t\t\t\t\t\t\t\t\t<div class=\"elementor-element elementor-element-ce8f0c1 elementor-icon-list--layout-traditional elementor-list-item-link-full_width elementor-widget elementor-widget-icon-list\" data-id=\"ce8f0c1\" data-element_type=\"widget\" data-widget_type=\"icon-list.default\">\n<div class=\"elementor-widget-container\">\n<h3><span class=\"elementor-icon-list-text\">\u00c9tape 3 : Courriel<\/span><\/h3>\n<\/div>\n<\/div>\n<div class=\"elementor-element elementor-element-6f8534f elementor-widget elementor-widget-text-editor\" data-id=\"6f8534f\" data-element_type=\"widget\" data-widget_type=\"text-editor.default\">\n<div class=\"elementor-widget-container\">\n<p>Signez le formulaire et envoyez-le par courriel, accompagn\u00e9 de photos du stand meubl\u00e9 ou de l&rsquo;exposition, \u00e0 <a href=\"mailto:info@mastersofrealism.com\">info@mastersofrealism.com<\/a>.<\/p>\n<\/div>\n<\/div>\t\t\t\t\t\t\t\t<\/div>\n\t\t\t\t<\/div>\n\t\t\t\t<div class=\"elementor-element elementor-element-8de82c8 elementor-widget elementor-widget-button\" data-id=\"8de82c8\" data-element_type=\"widget\" data-e-type=\"widget\" data-widget_type=\"button.default\">\n\t\t\t\t<div class=\"elementor-widget-container\">\n\t\t\t\t\t\t\t\t\t<div class=\"elementor-button-wrapper\">\n\t\t\t\t\t<a class=\"elementor-button elementor-button-link elementor-size-sm\" href=\"https:\/\/mastersofrealism.com\/wp-content\/uploads\/2026\/02\/Exhibition-form-Masters-of-Realism.pdf\" target=\"_blank\">\n\t\t\t\t\t\t<span class=\"elementor-button-content-wrapper\">\n\t\t\t\t\t\t\t\t\t<span class=\"elementor-button-text\">Formulaire<\/span>\n\t\t\t\t\t<\/span>\n\t\t\t\t\t<\/a>\n\t\t\t\t<\/div>\n\t\t\t\t\t\t\t\t<\/div>\n\t\t\t\t<\/div>\n\t\t\t\t\t<\/div>\n\t\t\t\t<\/div>\n\t\t<div class=\"elementor-element elementor-element-f6c498a e-grid e-con-boxed e-con e-parent\" data-id=\"f6c498a\" data-element_type=\"container\" data-e-type=\"container\" data-settings=\"{&quot;jet_parallax_layout_list&quot;:[]}\">\n\t\t\t\t\t<div class=\"e-con-inner\">\n\t\t\t\t<div class=\"elementor-element elementor-element-fc21c30 elementor-widget elementor-widget-text-editor\" data-id=\"fc21c30\" data-element_type=\"widget\" data-e-type=\"widget\" data-widget_type=\"text-editor.default\">\n\t\t\t\t<div class=\"elementor-widget-container\">\n\t\t\t\t\t\t\t\t\t<h3 style=\"font-weight: 400;\">Important \u00e0 savoir<\/h3>\n<p style=\"font-weight: 400;\">L&rsquo;assurance s&rsquo;applique exclusivement aux expositions temporaires qui se d\u00e9roulent dans des lieux couverts aux Pays-Bas, pour une dur\u00e9e maximale de 31 jours et uniquement sur pr\u00e9sentation, dans les d\u00e9lais impartis, d&rsquo;une d\u00e9claration sp\u00e9cifi\u00e9e et sign\u00e9e du formulaire et des photos qui l&rsquo;accompagnent (voir les instructions ci-dessus).<\/p>\n<p style=\"font-weight: 400;\">Les \u0153uvres sp\u00e9cifi\u00e9es et photographi\u00e9es sont assur\u00e9es conform\u00e9ment \u00e0 la police d&rsquo;assurance contre le vol et les dommages pendant l&rsquo;exposition en question. La franchise est de 250 \u20ac par objet et la valeur d&rsquo;assurance maximale est de 10 000 \u20ac par objet.   <\/p>\n<p style=\"font-weight: 400;\">Les polices d&rsquo;assurance existantes de l&rsquo;artiste, du transporteur engag\u00e9, de la galerie ou de l&rsquo;institution elle-m\u00eame, o\u00f9 se tient l&rsquo;exposition, ont la priorit\u00e9. Si tel est le cas, une demande d&rsquo;indemnisation doit d&rsquo;abord \u00eatre introduite aupr\u00e8s de cette compagnie. Lorsque vous soumettez votre demande aux <em>Masters of Realism<\/em>, indiquez si la demande a d\u00e9j\u00e0 \u00e9t\u00e9 soumise \u00e0 une autre compagnie d&rsquo;assurance. Il va de soi qu&rsquo;une d\u00e9claration correcte et v\u00e9ridique est n\u00e9cessaire ; en outre, la d\u00e9claration doit \u00eatre introduite au plus tard un jour apr\u00e8s le dernier jour de l&rsquo;exposition en question. The <em>Masters of Realism<\/em> et De Kunst Collega&rsquo;s ne sont pas responsables des d\u00e9clarations incorrectes, incompl\u00e8tes et\/ou contradictoires, quelles qu&rsquo;elles soient.      <\/p>\n<p style=\"font-weight: 400;\">Vous trouverez le formulaire d&rsquo;assurance et plus de d\u00e9tails dans votre <a href=\"https:\/\/mastersofrealism.com\/inloggen\/\">compte en ligne.<\/a><\/p>\t\t\t\t\t\t\t\t<\/div>\n\t\t\t\t<\/div>\n\t\t\t\t<div class=\"elementor-element elementor-element-b85864c elementor-widget elementor-widget-text-editor\" data-id=\"b85864c\" data-element_type=\"widget\" data-e-type=\"widget\" data-widget_type=\"text-editor.default\">\n\t\t\t\t<div class=\"elementor-widget-container\">\n\t\t\t\t\t\t\t\t\t<h3 style=\"font-weight: 400;\">Des questions ?<\/h3>\n<p style=\"font-weight: 400;\">Nous esp\u00e9rons pouvoir vous rendre service. Si vous avez des questions, vous pouvez toujours envoyer un message \u00e0 <a href=\"mailto:info@mastersofrealism.com\">info@mastersofrealism.com.<\/a> <\/p>\t\t\t\t\t\t\t\t<\/div>\n\t\t\t\t<\/div>\n\t\t\t\t\t<\/div>\n\t\t\t\t<\/div>\n\t\t\t\t<\/div>\n\t\t","protected":false},"excerpt":{"rendered":"<p>En tant que Master of Realism, vous b\u00e9n\u00e9ficiez de plusieurs avantages, dont une assurance gratuite pour les expositions. Cela signifie que vos \u0153uvres sont assur\u00e9es gratuitement lors de chaque participation \u00e0 une exposition ou \u00e0 un salon aux Pays-Bas. C&rsquo;est tr\u00e8s simple et cela se fait en quelques minutes. \u00c9tape 1 : T\u00e9l\u00e9charger T\u00e9l\u00e9chargez le [&hellip;]<\/p>\n","protected":false},"author":57,"featured_media":0,"parent":0,"menu_order":0,"comment_status":"closed","ping_status":"closed","template":"full-width.php","meta":{"_acf_changed":false,"footnotes":""},"class_list":["post-15525","page","type-page","status-publish","hentry"],"acf":[],"yoast_head":"<!-- This site is optimized with the Yoast SEO plugin v27.2 - https:\/\/yoast.com\/product\/yoast-seo-wordpress\/ -->\n<title>Assurance des expositions - Masters of Realism<\/title>\n<meta name=\"robots\" content=\"index, follow, max-snippet:-1, max-image-preview:large, max-video-preview:-1\" \/>\n<link rel=\"canonical\" href=\"https:\/\/mastersofrealism.com\/fr\/assurance-des-expositions\/\" \/>\n<meta property=\"og:locale\" content=\"fr_FR\" \/>\n<meta property=\"og:type\" content=\"article\" \/>\n<meta property=\"og:title\" content=\"Assurance des expositions - Masters of Realism\" \/>\n<meta property=\"og:description\" content=\"En tant que Master of Realism, vous b\u00e9n\u00e9ficiez de plusieurs avantages, dont une assurance gratuite pour les expositions. Cela signifie que vos \u0153uvres sont assur\u00e9es gratuitement lors de chaque participation \u00e0 une exposition ou \u00e0 un salon aux Pays-Bas. C&rsquo;est tr\u00e8s simple et cela se fait en quelques minutes. \u00c9tape 1 : T\u00e9l\u00e9charger T\u00e9l\u00e9chargez le [&hellip;]\" \/>\n<meta property=\"og:url\" content=\"https:\/\/mastersofrealism.com\/fr\/assurance-des-expositions\/\" \/>\n<meta property=\"og:site_name\" content=\"Masters of Realism\" \/>\n<meta property=\"article:modified_time\" content=\"2026-02-23T13:55:52+00:00\" \/>\n<meta property=\"og:image\" content=\"https:\/\/mastersofrealism.com\/wp-content\/uploads\/2025\/11\/verzekering1.jpg\" \/>\n\t<meta property=\"og:image:width\" content=\"800\" \/>\n\t<meta property=\"og:image:height\" content=\"533\" \/>\n\t<meta property=\"og:image:type\" content=\"image\/jpeg\" \/>\n<meta name=\"twitter:card\" content=\"summary_large_image\" \/>\n<meta name=\"twitter:label1\" content=\"Dur\u00e9e de lecture estim\u00e9e\" \/>\n\t<meta name=\"twitter:data1\" content=\"2 minutes\" \/>\n<script type=\"application\/ld+json\" class=\"yoast-schema-graph\">{\"@context\":\"https:\/\/schema.org\",\"@graph\":[{\"@type\":\"WebPage\",\"@id\":\"https:\/\/mastersofrealism.com\/fr\/assurance-des-expositions\/\",\"url\":\"https:\/\/mastersofrealism.com\/fr\/assurance-des-expositions\/\",\"name\":\"Assurance des expositions - Masters of Realism\",\"isPartOf\":{\"@id\":\"https:\/\/mastersofrealism.com\/#website\"},\"primaryImageOfPage\":{\"@id\":\"https:\/\/mastersofrealism.com\/fr\/assurance-des-expositions\/#primaryimage\"},\"image\":{\"@id\":\"https:\/\/mastersofrealism.com\/fr\/assurance-des-expositions\/#primaryimage\"},\"thumbnailUrl\":\"https:\/\/mastersofrealism.com\/wp-content\/uploads\/2025\/11\/verzekering1.jpg\",\"datePublished\":\"2025-11-05T08:17:55+00:00\",\"dateModified\":\"2026-02-23T13:55:52+00:00\",\"breadcrumb\":{\"@id\":\"https:\/\/mastersofrealism.com\/fr\/assurance-des-expositions\/#breadcrumb\"},\"inLanguage\":\"fr-FR\",\"potentialAction\":[{\"@type\":\"ReadAction\",\"target\":[\"https:\/\/mastersofrealism.com\/fr\/assurance-des-expositions\/\"]}]},{\"@type\":\"ImageObject\",\"inLanguage\":\"fr-FR\",\"@id\":\"https:\/\/mastersofrealism.com\/fr\/assurance-des-expositions\/#primaryimage\",\"url\":\"https:\/\/mastersofrealism.com\/wp-content\/uploads\/2025\/11\/verzekering1.jpg\",\"contentUrl\":\"https:\/\/mastersofrealism.com\/wp-content\/uploads\/2025\/11\/verzekering1.jpg\"},{\"@type\":\"BreadcrumbList\",\"@id\":\"https:\/\/mastersofrealism.com\/fr\/assurance-des-expositions\/#breadcrumb\",\"itemListElement\":[{\"@type\":\"ListItem\",\"position\":1,\"name\":\"Home\",\"item\":\"https:\/\/mastersofrealism.com\/fr\/home\/\"},{\"@type\":\"ListItem\",\"position\":2,\"name\":\"Assurance des expositions\"}]},{\"@type\":\"WebSite\",\"@id\":\"https:\/\/mastersofrealism.com\/#website\",\"url\":\"https:\/\/mastersofrealism.com\/\",\"name\":\"Masters of Realism\",\"description\":\"\",\"publisher\":{\"@id\":\"https:\/\/mastersofrealism.com\/#organization\"},\"potentialAction\":[{\"@type\":\"SearchAction\",\"target\":{\"@type\":\"EntryPoint\",\"urlTemplate\":\"https:\/\/mastersofrealism.com\/?s={search_term_string}\"},\"query-input\":{\"@type\":\"PropertyValueSpecification\",\"valueRequired\":true,\"valueName\":\"search_term_string\"}}],\"inLanguage\":\"fr-FR\"},{\"@type\":\"Organization\",\"@id\":\"https:\/\/mastersofrealism.com\/#organization\",\"name\":\"Masters of Realism\",\"url\":\"https:\/\/mastersofrealism.com\/\",\"logo\":{\"@type\":\"ImageObject\",\"inLanguage\":\"fr-FR\",\"@id\":\"https:\/\/mastersofrealism.com\/#\/schema\/logo\/image\/\",\"url\":\"https:\/\/mastersofrealism.com\/wp-content\/uploads\/2023\/11\/cropped-Logo-meesters-van-het-realisme-1-e1701774067476.png\",\"contentUrl\":\"https:\/\/mastersofrealism.com\/wp-content\/uploads\/2023\/11\/cropped-Logo-meesters-van-het-realisme-1-e1701774067476.png\",\"width\":506,\"height\":318,\"caption\":\"Masters of Realism\"},\"image\":{\"@id\":\"https:\/\/mastersofrealism.com\/#\/schema\/logo\/image\/\"}}]}<\/script>\n<!-- \/ Yoast SEO plugin. -->","yoast_head_json":{"title":"Assurance des expositions - Masters of Realism","robots":{"index":"index","follow":"follow","max-snippet":"max-snippet:-1","max-image-preview":"max-image-preview:large","max-video-preview":"max-video-preview:-1"},"canonical":"https:\/\/mastersofrealism.com\/fr\/assurance-des-expositions\/","og_locale":"fr_FR","og_type":"article","og_title":"Assurance des expositions - Masters of Realism","og_description":"En tant que Master of Realism, vous b\u00e9n\u00e9ficiez de plusieurs avantages, dont une assurance gratuite pour les expositions. Cela signifie que vos \u0153uvres sont assur\u00e9es gratuitement lors de chaque participation \u00e0 une exposition ou \u00e0 un salon aux Pays-Bas. C&rsquo;est tr\u00e8s simple et cela se fait en quelques minutes. \u00c9tape 1 : T\u00e9l\u00e9charger T\u00e9l\u00e9chargez le [&hellip;]","og_url":"https:\/\/mastersofrealism.com\/fr\/assurance-des-expositions\/","og_site_name":"Masters of Realism","article_modified_time":"2026-02-23T13:55:52+00:00","og_image":[{"width":800,"height":533,"url":"https:\/\/mastersofrealism.com\/wp-content\/uploads\/2025\/11\/verzekering1.jpg","type":"image\/jpeg"}],"twitter_card":"summary_large_image","twitter_misc":{"Dur\u00e9e de lecture estim\u00e9e":"2 minutes"},"schema":{"@context":"https:\/\/schema.org","@graph":[{"@type":"WebPage","@id":"https:\/\/mastersofrealism.com\/fr\/assurance-des-expositions\/","url":"https:\/\/mastersofrealism.com\/fr\/assurance-des-expositions\/","name":"Assurance des expositions - Masters of Realism","isPartOf":{"@id":"https:\/\/mastersofrealism.com\/#website"},"primaryImageOfPage":{"@id":"https:\/\/mastersofrealism.com\/fr\/assurance-des-expositions\/#primaryimage"},"image":{"@id":"https:\/\/mastersofrealism.com\/fr\/assurance-des-expositions\/#primaryimage"},"thumbnailUrl":"https:\/\/mastersofrealism.com\/wp-content\/uploads\/2025\/11\/verzekering1.jpg","datePublished":"2025-11-05T08:17:55+00:00","dateModified":"2026-02-23T13:55:52+00:00","breadcrumb":{"@id":"https:\/\/mastersofrealism.com\/fr\/assurance-des-expositions\/#breadcrumb"},"inLanguage":"fr-FR","potentialAction":[{"@type":"ReadAction","target":["https:\/\/mastersofrealism.com\/fr\/assurance-des-expositions\/"]}]},{"@type":"ImageObject","inLanguage":"fr-FR","@id":"https:\/\/mastersofrealism.com\/fr\/assurance-des-expositions\/#primaryimage","url":"https:\/\/mastersofrealism.com\/wp-content\/uploads\/2025\/11\/verzekering1.jpg","contentUrl":"https:\/\/mastersofrealism.com\/wp-content\/uploads\/2025\/11\/verzekering1.jpg"},{"@type":"BreadcrumbList","@id":"https:\/\/mastersofrealism.com\/fr\/assurance-des-expositions\/#breadcrumb","itemListElement":[{"@type":"ListItem","position":1,"name":"Home","item":"https:\/\/mastersofrealism.com\/fr\/home\/"},{"@type":"ListItem","position":2,"name":"Assurance des expositions"}]},{"@type":"WebSite","@id":"https:\/\/mastersofrealism.com\/#website","url":"https:\/\/mastersofrealism.com\/","name":"Masters of Realism","description":"","publisher":{"@id":"https:\/\/mastersofrealism.com\/#organization"},"potentialAction":[{"@type":"SearchAction","target":{"@type":"EntryPoint","urlTemplate":"https:\/\/mastersofrealism.com\/?s={search_term_string}"},"query-input":{"@type":"PropertyValueSpecification","valueRequired":true,"valueName":"search_term_string"}}],"inLanguage":"fr-FR"},{"@type":"Organization","@id":"https:\/\/mastersofrealism.com\/#organization","name":"Masters of Realism","url":"https:\/\/mastersofrealism.com\/","logo":{"@type":"ImageObject","inLanguage":"fr-FR","@id":"https:\/\/mastersofrealism.com\/#\/schema\/logo\/image\/","url":"https:\/\/mastersofrealism.com\/wp-content\/uploads\/2023\/11\/cropped-Logo-meesters-van-het-realisme-1-e1701774067476.png","contentUrl":"https:\/\/mastersofrealism.com\/wp-content\/uploads\/2023\/11\/cropped-Logo-meesters-van-het-realisme-1-e1701774067476.png","width":506,"height":318,"caption":"Masters of Realism"},"image":{"@id":"https:\/\/mastersofrealism.com\/#\/schema\/logo\/image\/"}}]}},"_links":{"self":[{"href":"https:\/\/mastersofrealism.com\/fr\/wp-json\/wp\/v2\/pages\/15525","targetHints":{"allow":["GET"]}}],"collection":[{"href":"https:\/\/mastersofrealism.com\/fr\/wp-json\/wp\/v2\/pages"}],"about":[{"href":"https:\/\/mastersofrealism.com\/fr\/wp-json\/wp\/v2\/types\/page"}],"author":[{"embeddable":true,"href":"https:\/\/mastersofrealism.com\/fr\/wp-json\/wp\/v2\/users\/57"}],"replies":[{"embeddable":true,"href":"https:\/\/mastersofrealism.com\/fr\/wp-json\/wp\/v2\/comments?post=15525"}],"version-history":[{"count":1,"href":"https:\/\/mastersofrealism.com\/fr\/wp-json\/wp\/v2\/pages\/15525\/revisions"}],"predecessor-version":[{"id":15527,"href":"https:\/\/mastersofrealism.com\/fr\/wp-json\/wp\/v2\/pages\/15525\/revisions\/15527"}],"wp:attachment":[{"href":"https:\/\/mastersofrealism.com\/fr\/wp-json\/wp\/v2\/media?parent=15525"}],"curies":[{"name":"wp","href":"https:\/\/api.w.org\/{rel}","templated":true}]}}