{"id":15526,"date":"2024-10-17T15:58:46","date_gmt":"2024-10-17T13:58:46","guid":{"rendered":"https:\/\/mastersofrealism.com\/conditions-de-participation-aux-masters-neerlandais-contemporains\/"},"modified":"2026-02-23T14:55:52","modified_gmt":"2026-02-23T13:55:52","slug":"conditions-de-participation-aux-masters-neerlandais-contemporains","status":"publish","type":"page","link":"https:\/\/mastersofrealism.com\/fr\/conditions-de-participation-aux-masters-neerlandais-contemporains\/","title":{"rendered":"Conditions de participation aux Masters n\u00e9erlandais contemporains"},"content":{"rendered":"\t\t<div data-elementor-type=\"wp-page\" data-elementor-id=\"15526\" class=\"elementor elementor-15526 elementor-10204\" data-elementor-post-type=\"page\">\n\t\t\t\t\t\t<section class=\"elementor-section elementor-top-section elementor-element elementor-element-9177080 elementor-section-boxed elementor-section-height-default elementor-section-height-default\" data-id=\"9177080\" data-element_type=\"section\" data-e-type=\"section\" data-settings=\"{&quot;jet_parallax_layout_list&quot;:[{&quot;jet_parallax_layout_image&quot;:{&quot;url&quot;:&quot;&quot;,&quot;id&quot;:&quot;&quot;,&quot;size&quot;:&quot;&quot;},&quot;_id&quot;:&quot;5b6044a&quot;,&quot;jet_parallax_layout_image_tablet&quot;:{&quot;url&quot;:&quot;&quot;,&quot;id&quot;:&quot;&quot;,&quot;size&quot;:&quot;&quot;},&quot;jet_parallax_layout_image_mobile&quot;:{&quot;url&quot;:&quot;&quot;,&quot;id&quot;:&quot;&quot;,&quot;size&quot;:&quot;&quot;},&quot;jet_parallax_layout_speed&quot;:{&quot;unit&quot;:&quot;%&quot;,&quot;size&quot;:50,&quot;sizes&quot;:[]},&quot;jet_parallax_layout_type&quot;:&quot;scroll&quot;,&quot;jet_parallax_layout_direction&quot;:&quot;1&quot;,&quot;jet_parallax_layout_fx_direction&quot;:null,&quot;jet_parallax_layout_z_index&quot;:&quot;&quot;,&quot;jet_parallax_layout_bg_x&quot;:50,&quot;jet_parallax_layout_bg_x_tablet&quot;:&quot;&quot;,&quot;jet_parallax_layout_bg_x_mobile&quot;:&quot;&quot;,&quot;jet_parallax_layout_bg_y&quot;:50,&quot;jet_parallax_layout_bg_y_tablet&quot;:&quot;&quot;,&quot;jet_parallax_layout_bg_y_mobile&quot;:&quot;&quot;,&quot;jet_parallax_layout_bg_size&quot;:&quot;auto&quot;,&quot;jet_parallax_layout_bg_size_tablet&quot;:&quot;&quot;,&quot;jet_parallax_layout_bg_size_mobile&quot;:&quot;&quot;,&quot;jet_parallax_layout_animation_prop&quot;:&quot;transform&quot;,&quot;jet_parallax_layout_on&quot;:[&quot;desktop&quot;,&quot;tablet&quot;]}],&quot;background_background&quot;:&quot;classic&quot;}\">\n\t\t\t\t\t\t<div class=\"elementor-container elementor-column-gap-no\">\n\t\t\t\t\t<div class=\"elementor-column elementor-col-100 elementor-top-column elementor-element elementor-element-f5515f4\" data-id=\"f5515f4\" data-element_type=\"column\" data-e-type=\"column\">\n\t\t\t<div class=\"elementor-widget-wrap elementor-element-populated\">\n\t\t\t\t\t\t<div class=\"elementor-element elementor-element-7631cc2 elementor-widget elementor-widget-heading\" data-id=\"7631cc2\" data-element_type=\"widget\" data-e-type=\"widget\" data-widget_type=\"heading.default\">\n\t\t\t\t<div class=\"elementor-widget-container\">\n\t\t\t\t\t<h1 class=\"elementor-heading-title elementor-size-default\">Conditions de participation aux Masters n\u00e9erlandais contemporains<\/h1>\t\t\t\t<\/div>\n\t\t\t\t<\/div>\n\t\t\t\t\t<\/div>\n\t\t<\/div>\n\t\t\t\t\t<\/div>\n\t\t<\/section>\n\t\t<div class=\"elementor-element elementor-element-4bb1492b e-flex e-con-boxed e-con e-parent\" data-id=\"4bb1492b\" data-element_type=\"container\" data-e-type=\"container\" data-settings=\"{&quot;jet_parallax_layout_list&quot;:[]}\">\n\t\t\t\t\t<div class=\"e-con-inner\">\n\t\t\t\t<div class=\"elementor-element elementor-element-5862fa2a elementor-widget elementor-widget-text-editor\" data-id=\"5862fa2a\" data-element_type=\"widget\" data-e-type=\"widget\" data-widget_type=\"text-editor.default\">\n\t\t\t\t<div class=\"elementor-widget-container\">\n\t\t\t\t\t\t\t\t\t<h3 style=\"font-weight: 400;\"><strong>Conditions de participation<\/strong> au livre<\/h3><h2 style=\"font-weight: 400;\"><strong>Les Masters n\u00e9erlandais contemporains<\/strong><\/h2><ol><li style=\"font-weight: 400;\"><strong>  G\u00e9n\u00e9ralit\u00e9s.<\/strong><\/li><li style=\"font-weight: 400;\"><strong>  Demande de participation.<\/strong><\/li><li style=\"font-weight: 400;\"><strong>  Se d\u00e9sabonner de la participation.<\/strong><\/li><li style=\"font-weight: 400;\"><strong>  Les pr\u00e9sentations.<\/strong><\/li><li style=\"font-weight: 400;\"><strong>  Le livre.  <\/strong><\/li><li style=\"font-weight: 400;\"><strong>  Les co\u00fbts.<\/strong><\/li><li style=\"font-weight: 400;\"><strong>  Autres dispositions.<\/strong><\/li><\/ol><ol><li style=\"font-weight: 400;\"> <strong>G\u00e9n\u00e9ralit\u00e9s.<\/strong><br>1a. Le livre Contemporary Dutch Masters (ci-apr\u00e8s : le Livre) offre \u00e0 environ 70 <em>Masters of Realism<\/em> l&rsquo;opportunit\u00e9 de se pr\u00e9senter dans un livre exclusif \u00e0 grand tirage \u00e0 un public large et int\u00e9ress\u00e9.<br>1b. Les <em>Masters of Realism<\/em> peuvent se pr\u00e9senter dans le Livre avec une interview ou une pr\u00e9sentation de 1, 2 ou 3 pages.<br>1c. La composition et la publication du Livre rel\u00e8vent de la responsabilit\u00e9 de De Kunst Collega&rsquo;s BV (ci-apr\u00e8s : l&rsquo;\u00e9diteur).<br>1d. Le Livre est publi\u00e9 tous les deux ans dans la premi\u00e8re moiti\u00e9 du mois de mars.<br>1e. Les <em>Masters of Realism<\/em> qui souhaitent se pr\u00e9senter dans le Livre acceptent pleinement et sans condition les pr\u00e9sentes conditions de participation.     <\/li><\/ol><ol start=\"2\"><li style=\"font-weight: 400;\"> <strong>Demande de participation.<\/strong><br>2a. Les <em>Masters of Realism<\/em> posent leur candidature pour une pr\u00e9sentation dans le Livre en envoyant le formulaire de candidature d\u00fbment compl\u00e9t\u00e9.<br>2b. Vous pouvez vous inscrire via le site web des <em>Masters of Realism<\/em> <a href=\"https:\/\/mastersofrealism.com\/apply-contemporary-dutch-masters\/\">:<\/a> https:\/\/mastersofrealism.com\/aanmelden-contemporary-dutch-masters\/<br>2c. La date limite d&rsquo;inscription pour un entretien ou une pr\u00e9sentation est fix\u00e9e tous les deux ans au 1er d\u00e9cembre (\u00e0 partir de 2024).<br>2d. L&rsquo;\u00e9diteur peut refuser une demande de pr\u00e9sentation sans en indiquer les raisons.<br>2e. Un <em>Master of Realism<\/em> qui s&rsquo;est inscrit et qui est refus\u00e9 ne devra pas de frais.      <\/li><\/ol><ol start=\"3\"><li style=\"font-weight: 400;\"> <strong>D\u00e9sinscription de la participation.<\/strong><br>3a. La d\u00e9sinscription de la participation doit se faire par e-mail ou par courrier. La d\u00e9sinscription est toujours confirm\u00e9e par l&rsquo;organisation dans un d\u00e9lai de quelques jours ouvrables.<br>3b. La d\u00e9sinscription est possible gratuitement jusqu&rsquo;\u00e0 5 jours ouvrables apr\u00e8s l&rsquo;inscription.<br>3c. La d\u00e9sinscription est possible dans les 5 jours ouvrables \u00e0 1 mois apr\u00e8s l&rsquo;inscription pour 40% des frais li\u00e9s \u00e0 la pr\u00e9sentation.<br>3d. Les d\u00e9sinscriptions dans un d\u00e9lai de 1 et 2 mois apr\u00e8s l&rsquo;inscription sont possibles pour 80% des co\u00fbts li\u00e9s \u00e0 la pr\u00e9sentation.<br>3e. En cas de d\u00e9sinscription plus de 2 mois apr\u00e8s l&rsquo;inscription, la totalit\u00e9 des frais sera due.        <\/li><\/ol><ol start=\"4\"><li style=\"font-weight: 400;\"> <strong>Les pr\u00e9sentations.<\/strong><br>4a. Afin de garantir la qualit\u00e9 des pr\u00e9sentations et donc, dans une large mesure, la qualit\u00e9 du Livre, les photos doivent r\u00e9pondre \u00e0 des exigences de qualit\u00e9 qui sont d\u00e9termin\u00e9es en partie en termes de qualit\u00e9s techniques de l&rsquo;image (voir 4f) et en partie dans un sens qualitatif\/artistique.<br>4b. Afin d&rsquo;obtenir une mise en page harmonieuse, la mise en page du Livre est d\u00e9termin\u00e9e et contr\u00f4l\u00e9e par le designer.<br>4c. Chaque pr\u00e9sentation dans le livre sur une page consiste en une image (c&rsquo;est-\u00e0-dire une peinture) plus la l\u00e9gende avec les d\u00e9tails de la peinture. En outre, le site web de l&rsquo;artiste et le prix de vente du tableau sont mentionn\u00e9s.<br>4d. Chaque pr\u00e9sentation dans le livre sur 2 pages consiste en 2 images (c&rsquo;est-\u00e0-dire 2 peintures) plus les l\u00e9gendes avec les d\u00e9tails des peintures. En outre, le site web de l&rsquo;artiste et les prix de vente des peintures sont mentionn\u00e9s.<br>4e. Chaque pr\u00e9sentation dans le Livre sur 3 pages consiste en 3 images (c&rsquo;est-\u00e0-dire 3 peintures) plus les l\u00e9gendes avec les d\u00e9tails des peintures. En outre, le site web de l&rsquo;artiste et les prix de vente des peintures sont mentionn\u00e9s.<br>4f. Une interview dans le livre couvre 3 pages et est r\u00e9alis\u00e9e par t\u00e9l\u00e9phone ou par e-mail par un journaliste par l&rsquo;interm\u00e9diaire de l&rsquo;\u00e9diteur du livre. 3 peintures sont \u00e9galement plac\u00e9es avec une interview<br>4g. La date limite d&rsquo;envoi de la ou des photos pour le Livre est fix\u00e9e au 1er d\u00e9cembre de chaque ann\u00e9e (\u00e0 partir de 2024).<br>4h. La ou les photos pour la pr\u00e9sentation ou l&rsquo;interview doivent \u00eatre t\u00e9l\u00e9charg\u00e9es via le formulaire et doivent toutes \u00eatre d&rsquo;au moins 300 dpi (jpeg ou tif).<br>4i. Les couleurs sont converties en CMJN pour l&rsquo;impression, ce qui peut entra\u00eener une certaine diff\u00e9rence de couleur.<br>4j. L&rsquo;\u00e9diteur assure une mise en page harmonieuse de toutes les pr\u00e9sentations.<br>4k. Toutes les pr\u00e9sentations sont soumises aux artistes pour v\u00e9rification apr\u00e8s la mise en page, avant l&rsquo;impression.<br>4l. L&rsquo;\u00e9diteur d\u00e9termine l&#8217;emplacement des pr\u00e9sentations dans le Livre.<br>4m. En cas de livraison tardive ou incorrecte des images, le droit de participation devient caduc et les frais restent dus.<br>4n. Si le nombre de photos envoy\u00e9es par e-mail est sup\u00e9rieur au nombre de photos pouvant \u00eatre plac\u00e9es dans la pr\u00e9sentation, le concepteur de la mise en page choisira l&rsquo;une des photos envoy\u00e9es.<br>4q. Les photos doivent \u00eatre libres de droits et peuvent \u00eatre plac\u00e9es sans frais et\/ou mention du photographe.<br>4r. L&rsquo;envoi d&rsquo;une ou plusieurs photos vaut autorisation d&rsquo;utiliser la ou les photos sans compensation \u00e0 d&rsquo;autres fins (promotionnelles) au profit du livre, par exemple sur le site web des <em>Masters of Realism<\/em> ou dans d&rsquo;autres expressions (promotionnelles) au profit du livre.                    <\/li><\/ol><ol start=\"5\"><li style=\"font-weight: 400;\"><strong>  Le livre.  <\/strong><br>5a. Le Livre est publi\u00e9 tous les deux ans au d\u00e9but du mois de mars (\u00e0 partir de 2025).<br>5b. Le Livre est principalement destin\u00e9 \u00e0 offrir aux <em>Masters of Realism<\/em> l&rsquo;opportunit\u00e9 de se pr\u00e9senter \u00e0 un public plus large. Le Livre est destin\u00e9 \u00e0 \u00eatre consult\u00e9 et vu par son propri\u00e9taire ainsi que par des co-lecteurs.<br>5c. Les options de pr\u00e9sentation suivantes sont disponibles dans le livre : 10 interviews de 2 ou 3 pages. 20 pr\u00e9sentations de 3 pages, 20 de 2 pages et 20 d&rsquo;une page. 1 page est toujours gratuite.<br>5d. Les pr\u00e9sentations et les interviews sont attribu\u00e9es dans l&rsquo;ordre d&rsquo;inscription.<br>5e. Le livre compte environ 150 pages, a un format de 30 x 30 cm (= plus grand que le format A4) et est tir\u00e9 \u00e0 3 000 exemplaires. En cas de grand int\u00e9r\u00eat, la taille du livre sera augment\u00e9e.<br>5f. Si l&rsquo;int\u00e9r\u00eat pour la participation au livre est insuffisant ou si la r\u00e9alisation s&rsquo;av\u00e8re impossible pour d&rsquo;autres raisons, l&rsquo;\u00e9diteur se r\u00e9serve le droit de reporter ou d&rsquo;annuler la publication.          <\/li><\/ol><ol start=\"6\"><li style=\"font-weight: 400;\">  <strong> Co\u00fbts.<br><\/strong>6a. Les artistes doivent contribuer aux frais de leur pr\u00e9sentation ou de leur interview dans le livre, avec l&rsquo;inclusion de leurs donn\u00e9es et de 1 \u00e0 3 photos en couleur de leur travail.<br>6b. La participation est possible avec : une interview de 3 pages (\u20ac 650), une pr\u00e9sentation de 3 pages (\u20ac 520), une pr\u00e9sentation de 2 pages (\u20ac 260), une pr\u00e9sentation d&rsquo;une page (gratuite).<br>6e. Une pr\u00e9sentation d&rsquo;une page ne comprend pas de Livre ; une pr\u00e9sentation de 2 pages comprend 3 Livres ; une pr\u00e9sentation de 3 pages ou une interview comprend 6 Livres.<br>6f. En cas de participation payante, celle-ci aura lieu imm\u00e9diatement apr\u00e8s l&rsquo;inscription. L&rsquo;artiste recevra une facture par e-mail apr\u00e8s le paiement.<br>6g. Jusqu&rsquo;\u00e0 six semaines avant la publication du Livre, les artistes qui se pr\u00e9sentent dans le Livre peuvent acheter des livres suppl\u00e9mentaires en b\u00e9n\u00e9ficiant d&rsquo;une importante r\u00e9duction de pr\u00e9inscription.<br>6h. La contribution aux co\u00fbts comprend la mise en page de la ou des pages.<br>6i. Tous les frais de composition, d&rsquo;impression et de distribution du Livre sont \u00e0 la charge de l&rsquo;\u00e9diteur.<br>6j. Tous les frais de vente et de promotion du Livre sont \u00e0 la charge de l&rsquo;\u00e9diteur.         <\/li><\/ol><ol start=\"7\"><li style=\"font-weight: 400;\"> <strong>Autres dispositions.<\/strong><br>7a. Les dispositions exprim\u00e9es dans les pr\u00e9sentes conditions de participation peuvent \u00eatre adapt\u00e9es par l&rsquo;\u00e9diteur sans autre avis.<br>7b. Les accords conclus avant l&rsquo;adaptation des conditions de participation resteront en vigueur aux conditions applicables avant l&rsquo;adaptation des conditions de participation.<br>7c. Dans les cas impr\u00e9vus, l&rsquo;\u00e9diteur jugera et agira raisonnablement.<br>7d. En cas de divergence d&rsquo;opinion quant \u00e0 l&rsquo;interpr\u00e9tation des pr\u00e9sentes conditions, le jugement de l&rsquo;\u00e9diteur est d\u00e9terminant.<br>7e. Les pr\u00e9sentes conditions de participation sont r\u00e9gies par le droit n\u00e9erlandais.     <\/li><\/ol>\t\t\t\t\t\t\t\t<\/div>\n\t\t\t\t<\/div>\n\t\t\t\t\t<\/div>\n\t\t\t\t<\/div>\n\t\t\t\t<\/div>\n\t\t","protected":false},"excerpt":{"rendered":"<p>Conditions de participation au livre Les Masters n\u00e9erlandais contemporains G\u00e9n\u00e9ralit\u00e9s. Demande de participation. Se d\u00e9sabonner de la participation. Les pr\u00e9sentations. Le livre. Les co\u00fbts. Autres dispositions. G\u00e9n\u00e9ralit\u00e9s.1a. Le livre Contemporary Dutch Masters (ci-apr\u00e8s : le Livre) offre \u00e0 environ 70 Masters of Realism l&rsquo;opportunit\u00e9 de se pr\u00e9senter dans un livre exclusif \u00e0 grand tirage \u00e0 [&hellip;]<\/p>\n","protected":false},"author":57,"featured_media":0,"parent":0,"menu_order":0,"comment_status":"closed","ping_status":"closed","template":"full-width.php","meta":{"_acf_changed":false,"footnotes":""},"class_list":["post-15526","page","type-page","status-publish","hentry"],"acf":[],"yoast_head":"<!-- This site is optimized with the Yoast SEO plugin v27.2 - https:\/\/yoast.com\/product\/yoast-seo-wordpress\/ -->\n<title>Conditions de participation aux Masters n\u00e9erlandais contemporains - Masters of Realism<\/title>\n<meta name=\"robots\" content=\"index, follow, max-snippet:-1, max-image-preview:large, max-video-preview:-1\" \/>\n<link rel=\"canonical\" href=\"https:\/\/mastersofrealism.com\/fr\/conditions-de-participation-aux-masters-neerlandais-contemporains\/\" \/>\n<meta property=\"og:locale\" content=\"fr_FR\" \/>\n<meta property=\"og:type\" content=\"article\" \/>\n<meta property=\"og:title\" content=\"Conditions de participation aux Masters n\u00e9erlandais contemporains - Masters of Realism\" \/>\n<meta property=\"og:description\" content=\"Conditions de participation au livre Les Masters n\u00e9erlandais contemporains G\u00e9n\u00e9ralit\u00e9s. Demande de participation. Se d\u00e9sabonner de la participation. Les pr\u00e9sentations. Le livre. Les co\u00fbts. Autres dispositions. G\u00e9n\u00e9ralit\u00e9s.1a. Le livre Contemporary Dutch Masters (ci-apr\u00e8s : le Livre) offre \u00e0 environ 70 Masters of Realism l&rsquo;opportunit\u00e9 de se pr\u00e9senter dans un livre exclusif \u00e0 grand tirage \u00e0 [&hellip;]\" \/>\n<meta property=\"og:url\" content=\"https:\/\/mastersofrealism.com\/fr\/conditions-de-participation-aux-masters-neerlandais-contemporains\/\" \/>\n<meta property=\"og:site_name\" content=\"Masters of Realism\" \/>\n<meta property=\"article:modified_time\" content=\"2026-02-23T13:55:52+00:00\" \/>\n<meta property=\"og:image\" content=\"https:\/\/mastersofrealism.com\/wp-content\/uploads\/2023\/11\/cropped-Logo-meesters-van-het-realisme-1-e1701774067476.png\" \/>\n\t<meta property=\"og:image:width\" content=\"506\" \/>\n\t<meta property=\"og:image:height\" content=\"318\" \/>\n\t<meta property=\"og:image:type\" content=\"image\/png\" \/>\n<meta name=\"twitter:card\" content=\"summary_large_image\" \/>\n<meta name=\"twitter:label1\" content=\"Dur\u00e9e de lecture estim\u00e9e\" \/>\n\t<meta name=\"twitter:data1\" content=\"7 minutes\" \/>\n<script type=\"application\/ld+json\" class=\"yoast-schema-graph\">{\"@context\":\"https:\/\/schema.org\",\"@graph\":[{\"@type\":\"WebPage\",\"@id\":\"https:\/\/mastersofrealism.com\/fr\/conditions-de-participation-aux-masters-neerlandais-contemporains\/\",\"url\":\"https:\/\/mastersofrealism.com\/fr\/conditions-de-participation-aux-masters-neerlandais-contemporains\/\",\"name\":\"Conditions de participation aux Masters n\u00e9erlandais contemporains - Masters of Realism\",\"isPartOf\":{\"@id\":\"https:\/\/mastersofrealism.com\/#website\"},\"datePublished\":\"2024-10-17T13:58:46+00:00\",\"dateModified\":\"2026-02-23T13:55:52+00:00\",\"breadcrumb\":{\"@id\":\"https:\/\/mastersofrealism.com\/fr\/conditions-de-participation-aux-masters-neerlandais-contemporains\/#breadcrumb\"},\"inLanguage\":\"fr-FR\",\"potentialAction\":[{\"@type\":\"ReadAction\",\"target\":[\"https:\/\/mastersofrealism.com\/fr\/conditions-de-participation-aux-masters-neerlandais-contemporains\/\"]}]},{\"@type\":\"BreadcrumbList\",\"@id\":\"https:\/\/mastersofrealism.com\/fr\/conditions-de-participation-aux-masters-neerlandais-contemporains\/#breadcrumb\",\"itemListElement\":[{\"@type\":\"ListItem\",\"position\":1,\"name\":\"Home\",\"item\":\"https:\/\/mastersofrealism.com\/fr\/home\/\"},{\"@type\":\"ListItem\",\"position\":2,\"name\":\"Conditions de participation aux Masters n\u00e9erlandais contemporains\"}]},{\"@type\":\"WebSite\",\"@id\":\"https:\/\/mastersofrealism.com\/#website\",\"url\":\"https:\/\/mastersofrealism.com\/\",\"name\":\"Masters of Realism\",\"description\":\"\",\"publisher\":{\"@id\":\"https:\/\/mastersofrealism.com\/#organization\"},\"potentialAction\":[{\"@type\":\"SearchAction\",\"target\":{\"@type\":\"EntryPoint\",\"urlTemplate\":\"https:\/\/mastersofrealism.com\/?s={search_term_string}\"},\"query-input\":{\"@type\":\"PropertyValueSpecification\",\"valueRequired\":true,\"valueName\":\"search_term_string\"}}],\"inLanguage\":\"fr-FR\"},{\"@type\":\"Organization\",\"@id\":\"https:\/\/mastersofrealism.com\/#organization\",\"name\":\"Masters of Realism\",\"url\":\"https:\/\/mastersofrealism.com\/\",\"logo\":{\"@type\":\"ImageObject\",\"inLanguage\":\"fr-FR\",\"@id\":\"https:\/\/mastersofrealism.com\/#\/schema\/logo\/image\/\",\"url\":\"https:\/\/mastersofrealism.com\/wp-content\/uploads\/2023\/11\/cropped-Logo-meesters-van-het-realisme-1-e1701774067476.png\",\"contentUrl\":\"https:\/\/mastersofrealism.com\/wp-content\/uploads\/2023\/11\/cropped-Logo-meesters-van-het-realisme-1-e1701774067476.png\",\"width\":506,\"height\":318,\"caption\":\"Masters of Realism\"},\"image\":{\"@id\":\"https:\/\/mastersofrealism.com\/#\/schema\/logo\/image\/\"}}]}<\/script>\n<!-- \/ Yoast SEO plugin. -->","yoast_head_json":{"title":"Conditions de participation aux Masters n\u00e9erlandais contemporains - Masters of Realism","robots":{"index":"index","follow":"follow","max-snippet":"max-snippet:-1","max-image-preview":"max-image-preview:large","max-video-preview":"max-video-preview:-1"},"canonical":"https:\/\/mastersofrealism.com\/fr\/conditions-de-participation-aux-masters-neerlandais-contemporains\/","og_locale":"fr_FR","og_type":"article","og_title":"Conditions de participation aux Masters n\u00e9erlandais contemporains - Masters of Realism","og_description":"Conditions de participation au livre Les Masters n\u00e9erlandais contemporains G\u00e9n\u00e9ralit\u00e9s. Demande de participation. Se d\u00e9sabonner de la participation. Les pr\u00e9sentations. Le livre. Les co\u00fbts. Autres dispositions. G\u00e9n\u00e9ralit\u00e9s.1a. Le livre Contemporary Dutch Masters (ci-apr\u00e8s : le Livre) offre \u00e0 environ 70 Masters of Realism l&rsquo;opportunit\u00e9 de se pr\u00e9senter dans un livre exclusif \u00e0 grand tirage \u00e0 [&hellip;]","og_url":"https:\/\/mastersofrealism.com\/fr\/conditions-de-participation-aux-masters-neerlandais-contemporains\/","og_site_name":"Masters of Realism","article_modified_time":"2026-02-23T13:55:52+00:00","og_image":[{"width":506,"height":318,"url":"https:\/\/mastersofrealism.com\/wp-content\/uploads\/2023\/11\/cropped-Logo-meesters-van-het-realisme-1-e1701774067476.png","type":"image\/png"}],"twitter_card":"summary_large_image","twitter_misc":{"Dur\u00e9e de lecture estim\u00e9e":"7 minutes"},"schema":{"@context":"https:\/\/schema.org","@graph":[{"@type":"WebPage","@id":"https:\/\/mastersofrealism.com\/fr\/conditions-de-participation-aux-masters-neerlandais-contemporains\/","url":"https:\/\/mastersofrealism.com\/fr\/conditions-de-participation-aux-masters-neerlandais-contemporains\/","name":"Conditions de participation aux Masters n\u00e9erlandais contemporains - Masters of Realism","isPartOf":{"@id":"https:\/\/mastersofrealism.com\/#website"},"datePublished":"2024-10-17T13:58:46+00:00","dateModified":"2026-02-23T13:55:52+00:00","breadcrumb":{"@id":"https:\/\/mastersofrealism.com\/fr\/conditions-de-participation-aux-masters-neerlandais-contemporains\/#breadcrumb"},"inLanguage":"fr-FR","potentialAction":[{"@type":"ReadAction","target":["https:\/\/mastersofrealism.com\/fr\/conditions-de-participation-aux-masters-neerlandais-contemporains\/"]}]},{"@type":"BreadcrumbList","@id":"https:\/\/mastersofrealism.com\/fr\/conditions-de-participation-aux-masters-neerlandais-contemporains\/#breadcrumb","itemListElement":[{"@type":"ListItem","position":1,"name":"Home","item":"https:\/\/mastersofrealism.com\/fr\/home\/"},{"@type":"ListItem","position":2,"name":"Conditions de participation aux Masters n\u00e9erlandais contemporains"}]},{"@type":"WebSite","@id":"https:\/\/mastersofrealism.com\/#website","url":"https:\/\/mastersofrealism.com\/","name":"Masters of Realism","description":"","publisher":{"@id":"https:\/\/mastersofrealism.com\/#organization"},"potentialAction":[{"@type":"SearchAction","target":{"@type":"EntryPoint","urlTemplate":"https:\/\/mastersofrealism.com\/?s={search_term_string}"},"query-input":{"@type":"PropertyValueSpecification","valueRequired":true,"valueName":"search_term_string"}}],"inLanguage":"fr-FR"},{"@type":"Organization","@id":"https:\/\/mastersofrealism.com\/#organization","name":"Masters of Realism","url":"https:\/\/mastersofrealism.com\/","logo":{"@type":"ImageObject","inLanguage":"fr-FR","@id":"https:\/\/mastersofrealism.com\/#\/schema\/logo\/image\/","url":"https:\/\/mastersofrealism.com\/wp-content\/uploads\/2023\/11\/cropped-Logo-meesters-van-het-realisme-1-e1701774067476.png","contentUrl":"https:\/\/mastersofrealism.com\/wp-content\/uploads\/2023\/11\/cropped-Logo-meesters-van-het-realisme-1-e1701774067476.png","width":506,"height":318,"caption":"Masters of Realism"},"image":{"@id":"https:\/\/mastersofrealism.com\/#\/schema\/logo\/image\/"}}]}},"_links":{"self":[{"href":"https:\/\/mastersofrealism.com\/fr\/wp-json\/wp\/v2\/pages\/15526","targetHints":{"allow":["GET"]}}],"collection":[{"href":"https:\/\/mastersofrealism.com\/fr\/wp-json\/wp\/v2\/pages"}],"about":[{"href":"https:\/\/mastersofrealism.com\/fr\/wp-json\/wp\/v2\/types\/page"}],"author":[{"embeddable":true,"href":"https:\/\/mastersofrealism.com\/fr\/wp-json\/wp\/v2\/users\/57"}],"replies":[{"embeddable":true,"href":"https:\/\/mastersofrealism.com\/fr\/wp-json\/wp\/v2\/comments?post=15526"}],"version-history":[{"count":1,"href":"https:\/\/mastersofrealism.com\/fr\/wp-json\/wp\/v2\/pages\/15526\/revisions"}],"predecessor-version":[{"id":15528,"href":"https:\/\/mastersofrealism.com\/fr\/wp-json\/wp\/v2\/pages\/15526\/revisions\/15528"}],"wp:attachment":[{"href":"https:\/\/mastersofrealism.com\/fr\/wp-json\/wp\/v2\/media?parent=15526"}],"curies":[{"name":"wp","href":"https:\/\/api.w.org\/{rel}","templated":true}]}}