{"id":15592,"date":"2024-09-24T15:05:06","date_gmt":"2024-09-24T13:05:06","guid":{"rendered":"https:\/\/mastersofrealism.com\/appliquer-les-masters-neerlandais-contemporains\/"},"modified":"2026-02-23T14:56:34","modified_gmt":"2026-02-23T13:56:34","slug":"appliquer-les-masters-neerlandais-contemporains","status":"publish","type":"page","link":"https:\/\/mastersofrealism.com\/fr\/appliquer-les-masters-neerlandais-contemporains\/","title":{"rendered":"Appliquer les Masters n\u00e9erlandais contemporains"},"content":{"rendered":"\t\t<div data-elementor-type=\"wp-page\" data-elementor-id=\"15592\" class=\"elementor elementor-15592 elementor-10198\" data-elementor-post-type=\"page\">\n\t\t\t\t\t\t<section class=\"elementor-section elementor-top-section elementor-element elementor-element-74c3de8d elementor-section-boxed elementor-section-height-default elementor-section-height-default\" data-id=\"74c3de8d\" data-element_type=\"section\" data-e-type=\"section\" data-settings=\"{&quot;jet_parallax_layout_list&quot;:[{&quot;jet_parallax_layout_image&quot;:{&quot;url&quot;:&quot;&quot;,&quot;id&quot;:&quot;&quot;,&quot;size&quot;:&quot;&quot;},&quot;_id&quot;:&quot;5b6044a&quot;,&quot;jet_parallax_layout_image_tablet&quot;:{&quot;url&quot;:&quot;&quot;,&quot;id&quot;:&quot;&quot;,&quot;size&quot;:&quot;&quot;},&quot;jet_parallax_layout_image_mobile&quot;:{&quot;url&quot;:&quot;&quot;,&quot;id&quot;:&quot;&quot;,&quot;size&quot;:&quot;&quot;},&quot;jet_parallax_layout_speed&quot;:{&quot;unit&quot;:&quot;%&quot;,&quot;size&quot;:50,&quot;sizes&quot;:[]},&quot;jet_parallax_layout_type&quot;:&quot;scroll&quot;,&quot;jet_parallax_layout_direction&quot;:&quot;1&quot;,&quot;jet_parallax_layout_fx_direction&quot;:null,&quot;jet_parallax_layout_z_index&quot;:&quot;&quot;,&quot;jet_parallax_layout_bg_x&quot;:50,&quot;jet_parallax_layout_bg_x_tablet&quot;:&quot;&quot;,&quot;jet_parallax_layout_bg_x_mobile&quot;:&quot;&quot;,&quot;jet_parallax_layout_bg_y&quot;:50,&quot;jet_parallax_layout_bg_y_tablet&quot;:&quot;&quot;,&quot;jet_parallax_layout_bg_y_mobile&quot;:&quot;&quot;,&quot;jet_parallax_layout_bg_size&quot;:&quot;auto&quot;,&quot;jet_parallax_layout_bg_size_tablet&quot;:&quot;&quot;,&quot;jet_parallax_layout_bg_size_mobile&quot;:&quot;&quot;,&quot;jet_parallax_layout_animation_prop&quot;:&quot;transform&quot;,&quot;jet_parallax_layout_on&quot;:[&quot;desktop&quot;,&quot;tablet&quot;]}],&quot;background_background&quot;:&quot;classic&quot;}\">\n\t\t\t\t\t\t<div class=\"elementor-container elementor-column-gap-no\">\n\t\t\t\t\t<div class=\"elementor-column elementor-col-100 elementor-top-column elementor-element elementor-element-33fb6b5\" data-id=\"33fb6b5\" data-element_type=\"column\" data-e-type=\"column\">\n\t\t\t<div class=\"elementor-widget-wrap elementor-element-populated\">\n\t\t\t\t\t\t<div class=\"elementor-element elementor-element-57e0187f elementor-widget elementor-widget-heading\" data-id=\"57e0187f\" data-element_type=\"widget\" data-e-type=\"widget\" data-widget_type=\"heading.default\">\n\t\t\t\t<div class=\"elementor-widget-container\">\n\t\t\t\t\t<h1 class=\"elementor-heading-title elementor-size-default\">Appliquer les Masters n\u00e9erlandais contemporains<\/h1>\t\t\t\t<\/div>\n\t\t\t\t<\/div>\n\t\t\t\t\t<\/div>\n\t\t<\/div>\n\t\t\t\t\t<\/div>\n\t\t<\/section>\n\t\t<div class=\"elementor-element elementor-element-16213d0 e-flex e-con-boxed e-con e-parent\" data-id=\"16213d0\" data-element_type=\"container\" data-e-type=\"container\" data-settings=\"{&quot;jet_parallax_layout_list&quot;:[]}\">\n\t\t\t\t\t<div class=\"e-con-inner\">\n\t\t\t\t<div class=\"elementor-element elementor-element-9f8e758 elementor-widget elementor-widget-text-editor\" data-id=\"9f8e758\" data-element_type=\"widget\" data-e-type=\"widget\" data-widget_type=\"text-editor.default\">\n\t\t\t\t<div class=\"elementor-widget-container\">\n\t\t\t\t\t\t\t\t\t<h4>L&rsquo;\u00e9l\u00e9gant livre d&rsquo;art en anglais <em>Contemporary Dutch Masters<\/em> est publi\u00e9 tous les deux ans.<\/h4>\t\t\t\t\t\t\t\t<\/div>\n\t\t\t\t<\/div>\n\t\t\t\t\t<\/div>\n\t\t\t\t<\/div>\n\t\t<div class=\"elementor-element elementor-element-499ae57 e-grid e-con-boxed e-con e-parent\" data-id=\"499ae57\" data-element_type=\"container\" data-e-type=\"container\" data-settings=\"{&quot;jet_parallax_layout_list&quot;:[]}\">\n\t\t\t\t\t<div class=\"e-con-inner\">\n\t\t\t\t<div class=\"elementor-element elementor-element-8e5dd14 elementor-widget elementor-widget-text-editor\" data-id=\"8e5dd14\" data-element_type=\"widget\" data-e-type=\"widget\" data-widget_type=\"text-editor.default\">\n\t\t\t\t<div class=\"elementor-widget-container\">\n\t\t\t\t\t\t\t\t\t<p>Dans ce magnifique livre d&rsquo;art, 70 Masters ont l&rsquo;occasion de montrer leur travail \u00e0 un large public international. Vous pouvez opter pour une pr\u00e9sentation ou une interview. Dans le cas d&rsquo;une pr\u00e9sentation, votre \u0153uvre est expos\u00e9e le plus largement possible sur une page enti\u00e8re. Dans le cas d&rsquo;une interview, deux photos par page sont pr\u00e9sent\u00e9es. Tant pour la pr\u00e9sentation que pour l&rsquo;interview, votre nom, le titre de l&rsquo;\u0153uvre, les dimensions, votre site web, votre adresse \u00e9lectronique et le prix de l&rsquo;\u0153uvre sont \u00e9galement mentionn\u00e9s.    <\/p><p><strong>La participation<\/strong><br><span style=\"text-align: var(--text-align);\">Les pr\u00e9sentations suivantes sont disponibles : <br><\/span><span style=\"text-align: var(--text-align);\">&#8211; 10 interviews<\/span><span style=\"text-align: var(--text-align);\"> <\/span><span style=\"text-align: var(--text-align);\">avec une taille de 2 ou 3 pages<br><\/span><span style=\"text-align: var(--text-align);\">&#8211; 20 pr\u00e9sentations de 3 pages<br>&#8211; 20 pr\u00e9sentations de 2 pages<br><\/span><span style=\"text-align: var(--text-align);\">&#8211; 20 avec 1 page<\/span><span style=\"text-align: var(--text-align);\"> <br>Chaque pr\u00e9sentation comprend une page libre. <br>Les pr\u00e9sentations et les interviews sont attribu\u00e9es par ordre d&rsquo;inscription. Premier arriv\u00e9, premier servi. <br>Inscrivez-vous en utilisant le formulaire ci-dessous<\/span><span style=\"text-align: var(--text-align);\">.<\/span><\/p>\t\t\t\t\t\t\t\t<\/div>\n\t\t\t\t<\/div>\n\t\t\t\t<div class=\"elementor-element elementor-element-f5a82ba elementor-widget elementor-widget-image\" data-id=\"f5a82ba\" data-element_type=\"widget\" data-e-type=\"widget\" data-widget_type=\"image.default\">\n\t\t\t\t<div class=\"elementor-widget-container\">\n\t\t\t\t\t\t\t\t\t\t\t\t\t\t\t<img fetchpriority=\"high\" decoding=\"async\" width=\"768\" height=\"524\" src=\"https:\/\/mastersofrealism.com\/wp-content\/uploads\/2024\/09\/Square_Book_Mockup_transparant-2-768x524.png\" class=\"attachment-medium_large size-medium_large wp-image-15593\" alt=\"\" srcset=\"https:\/\/mastersofrealism.com\/wp-content\/uploads\/2024\/09\/Square_Book_Mockup_transparant-2-768x524.png 768w, https:\/\/mastersofrealism.com\/wp-content\/uploads\/2024\/09\/Square_Book_Mockup_transparant-2-300x205.png 300w, https:\/\/mastersofrealism.com\/wp-content\/uploads\/2024\/09\/Square_Book_Mockup_transparant-2-1024x699.png 1024w, https:\/\/mastersofrealism.com\/wp-content\/uploads\/2024\/09\/Square_Book_Mockup_transparant-2-1536x1048.png 1536w, https:\/\/mastersofrealism.com\/wp-content\/uploads\/2024\/09\/Square_Book_Mockup_transparant-2-2048x1398.png 2048w\" sizes=\"(max-width: 768px) 100vw, 768px\" \/>\t\t\t\t\t\t\t\t\t\t\t\t\t\t\t<\/div>\n\t\t\t\t<\/div>\n\t\t\t\t<div class=\"elementor-element elementor-element-67ce8ea elementor-widget elementor-widget-text-editor\" data-id=\"67ce8ea\" data-element_type=\"widget\" data-e-type=\"widget\" data-widget_type=\"text-editor.default\">\n\t\t\t\t<div class=\"elementor-widget-container\">\n\t\t\t\t\t\t\t\t\t<p>Le livre compte environ 150 pages, a un format de 30 x 30 cm (= plus grand que le format A4) et est tir\u00e9 \u00e0 3 000 exemplaires. En cas de grand int\u00e9r\u00eat, la taille du livre sera augment\u00e9e. <\/p><p>Le prix de vente est de 24,95 \u20ac (TVA comprise).<\/p><p><strong>Date limite<\/strong><br><span style=\"text-decoration: underline;\">L&rsquo;inscription est possible jusqu&rsquo;au 1er d\u00e9cembre 2024 inclus.<\/span><\/p>\t\t\t\t\t\t\t\t<\/div>\n\t\t\t\t<\/div>\n\t\t\t\t<div class=\"elementor-element elementor-element-0a178fb elementor-widget elementor-widget-text-editor\" data-id=\"0a178fb\" data-element_type=\"widget\" data-e-type=\"widget\" data-widget_type=\"text-editor.default\">\n\t\t\t\t<div class=\"elementor-widget-container\">\n\t\t\t\t\t\t\t\t\t<p><strong>Distribution<\/strong><br>Le livre <i>Contemporary Dutch Masters<\/i> est un cadeau de bienvenue pour les <a href=\"https:\/\/kunstweek.nl\/word-vriend\/\">Amis de<\/a> la Fondation Kunstweek. <a href=\"https:\/\/kunstweek.nl\/ambassadeurs\/\">Les ambassadeurs<\/a> de la Fondation Kunstweek en re\u00e7oivent \u00e9galement un exemplaire. <br>Le livre est \u00e9galement en vente via le site web des <em>Masters of Realism<\/em> et de <a href=\"https:\/\/kunstweek.nl\/winkel\/\">Stichting Kunstweek<\/a>. En outre, chaque dixi\u00e8me visiteur payant des foires suivantes en 2025 recevra un exemplaire : <a href=\"https:\/\/brabantartfair.nl\">Brabant Art Fair <\/a>, <a href=\"http:\/\/www.europeartfair.nl\">Europe Art Fair<\/a>, <a href=\"http:\/\/www.kunstdagen.nl\">Nationale Kunstdagen<\/a> et Belgian International Art Fair. <\/p>\t\t\t\t\t\t\t\t<\/div>\n\t\t\t\t<\/div>\n\t\t\t\t\t<\/div>\n\t\t\t\t<\/div>\n\t\t<div class=\"elementor-element elementor-element-965050d e-flex e-con-boxed e-con e-parent\" data-id=\"965050d\" data-element_type=\"container\" data-e-type=\"container\" data-settings=\"{&quot;jet_parallax_layout_list&quot;:[]}\">\n\t\t\t\t\t<div class=\"e-con-inner\">\n\t\t\t\t<div class=\"elementor-element elementor-element-03f589c elementor-widget elementor-widget-shortcode\" data-id=\"03f589c\" data-element_type=\"widget\" data-e-type=\"widget\" data-widget_type=\"shortcode.default\">\n\t\t\t\t<div class=\"elementor-widget-container\">\n\t\t\t\t\t\t\t<div class=\"elementor-shortcode\"><p class=\"gform_not_found\">Oups\u00a0! Nous n\u2019avons pas retrouv\u00e9 votre formulaire.<\/p><\/div>\n\t\t\t\t\t\t<\/div>\n\t\t\t\t<\/div>\n\t\t\t\t\t<\/div>\n\t\t\t\t<\/div>\n\t\t\t\t<\/div>\n\t\t","protected":false},"excerpt":{"rendered":"<p>L&rsquo;\u00e9l\u00e9gant livre d&rsquo;art en anglais Contemporary Dutch Masters est publi\u00e9 tous les deux ans. Dans ce magnifique livre d&rsquo;art, 70 Masters ont l&rsquo;occasion de montrer leur travail \u00e0 un large public international. Vous pouvez opter pour une pr\u00e9sentation ou une interview. Dans le cas d&rsquo;une pr\u00e9sentation, votre \u0153uvre est expos\u00e9e le plus largement possible sur [&hellip;]<\/p>\n","protected":false},"author":57,"featured_media":0,"parent":0,"menu_order":0,"comment_status":"closed","ping_status":"closed","template":"full-width.php","meta":{"_acf_changed":false,"footnotes":""},"class_list":["post-15592","page","type-page","status-publish","hentry"],"acf":[],"yoast_head":"<!-- This site is optimized with the Yoast SEO plugin v27.2 - https:\/\/yoast.com\/product\/yoast-seo-wordpress\/ -->\n<title>Appliquer les Masters n\u00e9erlandais contemporains - Masters of Realism<\/title>\n<meta name=\"robots\" content=\"noindex, nofollow\" \/>\n<meta property=\"og:locale\" content=\"fr_FR\" \/>\n<meta property=\"og:type\" content=\"article\" \/>\n<meta property=\"og:title\" content=\"Appliquer les Masters n\u00e9erlandais contemporains - Masters of Realism\" \/>\n<meta property=\"og:description\" content=\"L&rsquo;\u00e9l\u00e9gant livre d&rsquo;art en anglais Contemporary Dutch Masters est publi\u00e9 tous les deux ans. Dans ce magnifique livre d&rsquo;art, 70 Masters ont l&rsquo;occasion de montrer leur travail \u00e0 un large public international. Vous pouvez opter pour une pr\u00e9sentation ou une interview. Dans le cas d&rsquo;une pr\u00e9sentation, votre \u0153uvre est expos\u00e9e le plus largement possible sur [&hellip;]\" \/>\n<meta property=\"og:url\" content=\"https:\/\/mastersofrealism.com\/fr\/appliquer-les-masters-neerlandais-contemporains\/\" \/>\n<meta property=\"og:site_name\" content=\"Masters of Realism\" \/>\n<meta property=\"article:modified_time\" content=\"2026-02-23T13:56:34+00:00\" \/>\n<meta property=\"og:image\" content=\"https:\/\/mastersofrealism.com\/wp-content\/uploads\/2024\/09\/Square_Book_Mockup_transparant-2.png\" \/>\n\t<meta property=\"og:image:width\" content=\"2202\" \/>\n\t<meta property=\"og:image:height\" content=\"1503\" \/>\n\t<meta property=\"og:image:type\" content=\"image\/png\" \/>\n<meta name=\"twitter:card\" content=\"summary_large_image\" \/>\n<meta name=\"twitter:label1\" content=\"Dur\u00e9e de lecture estim\u00e9e\" \/>\n\t<meta name=\"twitter:data1\" content=\"1 minute\" \/>\n<script type=\"application\/ld+json\" class=\"yoast-schema-graph\">{\"@context\":\"https:\/\/schema.org\",\"@graph\":[{\"@type\":\"WebPage\",\"@id\":\"https:\/\/mastersofrealism.com\/fr\/appliquer-les-masters-neerlandais-contemporains\/\",\"url\":\"https:\/\/mastersofrealism.com\/fr\/appliquer-les-masters-neerlandais-contemporains\/\",\"name\":\"Appliquer les Masters n\u00e9erlandais contemporains - Masters of Realism\",\"isPartOf\":{\"@id\":\"https:\/\/mastersofrealism.com\/#website\"},\"primaryImageOfPage\":{\"@id\":\"https:\/\/mastersofrealism.com\/fr\/appliquer-les-masters-neerlandais-contemporains\/#primaryimage\"},\"image\":{\"@id\":\"https:\/\/mastersofrealism.com\/fr\/appliquer-les-masters-neerlandais-contemporains\/#primaryimage\"},\"thumbnailUrl\":\"https:\/\/mastersofrealism.com\/wp-content\/uploads\/2024\/09\/Square_Book_Mockup_transparant-2-768x524.png\",\"datePublished\":\"2024-09-24T13:05:06+00:00\",\"dateModified\":\"2026-02-23T13:56:34+00:00\",\"breadcrumb\":{\"@id\":\"https:\/\/mastersofrealism.com\/fr\/appliquer-les-masters-neerlandais-contemporains\/#breadcrumb\"},\"inLanguage\":\"fr-FR\",\"potentialAction\":[{\"@type\":\"ReadAction\",\"target\":[\"https:\/\/mastersofrealism.com\/fr\/appliquer-les-masters-neerlandais-contemporains\/\"]}]},{\"@type\":\"ImageObject\",\"inLanguage\":\"fr-FR\",\"@id\":\"https:\/\/mastersofrealism.com\/fr\/appliquer-les-masters-neerlandais-contemporains\/#primaryimage\",\"url\":\"https:\/\/mastersofrealism.com\/wp-content\/uploads\/2024\/09\/Square_Book_Mockup_transparant-2-768x524.png\",\"contentUrl\":\"https:\/\/mastersofrealism.com\/wp-content\/uploads\/2024\/09\/Square_Book_Mockup_transparant-2-768x524.png\"},{\"@type\":\"BreadcrumbList\",\"@id\":\"https:\/\/mastersofrealism.com\/fr\/appliquer-les-masters-neerlandais-contemporains\/#breadcrumb\",\"itemListElement\":[{\"@type\":\"ListItem\",\"position\":1,\"name\":\"Home\",\"item\":\"https:\/\/mastersofrealism.com\/fr\/home\/\"},{\"@type\":\"ListItem\",\"position\":2,\"name\":\"Appliquer les Masters n\u00e9erlandais contemporains\"}]},{\"@type\":\"WebSite\",\"@id\":\"https:\/\/mastersofrealism.com\/#website\",\"url\":\"https:\/\/mastersofrealism.com\/\",\"name\":\"Masters of Realism\",\"description\":\"\",\"publisher\":{\"@id\":\"https:\/\/mastersofrealism.com\/#organization\"},\"potentialAction\":[{\"@type\":\"SearchAction\",\"target\":{\"@type\":\"EntryPoint\",\"urlTemplate\":\"https:\/\/mastersofrealism.com\/?s={search_term_string}\"},\"query-input\":{\"@type\":\"PropertyValueSpecification\",\"valueRequired\":true,\"valueName\":\"search_term_string\"}}],\"inLanguage\":\"fr-FR\"},{\"@type\":\"Organization\",\"@id\":\"https:\/\/mastersofrealism.com\/#organization\",\"name\":\"Masters of Realism\",\"url\":\"https:\/\/mastersofrealism.com\/\",\"logo\":{\"@type\":\"ImageObject\",\"inLanguage\":\"fr-FR\",\"@id\":\"https:\/\/mastersofrealism.com\/#\/schema\/logo\/image\/\",\"url\":\"https:\/\/mastersofrealism.com\/wp-content\/uploads\/2023\/11\/cropped-Logo-meesters-van-het-realisme-1-e1701774067476.png\",\"contentUrl\":\"https:\/\/mastersofrealism.com\/wp-content\/uploads\/2023\/11\/cropped-Logo-meesters-van-het-realisme-1-e1701774067476.png\",\"width\":506,\"height\":318,\"caption\":\"Masters of Realism\"},\"image\":{\"@id\":\"https:\/\/mastersofrealism.com\/#\/schema\/logo\/image\/\"}}]}<\/script>\n<!-- \/ Yoast SEO plugin. -->","yoast_head_json":{"title":"Appliquer les Masters n\u00e9erlandais contemporains - Masters of Realism","robots":{"index":"noindex","follow":"nofollow"},"og_locale":"fr_FR","og_type":"article","og_title":"Appliquer les Masters n\u00e9erlandais contemporains - Masters of Realism","og_description":"L&rsquo;\u00e9l\u00e9gant livre d&rsquo;art en anglais Contemporary Dutch Masters est publi\u00e9 tous les deux ans. Dans ce magnifique livre d&rsquo;art, 70 Masters ont l&rsquo;occasion de montrer leur travail \u00e0 un large public international. Vous pouvez opter pour une pr\u00e9sentation ou une interview. Dans le cas d&rsquo;une pr\u00e9sentation, votre \u0153uvre est expos\u00e9e le plus largement possible sur [&hellip;]","og_url":"https:\/\/mastersofrealism.com\/fr\/appliquer-les-masters-neerlandais-contemporains\/","og_site_name":"Masters of Realism","article_modified_time":"2026-02-23T13:56:34+00:00","og_image":[{"width":2202,"height":1503,"url":"https:\/\/mastersofrealism.com\/wp-content\/uploads\/2024\/09\/Square_Book_Mockup_transparant-2.png","type":"image\/png"}],"twitter_card":"summary_large_image","twitter_misc":{"Dur\u00e9e de lecture estim\u00e9e":"1 minute"},"schema":{"@context":"https:\/\/schema.org","@graph":[{"@type":"WebPage","@id":"https:\/\/mastersofrealism.com\/fr\/appliquer-les-masters-neerlandais-contemporains\/","url":"https:\/\/mastersofrealism.com\/fr\/appliquer-les-masters-neerlandais-contemporains\/","name":"Appliquer les Masters n\u00e9erlandais contemporains - Masters of Realism","isPartOf":{"@id":"https:\/\/mastersofrealism.com\/#website"},"primaryImageOfPage":{"@id":"https:\/\/mastersofrealism.com\/fr\/appliquer-les-masters-neerlandais-contemporains\/#primaryimage"},"image":{"@id":"https:\/\/mastersofrealism.com\/fr\/appliquer-les-masters-neerlandais-contemporains\/#primaryimage"},"thumbnailUrl":"https:\/\/mastersofrealism.com\/wp-content\/uploads\/2024\/09\/Square_Book_Mockup_transparant-2-768x524.png","datePublished":"2024-09-24T13:05:06+00:00","dateModified":"2026-02-23T13:56:34+00:00","breadcrumb":{"@id":"https:\/\/mastersofrealism.com\/fr\/appliquer-les-masters-neerlandais-contemporains\/#breadcrumb"},"inLanguage":"fr-FR","potentialAction":[{"@type":"ReadAction","target":["https:\/\/mastersofrealism.com\/fr\/appliquer-les-masters-neerlandais-contemporains\/"]}]},{"@type":"ImageObject","inLanguage":"fr-FR","@id":"https:\/\/mastersofrealism.com\/fr\/appliquer-les-masters-neerlandais-contemporains\/#primaryimage","url":"https:\/\/mastersofrealism.com\/wp-content\/uploads\/2024\/09\/Square_Book_Mockup_transparant-2-768x524.png","contentUrl":"https:\/\/mastersofrealism.com\/wp-content\/uploads\/2024\/09\/Square_Book_Mockup_transparant-2-768x524.png"},{"@type":"BreadcrumbList","@id":"https:\/\/mastersofrealism.com\/fr\/appliquer-les-masters-neerlandais-contemporains\/#breadcrumb","itemListElement":[{"@type":"ListItem","position":1,"name":"Home","item":"https:\/\/mastersofrealism.com\/fr\/home\/"},{"@type":"ListItem","position":2,"name":"Appliquer les Masters n\u00e9erlandais contemporains"}]},{"@type":"WebSite","@id":"https:\/\/mastersofrealism.com\/#website","url":"https:\/\/mastersofrealism.com\/","name":"Masters of Realism","description":"","publisher":{"@id":"https:\/\/mastersofrealism.com\/#organization"},"potentialAction":[{"@type":"SearchAction","target":{"@type":"EntryPoint","urlTemplate":"https:\/\/mastersofrealism.com\/?s={search_term_string}"},"query-input":{"@type":"PropertyValueSpecification","valueRequired":true,"valueName":"search_term_string"}}],"inLanguage":"fr-FR"},{"@type":"Organization","@id":"https:\/\/mastersofrealism.com\/#organization","name":"Masters of Realism","url":"https:\/\/mastersofrealism.com\/","logo":{"@type":"ImageObject","inLanguage":"fr-FR","@id":"https:\/\/mastersofrealism.com\/#\/schema\/logo\/image\/","url":"https:\/\/mastersofrealism.com\/wp-content\/uploads\/2023\/11\/cropped-Logo-meesters-van-het-realisme-1-e1701774067476.png","contentUrl":"https:\/\/mastersofrealism.com\/wp-content\/uploads\/2023\/11\/cropped-Logo-meesters-van-het-realisme-1-e1701774067476.png","width":506,"height":318,"caption":"Masters of Realism"},"image":{"@id":"https:\/\/mastersofrealism.com\/#\/schema\/logo\/image\/"}}]}},"_links":{"self":[{"href":"https:\/\/mastersofrealism.com\/fr\/wp-json\/wp\/v2\/pages\/15592","targetHints":{"allow":["GET"]}}],"collection":[{"href":"https:\/\/mastersofrealism.com\/fr\/wp-json\/wp\/v2\/pages"}],"about":[{"href":"https:\/\/mastersofrealism.com\/fr\/wp-json\/wp\/v2\/types\/page"}],"author":[{"embeddable":true,"href":"https:\/\/mastersofrealism.com\/fr\/wp-json\/wp\/v2\/users\/57"}],"replies":[{"embeddable":true,"href":"https:\/\/mastersofrealism.com\/fr\/wp-json\/wp\/v2\/comments?post=15592"}],"version-history":[{"count":1,"href":"https:\/\/mastersofrealism.com\/fr\/wp-json\/wp\/v2\/pages\/15592\/revisions"}],"predecessor-version":[{"id":15597,"href":"https:\/\/mastersofrealism.com\/fr\/wp-json\/wp\/v2\/pages\/15592\/revisions\/15597"}],"wp:attachment":[{"href":"https:\/\/mastersofrealism.com\/fr\/wp-json\/wp\/v2\/media?parent=15592"}],"curies":[{"name":"wp","href":"https:\/\/api.w.org\/{rel}","templated":true}]}}