{"id":15654,"date":"2023-08-10T12:53:35","date_gmt":"2023-08-10T10:53:35","guid":{"rendered":"https:\/\/mastersofrealism.com\/le-pinceau-et-le-crayon-de-platine\/"},"modified":"2026-02-23T14:57:17","modified_gmt":"2026-02-23T13:57:17","slug":"le-pinceau-et-le-crayon-de-platine","status":"publish","type":"page","link":"https:\/\/mastersofrealism.com\/fr\/le-pinceau-et-le-crayon-de-platine\/","title":{"rendered":"Le pinceau et le crayon de platine"},"content":{"rendered":"\t\t<div data-elementor-type=\"wp-page\" data-elementor-id=\"15654\" class=\"elementor elementor-15654 elementor-10320\" data-elementor-post-type=\"page\">\n\t\t\t\t\t\t<section class=\"elementor-section elementor-top-section elementor-element elementor-element-94e20cc elementor-section-boxed elementor-section-height-default elementor-section-height-default\" data-id=\"94e20cc\" data-element_type=\"section\" data-e-type=\"section\" data-settings=\"{&quot;jet_parallax_layout_list&quot;:[{&quot;jet_parallax_layout_image&quot;:{&quot;url&quot;:&quot;&quot;,&quot;id&quot;:&quot;&quot;,&quot;size&quot;:&quot;&quot;},&quot;_id&quot;:&quot;5b6044a&quot;,&quot;jet_parallax_layout_image_tablet&quot;:{&quot;url&quot;:&quot;&quot;,&quot;id&quot;:&quot;&quot;,&quot;size&quot;:&quot;&quot;},&quot;jet_parallax_layout_image_mobile&quot;:{&quot;url&quot;:&quot;&quot;,&quot;id&quot;:&quot;&quot;,&quot;size&quot;:&quot;&quot;},&quot;jet_parallax_layout_speed&quot;:{&quot;unit&quot;:&quot;%&quot;,&quot;size&quot;:50,&quot;sizes&quot;:[]},&quot;jet_parallax_layout_type&quot;:&quot;scroll&quot;,&quot;jet_parallax_layout_direction&quot;:&quot;1&quot;,&quot;jet_parallax_layout_fx_direction&quot;:null,&quot;jet_parallax_layout_z_index&quot;:&quot;&quot;,&quot;jet_parallax_layout_bg_x&quot;:50,&quot;jet_parallax_layout_bg_x_tablet&quot;:&quot;&quot;,&quot;jet_parallax_layout_bg_x_mobile&quot;:&quot;&quot;,&quot;jet_parallax_layout_bg_y&quot;:50,&quot;jet_parallax_layout_bg_y_tablet&quot;:&quot;&quot;,&quot;jet_parallax_layout_bg_y_mobile&quot;:&quot;&quot;,&quot;jet_parallax_layout_bg_size&quot;:&quot;auto&quot;,&quot;jet_parallax_layout_bg_size_tablet&quot;:&quot;&quot;,&quot;jet_parallax_layout_bg_size_mobile&quot;:&quot;&quot;,&quot;jet_parallax_layout_animation_prop&quot;:&quot;transform&quot;,&quot;jet_parallax_layout_on&quot;:[&quot;desktop&quot;,&quot;tablet&quot;]}],&quot;background_background&quot;:&quot;classic&quot;}\">\n\t\t\t\t\t\t<div class=\"elementor-container elementor-column-gap-no\">\n\t\t\t\t\t<div class=\"elementor-column elementor-col-100 elementor-top-column elementor-element elementor-element-f5ee1d8\" data-id=\"f5ee1d8\" data-element_type=\"column\" data-e-type=\"column\">\n\t\t\t<div class=\"elementor-widget-wrap elementor-element-populated\">\n\t\t\t\t\t\t<div class=\"elementor-element elementor-element-33e600a elementor-widget elementor-widget-heading\" data-id=\"33e600a\" data-element_type=\"widget\" data-e-type=\"widget\" data-widget_type=\"heading.default\">\n\t\t\t\t<div class=\"elementor-widget-container\">\n\t\t\t\t\t<h1 class=\"elementor-heading-title elementor-size-default\">Le pinceau et le crayon de platine<\/h1>\t\t\t\t<\/div>\n\t\t\t\t<\/div>\n\t\t\t\t\t<\/div>\n\t\t<\/div>\n\t\t\t\t\t<\/div>\n\t\t<\/section>\n\t\t<div class=\"elementor-element elementor-element-b07e0c2 e-flex e-con-boxed e-con e-parent\" data-id=\"b07e0c2\" data-element_type=\"container\" data-e-type=\"container\" data-settings=\"{&quot;jet_parallax_layout_list&quot;:[]}\">\n\t\t\t\t\t<div class=\"e-con-inner\">\n\t\t\t\t<div class=\"elementor-element elementor-element-8555de0 elementor-widget elementor-widget-text-editor\" data-id=\"8555de0\" data-element_type=\"widget\" data-e-type=\"widget\" data-widget_type=\"text-editor.default\">\n\t\t\t\t<div class=\"elementor-widget-container\">\n\t\t\t\t\t\t\t\t\t<h4><strong>Chaque ann\u00e9e, trois artistes qui cr\u00e9ent des peintures r\u00e9alistes re\u00e7oivent un <em>pinceau de platine<\/em> <b>et trois artistes qui dessinent <i>uniquement<\/i> de mani\u00e8re r\u00e9aliste re\u00e7oivent un <i>crayon de platine<\/i>.<\/b><\/strong><\/h4>\t\t\t\t\t\t\t\t<\/div>\n\t\t\t\t<\/div>\n\t\t\t\t\t<\/div>\n\t\t\t\t<\/div>\n\t\t<div class=\"elementor-element elementor-element-87e3fca e-flex e-con-boxed e-con e-parent\" data-id=\"87e3fca\" data-element_type=\"container\" data-e-type=\"container\" data-settings=\"{&quot;jet_parallax_layout_list&quot;:[]}\">\n\t\t\t\t\t<div class=\"e-con-inner\">\n\t\t<div class=\"elementor-element elementor-element-6e8025d e-con-full e-flex e-con e-child\" data-id=\"6e8025d\" data-element_type=\"container\" data-e-type=\"container\" data-settings=\"{&quot;jet_parallax_layout_list&quot;:[]}\">\n\t\t\t\t<div class=\"elementor-element elementor-element-42e29d51 elementor-widget elementor-widget-text-editor\" data-id=\"42e29d51\" data-element_type=\"widget\" data-e-type=\"widget\" data-widget_type=\"text-editor.default\">\n\t\t\t\t<div class=\"elementor-widget-container\">\n\t\t\t\t\t\t\t\t\t<p style=\"font-weight: 400;\"><strong>Qu&rsquo;est-ce qu&rsquo;un <em>pinceau de platine<\/em> et qu&rsquo;est-ce qu&rsquo;un <em>crayon de platine<\/em>?<br><\/strong>Un <em>pinceau de platine<\/em> est un prix d\u00e9cern\u00e9 aux artistes qui peignent de mani\u00e8re r\u00e9aliste. Un <em>Crayon de platine<\/em> est un prix d\u00e9cern\u00e9 aux artistes qui dessinent de mani\u00e8re r\u00e9aliste <em>uniquement<\/em>. <br>Les prix ne reconnaissent pas seulement l&rsquo;excellence artistique des artistes auxquels ils sont d\u00e9cern\u00e9s, mais refl\u00e8tent \u00e9galement l&rsquo;appr\u00e9ciation du travail des artistes auxquels ils sont d\u00e9cern\u00e9s dans de vastes cercles d&rsquo;experts.   <\/p><p style=\"font-weight: 400;\"><strong>Qui peut \u00eatre distingu\u00e9<\/strong> par <strong>un <em>Pinceau de Platine<\/em>?<\/strong><br><em>Les Pinceaux de Platine<\/em> sont d\u00e9cern\u00e9s par les <em>Masters of Realism<\/em> aux artistes n\u00e9erlandais qui peignent de mani\u00e8re r\u00e9aliste, qui ne sont pas des <em>Masters of Realism<\/em>, mais qui peignent \u00e9galement \u00e0 un niveau \u00e9lev\u00e9. <br><strong><br>Qui peut \u00eatre distingu\u00e9 par un <em>Crayon de Platine<\/em>?<\/strong><br><em>Les Crayons de Platine<\/em> sont d\u00e9cern\u00e9s par les <em>Masters of Realism<\/em> aux artistes n\u00e9erlandais qui dessinent <em>uniquement de mani\u00e8re r\u00e9aliste<\/em>.<\/p>\t\t\t\t\t\t\t\t<\/div>\n\t\t\t\t<\/div>\n\t\t\t\t<\/div>\n\t\t<div class=\"elementor-element elementor-element-5ae18c7 e-con-full e-flex e-con e-child\" data-id=\"5ae18c7\" data-element_type=\"container\" data-e-type=\"container\" data-settings=\"{&quot;jet_parallax_layout_list&quot;:[]}\">\n\t\t\t\t<div class=\"elementor-element elementor-element-e016931 elementor-widget elementor-widget-text-editor\" data-id=\"e016931\" data-element_type=\"widget\" data-e-type=\"widget\" data-widget_type=\"text-editor.default\">\n\t\t\t\t<div class=\"elementor-widget-container\">\n\t\t\t\t\t\t\t\t\t<p style=\"font-weight: 400;\"><strong><b style=\"caret-color: #212121; color: #212121; font-family: 'Times New Roman';\"><span style=\"font-family: 'Libre Baskerville'; color: #626975;\">Mise en place<br><\/span><\/b><\/strong><span style=\"font-family: 'Libre Baskerville'; color: #626975;\"><em>Les pinceaux de platine<\/em><\/span><span style=\"font-family: 'Libre Baskerville'; color: #626975;\"> et les <em>crayons de platine<\/em> sont d\u00e9cern\u00e9s une fois par an. La proc\u00e9dure d&rsquo;attribution des <em>pinceaux<\/em> et <em>crayons de<\/em> <em>platine<\/em> se d\u00e9roule en deux \u00e9tapes.<\/span><\/p><p style=\"font-weight: 400;\">Premier tour : Tout le monde peut nommer ses artistes pr\u00e9f\u00e9r\u00e9s. Un maximum de 2 pour l&rsquo;attribution d&rsquo;un <em>pinceau de platine<\/em> et un maximum de 2 pour l&rsquo;attribution d&rsquo;un <em>crayon de platine<\/em>. P\u00e9riode d&rsquo;avril au 31 juillet.    <\/p><p style=\"font-weight: 400;\">Deuxi\u00e8me tour : Les <em>Masters of Realism<\/em> votent pour 1 artiste nomm\u00e9 par cat\u00e9gorie. Les 3 artistes qui re\u00e7oivent le plus de votes par cat\u00e9gorie se voient attribuer des <em>Pinceaux de Platine<\/em> et des <em>Crayons de Platine<\/em>. P\u00e9riode du 15 ao\u00fbt au 15 octobre.    <\/p><p style=\"font-weight: 400;\"><strong>Annonce<br><\/strong>Les artistes r\u00e9compens\u00e9s par un <em>Pinceau de Platine<\/em> ou un <em>Crayon de Platine<\/em> seront annonc\u00e9s au d\u00e9but de l&rsquo;ann\u00e9e 2025. Les artistes qui ont re\u00e7u un <em>Pinceau de Platine<\/em> ou un <em>Crayon de Platine<\/em> sont honorablement mentionn\u00e9s sur le site web des <em>Masters of Realism<\/em>.   <\/p><p>L&rsquo;artiste qui aura obtenu le plus de points dans la cat\u00e9gorie \u00ab\u00a0peinture r\u00e9aliste\u00a0\u00bb sera invit\u00e9 \u00e0 rejoindre les 250 <em>Masters of Realism<\/em> sans avoir \u00e0 payer de frais de candidature.<\/p>\t\t\t\t\t\t\t\t<\/div>\n\t\t\t\t<\/div>\n\t\t\t\t<\/div>\n\t\t\t\t\t<\/div>\n\t\t\t\t<\/div>\n\t\t<div class=\"elementor-element elementor-element-84727af e-flex e-con-boxed e-con e-parent\" data-id=\"84727af\" data-element_type=\"container\" data-e-type=\"container\" data-settings=\"{&quot;jet_parallax_layout_list&quot;:[]}\">\n\t\t\t\t\t<div class=\"e-con-inner\">\n\t\t<div class=\"elementor-element elementor-element-c8b79d4 e-con-full e-flex e-con e-child\" data-id=\"c8b79d4\" data-element_type=\"container\" data-e-type=\"container\" data-settings=\"{&quot;jet_parallax_layout_list&quot;:[]}\">\n\t\t\t\t<div class=\"elementor-element elementor-element-4716a99 elementor-widget elementor-widget-heading\" data-id=\"4716a99\" data-element_type=\"widget\" data-e-type=\"widget\" data-widget_type=\"heading.default\">\n\t\t\t\t<div class=\"elementor-widget-container\">\n\t\t\t\t\t<h2 class=\"elementor-heading-title elementor-size-default\">Gagnant Crayon de Platine 2024<\/h2>\t\t\t\t<\/div>\n\t\t\t\t<\/div>\n\t\t\t\t<div class=\"elementor-element elementor-element-b17b6c7 elementor-widget elementor-widget-image\" data-id=\"b17b6c7\" data-element_type=\"widget\" data-e-type=\"widget\" data-widget_type=\"image.default\">\n\t\t\t\t<div class=\"elementor-widget-container\">\n\t\t\t\t\t\t\t\t\t\t\t\t\t\t\t<img fetchpriority=\"high\" decoding=\"async\" width=\"1024\" height=\"875\" src=\"https:\/\/mastersofrealism.com\/wp-content\/uploads\/2024\/03\/animation_sync_Contrast_3yvo6f4un.gif\" class=\"attachment-large size-large wp-image-15659\" alt=\"\" \/>\t\t\t\t\t\t\t\t\t\t\t\t\t\t\t<\/div>\n\t\t\t\t<\/div>\n\t\t\t\t<div class=\"elementor-element elementor-element-6074860 elementor-widget elementor-widget-text-editor\" data-id=\"6074860\" data-element_type=\"widget\" data-e-type=\"widget\" data-widget_type=\"text-editor.default\">\n\t\t\t\t<div class=\"elementor-widget-container\">\n\t\t\t\t\t\t\t\t\t<p><strong>Le titre honorifique <i>Le crayon de platine 2024<\/i> a \u00e9t\u00e9 d\u00e9cern\u00e9 \u00e0 Loes Botman.  <\/strong><\/p><p>Apr\u00e8s avoir \u00e9tudi\u00e9 \u00e0 l&rsquo;Acad\u00e9mie royale des arts de La Haye, Loes Botman s&rsquo;est sp\u00e9cialis\u00e9e dans le dessin au pastel. Elle est s\u00e9duite par la simplicit\u00e9 de ce mat\u00e9riau. V\u00e9ritable artiste, elle pr\u00e9f\u00e8re laisser couler toutes les couleurs directement de ses mains.    <\/p>\t\t\t\t\t\t\t\t<\/div>\n\t\t\t\t<\/div>\n\t\t\t\t<div class=\"elementor-element elementor-element-edd999b elementor-align-center elementor-widget elementor-widget-button\" data-id=\"edd999b\" data-element_type=\"widget\" data-e-type=\"widget\" data-widget_type=\"button.default\">\n\t\t\t\t<div class=\"elementor-widget-container\">\n\t\t\t\t\t\t\t\t\t<div class=\"elementor-button-wrapper\">\n\t\t\t\t\t<a class=\"elementor-button elementor-button-link elementor-size-sm\" href=\"https:\/\/loesbotman.nl\">\n\t\t\t\t\t\t<span class=\"elementor-button-content-wrapper\">\n\t\t\t\t\t\t\t\t\t<span class=\"elementor-button-text\">Plus d'informations<\/span>\n\t\t\t\t\t<\/span>\n\t\t\t\t\t<\/a>\n\t\t\t\t<\/div>\n\t\t\t\t\t\t\t\t<\/div>\n\t\t\t\t<\/div>\n\t\t\t\t<\/div>\n\t\t<div class=\"elementor-element elementor-element-43a2476 e-con-full e-flex e-con e-child\" data-id=\"43a2476\" data-element_type=\"container\" data-e-type=\"container\" data-settings=\"{&quot;jet_parallax_layout_list&quot;:[]}\">\n\t\t\t\t<div class=\"elementor-element elementor-element-d90537b elementor-widget elementor-widget-heading\" data-id=\"d90537b\" data-element_type=\"widget\" data-e-type=\"widget\" data-widget_type=\"heading.default\">\n\t\t\t\t<div class=\"elementor-widget-container\">\n\t\t\t\t\t<h2 class=\"elementor-heading-title elementor-size-default\">Pinceau platine Winner 2024<\/h2>\t\t\t\t<\/div>\n\t\t\t\t<\/div>\n\t\t\t\t<div class=\"elementor-element elementor-element-8ca95e1 elementor-widget elementor-widget-image\" data-id=\"8ca95e1\" data-element_type=\"widget\" data-e-type=\"widget\" data-widget_type=\"image.default\">\n\t\t\t\t<div class=\"elementor-widget-container\">\n\t\t\t\t\t\t\t\t\t\t\t\t\t\t\t<img decoding=\"async\" width=\"1024\" height=\"875\" src=\"https:\/\/mastersofrealism.com\/wp-content\/uploads\/2024\/03\/animation_pulse_Contrast_8emujbwky.gif\" class=\"attachment-large size-large wp-image-15658\" alt=\"\" \/>\t\t\t\t\t\t\t\t\t\t\t\t\t\t\t<\/div>\n\t\t\t\t<\/div>\n\t\t\t\t<div class=\"elementor-element elementor-element-66ab207 elementor-widget elementor-widget-text-editor\" data-id=\"66ab207\" data-element_type=\"widget\" data-e-type=\"widget\" data-widget_type=\"text-editor.default\">\n\t\t\t\t<div class=\"elementor-widget-container\">\n\t\t\t\t\t\t\t\t\t<p><strong>Lisa Wiersma est la laur\u00e9ate du titre honorifique <i>The Platinum Brush 2024<\/i>.<\/strong><\/p>\n<p>Lisa Wiersma a commenc\u00e9 par l&rsquo;acad\u00e9mie des beaux-arts, mais a obtenu un dipl\u00f4me en histoire de l&rsquo;art \u00e0 l&rsquo;universit\u00e9 d&rsquo;Amsterdam. Elle aime aujourd&rsquo;hui travailler en tant que peintre et historienne de l&rsquo;art. Dans ces deux domaines, elle peut mettre \u00e0 profit son amour pour les diff\u00e9rentes techniques (historiques) de fabrication de sculptures, de dessins, d&rsquo;estampes et de peintures.    <\/p>\t\t\t\t\t\t\t\t<\/div>\n\t\t\t\t<\/div>\n\t\t\t\t<div class=\"elementor-element elementor-element-60d2f69 elementor-align-center elementor-widget elementor-widget-button\" data-id=\"60d2f69\" data-element_type=\"widget\" data-e-type=\"widget\" data-widget_type=\"button.default\">\n\t\t\t\t<div class=\"elementor-widget-container\">\n\t\t\t\t\t\t\t\t\t<div class=\"elementor-button-wrapper\">\n\t\t\t\t\t<a class=\"elementor-button elementor-button-link elementor-size-sm\" href=\"https:\/\/lisawiersma.nl\">\n\t\t\t\t\t\t<span class=\"elementor-button-content-wrapper\">\n\t\t\t\t\t\t\t\t\t<span class=\"elementor-button-text\">Plus d'informations<\/span>\n\t\t\t\t\t<\/span>\n\t\t\t\t\t<\/a>\n\t\t\t\t<\/div>\n\t\t\t\t\t\t\t\t<\/div>\n\t\t\t\t<\/div>\n\t\t\t\t<\/div>\n\t\t\t\t\t<\/div>\n\t\t\t\t<\/div>\n\t\t\t\t<\/div>\n\t\t","protected":false},"excerpt":{"rendered":"<p>Chaque ann\u00e9e, trois artistes qui cr\u00e9ent des peintures r\u00e9alistes re\u00e7oivent un pinceau de platine et trois artistes qui dessinent uniquement de mani\u00e8re r\u00e9aliste re\u00e7oivent un crayon de platine. Qu&rsquo;est-ce qu&rsquo;un pinceau de platine et qu&rsquo;est-ce qu&rsquo;un crayon de platine?Un pinceau de platine est un prix d\u00e9cern\u00e9 aux artistes qui peignent de mani\u00e8re r\u00e9aliste. Un Crayon [&hellip;]<\/p>\n","protected":false},"author":2,"featured_media":0,"parent":0,"menu_order":0,"comment_status":"closed","ping_status":"closed","template":"elementor_header_footer","meta":{"_acf_changed":false,"footnotes":""},"class_list":["post-15654","page","type-page","status-publish","hentry"],"acf":[],"yoast_head":"<!-- This site is optimized with the Yoast SEO plugin v27.2 - https:\/\/yoast.com\/product\/yoast-seo-wordpress\/ -->\n<title>Le pinceau et le crayon de platine - Masters of Realism<\/title>\n<meta name=\"robots\" content=\"index, follow, max-snippet:-1, max-image-preview:large, max-video-preview:-1\" \/>\n<link rel=\"canonical\" href=\"https:\/\/mastersofrealism.com\/fr\/le-pinceau-et-le-crayon-de-platine\/\" \/>\n<meta property=\"og:locale\" content=\"fr_FR\" \/>\n<meta property=\"og:type\" content=\"article\" \/>\n<meta property=\"og:title\" content=\"Le pinceau et le crayon de platine - Masters of Realism\" \/>\n<meta property=\"og:description\" content=\"Chaque ann\u00e9e, trois artistes qui cr\u00e9ent des peintures r\u00e9alistes re\u00e7oivent un pinceau de platine et trois artistes qui dessinent uniquement de mani\u00e8re r\u00e9aliste re\u00e7oivent un crayon de platine. Qu&rsquo;est-ce qu&rsquo;un pinceau de platine et qu&rsquo;est-ce qu&rsquo;un crayon de platine?Un pinceau de platine est un prix d\u00e9cern\u00e9 aux artistes qui peignent de mani\u00e8re r\u00e9aliste. Un Crayon [&hellip;]\" \/>\n<meta property=\"og:url\" content=\"https:\/\/mastersofrealism.com\/fr\/le-pinceau-et-le-crayon-de-platine\/\" \/>\n<meta property=\"og:site_name\" content=\"Masters of Realism\" \/>\n<meta property=\"article:modified_time\" content=\"2026-02-23T13:57:17+00:00\" \/>\n<meta property=\"og:image\" content=\"https:\/\/mastersofrealism.com\/wp-content\/uploads\/2024\/03\/animation_sync_Contrast_3yvo6f4un.gif\" \/>\n\t<meta property=\"og:image:width\" content=\"1024\" \/>\n\t<meta property=\"og:image:height\" content=\"875\" \/>\n\t<meta property=\"og:image:type\" content=\"image\/gif\" \/>\n<meta name=\"twitter:card\" content=\"summary_large_image\" \/>\n<meta name=\"twitter:label1\" content=\"Dur\u00e9e de lecture estim\u00e9e\" \/>\n\t<meta name=\"twitter:data1\" content=\"3 minutes\" \/>\n<script type=\"application\/ld+json\" class=\"yoast-schema-graph\">{\"@context\":\"https:\/\/schema.org\",\"@graph\":[{\"@type\":\"WebPage\",\"@id\":\"https:\/\/mastersofrealism.com\/fr\/le-pinceau-et-le-crayon-de-platine\/\",\"url\":\"https:\/\/mastersofrealism.com\/fr\/le-pinceau-et-le-crayon-de-platine\/\",\"name\":\"Le pinceau et le crayon de platine - Masters of Realism\",\"isPartOf\":{\"@id\":\"https:\/\/mastersofrealism.com\/#website\"},\"primaryImageOfPage\":{\"@id\":\"https:\/\/mastersofrealism.com\/fr\/le-pinceau-et-le-crayon-de-platine\/#primaryimage\"},\"image\":{\"@id\":\"https:\/\/mastersofrealism.com\/fr\/le-pinceau-et-le-crayon-de-platine\/#primaryimage\"},\"thumbnailUrl\":\"https:\/\/mastersofrealism.com\/wp-content\/uploads\/2024\/03\/animation_sync_Contrast_3yvo6f4un.gif\",\"datePublished\":\"2023-08-10T10:53:35+00:00\",\"dateModified\":\"2026-02-23T13:57:17+00:00\",\"breadcrumb\":{\"@id\":\"https:\/\/mastersofrealism.com\/fr\/le-pinceau-et-le-crayon-de-platine\/#breadcrumb\"},\"inLanguage\":\"fr-FR\",\"potentialAction\":[{\"@type\":\"ReadAction\",\"target\":[\"https:\/\/mastersofrealism.com\/fr\/le-pinceau-et-le-crayon-de-platine\/\"]}]},{\"@type\":\"ImageObject\",\"inLanguage\":\"fr-FR\",\"@id\":\"https:\/\/mastersofrealism.com\/fr\/le-pinceau-et-le-crayon-de-platine\/#primaryimage\",\"url\":\"https:\/\/mastersofrealism.com\/wp-content\/uploads\/2024\/03\/animation_sync_Contrast_3yvo6f4un.gif\",\"contentUrl\":\"https:\/\/mastersofrealism.com\/wp-content\/uploads\/2024\/03\/animation_sync_Contrast_3yvo6f4un.gif\"},{\"@type\":\"BreadcrumbList\",\"@id\":\"https:\/\/mastersofrealism.com\/fr\/le-pinceau-et-le-crayon-de-platine\/#breadcrumb\",\"itemListElement\":[{\"@type\":\"ListItem\",\"position\":1,\"name\":\"Home\",\"item\":\"https:\/\/mastersofrealism.com\/fr\/home\/\"},{\"@type\":\"ListItem\",\"position\":2,\"name\":\"Le pinceau et le crayon de platine\"}]},{\"@type\":\"WebSite\",\"@id\":\"https:\/\/mastersofrealism.com\/#website\",\"url\":\"https:\/\/mastersofrealism.com\/\",\"name\":\"Masters of Realism\",\"description\":\"\",\"publisher\":{\"@id\":\"https:\/\/mastersofrealism.com\/#organization\"},\"potentialAction\":[{\"@type\":\"SearchAction\",\"target\":{\"@type\":\"EntryPoint\",\"urlTemplate\":\"https:\/\/mastersofrealism.com\/?s={search_term_string}\"},\"query-input\":{\"@type\":\"PropertyValueSpecification\",\"valueRequired\":true,\"valueName\":\"search_term_string\"}}],\"inLanguage\":\"fr-FR\"},{\"@type\":\"Organization\",\"@id\":\"https:\/\/mastersofrealism.com\/#organization\",\"name\":\"Masters of Realism\",\"url\":\"https:\/\/mastersofrealism.com\/\",\"logo\":{\"@type\":\"ImageObject\",\"inLanguage\":\"fr-FR\",\"@id\":\"https:\/\/mastersofrealism.com\/#\/schema\/logo\/image\/\",\"url\":\"https:\/\/mastersofrealism.com\/wp-content\/uploads\/2023\/11\/cropped-Logo-meesters-van-het-realisme-1-e1701774067476.png\",\"contentUrl\":\"https:\/\/mastersofrealism.com\/wp-content\/uploads\/2023\/11\/cropped-Logo-meesters-van-het-realisme-1-e1701774067476.png\",\"width\":506,\"height\":318,\"caption\":\"Masters of Realism\"},\"image\":{\"@id\":\"https:\/\/mastersofrealism.com\/#\/schema\/logo\/image\/\"}}]}<\/script>\n<!-- \/ Yoast SEO plugin. -->","yoast_head_json":{"title":"Le pinceau et le crayon de platine - Masters of Realism","robots":{"index":"index","follow":"follow","max-snippet":"max-snippet:-1","max-image-preview":"max-image-preview:large","max-video-preview":"max-video-preview:-1"},"canonical":"https:\/\/mastersofrealism.com\/fr\/le-pinceau-et-le-crayon-de-platine\/","og_locale":"fr_FR","og_type":"article","og_title":"Le pinceau et le crayon de platine - Masters of Realism","og_description":"Chaque ann\u00e9e, trois artistes qui cr\u00e9ent des peintures r\u00e9alistes re\u00e7oivent un pinceau de platine et trois artistes qui dessinent uniquement de mani\u00e8re r\u00e9aliste re\u00e7oivent un crayon de platine. Qu&rsquo;est-ce qu&rsquo;un pinceau de platine et qu&rsquo;est-ce qu&rsquo;un crayon de platine?Un pinceau de platine est un prix d\u00e9cern\u00e9 aux artistes qui peignent de mani\u00e8re r\u00e9aliste. Un Crayon [&hellip;]","og_url":"https:\/\/mastersofrealism.com\/fr\/le-pinceau-et-le-crayon-de-platine\/","og_site_name":"Masters of Realism","article_modified_time":"2026-02-23T13:57:17+00:00","og_image":[{"width":1024,"height":875,"url":"https:\/\/mastersofrealism.com\/wp-content\/uploads\/2024\/03\/animation_sync_Contrast_3yvo6f4un.gif","type":"image\/gif"}],"twitter_card":"summary_large_image","twitter_misc":{"Dur\u00e9e de lecture estim\u00e9e":"3 minutes"},"schema":{"@context":"https:\/\/schema.org","@graph":[{"@type":"WebPage","@id":"https:\/\/mastersofrealism.com\/fr\/le-pinceau-et-le-crayon-de-platine\/","url":"https:\/\/mastersofrealism.com\/fr\/le-pinceau-et-le-crayon-de-platine\/","name":"Le pinceau et le crayon de platine - Masters of Realism","isPartOf":{"@id":"https:\/\/mastersofrealism.com\/#website"},"primaryImageOfPage":{"@id":"https:\/\/mastersofrealism.com\/fr\/le-pinceau-et-le-crayon-de-platine\/#primaryimage"},"image":{"@id":"https:\/\/mastersofrealism.com\/fr\/le-pinceau-et-le-crayon-de-platine\/#primaryimage"},"thumbnailUrl":"https:\/\/mastersofrealism.com\/wp-content\/uploads\/2024\/03\/animation_sync_Contrast_3yvo6f4un.gif","datePublished":"2023-08-10T10:53:35+00:00","dateModified":"2026-02-23T13:57:17+00:00","breadcrumb":{"@id":"https:\/\/mastersofrealism.com\/fr\/le-pinceau-et-le-crayon-de-platine\/#breadcrumb"},"inLanguage":"fr-FR","potentialAction":[{"@type":"ReadAction","target":["https:\/\/mastersofrealism.com\/fr\/le-pinceau-et-le-crayon-de-platine\/"]}]},{"@type":"ImageObject","inLanguage":"fr-FR","@id":"https:\/\/mastersofrealism.com\/fr\/le-pinceau-et-le-crayon-de-platine\/#primaryimage","url":"https:\/\/mastersofrealism.com\/wp-content\/uploads\/2024\/03\/animation_sync_Contrast_3yvo6f4un.gif","contentUrl":"https:\/\/mastersofrealism.com\/wp-content\/uploads\/2024\/03\/animation_sync_Contrast_3yvo6f4un.gif"},{"@type":"BreadcrumbList","@id":"https:\/\/mastersofrealism.com\/fr\/le-pinceau-et-le-crayon-de-platine\/#breadcrumb","itemListElement":[{"@type":"ListItem","position":1,"name":"Home","item":"https:\/\/mastersofrealism.com\/fr\/home\/"},{"@type":"ListItem","position":2,"name":"Le pinceau et le crayon de platine"}]},{"@type":"WebSite","@id":"https:\/\/mastersofrealism.com\/#website","url":"https:\/\/mastersofrealism.com\/","name":"Masters of Realism","description":"","publisher":{"@id":"https:\/\/mastersofrealism.com\/#organization"},"potentialAction":[{"@type":"SearchAction","target":{"@type":"EntryPoint","urlTemplate":"https:\/\/mastersofrealism.com\/?s={search_term_string}"},"query-input":{"@type":"PropertyValueSpecification","valueRequired":true,"valueName":"search_term_string"}}],"inLanguage":"fr-FR"},{"@type":"Organization","@id":"https:\/\/mastersofrealism.com\/#organization","name":"Masters of Realism","url":"https:\/\/mastersofrealism.com\/","logo":{"@type":"ImageObject","inLanguage":"fr-FR","@id":"https:\/\/mastersofrealism.com\/#\/schema\/logo\/image\/","url":"https:\/\/mastersofrealism.com\/wp-content\/uploads\/2023\/11\/cropped-Logo-meesters-van-het-realisme-1-e1701774067476.png","contentUrl":"https:\/\/mastersofrealism.com\/wp-content\/uploads\/2023\/11\/cropped-Logo-meesters-van-het-realisme-1-e1701774067476.png","width":506,"height":318,"caption":"Masters of Realism"},"image":{"@id":"https:\/\/mastersofrealism.com\/#\/schema\/logo\/image\/"}}]}},"_links":{"self":[{"href":"https:\/\/mastersofrealism.com\/fr\/wp-json\/wp\/v2\/pages\/15654","targetHints":{"allow":["GET"]}}],"collection":[{"href":"https:\/\/mastersofrealism.com\/fr\/wp-json\/wp\/v2\/pages"}],"about":[{"href":"https:\/\/mastersofrealism.com\/fr\/wp-json\/wp\/v2\/types\/page"}],"author":[{"embeddable":true,"href":"https:\/\/mastersofrealism.com\/fr\/wp-json\/wp\/v2\/users\/2"}],"replies":[{"embeddable":true,"href":"https:\/\/mastersofrealism.com\/fr\/wp-json\/wp\/v2\/comments?post=15654"}],"version-history":[{"count":1,"href":"https:\/\/mastersofrealism.com\/fr\/wp-json\/wp\/v2\/pages\/15654\/revisions"}],"predecessor-version":[{"id":15661,"href":"https:\/\/mastersofrealism.com\/fr\/wp-json\/wp\/v2\/pages\/15654\/revisions\/15661"}],"wp:attachment":[{"href":"https:\/\/mastersofrealism.com\/fr\/wp-json\/wp\/v2\/media?parent=15654"}],"curies":[{"name":"wp","href":"https:\/\/api.w.org\/{rel}","templated":true}]}}