{"id":15667,"date":"2023-08-10T12:55:00","date_gmt":"2023-08-10T10:55:00","guid":{"rendered":"https:\/\/mastersofrealism.com\/comite-consultatif\/"},"modified":"2026-03-18T20:21:25","modified_gmt":"2026-03-18T19:21:25","slug":"comite-consultatif","status":"publish","type":"page","link":"https:\/\/mastersofrealism.com\/fr\/comite-consultatif\/","title":{"rendered":"Comit\u00e9 de recommandation"},"content":{"rendered":"\t\t<div data-elementor-type=\"wp-page\" data-elementor-id=\"15667\" class=\"elementor elementor-15667 elementor-601\" data-elementor-post-type=\"page\">\n\t\t\t\t\t\t<section class=\"elementor-section elementor-top-section elementor-element elementor-element-2d853b4c elementor-section-boxed elementor-section-height-default elementor-section-height-default\" data-id=\"2d853b4c\" data-element_type=\"section\" data-e-type=\"section\" data-settings=\"{&quot;jet_parallax_layout_list&quot;:[{&quot;jet_parallax_layout_image&quot;:{&quot;url&quot;:&quot;&quot;,&quot;id&quot;:&quot;&quot;,&quot;size&quot;:&quot;&quot;},&quot;_id&quot;:&quot;5b6044a&quot;,&quot;jet_parallax_layout_image_tablet&quot;:{&quot;url&quot;:&quot;&quot;,&quot;id&quot;:&quot;&quot;,&quot;size&quot;:&quot;&quot;},&quot;jet_parallax_layout_image_mobile&quot;:{&quot;url&quot;:&quot;&quot;,&quot;id&quot;:&quot;&quot;,&quot;size&quot;:&quot;&quot;},&quot;jet_parallax_layout_speed&quot;:{&quot;unit&quot;:&quot;%&quot;,&quot;size&quot;:50,&quot;sizes&quot;:[]},&quot;jet_parallax_layout_type&quot;:&quot;scroll&quot;,&quot;jet_parallax_layout_direction&quot;:&quot;1&quot;,&quot;jet_parallax_layout_fx_direction&quot;:null,&quot;jet_parallax_layout_z_index&quot;:&quot;&quot;,&quot;jet_parallax_layout_bg_x&quot;:50,&quot;jet_parallax_layout_bg_x_tablet&quot;:&quot;&quot;,&quot;jet_parallax_layout_bg_x_mobile&quot;:&quot;&quot;,&quot;jet_parallax_layout_bg_y&quot;:50,&quot;jet_parallax_layout_bg_y_tablet&quot;:&quot;&quot;,&quot;jet_parallax_layout_bg_y_mobile&quot;:&quot;&quot;,&quot;jet_parallax_layout_bg_size&quot;:&quot;auto&quot;,&quot;jet_parallax_layout_bg_size_tablet&quot;:&quot;&quot;,&quot;jet_parallax_layout_bg_size_mobile&quot;:&quot;&quot;,&quot;jet_parallax_layout_animation_prop&quot;:&quot;transform&quot;,&quot;jet_parallax_layout_on&quot;:[&quot;desktop&quot;,&quot;tablet&quot;]}],&quot;background_background&quot;:&quot;classic&quot;}\">\n\t\t\t\t\t\t<div class=\"elementor-container elementor-column-gap-no\">\n\t\t\t\t\t<div class=\"elementor-column elementor-col-100 elementor-top-column elementor-element elementor-element-53226f2\" data-id=\"53226f2\" data-element_type=\"column\" data-e-type=\"column\">\n\t\t\t<div class=\"elementor-widget-wrap elementor-element-populated\">\n\t\t\t\t\t\t<div class=\"elementor-element elementor-element-19e37161 elementor-widget elementor-widget-heading\" data-id=\"19e37161\" data-element_type=\"widget\" data-e-type=\"widget\" data-widget_type=\"heading.default\">\n\t\t\t\t<div class=\"elementor-widget-container\">\n\t\t\t\t\t<h1 class=\"elementor-heading-title elementor-size-default\">Comit\u00e9 de recommandation<\/h1>\t\t\t\t<\/div>\n\t\t\t\t<\/div>\n\t\t\t\t\t<\/div>\n\t\t<\/div>\n\t\t\t\t\t<\/div>\n\t\t<\/section>\n\t\t<div class=\"elementor-element elementor-element-29a797cf e-flex e-con-boxed e-con e-parent\" data-id=\"29a797cf\" data-element_type=\"container\" data-e-type=\"container\" data-settings=\"{&quot;jet_parallax_layout_list&quot;:[]}\">\n\t\t\t\t\t<div class=\"e-con-inner\">\n\t\t\t\t<div class=\"elementor-element elementor-element-4fcb039a elementor-widget elementor-widget-text-editor\" data-id=\"4fcb039a\" data-element_type=\"widget\" data-e-type=\"widget\" data-widget_type=\"text-editor.default\">\n\t\t\t\t<div class=\"elementor-widget-container\">\n\t\t\t\t\t\t\t\t\t<h4>En si\u00e9geant au Comit\u00e9 de recommandation, les personnes \u00e9num\u00e9r\u00e9es ci-dessous confirment toutes leur soutien aux objectifs des <em>Masters of Realism <\/em>.  &nbsp;<\/h4><div><br><\/div>\n<p><strong style=\"text-align: var(--text-align);\">Ren\u00e9 Renders et David van der Linden, propri\u00e9taires Galerie Bonnard, <a href=\"https:\/\/www.galeriebonnard.com\">www.galeriebonnard.com<\/a><\/strong><br><\/p><p>Depuis pr\u00e8s de 40 ans, la Galerie Bonnard est un nom familier dans le monde de l&rsquo;art n\u00e9erlandais, avec un public fid\u00e8le et toujours nouveau, des expositions tr\u00e8s fr\u00e9quent\u00e9es avec des artistes qui se sentent \u00e0 l&rsquo;aise sous le titre de \u00ab\u00a0R\u00e9alisme moderne\u00a0\u00bb, et qui ont trouv\u00e9 l\u00e0 un mode d&rsquo;expression figuratif tout \u00e0 fait unique.<\/p>\n<p><strong>Karen Boekholt et John Stel, propri\u00e9taires de la galerie Honingen<\/strong>, <a href=\"http:\/\/www.honingen.com\" data-type=\"link\" data-id=\"www.honingen.com\"><strong>www.honingen.com<\/strong><\/a>. <br>La galerie Honingen, situ\u00e9e \u00e0 Gouda, existe depuis plus de 25 ans : depuis 1997, les propri\u00e9taires Karen Boekholt et John Stel ont r\u00e9ussi \u00e0 transformer leur passion personnelle pour le d\u00e9tail en une galerie prosp\u00e8re et de premier plan, sp\u00e9cialis\u00e9e dans le r\u00e9alisme.<\/p>\n<p><strong>Tom S. Hageman<\/strong> a \u00e9tudi\u00e9 \u00e0 l&rsquo;Acad\u00e9mie Minerva de Groningue. Plus tard, dans les ann\u00e9es 1970 et 1980, il y a enseign\u00e9 lui-m\u00eame et est devenu pr\u00e9sident de l&rsquo;Association professionnelle des artistes visuels. En 2004, il a fond\u00e9 l'\u00a0\u00bbAcad\u00e9mie classique des arts visuels\u00a0\u00bb \u00e0 Groningue. <\/p>\n<p><strong>Ronald Kraayeveld (1946-2025), propri\u00e9taire de la galerie Kraayeveld et ancien r\u00e9dacteur en chef du Tableau Fine Arts Magazine, <a href=\"http:\/\/www.galeriekraayeveld.nl\" target=\"_blank\" rel=\"noreferrer noopener\" data-type=\"link\" data-id=\"www.galeriekraayeveld.nl\">www.galeriekraayeveld.nl<\/a><\/strong><br>Amateur d&rsquo;art et connaisseur inspir\u00e9, Ronald Kraayeveld dirige sa galerie dans la r\u00e9gion rurale de Noord-Scharwoude (Hollande septentrionale). La galerie pr\u00e9sente des expositions temporaires et stocke des \u0153uvres d&rsquo;artistes de l&rsquo;\u00e9cole de Bergen et des na\u00effs de Frise occidentale, entre autres. <\/p>\n<p><strong>Thomas Vriens, directeur Museum Slager, <a href=\"https:\/\/museumslager.nl\" target=\"_blank\" rel=\"noreferrer noopener\" data-type=\"link\" data-id=\"www.museumslager.com\">www.museumslager.com<\/a><\/strong><br>Le Museum Slager, mus\u00e9e d&rsquo;art r\u00e9aliste, offre aux visiteurs un aper\u00e7u unique de la vie et de l&rsquo;\u0153uvre d&rsquo;une famille de peintres, la famille Slager de &lsquo;s-Hertogenbosch. Avec huit peintres, vous verrez l&rsquo;\u00e9volution de la peinture sur trois g\u00e9n\u00e9rations. <\/p>\n<p><\/p>\n<p><strong>Harrie Schenning<\/strong> est le fondateur de la Fondation Huntenkunst et l&rsquo;organisateur de la foire d&rsquo;art du m\u00eame nom, <a href=\"http:\/\/www.huntenkunst.org\">www.huntenkunst.org<\/a>.<\/p>\n<p><\/p>\n<p><\/p>\t\t\t\t\t\t\t\t<\/div>\n\t\t\t\t<\/div>\n\t\t\t\t\t<\/div>\n\t\t\t\t<\/div>\n\t\t\t\t<\/div>\n\t\t","protected":false},"excerpt":{"rendered":"<p>En si\u00e9geant au Comit\u00e9 de recommandation, les personnes \u00e9num\u00e9r\u00e9es ci-dessous confirment toutes leur soutien aux objectifs des Masters of Realism . &nbsp; Ren\u00e9 Renders et David van der Linden, propri\u00e9taires Galerie Bonnard, www.galeriebonnard.com Depuis pr\u00e8s de 40 ans, la Galerie Bonnard est un nom familier dans le monde de l&rsquo;art n\u00e9erlandais, avec un public fid\u00e8le [&hellip;]<\/p>\n","protected":false},"author":2,"featured_media":0,"parent":0,"menu_order":0,"comment_status":"closed","ping_status":"closed","template":"full-width.php","meta":{"_acf_changed":false,"footnotes":""},"class_list":["post-15667","page","type-page","status-publish","hentry"],"acf":[],"yoast_head":"<!-- This site is optimized with the Yoast SEO plugin v27.2 - https:\/\/yoast.com\/product\/yoast-seo-wordpress\/ -->\n<title>Comit\u00e9 de recommandation - Masters of Realism<\/title>\n<meta name=\"robots\" content=\"index, follow, max-snippet:-1, max-image-preview:large, max-video-preview:-1\" \/>\n<link rel=\"canonical\" href=\"https:\/\/mastersofrealism.com\/fr\/comite-consultatif\/\" \/>\n<meta property=\"og:locale\" content=\"fr_FR\" \/>\n<meta property=\"og:type\" content=\"article\" \/>\n<meta property=\"og:title\" content=\"Comit\u00e9 de recommandation - Masters of Realism\" \/>\n<meta property=\"og:description\" content=\"En si\u00e9geant au Comit\u00e9 de recommandation, les personnes \u00e9num\u00e9r\u00e9es ci-dessous confirment toutes leur soutien aux objectifs des Masters of Realism . &nbsp; Ren\u00e9 Renders et David van der Linden, propri\u00e9taires Galerie Bonnard, www.galeriebonnard.com Depuis pr\u00e8s de 40 ans, la Galerie Bonnard est un nom familier dans le monde de l&rsquo;art n\u00e9erlandais, avec un public fid\u00e8le [&hellip;]\" \/>\n<meta property=\"og:url\" content=\"https:\/\/mastersofrealism.com\/fr\/comite-consultatif\/\" \/>\n<meta property=\"og:site_name\" content=\"Masters of Realism\" \/>\n<meta property=\"article:modified_time\" content=\"2026-03-18T19:21:25+00:00\" \/>\n<meta property=\"og:image\" content=\"https:\/\/mastersofrealism.com\/wp-content\/uploads\/2023\/11\/cropped-Logo-meesters-van-het-realisme-1-e1701774067476.png\" \/>\n\t<meta property=\"og:image:width\" content=\"506\" \/>\n\t<meta property=\"og:image:height\" content=\"318\" \/>\n\t<meta property=\"og:image:type\" content=\"image\/png\" \/>\n<meta name=\"twitter:card\" content=\"summary_large_image\" \/>\n<meta name=\"twitter:label1\" content=\"Dur\u00e9e de lecture estim\u00e9e\" \/>\n\t<meta name=\"twitter:data1\" content=\"2 minutes\" \/>\n<script type=\"application\/ld+json\" class=\"yoast-schema-graph\">{\"@context\":\"https:\/\/schema.org\",\"@graph\":[{\"@type\":\"WebPage\",\"@id\":\"https:\/\/mastersofrealism.com\/fr\/comite-consultatif\/\",\"url\":\"https:\/\/mastersofrealism.com\/fr\/comite-consultatif\/\",\"name\":\"Comit\u00e9 de recommandation - Masters of Realism\",\"isPartOf\":{\"@id\":\"https:\/\/mastersofrealism.com\/#website\"},\"datePublished\":\"2023-08-10T10:55:00+00:00\",\"dateModified\":\"2026-03-18T19:21:25+00:00\",\"breadcrumb\":{\"@id\":\"https:\/\/mastersofrealism.com\/fr\/comite-consultatif\/#breadcrumb\"},\"inLanguage\":\"fr-FR\",\"potentialAction\":[{\"@type\":\"ReadAction\",\"target\":[\"https:\/\/mastersofrealism.com\/fr\/comite-consultatif\/\"]}]},{\"@type\":\"BreadcrumbList\",\"@id\":\"https:\/\/mastersofrealism.com\/fr\/comite-consultatif\/#breadcrumb\",\"itemListElement\":[{\"@type\":\"ListItem\",\"position\":1,\"name\":\"Home\",\"item\":\"https:\/\/mastersofrealism.com\/fr\/home\/\"},{\"@type\":\"ListItem\",\"position\":2,\"name\":\"Comit\u00e9 de recommandation\"}]},{\"@type\":\"WebSite\",\"@id\":\"https:\/\/mastersofrealism.com\/#website\",\"url\":\"https:\/\/mastersofrealism.com\/\",\"name\":\"Masters of Realism\",\"description\":\"\",\"publisher\":{\"@id\":\"https:\/\/mastersofrealism.com\/#organization\"},\"potentialAction\":[{\"@type\":\"SearchAction\",\"target\":{\"@type\":\"EntryPoint\",\"urlTemplate\":\"https:\/\/mastersofrealism.com\/?s={search_term_string}\"},\"query-input\":{\"@type\":\"PropertyValueSpecification\",\"valueRequired\":true,\"valueName\":\"search_term_string\"}}],\"inLanguage\":\"fr-FR\"},{\"@type\":\"Organization\",\"@id\":\"https:\/\/mastersofrealism.com\/#organization\",\"name\":\"Masters of Realism\",\"url\":\"https:\/\/mastersofrealism.com\/\",\"logo\":{\"@type\":\"ImageObject\",\"inLanguage\":\"fr-FR\",\"@id\":\"https:\/\/mastersofrealism.com\/#\/schema\/logo\/image\/\",\"url\":\"https:\/\/mastersofrealism.com\/wp-content\/uploads\/2023\/11\/cropped-Logo-meesters-van-het-realisme-1-e1701774067476.png\",\"contentUrl\":\"https:\/\/mastersofrealism.com\/wp-content\/uploads\/2023\/11\/cropped-Logo-meesters-van-het-realisme-1-e1701774067476.png\",\"width\":506,\"height\":318,\"caption\":\"Masters of Realism\"},\"image\":{\"@id\":\"https:\/\/mastersofrealism.com\/#\/schema\/logo\/image\/\"}}]}<\/script>\n<!-- \/ Yoast SEO plugin. -->","yoast_head_json":{"title":"Comit\u00e9 de recommandation - Masters of Realism","robots":{"index":"index","follow":"follow","max-snippet":"max-snippet:-1","max-image-preview":"max-image-preview:large","max-video-preview":"max-video-preview:-1"},"canonical":"https:\/\/mastersofrealism.com\/fr\/comite-consultatif\/","og_locale":"fr_FR","og_type":"article","og_title":"Comit\u00e9 de recommandation - Masters of Realism","og_description":"En si\u00e9geant au Comit\u00e9 de recommandation, les personnes \u00e9num\u00e9r\u00e9es ci-dessous confirment toutes leur soutien aux objectifs des Masters of Realism . &nbsp; Ren\u00e9 Renders et David van der Linden, propri\u00e9taires Galerie Bonnard, www.galeriebonnard.com Depuis pr\u00e8s de 40 ans, la Galerie Bonnard est un nom familier dans le monde de l&rsquo;art n\u00e9erlandais, avec un public fid\u00e8le [&hellip;]","og_url":"https:\/\/mastersofrealism.com\/fr\/comite-consultatif\/","og_site_name":"Masters of Realism","article_modified_time":"2026-03-18T19:21:25+00:00","og_image":[{"width":506,"height":318,"url":"https:\/\/mastersofrealism.com\/wp-content\/uploads\/2023\/11\/cropped-Logo-meesters-van-het-realisme-1-e1701774067476.png","type":"image\/png"}],"twitter_card":"summary_large_image","twitter_misc":{"Dur\u00e9e de lecture estim\u00e9e":"2 minutes"},"schema":{"@context":"https:\/\/schema.org","@graph":[{"@type":"WebPage","@id":"https:\/\/mastersofrealism.com\/fr\/comite-consultatif\/","url":"https:\/\/mastersofrealism.com\/fr\/comite-consultatif\/","name":"Comit\u00e9 de recommandation - Masters of Realism","isPartOf":{"@id":"https:\/\/mastersofrealism.com\/#website"},"datePublished":"2023-08-10T10:55:00+00:00","dateModified":"2026-03-18T19:21:25+00:00","breadcrumb":{"@id":"https:\/\/mastersofrealism.com\/fr\/comite-consultatif\/#breadcrumb"},"inLanguage":"fr-FR","potentialAction":[{"@type":"ReadAction","target":["https:\/\/mastersofrealism.com\/fr\/comite-consultatif\/"]}]},{"@type":"BreadcrumbList","@id":"https:\/\/mastersofrealism.com\/fr\/comite-consultatif\/#breadcrumb","itemListElement":[{"@type":"ListItem","position":1,"name":"Home","item":"https:\/\/mastersofrealism.com\/fr\/home\/"},{"@type":"ListItem","position":2,"name":"Comit\u00e9 de recommandation"}]},{"@type":"WebSite","@id":"https:\/\/mastersofrealism.com\/#website","url":"https:\/\/mastersofrealism.com\/","name":"Masters of Realism","description":"","publisher":{"@id":"https:\/\/mastersofrealism.com\/#organization"},"potentialAction":[{"@type":"SearchAction","target":{"@type":"EntryPoint","urlTemplate":"https:\/\/mastersofrealism.com\/?s={search_term_string}"},"query-input":{"@type":"PropertyValueSpecification","valueRequired":true,"valueName":"search_term_string"}}],"inLanguage":"fr-FR"},{"@type":"Organization","@id":"https:\/\/mastersofrealism.com\/#organization","name":"Masters of Realism","url":"https:\/\/mastersofrealism.com\/","logo":{"@type":"ImageObject","inLanguage":"fr-FR","@id":"https:\/\/mastersofrealism.com\/#\/schema\/logo\/image\/","url":"https:\/\/mastersofrealism.com\/wp-content\/uploads\/2023\/11\/cropped-Logo-meesters-van-het-realisme-1-e1701774067476.png","contentUrl":"https:\/\/mastersofrealism.com\/wp-content\/uploads\/2023\/11\/cropped-Logo-meesters-van-het-realisme-1-e1701774067476.png","width":506,"height":318,"caption":"Masters of Realism"},"image":{"@id":"https:\/\/mastersofrealism.com\/#\/schema\/logo\/image\/"}}]}},"_links":{"self":[{"href":"https:\/\/mastersofrealism.com\/fr\/wp-json\/wp\/v2\/pages\/15667","targetHints":{"allow":["GET"]}}],"collection":[{"href":"https:\/\/mastersofrealism.com\/fr\/wp-json\/wp\/v2\/pages"}],"about":[{"href":"https:\/\/mastersofrealism.com\/fr\/wp-json\/wp\/v2\/types\/page"}],"author":[{"embeddable":true,"href":"https:\/\/mastersofrealism.com\/fr\/wp-json\/wp\/v2\/users\/2"}],"replies":[{"embeddable":true,"href":"https:\/\/mastersofrealism.com\/fr\/wp-json\/wp\/v2\/comments?post=15667"}],"version-history":[{"count":5,"href":"https:\/\/mastersofrealism.com\/fr\/wp-json\/wp\/v2\/pages\/15667\/revisions"}],"predecessor-version":[{"id":17086,"href":"https:\/\/mastersofrealism.com\/fr\/wp-json\/wp\/v2\/pages\/15667\/revisions\/17086"}],"wp:attachment":[{"href":"https:\/\/mastersofrealism.com\/fr\/wp-json\/wp\/v2\/media?parent=15667"}],"curies":[{"name":"wp","href":"https:\/\/api.w.org\/{rel}","templated":true}]}}