{"id":15696,"date":"2024-02-14T14:24:07","date_gmt":"2024-02-14T13:24:07","guid":{"rendered":"https:\/\/mastersofrealism.com\/foires-dart\/"},"modified":"2026-02-23T14:57:33","modified_gmt":"2026-02-23T13:57:33","slug":"foires-dart","status":"publish","type":"page","link":"https:\/\/mastersofrealism.com\/fr\/foires-dart\/","title":{"rendered":"Foires d&rsquo;art"},"content":{"rendered":"\t\t<div data-elementor-type=\"wp-page\" data-elementor-id=\"15696\" class=\"elementor elementor-15696 elementor-10215\" data-elementor-post-type=\"page\">\n\t\t\t\t\t\t<section class=\"elementor-section elementor-top-section elementor-element elementor-element-74c3de8d elementor-section-boxed elementor-section-height-default elementor-section-height-default\" data-id=\"74c3de8d\" data-element_type=\"section\" data-e-type=\"section\" data-settings=\"{&quot;jet_parallax_layout_list&quot;:[{&quot;jet_parallax_layout_image&quot;:{&quot;url&quot;:&quot;&quot;,&quot;id&quot;:&quot;&quot;,&quot;size&quot;:&quot;&quot;},&quot;_id&quot;:&quot;5b6044a&quot;,&quot;jet_parallax_layout_image_tablet&quot;:{&quot;url&quot;:&quot;&quot;,&quot;id&quot;:&quot;&quot;,&quot;size&quot;:&quot;&quot;},&quot;jet_parallax_layout_image_mobile&quot;:{&quot;url&quot;:&quot;&quot;,&quot;id&quot;:&quot;&quot;,&quot;size&quot;:&quot;&quot;},&quot;jet_parallax_layout_speed&quot;:{&quot;unit&quot;:&quot;%&quot;,&quot;size&quot;:50,&quot;sizes&quot;:[]},&quot;jet_parallax_layout_type&quot;:&quot;scroll&quot;,&quot;jet_parallax_layout_direction&quot;:&quot;1&quot;,&quot;jet_parallax_layout_fx_direction&quot;:null,&quot;jet_parallax_layout_z_index&quot;:&quot;&quot;,&quot;jet_parallax_layout_bg_x&quot;:50,&quot;jet_parallax_layout_bg_x_tablet&quot;:&quot;&quot;,&quot;jet_parallax_layout_bg_x_mobile&quot;:&quot;&quot;,&quot;jet_parallax_layout_bg_y&quot;:50,&quot;jet_parallax_layout_bg_y_tablet&quot;:&quot;&quot;,&quot;jet_parallax_layout_bg_y_mobile&quot;:&quot;&quot;,&quot;jet_parallax_layout_bg_size&quot;:&quot;auto&quot;,&quot;jet_parallax_layout_bg_size_tablet&quot;:&quot;&quot;,&quot;jet_parallax_layout_bg_size_mobile&quot;:&quot;&quot;,&quot;jet_parallax_layout_animation_prop&quot;:&quot;transform&quot;,&quot;jet_parallax_layout_on&quot;:[&quot;desktop&quot;,&quot;tablet&quot;]}],&quot;background_background&quot;:&quot;classic&quot;}\">\n\t\t\t\t\t\t<div class=\"elementor-container elementor-column-gap-no\">\n\t\t\t\t\t<div class=\"elementor-column elementor-col-100 elementor-top-column elementor-element elementor-element-33fb6b5\" data-id=\"33fb6b5\" data-element_type=\"column\" data-e-type=\"column\">\n\t\t\t<div class=\"elementor-widget-wrap elementor-element-populated\">\n\t\t\t\t\t\t<div class=\"elementor-element elementor-element-57e0187f elementor-widget elementor-widget-heading\" data-id=\"57e0187f\" data-element_type=\"widget\" data-e-type=\"widget\" data-widget_type=\"heading.default\">\n\t\t\t\t<div class=\"elementor-widget-container\">\n\t\t\t\t\t<h1 class=\"elementor-heading-title elementor-size-default\">Foires d&rsquo;art<\/h1>\t\t\t\t<\/div>\n\t\t\t\t<\/div>\n\t\t\t\t\t<\/div>\n\t\t<\/div>\n\t\t\t\t\t<\/div>\n\t\t<\/section>\n\t\t<div class=\"elementor-element elementor-element-16213d0 e-flex e-con-boxed e-con e-parent\" data-id=\"16213d0\" data-element_type=\"container\" data-e-type=\"container\" data-settings=\"{&quot;jet_parallax_layout_list&quot;:[]}\">\n\t\t\t\t\t<div class=\"e-con-inner\">\n\t\t\t\t<div class=\"elementor-element elementor-element-9f8e758 elementor-widget elementor-widget-text-editor\" data-id=\"9f8e758\" data-element_type=\"widget\" data-e-type=\"widget\" data-widget_type=\"text-editor.default\">\n\t\t\t\t<div class=\"elementor-widget-container\">\n\t\t\t\t\t\t\t\t\t<h4>Chaque ann\u00e9e, les <em>Masters of Realism<\/em> ont la possibilit\u00e9 de participer gratuitement avec une \u0153uvre \u00e0 l&rsquo;une des foires d&rsquo;art o\u00f9 les Masters ont leur propre stand. Pour l&rsquo;instant, il s&rsquo;agit des foires nationales : Huntenkunst, Art Laren et EuropArtFair. Une ou plusieurs foires \u00e9trang\u00e8res suivront plus tard.    <\/h4>\t\t\t\t\t\t\t\t<\/div>\n\t\t\t\t<\/div>\n\t\t\t\t\t<\/div>\n\t\t\t\t<\/div>\n\t\t<div class=\"elementor-element elementor-element-0db9c56 e-flex e-con-boxed e-con e-parent\" data-id=\"0db9c56\" data-element_type=\"container\" data-e-type=\"container\" data-settings=\"{&quot;jet_parallax_layout_list&quot;:[]}\">\n\t\t\t\t\t<div class=\"e-con-inner\">\n\t\t\t\t<div class=\"elementor-element elementor-element-6bd58a3 elementor-widget elementor-widget-image\" data-id=\"6bd58a3\" data-element_type=\"widget\" data-e-type=\"widget\" data-widget_type=\"image.default\">\n\t\t\t\t<div class=\"elementor-widget-container\">\n\t\t\t\t\t\t\t\t\t\t\t\t\t\t\t\t<a href=\"http:\/\/www.huntenkunst.org\" target=\"_blank\">\n\t\t\t\t\t\t\t<img decoding=\"async\" width=\"300\" height=\"164\" src=\"https:\/\/mastersofrealism.com\/wp-content\/uploads\/2024\/02\/huntenkunst-300x164.jpg\" class=\"attachment-medium size-medium wp-image-15698\" alt=\"\" srcset=\"https:\/\/mastersofrealism.com\/wp-content\/uploads\/2024\/02\/huntenkunst-300x164.jpg 300w, https:\/\/mastersofrealism.com\/wp-content\/uploads\/2024\/02\/huntenkunst-1024x559.jpg 1024w, https:\/\/mastersofrealism.com\/wp-content\/uploads\/2024\/02\/huntenkunst-768x419.jpg 768w, https:\/\/mastersofrealism.com\/wp-content\/uploads\/2024\/02\/huntenkunst-1536x838.jpg 1536w, https:\/\/mastersofrealism.com\/wp-content\/uploads\/2024\/02\/huntenkunst.jpg 1980w\" sizes=\"(max-width: 300px) 100vw, 300px\" \/>\t\t\t\t\t\t\t\t<\/a>\n\t\t\t\t\t\t\t\t\t\t\t\t\t\t\t<\/div>\n\t\t\t\t<\/div>\n\t\t\t\t<div class=\"elementor-element elementor-element-3d98d3a elementor-widget elementor-widget-image\" data-id=\"3d98d3a\" data-element_type=\"widget\" data-e-type=\"widget\" data-widget_type=\"image.default\">\n\t\t\t\t<div class=\"elementor-widget-container\">\n\t\t\t\t\t\t\t\t\t\t\t\t\t\t\t\t<a href=\"https:\/\/artlaren.nl\">\n\t\t\t\t\t\t\t<img decoding=\"async\" width=\"128\" height=\"128\" src=\"https:\/\/mastersofrealism.com\/wp-content\/uploads\/2024\/02\/logo_artlaren_reasonably_small.gif\" class=\"attachment-medium size-medium wp-image-15699\" alt=\"\" \/>\t\t\t\t\t\t\t\t<\/a>\n\t\t\t\t\t\t\t\t\t\t\t\t\t\t\t<\/div>\n\t\t\t\t<\/div>\n\t\t\t\t<div class=\"elementor-element elementor-element-4c3fa8e elementor-widget elementor-widget-image\" data-id=\"4c3fa8e\" data-element_type=\"widget\" data-e-type=\"widget\" data-widget_type=\"image.default\">\n\t\t\t\t<div class=\"elementor-widget-container\">\n\t\t\t\t\t\t\t\t\t\t\t\t\t\t\t\t<a href=\"https:\/\/europartfair.nl\" target=\"_blank\">\n\t\t\t\t\t\t\t<img fetchpriority=\"high\" decoding=\"async\" width=\"300\" height=\"214\" src=\"https:\/\/mastersofrealism.com\/wp-content\/uploads\/2024\/02\/Logo-EuropArtFair-300x214.jpg\" class=\"attachment-medium size-medium wp-image-15701\" alt=\"\" srcset=\"https:\/\/mastersofrealism.com\/wp-content\/uploads\/2024\/02\/Logo-EuropArtFair-300x214.jpg 300w, https:\/\/mastersofrealism.com\/wp-content\/uploads\/2024\/02\/Logo-EuropArtFair-1024x732.jpg 1024w, https:\/\/mastersofrealism.com\/wp-content\/uploads\/2024\/02\/Logo-EuropArtFair-768x549.jpg 768w, https:\/\/mastersofrealism.com\/wp-content\/uploads\/2024\/02\/Logo-EuropArtFair.jpg 1500w\" sizes=\"(max-width: 300px) 100vw, 300px\" \/>\t\t\t\t\t\t\t\t<\/a>\n\t\t\t\t\t\t\t\t\t\t\t\t\t\t\t<\/div>\n\t\t\t\t<\/div>\n\t\t\t\t\t<\/div>\n\t\t\t\t<\/div>\n\t\t<div class=\"elementor-element elementor-element-dcc628b e-flex e-con-boxed e-con e-parent\" data-id=\"dcc628b\" data-element_type=\"container\" data-e-type=\"container\" data-settings=\"{&quot;jet_parallax_layout_list&quot;:[]}\">\n\t\t\t\t\t<div class=\"e-con-inner\">\n\t\t<div class=\"elementor-element elementor-element-2dae0c0 e-con-full e-flex e-con e-child\" data-id=\"2dae0c0\" data-element_type=\"container\" data-e-type=\"container\" data-settings=\"{&quot;jet_parallax_layout_list&quot;:[]}\">\n\t\t\t\t<div class=\"elementor-element elementor-element-7ac978b elementor-widget elementor-widget-text-editor\" data-id=\"7ac978b\" data-element_type=\"widget\" data-e-type=\"widget\" data-widget_type=\"text-editor.default\">\n\t\t\t\t<div class=\"elementor-widget-container\">\n\t\t\t\t\t\t\t\t\t<p>Si vous souhaitez participer avec plus d&rsquo;une \u0153uvre, un maximum de 2 m\u00e8tres d&rsquo;espace mural peut \u00eatre lou\u00e9 pour 1 ou 2 \u0153uvres. L&rsquo;espace d&rsquo;exposition suppl\u00e9mentaire est adjacent \u00e0 l&rsquo;espace libre, qui est de 1 m\u00e8tre courant, pour une \u0153uvre d&rsquo;une largeur maximale de 90 cm. Les co\u00fbts pour tout espace suppl\u00e9mentaire souhait\u00e9 sont indiqu\u00e9s ci-dessous avec l&rsquo;option de participation pour la foire de pr\u00e9f\u00e9rence.    <\/p>\t\t\t\t\t\t\t\t<\/div>\n\t\t\t\t<\/div>\n\t\t\t\t<\/div>\n\t\t<div class=\"elementor-element elementor-element-8b7d7b9 e-con-full e-flex e-con e-child\" data-id=\"8b7d7b9\" data-element_type=\"container\" data-e-type=\"container\" data-settings=\"{&quot;jet_parallax_layout_list&quot;:[]}\">\n\t\t\t\t<div class=\"elementor-element elementor-element-2f7830f elementor-widget elementor-widget-text-editor\" data-id=\"2f7830f\" data-element_type=\"widget\" data-e-type=\"widget\" data-widget_type=\"text-editor.default\">\n\t\t\t\t<div class=\"elementor-widget-container\">\n\t\t\t\t\t\t\t\t\t<p>La participation est garantie dans la mesure o\u00f9 le stand des Masters offre un espace pour celle-ci (full = complet). L&rsquo;inscription \u00e0 la participation n&rsquo;est possible qu&rsquo;au moyen du formulaire d&rsquo;inscription ci-dessous. La participation n&rsquo;est d\u00e9finitive qu&rsquo;apr\u00e8s confirmation de la participation par l&rsquo;organisation de la foire concern\u00e9e ou par l&rsquo;organisation de <em>Masters of Realism<\/em>.    <\/p>\t\t\t\t\t\t\t\t<\/div>\n\t\t\t\t<\/div>\n\t\t\t\t<\/div>\n\t\t\t\t\t<\/div>\n\t\t\t\t<\/div>\n\t\t<div class=\"elementor-element elementor-element-16ffa56 e-flex e-con-boxed e-con e-parent\" data-id=\"16ffa56\" data-element_type=\"container\" data-e-type=\"container\" data-settings=\"{&quot;jet_parallax_layout_list&quot;:[]}\">\n\t\t\t\t\t<div class=\"e-con-inner\">\n\t\t\t\t<div class=\"elementor-element elementor-element-38b412d elementor-widget elementor-widget-text-editor\" data-id=\"38b412d\" data-element_type=\"widget\" data-e-type=\"widget\" data-widget_type=\"text-editor.default\">\n\t\t\t\t<div class=\"elementor-widget-container\">\n\t\t\t\t\t\t\t\t\t<h3 style=\"font-weight: 400;\">Formulaire d&rsquo;inscription aux foires d&rsquo;art<\/h3><p style=\"font-weight: 400;\">Nom : <br>E-mail :  <\/p><p>Je souhaite participer en tant que <em>Master of Realism<\/em> au stand des <em>Masters of Realism<\/em> \u00e0 la foire d&rsquo;art ci-dessous. La participation \u00e0 ce salon est gratuite avec 1 tableau (maximum 90 cm de large, cadre compris).   <\/p><p>O<strong>  <\/strong>EuropArtFair 2024 (<u><a href=\"http:\/\/www.europartfair.com\/\">www.europartfair.com<\/a><\/u>) <br>O Huntenkunst 2025<a href=\"http:\/\/www.huntenkunst.nl\/\">(www.huntenkunst.nl)<\/a><br>O Art Laren 2025<u><a href=\"http:\/\/www.artlaren.nl\/\">(www.artlaren.nl)<\/a><\/u><\/p><p><u><\/u><span style=\"color: #ff0000;\"><em>Apr\u00e8s la v\u00e9rification d&rsquo;une foire, ce texte appara\u00eet :<\/em><\/span><u><\/u><\/p><p><u><\/u>Si vous souhaitez participer avec plus d&rsquo;une \u0153uvre, un maximum de 2 m\u00e8tres d&rsquo;espace mural peut \u00eatre lou\u00e9 pour 1 ou 2 \u0153uvres.<\/p><p style=\"font-weight: 400;\">L&rsquo;espace d&rsquo;exposition suppl\u00e9mentaire est adjacent \u00e0 l&rsquo;espace libre.  <br>L&rsquo;exposition d&rsquo;un tableau suppl\u00e9mentaire (max. 90 cm de large) co\u00fbte 175 \u20ac, celle de deux tableaux suppl\u00e9mentaires 325 \u20ac (hors TVA, frais et assurance inclus).<br><em><span style=\"color: #ff0000;\">(Prix \u00e0 adapter aux co\u00fbts de la foire)<\/span><\/em><\/p><p>Je souhaite :<br>O ne pas exposer d&rsquo;\u0153uvre(s) suppl\u00e9mentaire(s) et mon \u0153uvre a une largeur maximale de 90 cm (cadre compris)<br>O louer 1 m\u00e8tre suppl\u00e9mentaire<br>O louer 2 m\u00e8tres suppl\u00e9mentaires<\/p><p>O J&rsquo;ai pris connaissance des <u>conditions g\u00e9n\u00e9rales<\/u> et je les accepte.<\/p><p style=\"font-weight: 400;\">S&rsquo;il n&rsquo;y a plus d&rsquo;espace d&rsquo;exposition disponible, les frais pay\u00e9s pour l&rsquo;espace d&rsquo;exposition suppl\u00e9mentaire seront int\u00e9gralement rembours\u00e9s dans un d\u00e9lai de 10 jours.<\/p><p><span style=\"color: #ff0000;\">[payer et s&rsquo;inscrire ou s&rsquo;inscrire seulement]<\/span><\/p><p style=\"font-weight: 400;\"><span style=\"color: #ff0000;\"><em>Bien entendu, nous indiquerons sur le formulaire qu&rsquo;une foire est compl\u00e8te d\u00e8s que ce sera le cas.<\/em><\/span><\/p><p style=\"font-weight: 400;\"><span style=\"color: #ff0000;\"><em>En temps voulu, j&rsquo;adapterai les conditions g\u00e9n\u00e9rales de nos foires pour qu&rsquo;elles puissent \u00eatre utilis\u00e9es avec la MvhR. Pourriez-vous m&rsquo;aider \u00e0 m&rsquo;en souvenir en temps voulu ?   <\/em><\/span><\/p>\t\t\t\t\t\t\t\t<\/div>\n\t\t\t\t<\/div>\n\t\t\t\t\t<\/div>\n\t\t\t\t<\/div>\n\t\t\t\t<\/div>\n\t\t","protected":false},"excerpt":{"rendered":"<p>Chaque ann\u00e9e, les Masters of Realism ont la possibilit\u00e9 de participer gratuitement avec une \u0153uvre \u00e0 l&rsquo;une des foires d&rsquo;art o\u00f9 les Masters ont leur propre stand. Pour l&rsquo;instant, il s&rsquo;agit des foires nationales : Huntenkunst, Art Laren et EuropArtFair. Une ou plusieurs foires \u00e9trang\u00e8res suivront plus tard. Si vous souhaitez participer avec plus d&rsquo;une [&hellip;]<\/p>\n","protected":false},"author":2,"featured_media":0,"parent":0,"menu_order":0,"comment_status":"closed","ping_status":"closed","template":"full-width.php","meta":{"_acf_changed":false,"footnotes":""},"class_list":["post-15696","page","type-page","status-publish","hentry"],"acf":[],"yoast_head":"<!-- This site is optimized with the Yoast SEO plugin v27.5 - https:\/\/yoast.com\/product\/yoast-seo-wordpress\/ -->\n<title>Foires d&#039;art - Masters of Realism<\/title>\n<meta name=\"robots\" content=\"index, follow, max-snippet:-1, max-image-preview:large, max-video-preview:-1\" \/>\n<link rel=\"canonical\" href=\"https:\/\/mastersofrealism.com\/fr\/foires-dart\/\" \/>\n<meta property=\"og:locale\" content=\"fr_FR\" \/>\n<meta property=\"og:type\" content=\"article\" \/>\n<meta property=\"og:title\" content=\"Foires d&#039;art - Masters of Realism\" \/>\n<meta property=\"og:description\" content=\"Chaque ann\u00e9e, les Masters of Realism ont la possibilit\u00e9 de participer gratuitement avec une \u0153uvre \u00e0 l&rsquo;une des foires d&rsquo;art o\u00f9 les Masters ont leur propre stand. Pour l&rsquo;instant, il s&rsquo;agit des foires nationales : Huntenkunst, Art Laren et EuropArtFair. Une ou plusieurs foires \u00e9trang\u00e8res suivront plus tard. Si vous souhaitez participer avec plus d&rsquo;une [&hellip;]\" \/>\n<meta property=\"og:url\" content=\"https:\/\/mastersofrealism.com\/fr\/foires-dart\/\" \/>\n<meta property=\"og:site_name\" content=\"Masters of Realism\" \/>\n<meta property=\"article:modified_time\" content=\"2026-02-23T13:57:33+00:00\" \/>\n<meta property=\"og:image\" content=\"https:\/\/mastersofrealism.com\/wp-content\/uploads\/2024\/02\/huntenkunst.jpg\" \/>\n\t<meta property=\"og:image:width\" content=\"1980\" \/>\n\t<meta property=\"og:image:height\" content=\"1080\" \/>\n\t<meta property=\"og:image:type\" content=\"image\/jpeg\" \/>\n<meta name=\"twitter:card\" content=\"summary_large_image\" \/>\n<meta name=\"twitter:label1\" content=\"Dur\u00e9e de lecture estim\u00e9e\" \/>\n\t<meta name=\"twitter:data1\" content=\"2 minutes\" \/>\n<script type=\"application\/ld+json\" class=\"yoast-schema-graph\">{\"@context\":\"https:\\\/\\\/schema.org\",\"@graph\":[{\"@type\":\"WebPage\",\"@id\":\"https:\\\/\\\/mastersofrealism.com\\\/fr\\\/foires-dart\\\/\",\"url\":\"https:\\\/\\\/mastersofrealism.com\\\/fr\\\/foires-dart\\\/\",\"name\":\"Foires d'art - Masters of Realism\",\"isPartOf\":{\"@id\":\"https:\\\/\\\/mastersofrealism.com\\\/#website\"},\"primaryImageOfPage\":{\"@id\":\"https:\\\/\\\/mastersofrealism.com\\\/fr\\\/foires-dart\\\/#primaryimage\"},\"image\":{\"@id\":\"https:\\\/\\\/mastersofrealism.com\\\/fr\\\/foires-dart\\\/#primaryimage\"},\"thumbnailUrl\":\"https:\\\/\\\/mastersofrealism.com\\\/wp-content\\\/uploads\\\/2024\\\/02\\\/huntenkunst-300x164.jpg\",\"datePublished\":\"2024-02-14T13:24:07+00:00\",\"dateModified\":\"2026-02-23T13:57:33+00:00\",\"breadcrumb\":{\"@id\":\"https:\\\/\\\/mastersofrealism.com\\\/fr\\\/foires-dart\\\/#breadcrumb\"},\"inLanguage\":\"fr-FR\",\"potentialAction\":[{\"@type\":\"ReadAction\",\"target\":[\"https:\\\/\\\/mastersofrealism.com\\\/fr\\\/foires-dart\\\/\"]}]},{\"@type\":\"ImageObject\",\"inLanguage\":\"fr-FR\",\"@id\":\"https:\\\/\\\/mastersofrealism.com\\\/fr\\\/foires-dart\\\/#primaryimage\",\"url\":\"https:\\\/\\\/mastersofrealism.com\\\/wp-content\\\/uploads\\\/2024\\\/02\\\/huntenkunst-300x164.jpg\",\"contentUrl\":\"https:\\\/\\\/mastersofrealism.com\\\/wp-content\\\/uploads\\\/2024\\\/02\\\/huntenkunst-300x164.jpg\"},{\"@type\":\"BreadcrumbList\",\"@id\":\"https:\\\/\\\/mastersofrealism.com\\\/fr\\\/foires-dart\\\/#breadcrumb\",\"itemListElement\":[{\"@type\":\"ListItem\",\"position\":1,\"name\":\"Home\",\"item\":\"https:\\\/\\\/mastersofrealism.com\\\/fr\\\/home\\\/\"},{\"@type\":\"ListItem\",\"position\":2,\"name\":\"Foires d&#8217;art\"}]},{\"@type\":\"WebSite\",\"@id\":\"https:\\\/\\\/mastersofrealism.com\\\/#website\",\"url\":\"https:\\\/\\\/mastersofrealism.com\\\/\",\"name\":\"Masters of Realism\",\"description\":\"\",\"publisher\":{\"@id\":\"https:\\\/\\\/mastersofrealism.com\\\/#organization\"},\"potentialAction\":[{\"@type\":\"SearchAction\",\"target\":{\"@type\":\"EntryPoint\",\"urlTemplate\":\"https:\\\/\\\/mastersofrealism.com\\\/?s={search_term_string}\"},\"query-input\":{\"@type\":\"PropertyValueSpecification\",\"valueRequired\":true,\"valueName\":\"search_term_string\"}}],\"inLanguage\":\"fr-FR\"},{\"@type\":\"Organization\",\"@id\":\"https:\\\/\\\/mastersofrealism.com\\\/#organization\",\"name\":\"Masters of Realism\",\"url\":\"https:\\\/\\\/mastersofrealism.com\\\/\",\"logo\":{\"@type\":\"ImageObject\",\"inLanguage\":\"fr-FR\",\"@id\":\"https:\\\/\\\/mastersofrealism.com\\\/#\\\/schema\\\/logo\\\/image\\\/\",\"url\":\"https:\\\/\\\/mastersofrealism.com\\\/wp-content\\\/uploads\\\/2023\\\/11\\\/cropped-Logo-meesters-van-het-realisme-1-e1701774067476.png\",\"contentUrl\":\"https:\\\/\\\/mastersofrealism.com\\\/wp-content\\\/uploads\\\/2023\\\/11\\\/cropped-Logo-meesters-van-het-realisme-1-e1701774067476.png\",\"width\":506,\"height\":318,\"caption\":\"Masters of Realism\"},\"image\":{\"@id\":\"https:\\\/\\\/mastersofrealism.com\\\/#\\\/schema\\\/logo\\\/image\\\/\"}}]}<\/script>\n<!-- \/ Yoast SEO plugin. -->","yoast_head_json":{"title":"Foires d'art - Masters of Realism","robots":{"index":"index","follow":"follow","max-snippet":"max-snippet:-1","max-image-preview":"max-image-preview:large","max-video-preview":"max-video-preview:-1"},"canonical":"https:\/\/mastersofrealism.com\/fr\/foires-dart\/","og_locale":"fr_FR","og_type":"article","og_title":"Foires d'art - Masters of Realism","og_description":"Chaque ann\u00e9e, les Masters of Realism ont la possibilit\u00e9 de participer gratuitement avec une \u0153uvre \u00e0 l&rsquo;une des foires d&rsquo;art o\u00f9 les Masters ont leur propre stand. Pour l&rsquo;instant, il s&rsquo;agit des foires nationales : Huntenkunst, Art Laren et EuropArtFair. Une ou plusieurs foires \u00e9trang\u00e8res suivront plus tard. Si vous souhaitez participer avec plus d&rsquo;une [&hellip;]","og_url":"https:\/\/mastersofrealism.com\/fr\/foires-dart\/","og_site_name":"Masters of Realism","article_modified_time":"2026-02-23T13:57:33+00:00","og_image":[{"width":1980,"height":1080,"url":"https:\/\/mastersofrealism.com\/wp-content\/uploads\/2024\/02\/huntenkunst.jpg","type":"image\/jpeg"}],"twitter_card":"summary_large_image","twitter_misc":{"Dur\u00e9e de lecture estim\u00e9e":"2 minutes"},"schema":{"@context":"https:\/\/schema.org","@graph":[{"@type":"WebPage","@id":"https:\/\/mastersofrealism.com\/fr\/foires-dart\/","url":"https:\/\/mastersofrealism.com\/fr\/foires-dart\/","name":"Foires d'art - Masters of Realism","isPartOf":{"@id":"https:\/\/mastersofrealism.com\/#website"},"primaryImageOfPage":{"@id":"https:\/\/mastersofrealism.com\/fr\/foires-dart\/#primaryimage"},"image":{"@id":"https:\/\/mastersofrealism.com\/fr\/foires-dart\/#primaryimage"},"thumbnailUrl":"https:\/\/mastersofrealism.com\/wp-content\/uploads\/2024\/02\/huntenkunst-300x164.jpg","datePublished":"2024-02-14T13:24:07+00:00","dateModified":"2026-02-23T13:57:33+00:00","breadcrumb":{"@id":"https:\/\/mastersofrealism.com\/fr\/foires-dart\/#breadcrumb"},"inLanguage":"fr-FR","potentialAction":[{"@type":"ReadAction","target":["https:\/\/mastersofrealism.com\/fr\/foires-dart\/"]}]},{"@type":"ImageObject","inLanguage":"fr-FR","@id":"https:\/\/mastersofrealism.com\/fr\/foires-dart\/#primaryimage","url":"https:\/\/mastersofrealism.com\/wp-content\/uploads\/2024\/02\/huntenkunst-300x164.jpg","contentUrl":"https:\/\/mastersofrealism.com\/wp-content\/uploads\/2024\/02\/huntenkunst-300x164.jpg"},{"@type":"BreadcrumbList","@id":"https:\/\/mastersofrealism.com\/fr\/foires-dart\/#breadcrumb","itemListElement":[{"@type":"ListItem","position":1,"name":"Home","item":"https:\/\/mastersofrealism.com\/fr\/home\/"},{"@type":"ListItem","position":2,"name":"Foires d&#8217;art"}]},{"@type":"WebSite","@id":"https:\/\/mastersofrealism.com\/#website","url":"https:\/\/mastersofrealism.com\/","name":"Masters of Realism","description":"","publisher":{"@id":"https:\/\/mastersofrealism.com\/#organization"},"potentialAction":[{"@type":"SearchAction","target":{"@type":"EntryPoint","urlTemplate":"https:\/\/mastersofrealism.com\/?s={search_term_string}"},"query-input":{"@type":"PropertyValueSpecification","valueRequired":true,"valueName":"search_term_string"}}],"inLanguage":"fr-FR"},{"@type":"Organization","@id":"https:\/\/mastersofrealism.com\/#organization","name":"Masters of Realism","url":"https:\/\/mastersofrealism.com\/","logo":{"@type":"ImageObject","inLanguage":"fr-FR","@id":"https:\/\/mastersofrealism.com\/#\/schema\/logo\/image\/","url":"https:\/\/mastersofrealism.com\/wp-content\/uploads\/2023\/11\/cropped-Logo-meesters-van-het-realisme-1-e1701774067476.png","contentUrl":"https:\/\/mastersofrealism.com\/wp-content\/uploads\/2023\/11\/cropped-Logo-meesters-van-het-realisme-1-e1701774067476.png","width":506,"height":318,"caption":"Masters of Realism"},"image":{"@id":"https:\/\/mastersofrealism.com\/#\/schema\/logo\/image\/"}}]}},"_links":{"self":[{"href":"https:\/\/mastersofrealism.com\/fr\/wp-json\/wp\/v2\/pages\/15696","targetHints":{"allow":["GET"]}}],"collection":[{"href":"https:\/\/mastersofrealism.com\/fr\/wp-json\/wp\/v2\/pages"}],"about":[{"href":"https:\/\/mastersofrealism.com\/fr\/wp-json\/wp\/v2\/types\/page"}],"author":[{"embeddable":true,"href":"https:\/\/mastersofrealism.com\/fr\/wp-json\/wp\/v2\/users\/2"}],"replies":[{"embeddable":true,"href":"https:\/\/mastersofrealism.com\/fr\/wp-json\/wp\/v2\/comments?post=15696"}],"version-history":[{"count":1,"href":"https:\/\/mastersofrealism.com\/fr\/wp-json\/wp\/v2\/pages\/15696\/revisions"}],"predecessor-version":[{"id":15707,"href":"https:\/\/mastersofrealism.com\/fr\/wp-json\/wp\/v2\/pages\/15696\/revisions\/15707"}],"wp:attachment":[{"href":"https:\/\/mastersofrealism.com\/fr\/wp-json\/wp\/v2\/media?parent=15696"}],"curies":[{"name":"wp","href":"https:\/\/api.w.org\/{rel}","templated":true}]}}