{"id":16928,"date":"2026-03-13T08:33:04","date_gmt":"2026-03-13T07:33:04","guid":{"rendered":"https:\/\/mastersofrealism.com\/?page_id=16928"},"modified":"2026-03-13T08:41:54","modified_gmt":"2026-03-13T07:41:54","slug":"cadeaux-de-bienvenue-3","status":"publish","type":"page","link":"https:\/\/mastersofrealism.com\/fr\/cadeaux-de-bienvenue-3\/","title":{"rendered":"Vieille Hollande"},"content":{"rendered":"\t\t<div data-elementor-type=\"wp-page\" data-elementor-id=\"16928\" class=\"elementor elementor-16928 elementor-16926\" data-elementor-post-type=\"page\">\n\t\t\t\t\t\t<section class=\"elementor-section elementor-top-section elementor-element elementor-element-74c3de8d elementor-section-boxed elementor-section-height-default elementor-section-height-default\" data-id=\"74c3de8d\" data-element_type=\"section\" data-e-type=\"section\" data-settings=\"{&quot;jet_parallax_layout_list&quot;:[{&quot;jet_parallax_layout_image&quot;:{&quot;url&quot;:&quot;&quot;,&quot;id&quot;:&quot;&quot;,&quot;size&quot;:&quot;&quot;},&quot;_id&quot;:&quot;5b6044a&quot;,&quot;jet_parallax_layout_image_tablet&quot;:{&quot;url&quot;:&quot;&quot;,&quot;id&quot;:&quot;&quot;,&quot;size&quot;:&quot;&quot;},&quot;jet_parallax_layout_image_mobile&quot;:{&quot;url&quot;:&quot;&quot;,&quot;id&quot;:&quot;&quot;,&quot;size&quot;:&quot;&quot;},&quot;jet_parallax_layout_speed&quot;:{&quot;unit&quot;:&quot;%&quot;,&quot;size&quot;:50,&quot;sizes&quot;:[]},&quot;jet_parallax_layout_type&quot;:&quot;scroll&quot;,&quot;jet_parallax_layout_direction&quot;:&quot;1&quot;,&quot;jet_parallax_layout_fx_direction&quot;:null,&quot;jet_parallax_layout_z_index&quot;:&quot;&quot;,&quot;jet_parallax_layout_bg_x&quot;:50,&quot;jet_parallax_layout_bg_x_tablet&quot;:&quot;&quot;,&quot;jet_parallax_layout_bg_x_mobile&quot;:&quot;&quot;,&quot;jet_parallax_layout_bg_y&quot;:50,&quot;jet_parallax_layout_bg_y_tablet&quot;:&quot;&quot;,&quot;jet_parallax_layout_bg_y_mobile&quot;:&quot;&quot;,&quot;jet_parallax_layout_bg_size&quot;:&quot;auto&quot;,&quot;jet_parallax_layout_bg_size_tablet&quot;:&quot;&quot;,&quot;jet_parallax_layout_bg_size_mobile&quot;:&quot;&quot;,&quot;jet_parallax_layout_animation_prop&quot;:&quot;transform&quot;,&quot;jet_parallax_layout_on&quot;:[&quot;desktop&quot;,&quot;tablet&quot;]}],&quot;background_background&quot;:&quot;classic&quot;}\">\n\t\t\t\t\t\t<div class=\"elementor-container elementor-column-gap-no\">\n\t\t\t\t\t<div class=\"elementor-column elementor-col-100 elementor-top-column elementor-element elementor-element-33fb6b5\" data-id=\"33fb6b5\" data-element_type=\"column\" data-e-type=\"column\">\n\t\t\t<div class=\"elementor-widget-wrap elementor-element-populated\">\n\t\t\t\t\t\t<div class=\"elementor-element elementor-element-57e0187f elementor-widget elementor-widget-heading\" data-id=\"57e0187f\" data-element_type=\"widget\" data-e-type=\"widget\" data-widget_type=\"heading.default\">\n\t\t\t\t<div class=\"elementor-widget-container\">\n\t\t\t\t\t<h1 class=\"elementor-heading-title elementor-size-default\">Vieille Hollande<\/h1>\t\t\t\t<\/div>\n\t\t\t\t<\/div>\n\t\t\t\t\t<\/div>\n\t\t<\/div>\n\t\t\t\t\t<\/div>\n\t\t<\/section>\n\t\t<div class=\"elementor-element elementor-element-16213d0 e-flex e-con-boxed e-con e-parent\" data-id=\"16213d0\" data-element_type=\"container\" data-e-type=\"container\" data-settings=\"{&quot;jet_parallax_layout_list&quot;:[]}\">\n\t\t\t\t\t<div class=\"e-con-inner\">\n\t\t\t\t<div class=\"elementor-element elementor-element-9f8e758 elementor-widget elementor-widget-text-editor\" data-id=\"9f8e758\" data-element_type=\"widget\" data-e-type=\"widget\" data-widget_type=\"text-editor.default\">\n\t\t\t\t<div class=\"elementor-widget-container\">\n\t\t\t\t\t\t\t\t\t<h4><strong>Vous trouverez ici plus d&rsquo;informations sur le set sp\u00e9cial Old Holland Gray Scale exclusivement r\u00e9serv\u00e9 aux <em>Masters of Realism<\/em>.<\/strong><\/h4>\t\t\t\t\t\t\t\t<\/div>\n\t\t\t\t<\/div>\n\t\t\t\t\t<\/div>\n\t\t\t\t<\/div>\n\t\t<div class=\"elementor-element elementor-element-0c62d71 e-flex e-con-boxed e-con e-parent\" data-id=\"0c62d71\" data-element_type=\"container\" data-e-type=\"container\" data-settings=\"{&quot;jet_parallax_layout_list&quot;:[]}\">\n\t\t\t\t\t<div class=\"e-con-inner\">\n\t\t<div class=\"elementor-element elementor-element-71b03e6 e-con-full e-flex e-con e-child\" data-id=\"71b03e6\" data-element_type=\"container\" data-e-type=\"container\" data-settings=\"{&quot;jet_parallax_layout_list&quot;:[]}\">\n\t\t\t\t<div class=\"elementor-element elementor-element-c8b8bbf elementor-widget elementor-widget-text-editor\" data-id=\"c8b8bbf\" data-element_type=\"widget\" data-e-type=\"widget\" data-widget_type=\"text-editor.default\">\n\t\t\t\t<div class=\"elementor-widget-container\">\n\t\t\t\t\t\t\t\t\t<h3 style=\"font-weight: 400;\">Old Holland Gray Tone Set<\/h3><p style=\"font-weight: 400;\">D\u00e9couvrez le pouvoir subtil de la nuance avec le nouveau set de tons gris Old Holland. Ce set est indispensable pour les artistes qui souhaitent se sp\u00e9cialiser dans la technique fondamentale de la peinture en tons gris. <\/p><p style=\"font-weight: 400;\">Le set contient quatre tons de gris professionnels uniques de la peinture \u00e0 l&rsquo;huile Old Holland Classic en tubes de 40 ml : Light Gray Extreme, Light Gray Moderate, Shadow Gray Moderate et Shadow Gray Extreme.<\/p><p style=\"font-weight: 400;\">Comme toutes les couleurs \u00e0 l&rsquo;huile Old Holland Classic, ces tubes contiennent la plus haute concentration possible de pigments pour une couverture et une maniabilit\u00e9 sup\u00e9rieures.<\/p>\t\t\t\t\t\t\t\t<\/div>\n\t\t\t\t<\/div>\n\t\t\t\t<\/div>\n\t\t<div class=\"elementor-element elementor-element-44b8bef e-con-full e-flex e-con e-child\" data-id=\"44b8bef\" data-element_type=\"container\" data-e-type=\"container\" data-settings=\"{&quot;jet_parallax_layout_list&quot;:[]}\">\n\t\t\t\t<div class=\"elementor-element elementor-element-b99b8ae elementor-widget elementor-widget-image\" data-id=\"b99b8ae\" data-element_type=\"widget\" data-e-type=\"widget\" data-widget_type=\"image.default\">\n\t\t\t\t<div class=\"elementor-widget-container\">\n\t\t\t\t\t\t\t\t\t\t\t\t\t\t\t<img fetchpriority=\"high\" decoding=\"async\" width=\"501\" height=\"673\" src=\"https:\/\/mastersofrealism.com\/wp-content\/uploads\/2026\/03\/Old-Holland-Gray-Tone-set.png\" class=\"attachment-large size-large wp-image-16945\" alt=\"\" srcset=\"https:\/\/mastersofrealism.com\/wp-content\/uploads\/2026\/03\/Old-Holland-Gray-Tone-set.png 501w, https:\/\/mastersofrealism.com\/wp-content\/uploads\/2026\/03\/Old-Holland-Gray-Tone-set-223x300.png 223w\" sizes=\"(max-width: 501px) 100vw, 501px\" \/>\t\t\t\t\t\t\t\t\t\t\t\t\t\t\t<\/div>\n\t\t\t\t<\/div>\n\t\t\t\t<\/div>\n\t\t<div class=\"elementor-element elementor-element-17d0d72 e-con-full e-flex e-con e-child\" data-id=\"17d0d72\" data-element_type=\"container\" data-e-type=\"container\" data-settings=\"{&quot;jet_parallax_layout_list&quot;:[]}\">\n\t\t\t\t<div class=\"elementor-element elementor-element-60a78e2 elementor-widget elementor-widget-text-editor\" data-id=\"60a78e2\" data-element_type=\"widget\" data-e-type=\"widget\" data-widget_type=\"text-editor.default\">\n\t\t\t\t<div class=\"elementor-widget-container\">\n\t\t\t\t\t\t\t\t\t<p style=\"font-weight: 400;\">  La peinture est garantie r\u00e9sistante \u00e0 la lumi\u00e8re et sa texture beurre assure une fluidit\u00e9 parfaite.<\/p><p style=\"font-weight: 400;\">Avec l&rsquo;achat de ce set, vous recevrez <span style=\"text-decoration: underline;\"><strong>l&rsquo;acc\u00e8s \u00e0 un didacticiel vid\u00e9o unique, accessible et inspirant en anglais sur les tons gris, d&rsquo;une dur\u00e9e de pr\u00e8s de 10 heures<\/strong><\/span>qui a \u00e9t\u00e9 d\u00e9velopp\u00e9 sp\u00e9cialement pour ce coffret par Old Holland en collaboration avec Kevin Murphy, cofondateur d&rsquo;Evolve Artist Inc.<\/p><p style=\"font-weight: 400;\">Les 4 tubes (s\u00e9rie B) de ce set ont une valeur de vente recommand\u00e9e de 85,30 \u20ac.<\/p><p style=\"font-weight: 400;\"><strong><span style=\"color: #dfb169;\">En tant que <em>Masters of Realism<\/em>, nous proposons cet ensemble, y compris l&rsquo;acc\u00e8s \u00e0 la vid\u00e9o d&rsquo;instruction, pour une dur\u00e9e limit\u00e9e \u00e0 <span style=\"color: #000000;\">69,00 \u20ac.<\/span><\/span><\/strong><\/p>\t\t\t\t\t\t\t\t<\/div>\n\t\t\t\t<\/div>\n\t\t\t\t<div class=\"elementor-element elementor-element-b29e37b elementor-align-center elementor-widget elementor-widget-button\" data-id=\"b29e37b\" data-element_type=\"widget\" data-e-type=\"widget\" data-widget_type=\"button.default\">\n\t\t\t\t<div class=\"elementor-widget-container\">\n\t\t\t\t\t\t\t\t\t<div class=\"elementor-button-wrapper\">\n\t\t\t\t\t<a class=\"elementor-button elementor-button-link elementor-size-sm\" href=\"https:\/\/mastersofrealism.com\/fr\/cadeaux-de-bienvenue-2\/\">\n\t\t\t\t\t\t<span class=\"elementor-button-content-wrapper\">\n\t\t\t\t\t\t\t\t\t<span class=\"elementor-button-text\">Achetez ce set exclusif ici<\/span>\n\t\t\t\t\t<\/span>\n\t\t\t\t\t<\/a>\n\t\t\t\t<\/div>\n\t\t\t\t\t\t\t\t<\/div>\n\t\t\t\t<\/div>\n\t\t\t\t<\/div>\n\t\t\t\t\t<\/div>\n\t\t\t\t<\/div>\n\t\t\t\t<\/div>\n\t\t","protected":false},"excerpt":{"rendered":"<p>Vous trouverez ici plus d&rsquo;informations sur le set sp\u00e9cial Old Holland Gray Scale exclusivement r\u00e9serv\u00e9 aux Masters of Realism. Old Holland Gray Tone Set D\u00e9couvrez le pouvoir subtil de la nuance avec le nouveau set de tons gris Old Holland. Ce set est indispensable pour les artistes qui souhaitent se sp\u00e9cialiser dans la technique fondamentale [&hellip;]<\/p>\n","protected":false},"author":57,"featured_media":0,"parent":0,"menu_order":0,"comment_status":"closed","ping_status":"closed","template":"full-width.php","meta":{"_acf_changed":false,"footnotes":""},"class_list":["post-16928","page","type-page","status-publish","hentry"],"acf":[],"yoast_head":"<!-- This site is optimized with the Yoast SEO plugin v27.2 - https:\/\/yoast.com\/product\/yoast-seo-wordpress\/ -->\n<title>Vieille Hollande - Masters of Realism<\/title>\n<meta name=\"robots\" content=\"index, follow, max-snippet:-1, max-image-preview:large, max-video-preview:-1\" \/>\n<link rel=\"canonical\" href=\"https:\/\/mastersofrealism.com\/fr\/cadeaux-de-bienvenue-3\/\" \/>\n<meta property=\"og:locale\" content=\"fr_FR\" \/>\n<meta property=\"og:type\" content=\"article\" \/>\n<meta property=\"og:title\" content=\"Vieille Hollande - Masters of Realism\" \/>\n<meta property=\"og:description\" content=\"Vous trouverez ici plus d&rsquo;informations sur le set sp\u00e9cial Old Holland Gray Scale exclusivement r\u00e9serv\u00e9 aux Masters of Realism. Old Holland Gray Tone Set D\u00e9couvrez le pouvoir subtil de la nuance avec le nouveau set de tons gris Old Holland. Ce set est indispensable pour les artistes qui souhaitent se sp\u00e9cialiser dans la technique fondamentale [&hellip;]\" \/>\n<meta property=\"og:url\" content=\"https:\/\/mastersofrealism.com\/fr\/cadeaux-de-bienvenue-3\/\" \/>\n<meta property=\"og:site_name\" content=\"Masters of Realism\" \/>\n<meta property=\"article:modified_time\" content=\"2026-03-13T07:41:54+00:00\" \/>\n<meta property=\"og:image\" content=\"https:\/\/mastersofrealism.com\/wp-content\/uploads\/2026\/03\/Old-Holland-Gray-Tone-set.png\" \/>\n\t<meta property=\"og:image:width\" content=\"501\" \/>\n\t<meta property=\"og:image:height\" content=\"673\" \/>\n\t<meta property=\"og:image:type\" content=\"image\/png\" \/>\n<meta name=\"twitter:card\" content=\"summary_large_image\" \/>\n<meta name=\"twitter:label1\" content=\"Dur\u00e9e de lecture estim\u00e9e\" \/>\n\t<meta name=\"twitter:data1\" content=\"1 minute\" \/>\n<script type=\"application\/ld+json\" class=\"yoast-schema-graph\">{\"@context\":\"https:\/\/schema.org\",\"@graph\":[{\"@type\":\"WebPage\",\"@id\":\"https:\/\/mastersofrealism.com\/fr\/cadeaux-de-bienvenue-3\/\",\"url\":\"https:\/\/mastersofrealism.com\/fr\/cadeaux-de-bienvenue-3\/\",\"name\":\"Vieille Hollande - Masters of Realism\",\"isPartOf\":{\"@id\":\"https:\/\/mastersofrealism.com\/#website\"},\"primaryImageOfPage\":{\"@id\":\"https:\/\/mastersofrealism.com\/fr\/cadeaux-de-bienvenue-3\/#primaryimage\"},\"image\":{\"@id\":\"https:\/\/mastersofrealism.com\/fr\/cadeaux-de-bienvenue-3\/#primaryimage\"},\"thumbnailUrl\":\"https:\/\/mastersofrealism.com\/wp-content\/uploads\/2026\/03\/Old-Holland-Gray-Tone-set.png\",\"datePublished\":\"2026-03-13T07:33:04+00:00\",\"dateModified\":\"2026-03-13T07:41:54+00:00\",\"breadcrumb\":{\"@id\":\"https:\/\/mastersofrealism.com\/fr\/cadeaux-de-bienvenue-3\/#breadcrumb\"},\"inLanguage\":\"fr-FR\",\"potentialAction\":[{\"@type\":\"ReadAction\",\"target\":[\"https:\/\/mastersofrealism.com\/fr\/cadeaux-de-bienvenue-3\/\"]}]},{\"@type\":\"ImageObject\",\"inLanguage\":\"fr-FR\",\"@id\":\"https:\/\/mastersofrealism.com\/fr\/cadeaux-de-bienvenue-3\/#primaryimage\",\"url\":\"https:\/\/mastersofrealism.com\/wp-content\/uploads\/2026\/03\/Old-Holland-Gray-Tone-set.png\",\"contentUrl\":\"https:\/\/mastersofrealism.com\/wp-content\/uploads\/2026\/03\/Old-Holland-Gray-Tone-set.png\"},{\"@type\":\"BreadcrumbList\",\"@id\":\"https:\/\/mastersofrealism.com\/fr\/cadeaux-de-bienvenue-3\/#breadcrumb\",\"itemListElement\":[{\"@type\":\"ListItem\",\"position\":1,\"name\":\"Home\",\"item\":\"https:\/\/mastersofrealism.com\/fr\/home\/\"},{\"@type\":\"ListItem\",\"position\":2,\"name\":\"Vieille Hollande\"}]},{\"@type\":\"WebSite\",\"@id\":\"https:\/\/mastersofrealism.com\/#website\",\"url\":\"https:\/\/mastersofrealism.com\/\",\"name\":\"Masters of Realism\",\"description\":\"\",\"publisher\":{\"@id\":\"https:\/\/mastersofrealism.com\/#organization\"},\"potentialAction\":[{\"@type\":\"SearchAction\",\"target\":{\"@type\":\"EntryPoint\",\"urlTemplate\":\"https:\/\/mastersofrealism.com\/?s={search_term_string}\"},\"query-input\":{\"@type\":\"PropertyValueSpecification\",\"valueRequired\":true,\"valueName\":\"search_term_string\"}}],\"inLanguage\":\"fr-FR\"},{\"@type\":\"Organization\",\"@id\":\"https:\/\/mastersofrealism.com\/#organization\",\"name\":\"Masters of Realism\",\"url\":\"https:\/\/mastersofrealism.com\/\",\"logo\":{\"@type\":\"ImageObject\",\"inLanguage\":\"fr-FR\",\"@id\":\"https:\/\/mastersofrealism.com\/#\/schema\/logo\/image\/\",\"url\":\"https:\/\/mastersofrealism.com\/wp-content\/uploads\/2023\/11\/cropped-Logo-meesters-van-het-realisme-1-e1701774067476.png\",\"contentUrl\":\"https:\/\/mastersofrealism.com\/wp-content\/uploads\/2023\/11\/cropped-Logo-meesters-van-het-realisme-1-e1701774067476.png\",\"width\":506,\"height\":318,\"caption\":\"Masters of Realism\"},\"image\":{\"@id\":\"https:\/\/mastersofrealism.com\/#\/schema\/logo\/image\/\"}}]}<\/script>\n<!-- \/ Yoast SEO plugin. -->","yoast_head_json":{"title":"Vieille Hollande - Masters of Realism","robots":{"index":"index","follow":"follow","max-snippet":"max-snippet:-1","max-image-preview":"max-image-preview:large","max-video-preview":"max-video-preview:-1"},"canonical":"https:\/\/mastersofrealism.com\/fr\/cadeaux-de-bienvenue-3\/","og_locale":"fr_FR","og_type":"article","og_title":"Vieille Hollande - Masters of Realism","og_description":"Vous trouverez ici plus d&rsquo;informations sur le set sp\u00e9cial Old Holland Gray Scale exclusivement r\u00e9serv\u00e9 aux Masters of Realism. Old Holland Gray Tone Set D\u00e9couvrez le pouvoir subtil de la nuance avec le nouveau set de tons gris Old Holland. Ce set est indispensable pour les artistes qui souhaitent se sp\u00e9cialiser dans la technique fondamentale [&hellip;]","og_url":"https:\/\/mastersofrealism.com\/fr\/cadeaux-de-bienvenue-3\/","og_site_name":"Masters of Realism","article_modified_time":"2026-03-13T07:41:54+00:00","og_image":[{"width":501,"height":673,"url":"https:\/\/mastersofrealism.com\/wp-content\/uploads\/2026\/03\/Old-Holland-Gray-Tone-set.png","type":"image\/png"}],"twitter_card":"summary_large_image","twitter_misc":{"Dur\u00e9e de lecture estim\u00e9e":"1 minute"},"schema":{"@context":"https:\/\/schema.org","@graph":[{"@type":"WebPage","@id":"https:\/\/mastersofrealism.com\/fr\/cadeaux-de-bienvenue-3\/","url":"https:\/\/mastersofrealism.com\/fr\/cadeaux-de-bienvenue-3\/","name":"Vieille Hollande - Masters of Realism","isPartOf":{"@id":"https:\/\/mastersofrealism.com\/#website"},"primaryImageOfPage":{"@id":"https:\/\/mastersofrealism.com\/fr\/cadeaux-de-bienvenue-3\/#primaryimage"},"image":{"@id":"https:\/\/mastersofrealism.com\/fr\/cadeaux-de-bienvenue-3\/#primaryimage"},"thumbnailUrl":"https:\/\/mastersofrealism.com\/wp-content\/uploads\/2026\/03\/Old-Holland-Gray-Tone-set.png","datePublished":"2026-03-13T07:33:04+00:00","dateModified":"2026-03-13T07:41:54+00:00","breadcrumb":{"@id":"https:\/\/mastersofrealism.com\/fr\/cadeaux-de-bienvenue-3\/#breadcrumb"},"inLanguage":"fr-FR","potentialAction":[{"@type":"ReadAction","target":["https:\/\/mastersofrealism.com\/fr\/cadeaux-de-bienvenue-3\/"]}]},{"@type":"ImageObject","inLanguage":"fr-FR","@id":"https:\/\/mastersofrealism.com\/fr\/cadeaux-de-bienvenue-3\/#primaryimage","url":"https:\/\/mastersofrealism.com\/wp-content\/uploads\/2026\/03\/Old-Holland-Gray-Tone-set.png","contentUrl":"https:\/\/mastersofrealism.com\/wp-content\/uploads\/2026\/03\/Old-Holland-Gray-Tone-set.png"},{"@type":"BreadcrumbList","@id":"https:\/\/mastersofrealism.com\/fr\/cadeaux-de-bienvenue-3\/#breadcrumb","itemListElement":[{"@type":"ListItem","position":1,"name":"Home","item":"https:\/\/mastersofrealism.com\/fr\/home\/"},{"@type":"ListItem","position":2,"name":"Vieille Hollande"}]},{"@type":"WebSite","@id":"https:\/\/mastersofrealism.com\/#website","url":"https:\/\/mastersofrealism.com\/","name":"Masters of Realism","description":"","publisher":{"@id":"https:\/\/mastersofrealism.com\/#organization"},"potentialAction":[{"@type":"SearchAction","target":{"@type":"EntryPoint","urlTemplate":"https:\/\/mastersofrealism.com\/?s={search_term_string}"},"query-input":{"@type":"PropertyValueSpecification","valueRequired":true,"valueName":"search_term_string"}}],"inLanguage":"fr-FR"},{"@type":"Organization","@id":"https:\/\/mastersofrealism.com\/#organization","name":"Masters of Realism","url":"https:\/\/mastersofrealism.com\/","logo":{"@type":"ImageObject","inLanguage":"fr-FR","@id":"https:\/\/mastersofrealism.com\/#\/schema\/logo\/image\/","url":"https:\/\/mastersofrealism.com\/wp-content\/uploads\/2023\/11\/cropped-Logo-meesters-van-het-realisme-1-e1701774067476.png","contentUrl":"https:\/\/mastersofrealism.com\/wp-content\/uploads\/2023\/11\/cropped-Logo-meesters-van-het-realisme-1-e1701774067476.png","width":506,"height":318,"caption":"Masters of Realism"},"image":{"@id":"https:\/\/mastersofrealism.com\/#\/schema\/logo\/image\/"}}]}},"_links":{"self":[{"href":"https:\/\/mastersofrealism.com\/fr\/wp-json\/wp\/v2\/pages\/16928","targetHints":{"allow":["GET"]}}],"collection":[{"href":"https:\/\/mastersofrealism.com\/fr\/wp-json\/wp\/v2\/pages"}],"about":[{"href":"https:\/\/mastersofrealism.com\/fr\/wp-json\/wp\/v2\/types\/page"}],"author":[{"embeddable":true,"href":"https:\/\/mastersofrealism.com\/fr\/wp-json\/wp\/v2\/users\/57"}],"replies":[{"embeddable":true,"href":"https:\/\/mastersofrealism.com\/fr\/wp-json\/wp\/v2\/comments?post=16928"}],"version-history":[{"count":5,"href":"https:\/\/mastersofrealism.com\/fr\/wp-json\/wp\/v2\/pages\/16928\/revisions"}],"predecessor-version":[{"id":16948,"href":"https:\/\/mastersofrealism.com\/fr\/wp-json\/wp\/v2\/pages\/16928\/revisions\/16948"}],"wp:attachment":[{"href":"https:\/\/mastersofrealism.com\/fr\/wp-json\/wp\/v2\/media?parent=16928"}],"curies":[{"name":"wp","href":"https:\/\/api.w.org\/{rel}","templated":true}]}}