{"id":601,"date":"2023-08-10T12:55:00","date_gmt":"2023-08-10T12:55:00","guid":{"rendered":"https:\/\/meestersvanhetrealisme.nl\/?page_id=601"},"modified":"2026-03-05T18:31:31","modified_gmt":"2026-03-05T17:31:31","slug":"comite-van-aanbeveling","status":"publish","type":"page","link":"https:\/\/mastersofrealism.com\/nl\/comite-van-aanbeveling\/","title":{"rendered":"Comit\u00e9 van Aanbeveling"},"content":{"rendered":"\t\t<div data-elementor-type=\"wp-page\" data-elementor-id=\"601\" class=\"elementor elementor-601\" data-elementor-post-type=\"page\">\n\t\t\t\t\t\t<section class=\"elementor-section elementor-top-section elementor-element elementor-element-2d853b4c elementor-section-boxed elementor-section-height-default elementor-section-height-default\" data-id=\"2d853b4c\" data-element_type=\"section\" data-e-type=\"section\" data-settings=\"{&quot;jet_parallax_layout_list&quot;:[{&quot;jet_parallax_layout_image&quot;:{&quot;url&quot;:&quot;&quot;,&quot;id&quot;:&quot;&quot;,&quot;size&quot;:&quot;&quot;},&quot;_id&quot;:&quot;5b6044a&quot;,&quot;jet_parallax_layout_image_tablet&quot;:{&quot;url&quot;:&quot;&quot;,&quot;id&quot;:&quot;&quot;,&quot;size&quot;:&quot;&quot;},&quot;jet_parallax_layout_image_mobile&quot;:{&quot;url&quot;:&quot;&quot;,&quot;id&quot;:&quot;&quot;,&quot;size&quot;:&quot;&quot;},&quot;jet_parallax_layout_speed&quot;:{&quot;unit&quot;:&quot;%&quot;,&quot;size&quot;:50,&quot;sizes&quot;:[]},&quot;jet_parallax_layout_type&quot;:&quot;scroll&quot;,&quot;jet_parallax_layout_direction&quot;:&quot;1&quot;,&quot;jet_parallax_layout_fx_direction&quot;:null,&quot;jet_parallax_layout_z_index&quot;:&quot;&quot;,&quot;jet_parallax_layout_bg_x&quot;:50,&quot;jet_parallax_layout_bg_x_tablet&quot;:&quot;&quot;,&quot;jet_parallax_layout_bg_x_mobile&quot;:&quot;&quot;,&quot;jet_parallax_layout_bg_y&quot;:50,&quot;jet_parallax_layout_bg_y_tablet&quot;:&quot;&quot;,&quot;jet_parallax_layout_bg_y_mobile&quot;:&quot;&quot;,&quot;jet_parallax_layout_bg_size&quot;:&quot;auto&quot;,&quot;jet_parallax_layout_bg_size_tablet&quot;:&quot;&quot;,&quot;jet_parallax_layout_bg_size_mobile&quot;:&quot;&quot;,&quot;jet_parallax_layout_animation_prop&quot;:&quot;transform&quot;,&quot;jet_parallax_layout_on&quot;:[&quot;desktop&quot;,&quot;tablet&quot;]}],&quot;background_background&quot;:&quot;classic&quot;}\">\n\t\t\t\t\t\t<div class=\"elementor-container elementor-column-gap-no\">\n\t\t\t\t\t<div class=\"elementor-column elementor-col-100 elementor-top-column elementor-element elementor-element-53226f2\" data-id=\"53226f2\" data-element_type=\"column\" data-e-type=\"column\">\n\t\t\t<div class=\"elementor-widget-wrap elementor-element-populated\">\n\t\t\t\t\t\t<div class=\"elementor-element elementor-element-19e37161 elementor-widget elementor-widget-heading\" data-id=\"19e37161\" data-element_type=\"widget\" data-e-type=\"widget\" data-widget_type=\"heading.default\">\n\t\t\t\t<div class=\"elementor-widget-container\">\n\t\t\t\t\t<h1 class=\"elementor-heading-title elementor-size-default\">Comit\u00e9 van Aanbeveling<\/h1>\t\t\t\t<\/div>\n\t\t\t\t<\/div>\n\t\t\t\t\t<\/div>\n\t\t<\/div>\n\t\t\t\t\t<\/div>\n\t\t<\/section>\n\t\t<div class=\"elementor-element elementor-element-29a797cf e-flex e-con-boxed e-con e-parent\" data-id=\"29a797cf\" data-element_type=\"container\" data-e-type=\"container\" data-settings=\"{&quot;jet_parallax_layout_list&quot;:[]}\">\n\t\t\t\t\t<div class=\"e-con-inner\">\n\t\t\t\t<div class=\"elementor-element elementor-element-4fcb039a elementor-widget elementor-widget-text-editor\" data-id=\"4fcb039a\" data-element_type=\"widget\" data-e-type=\"widget\" data-widget_type=\"text-editor.default\">\n\t\t\t\t<div class=\"elementor-widget-container\">\n\t\t\t\t\t\t\t\t\t<h4>De onderstaande personen bevestigen met hun plek in het Comit\u00e9 van Aanbeveling allemaal dat zij achter de doelstellingen van de <em>Masters of Realism <\/em>staan. &nbsp;<\/h4><div><br><\/div>\n<p><strong style=\"text-align: var(--text-align);\">Ren\u00e9 Renders en David van der Linden, eigenaren Galerie Bonnard, <a href=\"https:\/\/www.galeriebonnard.com\">www.galeriebonnard.com<\/a><\/strong><br><\/p><p>Al bijna 40 jaar is Galerie Bonnard een begrip in de Nederlandse kunstwereld, met trouw en ook steeds weer nieuw publiek, druk bezochte exposities met kunstenaars die zich thuis voelen onder de noemer \u2018Modern Realisme\u2019, en van daaruit een volledig eigen, figuratieve wijze van uitdrukken hebben gevonden.<\/p>\n<p><strong>Karen Boekholt en John Stel, eigenaren galerie Honingen<\/strong>, <a href=\"http:\/\/www.honingen.com\" data-type=\"link\" data-id=\"www.honingen.com\"><strong>www.honingen.com<\/strong><\/a>.&nbsp;<br>Galerie Honingen, gevestigd in Gouda, bestaat ruim 25 jaar: sinds 1997 hebben galeriehouders Karen Boekholt en John Stel hun persoonlijke passie voor detail weten uit te bouwen tot een succesvolle en toonaangevende galerie gespecialiseerd in het realisme.<\/p>\n<p><strong>Tom S. Hageman<\/strong> studeerde aan de Academie Minerva in Groningen. Later, in de zeventiger en tachtiger jaren, gaf hij hier ook zelf les en werd voorzitter van de Beroepsvereniging van Beeldende Kunstenaars, In 2004 richtte hij de \u2018Klassieke Academie voor beeldende kunst\u2019 te Groningen op.<\/p>\n<p><strong>Ronald Kraayeveld (1946-2025), eigenaar galerie Kraayeveld en voormalig hoofdredacteur Tableau Fine Arts Magazine, <a href=\"http:\/\/www.galeriekraayeveld.nl\" target=\"_blank\" rel=\"noreferrer noopener\" data-type=\"link\" data-id=\"www.galeriekraayeveld.nl\">www.galeriekraayeveld.nl<\/a><\/strong><br>Als bevlogen kunstliefhebber en -kenner runt Ronald Kraayeveld zijn galerie in het landelijke Noord-Scharwoude (Noord-Holland). De galerie brengt wisselende exposities en heeft onder andere werk in stock van kunstenaars van de Bergense School en West-Friese Na\u00efeven.<\/p>\n<p><strong>Thomas Vriens, directeur Museum Slager, <a href=\"https:\/\/museumslager.nl\" target=\"_blank\" rel=\"noreferrer noopener\" data-type=\"link\" data-id=\"www.museumslager.com\">www.museumslager.com<\/a><\/strong><br>Museum Slager, museum voor realistische kunst, biedt bezoekers een uniek inkijkje in het leven en werk van een schildersfamilie; de familie Slager in \u2018s-Hertogenbosch. Met acht schilders ziet u de ontwikkeling in de schilderkunst gedurende drie generaties.<\/p>\n<p><\/p>\n<p><strong>Harrie Schenning<\/strong> is oprichter van Stichting Huntenkunst en de organisator van de gelijknamige kunstbeurs, <a href=\"http:\/\/www.huntenkunst.org\">www.huntenkunst.org<\/a>.<\/p>\n<p><\/p>\n<p><\/p>\t\t\t\t\t\t\t\t<\/div>\n\t\t\t\t<\/div>\n\t\t\t\t\t<\/div>\n\t\t\t\t<\/div>\n\t\t\t\t<\/div>\n\t\t","protected":false},"excerpt":{"rendered":"<p>De onderstaande personen bevestigen met hun plek in het Comit\u00e9 van Aanbeveling allemaal dat zij achter de doelstellingen van de Masters of Realism staan. &nbsp; Ren\u00e9 Renders en David van der Linden, eigenaren Galerie Bonnard, www.galeriebonnard.com Al bijna 40 jaar is Galerie Bonnard een begrip in de Nederlandse kunstwereld, met trouw en ook steeds weer [&hellip;]<\/p>\n","protected":false},"author":2,"featured_media":0,"parent":0,"menu_order":0,"comment_status":"closed","ping_status":"closed","template":"full-width.php","meta":{"_acf_changed":false,"footnotes":""},"class_list":["post-601","page","type-page","status-publish","hentry"],"acf":[],"yoast_head":"<!-- This site is optimized with the Yoast SEO plugin v27.2 - https:\/\/yoast.com\/product\/yoast-seo-wordpress\/ -->\n<title>Comit\u00e9 van Aanbeveling - Masters of Realism<\/title>\n<meta name=\"robots\" content=\"index, follow, max-snippet:-1, max-image-preview:large, max-video-preview:-1\" \/>\n<link rel=\"canonical\" href=\"https:\/\/mastersofrealism.com\/advisory-committee\/\" \/>\n<meta property=\"og:locale\" content=\"nl_NL\" \/>\n<meta property=\"og:type\" content=\"article\" \/>\n<meta property=\"og:title\" content=\"Comit\u00e9 van Aanbeveling - Masters of Realism\" \/>\n<meta property=\"og:description\" content=\"De onderstaande personen bevestigen met hun plek in het Comit\u00e9 van Aanbeveling allemaal dat zij achter de doelstellingen van de Masters of Realism staan. &nbsp; Ren\u00e9 Renders en David van der Linden, eigenaren Galerie Bonnard, www.galeriebonnard.com Al bijna 40 jaar is Galerie Bonnard een begrip in de Nederlandse kunstwereld, met trouw en ook steeds weer [&hellip;]\" \/>\n<meta property=\"og:url\" content=\"https:\/\/mastersofrealism.com\/advisory-committee\/\" \/>\n<meta property=\"og:site_name\" content=\"Masters of Realism\" \/>\n<meta property=\"article:modified_time\" content=\"2026-03-05T17:31:31+00:00\" \/>\n<meta property=\"og:image\" content=\"https:\/\/mastersofrealism.com\/wp-content\/uploads\/2023\/11\/cropped-Logo-meesters-van-het-realisme-1-e1701774067476.png\" \/>\n\t<meta property=\"og:image:width\" content=\"506\" \/>\n\t<meta property=\"og:image:height\" content=\"318\" \/>\n\t<meta property=\"og:image:type\" content=\"image\/png\" \/>\n<meta name=\"twitter:card\" content=\"summary_large_image\" \/>\n<meta name=\"twitter:label1\" content=\"Geschatte leestijd\" \/>\n\t<meta name=\"twitter:data1\" content=\"2 minuut\" \/>\n<script type=\"application\/ld+json\" class=\"yoast-schema-graph\">{\"@context\":\"https:\/\/schema.org\",\"@graph\":[{\"@type\":\"WebPage\",\"@id\":\"https:\/\/mastersofrealism.com\/advisory-committee\/\",\"url\":\"https:\/\/mastersofrealism.com\/advisory-committee\/\",\"name\":\"Comit\u00e9 van Aanbeveling - Masters of Realism\",\"isPartOf\":{\"@id\":\"https:\/\/mastersofrealism.com\/#website\"},\"datePublished\":\"2023-08-10T12:55:00+00:00\",\"dateModified\":\"2026-03-05T17:31:31+00:00\",\"breadcrumb\":{\"@id\":\"https:\/\/mastersofrealism.com\/advisory-committee\/#breadcrumb\"},\"inLanguage\":\"nl-NL\",\"potentialAction\":[{\"@type\":\"ReadAction\",\"target\":[\"https:\/\/mastersofrealism.com\/advisory-committee\/\"]}]},{\"@type\":\"BreadcrumbList\",\"@id\":\"https:\/\/mastersofrealism.com\/advisory-committee\/#breadcrumb\",\"itemListElement\":[{\"@type\":\"ListItem\",\"position\":1,\"name\":\"Home\",\"item\":\"https:\/\/mastersofrealism.com\/\"},{\"@type\":\"ListItem\",\"position\":2,\"name\":\"Comit\u00e9 van Aanbeveling\"}]},{\"@type\":\"WebSite\",\"@id\":\"https:\/\/mastersofrealism.com\/#website\",\"url\":\"https:\/\/mastersofrealism.com\/\",\"name\":\"Masters of Realism\",\"description\":\"\",\"publisher\":{\"@id\":\"https:\/\/mastersofrealism.com\/#organization\"},\"potentialAction\":[{\"@type\":\"SearchAction\",\"target\":{\"@type\":\"EntryPoint\",\"urlTemplate\":\"https:\/\/mastersofrealism.com\/?s={search_term_string}\"},\"query-input\":{\"@type\":\"PropertyValueSpecification\",\"valueRequired\":true,\"valueName\":\"search_term_string\"}}],\"inLanguage\":\"nl-NL\"},{\"@type\":\"Organization\",\"@id\":\"https:\/\/mastersofrealism.com\/#organization\",\"name\":\"Masters of Realism\",\"url\":\"https:\/\/mastersofrealism.com\/\",\"logo\":{\"@type\":\"ImageObject\",\"inLanguage\":\"nl-NL\",\"@id\":\"https:\/\/mastersofrealism.com\/#\/schema\/logo\/image\/\",\"url\":\"https:\/\/mastersofrealism.com\/wp-content\/uploads\/2023\/11\/cropped-Logo-meesters-van-het-realisme-1-e1701774067476.png\",\"contentUrl\":\"https:\/\/mastersofrealism.com\/wp-content\/uploads\/2023\/11\/cropped-Logo-meesters-van-het-realisme-1-e1701774067476.png\",\"width\":506,\"height\":318,\"caption\":\"Masters of Realism\"},\"image\":{\"@id\":\"https:\/\/mastersofrealism.com\/#\/schema\/logo\/image\/\"}}]}<\/script>\n<!-- \/ Yoast SEO plugin. -->","yoast_head_json":{"title":"Comit\u00e9 van Aanbeveling - Masters of Realism","robots":{"index":"index","follow":"follow","max-snippet":"max-snippet:-1","max-image-preview":"max-image-preview:large","max-video-preview":"max-video-preview:-1"},"canonical":"https:\/\/mastersofrealism.com\/advisory-committee\/","og_locale":"nl_NL","og_type":"article","og_title":"Comit\u00e9 van Aanbeveling - Masters of Realism","og_description":"De onderstaande personen bevestigen met hun plek in het Comit\u00e9 van Aanbeveling allemaal dat zij achter de doelstellingen van de Masters of Realism staan. &nbsp; Ren\u00e9 Renders en David van der Linden, eigenaren Galerie Bonnard, www.galeriebonnard.com Al bijna 40 jaar is Galerie Bonnard een begrip in de Nederlandse kunstwereld, met trouw en ook steeds weer [&hellip;]","og_url":"https:\/\/mastersofrealism.com\/advisory-committee\/","og_site_name":"Masters of Realism","article_modified_time":"2026-03-05T17:31:31+00:00","og_image":[{"width":506,"height":318,"url":"https:\/\/mastersofrealism.com\/wp-content\/uploads\/2023\/11\/cropped-Logo-meesters-van-het-realisme-1-e1701774067476.png","type":"image\/png"}],"twitter_card":"summary_large_image","twitter_misc":{"Geschatte leestijd":"2 minuut"},"schema":{"@context":"https:\/\/schema.org","@graph":[{"@type":"WebPage","@id":"https:\/\/mastersofrealism.com\/advisory-committee\/","url":"https:\/\/mastersofrealism.com\/advisory-committee\/","name":"Comit\u00e9 van Aanbeveling - Masters of Realism","isPartOf":{"@id":"https:\/\/mastersofrealism.com\/#website"},"datePublished":"2023-08-10T12:55:00+00:00","dateModified":"2026-03-05T17:31:31+00:00","breadcrumb":{"@id":"https:\/\/mastersofrealism.com\/advisory-committee\/#breadcrumb"},"inLanguage":"nl-NL","potentialAction":[{"@type":"ReadAction","target":["https:\/\/mastersofrealism.com\/advisory-committee\/"]}]},{"@type":"BreadcrumbList","@id":"https:\/\/mastersofrealism.com\/advisory-committee\/#breadcrumb","itemListElement":[{"@type":"ListItem","position":1,"name":"Home","item":"https:\/\/mastersofrealism.com\/"},{"@type":"ListItem","position":2,"name":"Comit\u00e9 van Aanbeveling"}]},{"@type":"WebSite","@id":"https:\/\/mastersofrealism.com\/#website","url":"https:\/\/mastersofrealism.com\/","name":"Masters of Realism","description":"","publisher":{"@id":"https:\/\/mastersofrealism.com\/#organization"},"potentialAction":[{"@type":"SearchAction","target":{"@type":"EntryPoint","urlTemplate":"https:\/\/mastersofrealism.com\/?s={search_term_string}"},"query-input":{"@type":"PropertyValueSpecification","valueRequired":true,"valueName":"search_term_string"}}],"inLanguage":"nl-NL"},{"@type":"Organization","@id":"https:\/\/mastersofrealism.com\/#organization","name":"Masters of Realism","url":"https:\/\/mastersofrealism.com\/","logo":{"@type":"ImageObject","inLanguage":"nl-NL","@id":"https:\/\/mastersofrealism.com\/#\/schema\/logo\/image\/","url":"https:\/\/mastersofrealism.com\/wp-content\/uploads\/2023\/11\/cropped-Logo-meesters-van-het-realisme-1-e1701774067476.png","contentUrl":"https:\/\/mastersofrealism.com\/wp-content\/uploads\/2023\/11\/cropped-Logo-meesters-van-het-realisme-1-e1701774067476.png","width":506,"height":318,"caption":"Masters of Realism"},"image":{"@id":"https:\/\/mastersofrealism.com\/#\/schema\/logo\/image\/"}}]}},"_links":{"self":[{"href":"https:\/\/mastersofrealism.com\/nl\/wp-json\/wp\/v2\/pages\/601","targetHints":{"allow":["GET"]}}],"collection":[{"href":"https:\/\/mastersofrealism.com\/nl\/wp-json\/wp\/v2\/pages"}],"about":[{"href":"https:\/\/mastersofrealism.com\/nl\/wp-json\/wp\/v2\/types\/page"}],"author":[{"embeddable":true,"href":"https:\/\/mastersofrealism.com\/nl\/wp-json\/wp\/v2\/users\/2"}],"replies":[{"embeddable":true,"href":"https:\/\/mastersofrealism.com\/nl\/wp-json\/wp\/v2\/comments?post=601"}],"version-history":[{"count":8,"href":"https:\/\/mastersofrealism.com\/nl\/wp-json\/wp\/v2\/pages\/601\/revisions"}],"predecessor-version":[{"id":16665,"href":"https:\/\/mastersofrealism.com\/nl\/wp-json\/wp\/v2\/pages\/601\/revisions\/16665"}],"wp:attachment":[{"href":"https:\/\/mastersofrealism.com\/nl\/wp-json\/wp\/v2\/media?parent=601"}],"curies":[{"name":"wp","href":"https:\/\/api.w.org\/{rel}","templated":true}]}}